{"id":2409,"date":"2016-10-29T00:14:52","date_gmt":"2016-10-28T22:14:52","guid":{"rendered":"https:\/\/blog.zhdk.ch\/artschooldifferences\/?page_id=2409"},"modified":"2023-03-16T12:44:47","modified_gmt":"2023-03-16T11:44:47","slug":"publikationen","status":"publish","type":"page","link":"https:\/\/blog.zhdk.ch\/artschooldifferences\/en\/publikationen\/","title":{"rendered":"Publications"},"content":{"rendered":"<p><\/p>\r\n\r\n\r\n<p><strong>BOOK CHAPTERS AND ARTICLES <\/strong><br \/>English and German<\/p>\r\n<ul>\r\n \t<li>Ak, Nadir\/Kapinga Grab, Kapi\/V\u00f6gele, Sophie &amp; Willenbacher, Sascha (2022): &#8220;<a href=\"https:\/\/blog.zhdk.ch\/artschooldifferences\/files\/2022\/12\/Ak_Kapinga-Grab_Voegele_Willenbacher_Praxis-der-Machtkritik_2022.pdf\"><em>Eine Praxis der Machtkritik<\/a> oder warum die Theaterp\u00e4dagogik an der Kunsthochschule gest\u00f6rt werden sollte und zugleich institutionelle St\u00f6rung sein muss<\/em>&#8220;, in: Friederike Falk\/ Eliana Sch\u00fcler &amp; Isabelle Zinsmaier (Hg.): <a href=\"https:\/\/www.transcript-verlag.de\/978-3-8376-5775-3\/zeitgenoessische-theaterpaedagogik\/\" rel=\"noopener\" target=\"_blank\">Zeitgen\u00f6ssische Theaterp\u00e4dagogik<\/a>. Macht- und diskriminierungskritische Perspektiven, Bielefeld: transcript Verlag, S. 171\u2013188.<\/li><\/ul>\r\n<ul>\r\n \t<li>V\u00f6gele, Sophie (2022): &#8220;<a href=\"https:\/\/blog.zhdk.ch\/artschooldifferences\/files\/2022\/12\/Voegele_LeRefusDeReconnaitreStructuresDiscriminatoires_2022.pdf\"><em>Die Verweigerung, diskriminierende Strukturen anzuerkennen<\/em><\/a>&#8220;, in: Carole Fumeaux &amp; Moira Laffranchini Ngoenha (Hg.): Des voix au c\u0153ur de l\u2019\u00e9cole: une voie vers la p\u00e9dagogie antiraciste, Gen\u00e8ve: Licra, S. 49\u201350.<\/li><\/ul>\r\n<ul>\r\n \t<li>V\u00f6gele, Sophie (2021): &#8220;<a href=\"https:\/\/blog.zhdk.ch\/artschooldifferences\/files\/2022\/12\/Voegele_Dissident-Participation-and-postcolonial-implications_2021.pdf\"><em>Dissident participation and its post_colonial implications.<\/a> An exploration of positionalities of critique considered regarding the institution of Higher (Arts) Education<\/em>&#8220;, in: Elke Bippus\/Anne Ganzert &amp; Isabell Otto (eds.), Taking Sides. Theories, Practices, and Cultures of Participation in Dissent, Bieldfeld: transcript, pp. 225\u2013236. <a href=\"https:\/\/www.transcript-verlag.de\/978-3-8376-4901-7\/taking-sides\/\" rel=\"noopener\" target=\"_blank\">Online<\/a><\/li><\/ul>\r\n<ul>\r\n<li>Sophie V\u00f6gele mit Philippe Saner (2020.): <a href=\"https:\/\/blog.zhdk.ch\/artschooldifferences\/files\/2020\/12\/bok_978-3-658-28821-1.pdf\" target=\"_blank\" rel=\"noopener noreferrer\"><em>Dissidente Teilhabe, Verrat und die Verortung von Kritik. Selbstreflexive Bemerkungen zu einem Forschungsprojekt<\/em><\/a>, in: Eds. Susanne B\u00fccken\/ Noelia Streicher\/ Astride Velho &amp; Paul Mecheril, <a href=\"https:\/\/www.springer.com\/de\/book\/9783658288204\">Migrationsgesellschaftliche Diskriminierungsverh\u00e4ltnisse in Bildungssettings. Analysen, Reflexionen, Kritik<\/a>, Wiesbaden: Springer VS Verlag.<br \/><br \/><\/li>\r\n<li>V\u00f6gele, Sophie (2019): <a href=\"https:\/\/blog.zhdk.ch\/artschooldifferences\/files\/2020\/01\/V\u00f6gele_Zugang-und-Teilhabe-Hochschulstud_2019.pdf\"><em>Was bedeuten Zugang und Teilhabe am Hochschulstudium f\u00fcr alle? Aushandlungen und Strategien von Gleichberechtigung im Umgang mit institutioneller In- und Exklusion am Beispiel von Kunstausbildung<\/em><\/a>, in: Eds. SchlaU-Werkstatt f\u00fcr Migrationsp\u00e4dagogik <a href=\"http:\/\/www.schlau-werkstatt.de\/ueber-uns\/publikationen\/\">Heterogenit\u00e4t in der fluchtbezogenen Bildungsarbeit \u2013 analytische und praktische Perspektiven<\/a>, Tagungspublikation Jahrestagung 2018, M\u00fcnchen, pp. 79-88.<br \/><br \/><\/li>\r\n<li>Saner, Philippe (2019): <em><a href=\"https:\/\/link.springer.com\/chapter\/10.1007\/978-3-658-23301-3_6\">Das Unbestimmbare bewerten. Aufnahmeverfahren an Kunsthochschulen aus rechtfertigungstheoretischer Perspektive<\/a>, <\/em>in: Eds. <span class=\"authors__name\">Christian Imdorf, <\/span><span class=\"authors__name\">Regula Julia Leemann, <\/span><span class=\"authors__name\">Philipp Gonon: <span class=\"BookTitle\"><a href=\"https:\/\/link.springer.com\/book\/10.1007\/978-3-658-23301-3\" data-track=\"click\" data-track-action=\"Book title\" data-track-label=\"\">Bildung und Konventionen. Die &#8220;Economie des Conventions&#8221; in der Bildungsforschung,<\/a><\/span><span class=\"page-numbers-info\"> Wiesbaden: Springer, pp. 179-203. (<a href=\"https:\/\/blog.zhdk.ch\/artschooldifferences\/files\/2021\/01\/PostPrint_Saner_2019_Das-Unbestimmbare-bewerten_final.pdf\">Post-Print Version<\/a>)<br \/><\/span><\/span><span class=\"page-numbers-info\">&gt;&gt; <a href=\"https:\/\/www.springer.com\/de\/book\/9783658233006\">order book<\/a> at Springer Verlag.<br \/><br \/><\/span><\/li>\r\n<li>Ruth Sonderegger (2018): <a href=\"https:\/\/mediarep.org\/bitstream\/handle\/doc\/3560\/ZfM_19_Klasse_93-100_Sonderegger_Doing_Class_Hochschulzugang_Kunst_und_das_Gewuerz-Andere.pdf?sequence=1&amp;isAllowed=y\"><em>Doing Class. Hochschulzugang, Kunst und das Gew\u00fcrz-Andere<\/em><\/a>, in: Zeitschrift f\u00fcr Medienwissenschaft, 10(19): Klasse (2\/2018), pp. 93-100. DOI: http:\/\/dx.doi.org\/10.25969\/mediarep\/1335 (in German).<br \/><br \/><\/li>\r\n<li>Sophie V\u00f6gele, Philippe Saner, Florian Walter (2018): <a href=\"https:\/\/kupf.at\/zeitung\/166\/auswahl-der-auserwaehlten\/\" target=\"_blank\" rel=\"noopener noreferrer\"><em>Auswahl der Auserw\u00e4hlten<\/em><\/a>, in: <a href=\"https:\/\/kupf.at\/\" target=\"_blank\" rel=\"noopener noreferrer\">KUPFzeitung<\/a> Kulturplattform Ober\u00f6sterreich 166 (Juni\/Aug), pp. 6-7. The <a href=\"https:\/\/blog.zhdk.ch\/artschooldifferences\/2018\/06\/21\/kunst-und-klasse\/\">complete interview<\/a> is published on this Blog (in German).<br \/><br \/><\/li>\r\n<li>Sophie V\u00f6gele, Philippe Saner (2017): <em>Acknowledging the post_coloniality of Higher Art Education. Considerations from the Swiss perspective<\/em>, in: <a href=\"http:\/\/www.on-curating.org\/issue-35.html#.Wl5ueWejN1Q\" target=\"_blank\" rel=\"noopener noreferrer\">OnCurating (35) December<\/a>, pp. 112-118.<br \/><br \/><\/li>\r\n<li>Philippe Saner, Sophie V\u00f6gele (2016): <a href=\"https:\/\/blog.zhdk.ch\/artschooldifferences\/files\/2016\/10\/Saner_Vo\u0308gele_Gender-and-Migration_Kriesi-et-al_2016.pdf\"><em>Eine kunstimmanente Exklusion? Verwobenheiten von Geschlecht und Migration mit sozialer Klasse als Strukturierung des Kunsthochschulfeldes<\/em><\/a>, in: Eds. Irene Kriesi, Brigitte Liebig, Ilona Horwath, Birgit Riegraf, Gender und Migration an Universit\u00e4ten, Fachhochschulen und in der h\u00f6heren Berufsbildung, M\u00fcnster: Westf\u00e4lisches Dampfboot, pp. 193\u2013213.<br \/>&gt;&gt; <a href=\"http:\/\/www.dampfboot-verlag.de\/shop\/artikel\/gender-und-migration\" target=\"_blank\" rel=\"noopener noreferrer\">order book<\/a> at Verlag Westf\u00e4lisches Damfpboot<br \/><br \/><\/li>\r\n<li>Barbara Rothm\u00fcller, Philippe Saner, Ruth Sonderegger, Sophie V\u00f6gele (2016): <a href=\"https:\/\/blog.zhdk.ch\/artschooldifferences\/files\/2016\/10\/Rothmu\u0308ller_Saner_Sonderegger_Vo\u0308gele_KUNST_KRITIK_BILDUNGSGERECHTIGKEIT_Vester2016.pdf\"><em>Kunst.Kritik.Bildungsgerechtigkeit. \u00dcberlegungen zum Feld der Kunstausbildung<\/em><\/a>, in: Eds. Andrea Langer Vester und Tobias Sander, Soziale Ungleichheiten, Milieus und Habitus im Hochschulstudium, Weinheim und Basel: Beltz Juventa, pp. 89\u2013105.<br \/>&gt;&gt; <a href=\"https:\/\/www.beltz.de\/fachmedien\/erziehungs_und_sozialwissenschaften\/buecher\/produkt_produktdetails\/30833-soziale_ungleichheiten_milieus_und_habitus_im_hochschulstudium.html\" target=\"_blank\" rel=\"noopener noreferrer\">order book<\/a> at Beltz-Verlag<br \/><br \/><\/li>\r\n<li>Philippe Saner (2015): Wie Kunsthochschulen ausgrenzen und normieren \u2013 \u00dcberlegungen anhand eines partizipativen Forschungsprozesses, in: <em><a href=\"https:\/\/blog.zhdk.ch\/iaejournal\/files\/2015\/06\/AER10_saner.pdf\" target=\"_blank\" rel=\"noopener noreferrer\">Art Education Research<\/a><\/em>, 10<\/p>\r\n<p><!--more--><\/p>\r\n<p><!--more--><!--more--><!--more--><\/p>\r\n<p>Other publications<br \/><a href=\"https:\/\/blog.zhdk.ch\/artschooldifferences\/en\/reader\/\"><strong>READER<\/strong><\/a><br \/><a href=\"https:\/\/blog.zhdk.ch\/artschooldifferences\/en\/schlussbericht\/\"><strong>FINAL REPORT<\/strong><\/a><!--more--><\/p>\r\n<p>See also<br \/><a href=\"https:\/\/blog.zhdk.ch\/artschooldifferences\/en\/vortraege-und-veranstaltungen\/\"><strong>PAPERS AND PRESENTATIONS<\/strong><\/a><\/p>\r\n<p><\/p>","protected":false},"excerpt":{"rendered":"<p>BOOK CHAPTERS AND ARTICLES English and German Ak, Nadir\/Kapinga Grab, Kapi\/V\u00f6gele, Sophie &amp; Willenbacher, Sascha (2022): &#8220;Eine Praxis der Machtkritik oder warum die Theaterp\u00e4dagogik an der Kunsthochschule gest\u00f6rt werden sollte und zugleich institutionelle St\u00f6rung sein muss&#8221;, in: Friederike Falk\/ Eliana Sch\u00fcler &amp; Isabelle Zinsmaier (Hg.): Zeitgen\u00f6ssische Theaterp\u00e4dagogik. Macht- und diskriminierungskritische Perspektiven, Bielefeld: transcript Verlag, S. &hellip; <a href=\"https:\/\/blog.zhdk.ch\/artschooldifferences\/en\/publikationen\/\" class=\"more-link\">Continue reading <span class=\"screen-reader-text\">Publications<\/span><\/a><\/p>\n","protected":false},"author":2485,"featured_media":0,"parent":0,"menu_order":0,"comment_status":"closed","ping_status":"closed","template":"","meta":{"footnotes":""},"class_list":["post-2409","page","type-page","status-publish","hentry"],"_links":{"self":[{"href":"https:\/\/blog.zhdk.ch\/artschooldifferences\/en\/wp-json\/wp\/v2\/pages\/2409","targetHints":{"allow":["GET"]}}],"collection":[{"href":"https:\/\/blog.zhdk.ch\/artschooldifferences\/en\/wp-json\/wp\/v2\/pages"}],"about":[{"href":"https:\/\/blog.zhdk.ch\/artschooldifferences\/en\/wp-json\/wp\/v2\/types\/page"}],"author":[{"embeddable":true,"href":"https:\/\/blog.zhdk.ch\/artschooldifferences\/en\/wp-json\/wp\/v2\/users\/2485"}],"replies":[{"embeddable":true,"href":"https:\/\/blog.zhdk.ch\/artschooldifferences\/en\/wp-json\/wp\/v2\/comments?post=2409"}],"version-history":[{"count":123,"href":"https:\/\/blog.zhdk.ch\/artschooldifferences\/en\/wp-json\/wp\/v2\/pages\/2409\/revisions"}],"predecessor-version":[{"id":5386,"href":"https:\/\/blog.zhdk.ch\/artschooldifferences\/en\/wp-json\/wp\/v2\/pages\/2409\/revisions\/5386"}],"wp:attachment":[{"href":"https:\/\/blog.zhdk.ch\/artschooldifferences\/en\/wp-json\/wp\/v2\/media?parent=2409"}],"curies":[{"name":"wp","href":"https:\/\/api.w.org\/{rel}","templated":true}]}}