{"id":2417,"date":"2016-10-29T00:20:13","date_gmt":"2016-10-28T22:20:13","guid":{"rendered":"https:\/\/blog.zhdk.ch\/artschooldifferences\/?page_id=2417"},"modified":"2023-08-04T22:36:44","modified_gmt":"2023-08-04T20:36:44","slug":"schlussbericht","status":"publish","type":"page","link":"https:\/\/blog.zhdk.ch\/artschooldifferences\/en\/schlussbericht\/","title":{"rendered":"Final report and statements"},"content":{"rendered":"<p>The <strong>final Art.School.Differences report <a href=\"https:\/\/blog.zhdk.ch\/artschooldifferences\/files\/2016\/10\/ASD_Schlussbericht_final_web_verlinkt.pdf\">version in German<\/a> (2016) and <a href=\"https:\/\/blog.zhdk.ch\/artschooldifferences\/schlussbericht\/rapport-final-asd_upload-blog\/\" rel=\"attachment wp-att-4505\">version in French<\/a> (2016)<\/strong> has been written at the behest of the art schools HEAD \u2013 Gen\u00e8ve, HEM Gen\u00e8ve-Neuch\u00e2tel, ZHdK, and the State Secretariat for Education, Research and Innovation SERI.<br \/>\n<strong>Summaries in English<\/strong>: <a href=\"https:\/\/blog.zhdk.ch\/artschooldifferences\/files\/2023\/08\/Exclusion-through-Inclusion_summary-ASD-study-1.pdf\">Exclusion through Inclusion<\/a>. A summary of the Art.School.Differences study; for those in a hurry: <a href=\"https:\/\/blog.zhdk.ch\/artschooldifferences\/files\/2023\/08\/exec.-summary_final-report-ASD-1.pdf\">Executive summary <\/a>of three pages, both published in 2023.<br \/>\n<strong>For those in a hurry who are familiar with German and French<\/strong>: Chapter 9 summarizes the conclusions <a href=\"https:\/\/blog.zhdk.ch\/artschooldifferences\/2016\/12\/06\/art-school-differences-final-report-and-statements\/asd_kap-9_schlussfolgerungen\/\" rel=\"attachment wp-att-4095\">in German<\/a> and <a href=\"https:\/\/blog.zhdk.ch\/artschooldifferences\/schlussbericht\/chap-9_conclusions_asd\/\" rel=\"attachment wp-att-4501\">in French<\/a>, and chapter 10 lists identified fields of action <a href=\"https:\/\/blog.zhdk.ch\/artschooldifferences\/2016\/12\/06\/art-school-differences-final-report-and-statements\/asd_kap-10_handlungsfelder\/\" rel=\"attachment wp-att-4093\">in German<\/a> and <a href=\"https:\/\/blog.zhdk.ch\/artschooldifferences\/schlussbericht\/chap-10_champs-action_asd\/\" rel=\"attachment wp-att-4503\">in French<\/a> to enable a more inclusive art school.<\/p>\n<p>The partnering art schools have each written a statement to the final report at the attention of the SERI. They approved to publish them here. The <a href=\"https:\/\/blog.zhdk.ch\/artschooldifferences\/en\/beirat\/\">International Advisory Board<\/a> has responded to them by a meta-statement. They have all been published in 2016.<br \/>\n<a href=\"https:\/\/blog.zhdk.ch\/artschooldifferences\/schlussbericht\/lettre-sefri-asd20161108\/\" rel=\"attachment wp-att-2649\">Statement by HEAD \u2013 Gen\u00e8ve<\/a> (in French)<br \/>\n<a href=\"https:\/\/blog.zhdk.ch\/artschooldifferences\/schlussbericht\/art-schools-differences_prise-de-position-hem-geneve\/\" rel=\"attachment wp-att-2657\">Statement by HEM Gen\u00e8ve-Neuch\u00e2tel<\/a> (in French)<br \/>\n<a href=\"https:\/\/blog.zhdk.ch\/artschooldifferences\/schlussbericht\/stellungnahme-der-hsl-zhdk-um-abschlussbericht-art\/\" rel=\"attachment wp-att-2665\">Statement by ZHdK<\/a> (in German)<br \/>\n<a href=\"https:\/\/blog.zhdk.ch\/artschooldifferences\/files\/2016\/10\/Meta_Stellungnahme_InternationalAdvisoryBoard_neu.pdf\" rel=\"attachment wp-att-2671\">Meta-statement<\/a> (in German) by the International Advisory Board<br \/>\n<a href=\"https:\/\/blog.zhdk.ch\/artschooldifferences\/files\/2016\/10\/Meta_Prise_de_position_InternationalAdvisoryBoard.pdf\">Meta-statement<\/a> (in French) by the International Advisory Board<br \/>\nInformation via <a href=\"https:\/\/blog.zhdk.ch\/artschooldifferences\/files\/2020\/12\/Meldung-ASD-aus-Info-ZHdK-News-Nr.-9-9.-Mai-2018.pdf\">ZHdK-News Nr. 9, 9. Mai 2018<\/a> (in German) by the directorate on the examined relevance of the study and the final closure of this research at ZHdK.<\/p>\n<p><strong>Final report<a href=\"https:\/\/blog.zhdk.ch\/artschooldifferences\/files\/2016\/10\/ASD_Schlussbericht_final_web_verlinkt.pdf\"> in German<\/a> and <a href=\"https:\/\/blog.zhdk.ch\/artschooldifferences\/schlussbericht\/rapport-final-asd_upload-blog\/\" rel=\"attachment wp-att-4505\">in French<\/a><\/strong>. Please refer to the site in German for a detailed description of the structure of the report.<\/p>","protected":false},"excerpt":{"rendered":"<p>The final Art.School.Differences report version in German (2016) and version in French (2016) has been written at the behest of the art schools HEAD \u2013 Gen\u00e8ve, HEM Gen\u00e8ve-Neuch\u00e2tel, ZHdK, and the State Secretariat for Education, Research and Innovation SERI. Summaries in English: Exclusion through Inclusion. A summary of the Art.School.Differences study; for those in a &hellip; <a href=\"https:\/\/blog.zhdk.ch\/artschooldifferences\/en\/schlussbericht\/\" class=\"more-link\">Continue reading <span class=\"screen-reader-text\">Final report and statements<\/span><\/a><\/p>\n","protected":false},"author":2485,"featured_media":0,"parent":0,"menu_order":0,"comment_status":"closed","ping_status":"closed","template":"","meta":{"footnotes":""},"class_list":["post-2417","page","type-page","status-publish","hentry"],"_links":{"self":[{"href":"https:\/\/blog.zhdk.ch\/artschooldifferences\/en\/wp-json\/wp\/v2\/pages\/2417","targetHints":{"allow":["GET"]}}],"collection":[{"href":"https:\/\/blog.zhdk.ch\/artschooldifferences\/en\/wp-json\/wp\/v2\/pages"}],"about":[{"href":"https:\/\/blog.zhdk.ch\/artschooldifferences\/en\/wp-json\/wp\/v2\/types\/page"}],"author":[{"embeddable":true,"href":"https:\/\/blog.zhdk.ch\/artschooldifferences\/en\/wp-json\/wp\/v2\/users\/2485"}],"replies":[{"embeddable":true,"href":"https:\/\/blog.zhdk.ch\/artschooldifferences\/en\/wp-json\/wp\/v2\/comments?post=2417"}],"version-history":[{"count":130,"href":"https:\/\/blog.zhdk.ch\/artschooldifferences\/en\/wp-json\/wp\/v2\/pages\/2417\/revisions"}],"predecessor-version":[{"id":5475,"href":"https:\/\/blog.zhdk.ch\/artschooldifferences\/en\/wp-json\/wp\/v2\/pages\/2417\/revisions\/5475"}],"wp:attachment":[{"href":"https:\/\/blog.zhdk.ch\/artschooldifferences\/en\/wp-json\/wp\/v2\/media?parent=2417"}],"curies":[{"name":"wp","href":"https:\/\/api.w.org\/{rel}","templated":true}]}}