{"id":2409,"date":"2016-10-29T00:14:52","date_gmt":"2016-10-28T22:14:52","guid":{"rendered":"https:\/\/blog.zhdk.ch\/artschooldifferences\/?page_id=2409"},"modified":"2023-03-16T12:44:47","modified_gmt":"2023-03-16T11:44:47","slug":"publikationen","status":"publish","type":"page","link":"https:\/\/blog.zhdk.ch\/artschooldifferences\/fr\/publikationen\/","title":{"rendered":"Publications"},"content":{"rendered":"<p><\/p>\r\n\r\n\r\n<p><\/li>\r\n<\/ul>\r\n<p><!--more--><!--more--><!--more--><!--more--><\/p>\r\n<ul>\r\n<li>V\u00f6gele, Sophie (2022): <a href=\"https:\/\/blog.zhdk.ch\/artschooldifferences\/files\/2022\/12\/Voegele_LeRefusDeReconnaitreStructuresDiscriminatoires_2022.pdf\"><em>Le Refus de reconna\u00eetre les structures discriminatoires<\/em><\/a>, dans: Carole Fumeaux &amp; Moira Laffranchini Ngoenha (ed.): Des voix au c\u0153ur de l\u2019\u00e9cole: une voie vers la p\u00e9dagogie antiraciste, Gen\u00e8ve: Licra, p. 51\u201355.<\/li><\/ul>\r\n<ul>\r\n<li>Andr\u00e9e-Marie Dussault (2020): <a href=\"https:\/\/blog.zhdk.ch\/artschooldifferences\/files\/2020\/01\/Dussault_HautesEcolesdArt_inegalites_2020.pdf\"><em>Les hautes \u00e9coles d\u2019art se mobilisent contre les in\u00e9galit\u00e9s<\/em><\/a>, dans <a href=\"https:\/\/revuehemispheres.com\/revue-n18-les-patrimoines-revisites\/\">H\u00e9misph\u00e8res n\u00b018<\/a>, pp. 74-76.<\/li>\r\n<\/ul>\r\n<p>Autres publications<br \/><a href=\"https:\/\/blog.zhdk.ch\/artschooldifferences\/fr\/schlussbericht\/\">RAPPORT FINAL<\/a><br \/><a href=\"https:\/\/blog.zhdk.ch\/artschooldifferences\/fr\/reader\/\">READER<\/a><\/p>\r\n<p>Voir aussi<br \/><a href=\"https:\/\/blog.zhdk.ch\/artschooldifferences\/fr\/vortraege-und-veranstaltungen\/\">PRESENTATIONS<\/a><br \/><!--more--><\/p>","protected":false},"excerpt":{"rendered":"","protected":false},"author":2485,"featured_media":0,"parent":0,"menu_order":0,"comment_status":"closed","ping_status":"closed","template":"","meta":{"footnotes":""},"class_list":["post-2409","page","type-page","status-publish","hentry"],"_links":{"self":[{"href":"https:\/\/blog.zhdk.ch\/artschooldifferences\/fr\/wp-json\/wp\/v2\/pages\/2409","targetHints":{"allow":["GET"]}}],"collection":[{"href":"https:\/\/blog.zhdk.ch\/artschooldifferences\/fr\/wp-json\/wp\/v2\/pages"}],"about":[{"href":"https:\/\/blog.zhdk.ch\/artschooldifferences\/fr\/wp-json\/wp\/v2\/types\/page"}],"author":[{"embeddable":true,"href":"https:\/\/blog.zhdk.ch\/artschooldifferences\/fr\/wp-json\/wp\/v2\/users\/2485"}],"replies":[{"embeddable":true,"href":"https:\/\/blog.zhdk.ch\/artschooldifferences\/fr\/wp-json\/wp\/v2\/comments?post=2409"}],"version-history":[{"count":123,"href":"https:\/\/blog.zhdk.ch\/artschooldifferences\/fr\/wp-json\/wp\/v2\/pages\/2409\/revisions"}],"predecessor-version":[{"id":5386,"href":"https:\/\/blog.zhdk.ch\/artschooldifferences\/fr\/wp-json\/wp\/v2\/pages\/2409\/revisions\/5386"}],"wp:attachment":[{"href":"https:\/\/blog.zhdk.ch\/artschooldifferences\/fr\/wp-json\/wp\/v2\/media?parent=2409"}],"curies":[{"name":"wp","href":"https:\/\/api.w.org\/{rel}","templated":true}]}}