{"id":2425,"date":"2016-10-29T00:22:42","date_gmt":"2016-10-28T22:22:42","guid":{"rendered":"https:\/\/blog.zhdk.ch\/artschooldifferences\/?page_id=2425"},"modified":"2023-07-31T12:56:24","modified_gmt":"2023-07-31T10:56:24","slug":"vortraege-und-veranstaltungen","status":"publish","type":"page","link":"https:\/\/blog.zhdk.ch\/artschooldifferences\/fr\/vortraege-und-veranstaltungen\/","title":{"rendered":"Pr\u00e9sentations"},"content":{"rendered":"<p>Toutes les pr\u00e9sentations depuis le d\u00e9but d&#8217;Art.School.Differences (en Fran\u00e7ais, Allemand et Anglais) sont affich\u00e9es en ordre chronologique sous la page <a href=\"https:\/\/blog.zhdk.ch\/artschooldifferences\/vortraege-und-veranstaltungen\/\">Deutsch<\/a><\/p>","protected":false},"excerpt":{"rendered":"<p>Toutes les pr\u00e9sentations depuis le d\u00e9but d&#8217;Art.School.Differences (en Fran\u00e7ais, Allemand et Anglais) sont affich\u00e9es en ordre chronologique sous la page Deutsch<\/p>\n","protected":false},"author":2485,"featured_media":0,"parent":0,"menu_order":0,"comment_status":"closed","ping_status":"closed","template":"","meta":{"footnotes":""},"class_list":["post-2425","page","type-page","status-publish","hentry"],"_links":{"self":[{"href":"https:\/\/blog.zhdk.ch\/artschooldifferences\/fr\/wp-json\/wp\/v2\/pages\/2425","targetHints":{"allow":["GET"]}}],"collection":[{"href":"https:\/\/blog.zhdk.ch\/artschooldifferences\/fr\/wp-json\/wp\/v2\/pages"}],"about":[{"href":"https:\/\/blog.zhdk.ch\/artschooldifferences\/fr\/wp-json\/wp\/v2\/types\/page"}],"author":[{"embeddable":true,"href":"https:\/\/blog.zhdk.ch\/artschooldifferences\/fr\/wp-json\/wp\/v2\/users\/2485"}],"replies":[{"embeddable":true,"href":"https:\/\/blog.zhdk.ch\/artschooldifferences\/fr\/wp-json\/wp\/v2\/comments?post=2425"}],"version-history":[{"count":91,"href":"https:\/\/blog.zhdk.ch\/artschooldifferences\/fr\/wp-json\/wp\/v2\/pages\/2425\/revisions"}],"predecessor-version":[{"id":5411,"href":"https:\/\/blog.zhdk.ch\/artschooldifferences\/fr\/wp-json\/wp\/v2\/pages\/2425\/revisions\/5411"}],"wp:attachment":[{"href":"https:\/\/blog.zhdk.ch\/artschooldifferences\/fr\/wp-json\/wp\/v2\/media?parent=2425"}],"curies":[{"name":"wp","href":"https:\/\/api.w.org\/{rel}","templated":true}]}}