{"id":37,"date":"2013-11-20T22:58:32","date_gmt":"2013-11-20T20:58:32","guid":{"rendered":"https:\/\/blog.zhdk.ch\/artschooldifferences\/?page_id=37"},"modified":"2018-02-28T09:12:58","modified_gmt":"2018-02-28T08:12:58","slug":"kontakt","status":"publish","type":"page","link":"https:\/\/blog.zhdk.ch\/artschooldifferences\/fr\/kontakt\/","title":{"rendered":"Contacts"},"content":{"rendered":"<p><strong>Sophie V\u00f6gele<\/strong>   sophie.voegele -at- zhdk.ch<br \/>\n<strong>Philippe Saner   <\/strong>philippe.saner -at- unilu.ch<\/p>\n<p><strong>Adresse postale<\/strong><br \/>\nArt.School.Differences<br \/>\nInstitute for Art Education<br \/>\nSophie V\u00f6gele<br \/>\nZ\u00fcrcher Hochschule der K\u00fcnste<br \/>\nToni-Areal<br \/>\nPfingstweidstrasse 96<br \/>\nCase postale, CH\u20138031 Z\u00fcrich<\/p>\n<p>Web: bit.ly\/a_s_d<\/p>","protected":false},"excerpt":{"rendered":"<p>Sophie V\u00f6gele sophie.voegele -at- zhdk.ch Philippe Saner philippe.saner -at- unilu.ch Adresse postale Art.School.Differences Institute for Art Education Sophie V\u00f6gele Z\u00fcrcher Hochschule der K\u00fcnste Toni-Areal Pfingstweidstrasse 96 Case postale, CH\u20138031 Z\u00fcrich Web: bit.ly\/a_s_d<\/p>\n","protected":false},"author":1571,"featured_media":0,"parent":0,"menu_order":8,"comment_status":"open","ping_status":"open","template":"","meta":{"footnotes":""},"class_list":["post-37","page","type-page","status-publish","hentry"],"_links":{"self":[{"href":"https:\/\/blog.zhdk.ch\/artschooldifferences\/fr\/wp-json\/wp\/v2\/pages\/37","targetHints":{"allow":["GET"]}}],"collection":[{"href":"https:\/\/blog.zhdk.ch\/artschooldifferences\/fr\/wp-json\/wp\/v2\/pages"}],"about":[{"href":"https:\/\/blog.zhdk.ch\/artschooldifferences\/fr\/wp-json\/wp\/v2\/types\/page"}],"author":[{"embeddable":true,"href":"https:\/\/blog.zhdk.ch\/artschooldifferences\/fr\/wp-json\/wp\/v2\/users\/1571"}],"replies":[{"embeddable":true,"href":"https:\/\/blog.zhdk.ch\/artschooldifferences\/fr\/wp-json\/wp\/v2\/comments?post=37"}],"version-history":[{"count":18,"href":"https:\/\/blog.zhdk.ch\/artschooldifferences\/fr\/wp-json\/wp\/v2\/pages\/37\/revisions"}],"predecessor-version":[{"id":4373,"href":"https:\/\/blog.zhdk.ch\/artschooldifferences\/fr\/wp-json\/wp\/v2\/pages\/37\/revisions\/4373"}],"wp:attachment":[{"href":"https:\/\/blog.zhdk.ch\/artschooldifferences\/fr\/wp-json\/wp\/v2\/media?parent=37"}],"curies":[{"name":"wp","href":"https:\/\/api.w.org\/{rel}","templated":true}]}}