{"id":139,"date":"2013-11-21T07:43:28","date_gmt":"2013-11-21T06:43:28","guid":{"rendered":"https:\/\/blog.zhdk.ch\/artschooldifferences\/?page_id=139"},"modified":"2016-11-01T22:36:52","modified_gmt":"2016-11-01T21:36:52","slug":"project-partner","status":"publish","type":"page","link":"https:\/\/blog.zhdk.ch\/artschooldifferences\/project-partner\/","title":{"rendered":"Projektpartner"},"content":{"rendered":"<p>Art.School.Differences ist eine Kooperation von 3 Schweizer Kunsthochschulen:<\/p>\n<p>Haute Ecole d&#8217;Art et de Design\u00a0\u2013 Gen\u00e8ve (HEAD\u00a0\u2013 Gen\u00e8ve)<\/p>\n<p><a href=\"https:\/\/blog.zhdk.ch\/artschooldifferences\/files\/2013\/11\/logo-head-neu.png\"><img loading=\"lazy\" decoding=\"async\" class=\"alignnone wp-image-2483\" src=\"https:\/\/blog.zhdk.ch\/artschooldifferences\/files\/2013\/11\/logo-head-neu.png\" alt=\"logo-head-neu\" width=\"137\" height=\"67\" \/><\/a><\/p>\n<p>Haute Ecole de Musique Gen\u00e8ve\u00a0\u2013 Neuch\u00e2tel (HEM)<br \/>\n<a href=\"https:\/\/blog.zhdk.ch\/artschooldifferences\/files\/2013\/11\/logo-hem-neu.png\"><img loading=\"lazy\" decoding=\"async\" class=\"alignnone wp-image-2485\" src=\"https:\/\/blog.zhdk.ch\/artschooldifferences\/files\/2013\/11\/logo-hem-neu.png\" alt=\"logo-hem-neu\" width=\"129\" height=\"113\" \/><\/a><\/p>\n<p>Z\u00fcrcher Hochschule der K\u00fcnste (ZHdK)<br \/>\n<a href=\"https:\/\/blog.zhdk.ch\/artschooldifferences\/files\/2013\/11\/zhdk_logo_normalform-e1385668150761.jpg\"><img loading=\"lazy\" decoding=\"async\" class=\"alignnone wp-image-253\" src=\"https:\/\/blog.zhdk.ch\/artschooldifferences\/files\/2013\/11\/zhdk_logo_normalform-300x117.jpg\" alt=\"zhdk_logo_normalform\" width=\"210\" height=\"82\" \/><\/a><\/p>\n<p>Gef\u00f6rdert durch das Staatssekretariat f\u00fcr Bildung, Forschung und Innovation (SBFI)<\/p>\n<p><a href=\"https:\/\/blog.zhdk.ch\/artschooldifferences\/files\/2013\/11\/images-e1385668747345.jpeg\"><img loading=\"lazy\" decoding=\"async\" class=\"alignnone wp-image-265 size-medium\" src=\"https:\/\/blog.zhdk.ch\/artschooldifferences\/files\/2013\/11\/images-300x88.jpeg\" alt=\"\" width=\"300\" height=\"88\" \/><\/a><\/p>\n<p>Den Lead hat das Institute for Art Education der Z\u00fcrcher Hochschule der K\u00fcnste<\/p>\n<p><a href=\"https:\/\/blog.zhdk.ch\/artschooldifferences\/project-partner\/csm_claim-de_49c37bf3ed\/\" rel=\"attachment wp-att-2505\"><img loading=\"lazy\" decoding=\"async\" src=\"https:\/\/blog.zhdk.ch\/artschooldifferences\/files\/2013\/11\/csm_claim.de_49c37bf3ed.png\" alt=\"Logo IAE\" width=\"232\" height=\"232\" class=\"alignleft size-full wp-image-2505\" srcset=\"https:\/\/blog.zhdk.ch\/artschooldifferences\/files\/2013\/11\/csm_claim.de_49c37bf3ed.png 232w, https:\/\/blog.zhdk.ch\/artschooldifferences\/files\/2013\/11\/csm_claim.de_49c37bf3ed-150x150.png 150w\" sizes=\"auto, (max-width: 232px) 100vw, 232px\" \/><\/a><\/p>","protected":false},"excerpt":{"rendered":"<p>Art.School.Differences ist eine Kooperation von 3 Schweizer Kunsthochschulen: Haute Ecole d&#8217;Art et de Design\u00a0\u2013 Gen\u00e8ve (HEAD\u00a0\u2013 Gen\u00e8ve) Haute Ecole de Musique Gen\u00e8ve\u00a0\u2013 Neuch\u00e2tel (HEM) Z\u00fcrcher Hochschule der K\u00fcnste (ZHdK) Gef\u00f6rdert durch das Staatssekretariat f\u00fcr Bildung, Forschung und Innovation (SBFI) Den Lead hat das Institute for Art Education der Z\u00fcrcher Hochschule der K\u00fcnste<\/p>\n","protected":false},"author":1571,"featured_media":0,"parent":0,"menu_order":4,"comment_status":"open","ping_status":"open","template":"","meta":{"footnotes":""},"class_list":["post-139","page","type-page","status-publish","hentry"],"_links":{"self":[{"href":"https:\/\/blog.zhdk.ch\/artschooldifferences\/wp-json\/wp\/v2\/pages\/139","targetHints":{"allow":["GET"]}}],"collection":[{"href":"https:\/\/blog.zhdk.ch\/artschooldifferences\/wp-json\/wp\/v2\/pages"}],"about":[{"href":"https:\/\/blog.zhdk.ch\/artschooldifferences\/wp-json\/wp\/v2\/types\/page"}],"author":[{"embeddable":true,"href":"https:\/\/blog.zhdk.ch\/artschooldifferences\/wp-json\/wp\/v2\/users\/1571"}],"replies":[{"embeddable":true,"href":"https:\/\/blog.zhdk.ch\/artschooldifferences\/wp-json\/wp\/v2\/comments?post=139"}],"version-history":[{"count":24,"href":"https:\/\/blog.zhdk.ch\/artschooldifferences\/wp-json\/wp\/v2\/pages\/139\/revisions"}],"predecessor-version":[{"id":2513,"href":"https:\/\/blog.zhdk.ch\/artschooldifferences\/wp-json\/wp\/v2\/pages\/139\/revisions\/2513"}],"wp:attachment":[{"href":"https:\/\/blog.zhdk.ch\/artschooldifferences\/wp-json\/wp\/v2\/media?parent=139"}],"curies":[{"name":"wp","href":"https:\/\/api.w.org\/{rel}","templated":true}]}}