{"id":3526,"date":"2017-10-31T22:54:29","date_gmt":"2017-10-31T21:54:29","guid":{"rendered":"https:\/\/blog.zhdk.ch\/artschooldifferences\/?page_id=3526"},"modified":"2018-10-06T01:54:07","modified_gmt":"2018-10-05T23:54:07","slug":"transfer","status":"publish","type":"page","link":"https:\/\/blog.zhdk.ch\/artschooldifferences\/transfer\/","title":{"rendered":"Transfer"},"content":{"rendered":"<p><strong>Im Laufe der Forschung und seit der Beendigung des Schlussberichts Art.School.Differences im Sommer 2016 gab es mehrere Projekte die direkt oder indirekt mit der Initiative von Art.School.Differences zusammenh\u00e4ngen und \u00fcber <a href=\"https:\/\/blog.zhdk.ch\/artschooldifferences\/vortraege-und-veranstaltungen\/\">VORTR\u00c4GE UND VERANSTALTUNGEN<\/a> hinausgehen. <\/strong><\/p>\n<li>Ver\u00f6ffentlichung des Textes <a href=\"https:\/\/blog.zhdk.ch\/artschooldifferences\/2018\/10\/06\/monstersendung-anwesende-abwesenheit-because-we-care-for-transformations\/\">\u00ab _ \u00bb. Anwesende Abwesenheit. Because we care for transformations ! Eine Monstersendung in Kurzfassung<\/a> von Simon Noa Vera Harder. Die Monstersendung in Kurzfassung bezieht sich insbesondere auch auf Leerstellen und Anwesende Abwesenheiten in der Forschung von Art.School.Differences 2014-16.<\/li>\n<p><!--more--><!--more-->\t<\/p>\n<li>Wichtigste Resultate der Forschung <em>Adressieren! Studierende mit Migrationserfahrung am Bachelor Art Education (BAE)<\/em> in Zusammenarbeit mit dem Bachelor Art Education der ZHdK. Siehe <a href=\"https:\/\/blog.zhdk.ch\/artschooldifferences\/2017\/11\/28\/adressieren-studierende-mit-migrationserfahrung-am-ba-art-education-zhdk\/\">Projektbeschreibung<\/a> und <a href=\"https:\/\/blog.zhdk.ch\/artschooldifferences\/files\/2017\/11\/BAE_IAE_Wichtigste-Ergebnisse_16012018.pdf\">wichtigste Ergebnisse und erste Umsetzungsideen<\/a>. Ein Forschungsbericht wird im Laufe vom M\u00e4rz 2018 hier zur Verf\u00fcgung stehen<\/li>\n<p><!--more--><!--more-->\t<\/p>\n<li>Ver\u00f6ffentlichung des Textes <a href=\"https:\/\/blog.zhdk.ch\/artschooldifferences\/2017\/10\/31\/a-double-quoted-world\/\"> \u00abA Double Quoted World\u00bb<\/a> von Paola de Martin (f\u00fcr die Beschreibung ihres Workshops siehe <a href=\"https:\/\/blog.zhdk.ch\/artschooldifferences\/parcours-art-school-differences\/\">PARCOURS<\/a>)<\/li>\n<p><!--more--><!--more--><\/p>\n<li>Angebot eines workshop an der <a href=\"https:\/\/blog.zhdk.ch\/artschooldifferences\/2017\/10\/31\/ankuendigung-workshop-in-und-exklusion-feb-2018\/\">Winter School 2018<\/a> der ZHdK<\/li>\n<p><!--more--><!--more--><\/p>\n<li>Aufschaltung der Webseite <a href=\"https:\/\/blog.zhdk.ch\/artschooldifferences\/2017\/10\/31\/aufschaltung-neue-webseite-schweizer-netzwerk-fuer-diskriminierungsforschung\/\">Schweizer Netzwerk f\u00fcr Diskriminierungsforschung<\/a> von dem Art.School.Differences auch Teil ist<\/li>\n<p><!--more--><!--more--><\/p>\n<li>Concluding of <a href=\"https:\/\/blog.zhdk.ch\/artschooldifferences\/2017\/10\/31\/wdka-makes-a-difference-reader-2017\/\">research project WdKA makes a Difference<\/a>, that is an action based research project interested in the possibilities of decolonial approaches within the Willem de Kooning Academy,<\/li>\n<p><!--more--><\/p>\n<li>Art Related Feminist Practices: <a href=\"https:\/\/blog.zhdk.ch\/artschooldifferences\/fr\/2017\/10\/31\/zine-art-related-feminist-practices\/\">Colouring sheets<\/a> von Ma\u00eblle Cornut und Marie-Antoinette Chiarenza. Ein Zine entstanden aus den Resultaten ihres Workshops (f\u00fcr die Beschreibung ihres Workshops siehe <a href=\"https:\/\/blog.zhdk.ch\/artschooldifferences\/parcours-art-school-differences\/\">PARCOURS<\/a>) <\/li>\n<p><!--more--><!--more--><\/p>\n<li>Publikation in <a href=\"https:\/\/blog.zhdk.ch\/artschooldifferences\/transfer\/oezayli_class-matters_2017\/\" rel=\"attachment wp-att-4069\">Class matters<\/a>, Sommer 2017 Nr. 43 von G\u00fcnay \u00d6zayli, Mitarbeiterin in <em>Die Akademie geht an die Schule<\/em>, einem Partnerprojekt von Art.School.Differences an der Akademie der bildenden K\u00fcnste Wien\n<p><!--more--><!--more--><!--more--><\/p>\n<li>Lehrworkshop <em>Inklusion. Exklusion. K\u00fcnste<\/em> an der Netzwerktagung <a href=\"https:\/\/blog.zhdk.ch\/artschooldifferences\/files\/2016\/10\/ArtEdu-HGK-FHNW_2017-FF.pdf\">(K\u00fcnstlerische) Bildung im Kontext von Migration<\/a>, Hochschule f\u00fcr Gestaltung und Kunst, FHNW, Basel Institut Lehrberufe Gestaltung und Kunst. Aus dem <a href=\"https:\/\/blog.zhdk.ch\/artschooldifferences\/2017\/10\/31\/art-education-netzwerk-woche-jan-2017\/\">workshop<\/a> sind 4 Projekte der Aktionsforschung entstanden:<\/li>\n<p>Aktionsforschung 1: <a href=\"https:\/\/blog.zhdk.ch\/artschooldifferences\/2017\/10\/31\/netzwerktagung-aktionsforschung-1-bildersprache-web-kunsthochschule-2\/\">Bildersprache Web Kunsthochschule<\/a><br \/>\nAktionsforschung 2: <a href=\"https:\/\/blog.zhdk.ch\/artschooldifferences\/2017\/10\/31\/netzwerktagung-aktionsforschung-2-zur-homogenitaet-von-studierenden\/\">Zur Homogenit\u00e4t von Studierenden<\/a><br \/>\nAktionsforschung 3: <a href=\"https:\/\/blog.zhdk.ch\/artschooldifferences\/2017\/10\/31\/netzwerktagung-aktionsforschung-3-demokratisierung-der-kunsthochschule\/\">Inklusion \u00fcber Identifikation<\/a><br \/>\nAktionsforschung 4: <a href=\"https:\/\/blog.zhdk.ch\/artschooldifferences\/2017\/10\/31\/netzwerktagung-aktionsforschung-4-any-generation\/\">Any Generation: Die Antistudierenden<\/a><br \/>\n<!--more--><\/p>\n<li>Regelm\u00e4ssige Lehrauftr\u00e4ge seit 2014 im Master Art Education der ZHdK aus der Perspektive des Forschungsprojekts<\/li>\n<p><!--more--><br \/>\n<\/p>","protected":false},"excerpt":{"rendered":"<p>Im Laufe der Forschung und seit der Beendigung des Schlussberichts Art.School.Differences im Sommer 2016 gab es mehrere Projekte die direkt oder indirekt mit der Initiative von Art.School.Differences zusammenh\u00e4ngen und \u00fcber VORTR\u00c4GE UND VERANSTALTUNGEN hinausgehen. Ver\u00f6ffentlichung des Textes \u00ab _ \u00bb. Anwesende Abwesenheit. Because we care for transformations ! Eine Monstersendung in Kurzfassung von Simon Noa &hellip; <a href=\"https:\/\/blog.zhdk.ch\/artschooldifferences\/transfer\/\" class=\"more-link\"><span class=\"screen-reader-text\">Transfer<\/span> weiterlesen<\/a><\/p>\n","protected":false},"author":2485,"featured_media":0,"parent":0,"menu_order":0,"comment_status":"closed","ping_status":"closed","template":"","meta":{"footnotes":""},"class_list":["post-3526","page","type-page","status-publish","hentry"],"_links":{"self":[{"href":"https:\/\/blog.zhdk.ch\/artschooldifferences\/wp-json\/wp\/v2\/pages\/3526","targetHints":{"allow":["GET"]}}],"collection":[{"href":"https:\/\/blog.zhdk.ch\/artschooldifferences\/wp-json\/wp\/v2\/pages"}],"about":[{"href":"https:\/\/blog.zhdk.ch\/artschooldifferences\/wp-json\/wp\/v2\/types\/page"}],"author":[{"embeddable":true,"href":"https:\/\/blog.zhdk.ch\/artschooldifferences\/wp-json\/wp\/v2\/users\/2485"}],"replies":[{"embeddable":true,"href":"https:\/\/blog.zhdk.ch\/artschooldifferences\/wp-json\/wp\/v2\/comments?post=3526"}],"version-history":[{"count":50,"href":"https:\/\/blog.zhdk.ch\/artschooldifferences\/wp-json\/wp\/v2\/pages\/3526\/revisions"}],"predecessor-version":[{"id":4566,"href":"https:\/\/blog.zhdk.ch\/artschooldifferences\/wp-json\/wp\/v2\/pages\/3526\/revisions\/4566"}],"wp:attachment":[{"href":"https:\/\/blog.zhdk.ch\/artschooldifferences\/wp-json\/wp\/v2\/media?parent=3526"}],"curies":[{"name":"wp","href":"https:\/\/api.w.org\/{rel}","templated":true}]}}