{"id":73,"date":"2013-11-20T22:20:15","date_gmt":"2013-11-20T21:20:15","guid":{"rendered":"https:\/\/blog.zhdk.ch\/artschooldifferences\/?page_id=73"},"modified":"2018-01-16T13:27:11","modified_gmt":"2018-01-16T12:27:11","slug":"ueber-uns","status":"publish","type":"page","link":"https:\/\/blog.zhdk.ch\/artschooldifferences\/ueber-uns\/","title":{"rendered":"\u00dcber uns"},"content":{"rendered":"<p><strong>Art.School.Differences setzt sich selbstreflexiv mit dem Feld der Kunsthochschule und seinen Spielregeln auseinander und untersucht, wo \u00d6ffnung gelingt und wo Schliessung geschieht. Ein Ziel des Projektes ist es Handlungsfelder f\u00fcr eine Demokratisierung und Pluralisierung der Kunsthochschulen zu identifizieren.<\/strong><\/p>\n<p>Art.School.Differences ist ein Forschungs- und Hochschulentwicklungsprojekt in Kooperation der drei Schweizer Kunsthochschulen Haute \u00e9cole d&#8217;art et de design &#8211; Gen\u00e8ve (HEAD &#8211; Gen\u00e8ve), Haute \u00e9cole de musique de Gen\u00e8ve (HEM Gen\u00e8ve \u2013 Neuch\u00e2tel) und der Z\u00fcrcher Hochschule der K\u00fcnste (ZHdK). Die Leitungen der drei Hochschulen haben das Projekt von Anfang an unterst\u00fctzt und f\u00f6rdern es massgeblich aus eigenen Mitteln. Zudem wird es durch das Staatssekretariat f\u00fcr Bildung, Forschung und Innovation (SBFI) im Rahmen des Bundesprogrammes <a href=\"http:\/\/www.news.admin.ch\/NSBSubscriber\/message\/attachments\/28479.pdf\" rel=\"noopener\" target=\"_blank\">&#8222;Chancengleichheit von M\u00e4nnern und Frauen an Fachhochschulen 2013-2016&#8220;<\/a> unterst\u00fctzt.<\/p>\n<p>Das Projekt baut auf der 2011 durchgef\u00fchrten Vorstudie <a href=\"https:\/\/blog.zhdk.ch\/artschooldifferences\/preliminary-study\/\"><em>Making Differences: Schweizer Kunsthochschulen<\/em><\/a> auf und ist als forschungsbasiertes Projekt der Hochschulentwicklung institutionell gut verankert (s. <a href=\"https:\/\/blog.zhdk.ch\/artschooldifferences\/schlussbericht\/\">Schlussbericht<\/a>). Eine dezidierte Verbindung von Forschung und Praxis zeichnet Art.School.Differences aus: Das Projekt verkn\u00fcpft wissenschaftliche und partizipative Forschung und involviert verschiedene Akteur_innen der Institutionen als Ko-Forschende. Ein Bildungsformat zum Themenfeld von sozialer Ungleichheit im Feld der Kunsthochschule begleitet die <a href=\"https:\/\/blog.zhdk.ch\/artschooldifferences\/ko-forschung\/\">Ko-Forschung<\/a>. Es besteht aus f\u00fcnf Kolloquien, zu denen alle Interessierten aus der Hochschule eingeladen sind. Auf Grundlage der Diskussionen zu ausgew\u00e4hlten Texten im Bereich der f\u00fcnf identifizierten Themenfeldern entsteht eine kommentierte und mit Glossar versehene Textsammlung \u2013 der <a href=\"https:\/\/blog.zhdk.ch\/artschooldifferences\/reader\/\">Reader Art.School.Differences<\/a> \u2013 die den Hochschulen und einem breiteren Publikum am Ende des Projekts zur Weiterarbeit am Thema Ungleichheit zur Verf\u00fcgung steht.<\/p>\n<p>Projektdesign und -konzept: Carmen M\u00f6rsch, Philippe Saner, Catrin Seefranz<br \/>\nProjektleitung: Philippe Saner, Sophie V\u00f6gele<br \/>\nProjektteam: Dora Borer, Ma\u00eblle Cornut, Serena O. Dankwa, Philippe Saner, Pauline Vessely, Sophie V\u00f6gele, Emma Wolukau-Wanambwa<br \/>\nSupervision: Carmen M\u00f6rsch<br \/>\nProjektpartnerinnen: HEAD &#8211; Gen\u00e8ve, HEM &#8211; Gen\u00e8ve und ZHdK<br \/>\nProjekttr\u00e4gerin: ZHdK<br \/>\nExterne F\u00f6rderung: SBFI<br \/>\nCatrin Seefranz (Oktober 13 &#8211; Dezember 14) und Tina Bopp (Januar &#8211; Dezember 14) waren ebenfalls an dem Projekt beteiligt.<\/p>\n<p><a href=\"https:\/\/blog.zhdk.ch\/artschooldifferences\/team\/\">Team<\/a><br \/>\n<a href=\"https:\/\/blog.zhdk.ch\/artschooldifferences\/project-partner\/\">Projektpartner<\/a><br \/>\n<a href=\"https:\/\/blog.zhdk.ch\/artschooldifferences\/beirat\/\">Internationaler Beirat<\/a><br \/>\n<a href=\"https:\/\/blog.zhdk.ch\/artschooldifferences\/institutioneller-beirat\/\">Instititutioneller Beirat<\/a><\/p>","protected":false},"excerpt":{"rendered":"<p>Art.School.Differences setzt sich selbstreflexiv mit dem Feld der Kunsthochschule und seinen Spielregeln auseinander und untersucht, wo \u00d6ffnung gelingt und wo Schliessung geschieht. Ein Ziel des Projektes ist es Handlungsfelder f\u00fcr eine Demokratisierung und Pluralisierung der Kunsthochschulen zu identifizieren. Art.School.Differences ist ein Forschungs- und Hochschulentwicklungsprojekt in Kooperation der drei Schweizer Kunsthochschulen Haute \u00e9cole d&#8217;art et de &hellip; <a href=\"https:\/\/blog.zhdk.ch\/artschooldifferences\/ueber-uns\/\" class=\"more-link\"><span class=\"screen-reader-text\">\u00dcber uns<\/span> weiterlesen<\/a><\/p>\n","protected":false},"author":1571,"featured_media":0,"parent":0,"menu_order":1,"comment_status":"open","ping_status":"open","template":"","meta":{"footnotes":""},"class_list":["post-73","page","type-page","status-publish","hentry"],"_links":{"self":[{"href":"https:\/\/blog.zhdk.ch\/artschooldifferences\/wp-json\/wp\/v2\/pages\/73","targetHints":{"allow":["GET"]}}],"collection":[{"href":"https:\/\/blog.zhdk.ch\/artschooldifferences\/wp-json\/wp\/v2\/pages"}],"about":[{"href":"https:\/\/blog.zhdk.ch\/artschooldifferences\/wp-json\/wp\/v2\/types\/page"}],"author":[{"embeddable":true,"href":"https:\/\/blog.zhdk.ch\/artschooldifferences\/wp-json\/wp\/v2\/users\/1571"}],"replies":[{"embeddable":true,"href":"https:\/\/blog.zhdk.ch\/artschooldifferences\/wp-json\/wp\/v2\/comments?post=73"}],"version-history":[{"count":74,"href":"https:\/\/blog.zhdk.ch\/artschooldifferences\/wp-json\/wp\/v2\/pages\/73\/revisions"}],"predecessor-version":[{"id":4411,"href":"https:\/\/blog.zhdk.ch\/artschooldifferences\/wp-json\/wp\/v2\/pages\/73\/revisions\/4411"}],"wp:attachment":[{"href":"https:\/\/blog.zhdk.ch\/artschooldifferences\/wp-json\/wp\/v2\/media?parent=73"}],"curies":[{"name":"wp","href":"https:\/\/api.w.org\/{rel}","templated":true}]}}