{"id":869,"date":"2014-08-04T15:23:43","date_gmt":"2014-08-04T13:23:43","guid":{"rendered":"https:\/\/blog.zhdk.ch\/artschooldifferences\/?page_id=869"},"modified":"2016-12-06T11:58:24","modified_gmt":"2016-12-06T10:58:24","slug":"institutioneller-beirat","status":"publish","type":"page","link":"https:\/\/blog.zhdk.ch\/artschooldifferences\/institutioneller-beirat\/","title":{"rendered":"Institutioneller Beirat"},"content":{"rendered":"<p>The Art.School.Differences Institutional Board is composed of a representative of the management, the gender and equality department and the students\u2019 council for each school:<\/p>\n<p><strong>Haute \u00e9cole d&#8217;art et de Designe HEAD \u2013 Gen\u00e8ve<\/strong><br \/>\nLysianne L\u00e9chot Hirt, HEAD \u2013 Gen\u00e8ve (responsable de la coordination de l\u2019enseignement)<br \/>\nPierre-Alain Giesser, HEAD \u2013 Gen\u00e8ve (Responsable du pool impression et charg\u00e9 d\u2019enseignement communication visuelle, responsable \u00e9galit\u00e9 des chances)<br \/>\nCharlyne Kolly, Etudiante HEAD \u2013 Gen\u00e8ve<\/p>\n<p><strong>Haute \u00e9cole de Musique de Gen\u00e8ve HEM Gen\u00e8ve \u2013 Neuch\u00e2tel<\/strong><br \/>\nXavier Bouvier, HEM Gen\u00e8ve \u2013 Neuch\u00e2tel (Coordinateur de l&#8217;enseignement, Responsable du d\u00e9partement de composition et th\u00e9orie, Professeur de th\u00e9orie)<br \/>\nJesusa Ona, HES-SO Gen\u00e8ve (Responsable \u00e9galit\u00e9 des chances)<br \/>\nLaure Zaug, Etudiante HEM Gen\u00e8ve \u2013 Neuch\u00e2tel<\/p>\n<p><strong>Zurich University of the Arts (ZHdK)<\/strong><br \/>\nHartmut Wickert, ZHdK (Mitglied der Hochschulleitung \/ Direktor Departement Darstellende K\u00fcnste und Film)<br \/>\nChristine Weidmann, ZHdK (Gleichstellungsbeauftragte, Leiterin Gleichstellung &amp; Diversity)<br \/>\nChristina Zinsstag, Studentin ZHdK<\/p>\n<p>Throughout the duration of the project (2014\u20132016), the members of the Institutional Board meet regularly and critically chaperone the different phases of Art.School.Differences as well as results and outcomes. They facilitate the linkage to their respective institution within their function and contribute to the visibility of Art.School.Differences.<\/p>","protected":false},"excerpt":{"rendered":"<p>The Art.School.Differences Institutional Board is composed of a representative of the management, the gender and equality department and the students\u2019 council for each school: Haute \u00e9cole d&#8217;art et de Designe HEAD \u2013 Gen\u00e8ve Lysianne L\u00e9chot Hirt, HEAD \u2013 Gen\u00e8ve (responsable de la coordination de l\u2019enseignement) Pierre-Alain Giesser, HEAD \u2013 Gen\u00e8ve (Responsable du pool impression et &hellip; <a href=\"https:\/\/blog.zhdk.ch\/artschooldifferences\/institutioneller-beirat\/\" class=\"more-link\"><span class=\"screen-reader-text\">Institutioneller Beirat<\/span> weiterlesen<\/a><\/p>\n","protected":false},"author":2067,"featured_media":0,"parent":0,"menu_order":7,"comment_status":"open","ping_status":"open","template":"","meta":{"footnotes":""},"class_list":["post-869","page","type-page","status-publish","hentry"],"_links":{"self":[{"href":"https:\/\/blog.zhdk.ch\/artschooldifferences\/wp-json\/wp\/v2\/pages\/869","targetHints":{"allow":["GET"]}}],"collection":[{"href":"https:\/\/blog.zhdk.ch\/artschooldifferences\/wp-json\/wp\/v2\/pages"}],"about":[{"href":"https:\/\/blog.zhdk.ch\/artschooldifferences\/wp-json\/wp\/v2\/types\/page"}],"author":[{"embeddable":true,"href":"https:\/\/blog.zhdk.ch\/artschooldifferences\/wp-json\/wp\/v2\/users\/2067"}],"replies":[{"embeddable":true,"href":"https:\/\/blog.zhdk.ch\/artschooldifferences\/wp-json\/wp\/v2\/comments?post=869"}],"version-history":[{"count":11,"href":"https:\/\/blog.zhdk.ch\/artschooldifferences\/wp-json\/wp\/v2\/pages\/869\/revisions"}],"predecessor-version":[{"id":2773,"href":"https:\/\/blog.zhdk.ch\/artschooldifferences\/wp-json\/wp\/v2\/pages\/869\/revisions\/2773"}],"wp:attachment":[{"href":"https:\/\/blog.zhdk.ch\/artschooldifferences\/wp-json\/wp\/v2\/media?parent=869"}],"curies":[{"name":"wp","href":"https:\/\/api.w.org\/{rel}","templated":true}]}}