{"id":1015,"date":"2020-05-20T17:01:25","date_gmt":"2020-05-20T15:01:25","guid":{"rendered":"https:\/\/blog.zhdk.ch\/auno\/?page_id=1015"},"modified":"2020-06-02T11:06:03","modified_gmt":"2020-06-02T09:06:03","slug":"melda-karaali","status":"publish","type":"page","link":"https:\/\/blog.zhdk.ch\/auno\/aunoonline\/melda-karaali\/","title":{"rendered":"Melda Karaali"},"content":{"rendered":"\n<h4 class=\"has-text-align-center wp-block-heading\">   <\/h4>\n\n\n\n<h4 class=\"has-text-align-center wp-block-heading\">Selbstverst\u00e4ndlich?<\/h4>\n\n\n\n<blockquote class=\"wp-block-quote has-text-align-center is-layout-flow wp-block-quote-is-layout-flow\"><p><\/p><cite>etwas, was sich von selbst versteht, was als selbstverst\u00e4ndlich angesehen, erwartet, vorausgesetzt wird<br><br>&#8220;etwas als Selbstverst\u00e4ndlichkeit ansehen&#8221;<\/cite><\/blockquote>\n\n\n\n<p class=\"has-small-font-size\">Warum sehe ich meinen K\u00f6rper und meine Gesundheit oft als selbstverst\u00e4ndlich? Warum erwarte ich von meinen Beinen tagt\u00e4glich volle Funktion? Ist es selbstverst\u00e4ndlich dies zu erwarten? Immer wieder merken wir, dass viele Dinge in unserem Leben nicht selbstverst\u00e4ndlich sind. Leider wird dies oft nur durch Situationen bewusst, bei denen wir die volle Funktion nicht erwarten k\u00f6nnen. In solchen Situationen lerne ich Wertsch\u00e4tzung. Aber warum? Warum brauchen wir oft eine bestimmte Situation, um Wertsch\u00e4tzung lernen zu k\u00f6nnen? <\/p>\n\n\n\n<p class=\"has-text-align-left\"><a href=\"https:\/\/meldakaraali.wixsite.com\/photography\/video\">https:\/\/meldakaraali.wixsite.com\/photography\/video<\/a><\/p>\n\n\n\n<hr class=\"wp-block-separator is-style-dots\" \/>\n\n\n\n<div class=\"wp-block-image\"><figure class=\"aligncenter size-large is-resized\"><img loading=\"lazy\" decoding=\"async\" src=\"https:\/\/blog.zhdk.ch\/auno\/files\/2020\/06\/IMG_0928-683x1024.jpg\" alt=\"\" class=\"wp-image-1573\" width=\"504\" height=\"755\" srcset=\"https:\/\/blog.zhdk.ch\/auno\/files\/2020\/06\/IMG_0928-683x1024.jpg 683w, https:\/\/blog.zhdk.ch\/auno\/files\/2020\/06\/IMG_0928-200x300.jpg 200w, https:\/\/blog.zhdk.ch\/auno\/files\/2020\/06\/IMG_0928-100x150.jpg 100w, https:\/\/blog.zhdk.ch\/auno\/files\/2020\/06\/IMG_0928-768x1152.jpg 768w, https:\/\/blog.zhdk.ch\/auno\/files\/2020\/06\/IMG_0928-1024x1536.jpg 1024w, https:\/\/blog.zhdk.ch\/auno\/files\/2020\/06\/IMG_0928-1365x2048.jpg 1365w, https:\/\/blog.zhdk.ch\/auno\/files\/2020\/06\/IMG_0928-1200x1800.jpg 1200w, https:\/\/blog.zhdk.ch\/auno\/files\/2020\/06\/IMG_0928-1980x2970.jpg 1980w, https:\/\/blog.zhdk.ch\/auno\/files\/2020\/06\/IMG_0928-scaled.jpg 1707w\" sizes=\"auto, (max-width: 504px) 100vw, 504px\" \/><figcaption>Arzu &#8211; May 2020<\/figcaption><\/figure><\/div>\n\n\n\n<div class=\"wp-block-image\"><figure class=\"aligncenter size-large is-resized\"><img loading=\"lazy\" decoding=\"async\" src=\"https:\/\/blog.zhdk.ch\/auno\/files\/2020\/06\/IMG_0999-683x1024.jpg\" alt=\"\" class=\"wp-image-1585\" width=\"514\" height=\"770\" srcset=\"https:\/\/blog.zhdk.ch\/auno\/files\/2020\/06\/IMG_0999-683x1024.jpg 683w, https:\/\/blog.zhdk.ch\/auno\/files\/2020\/06\/IMG_0999-200x300.jpg 200w, https:\/\/blog.zhdk.ch\/auno\/files\/2020\/06\/IMG_0999-100x150.jpg 100w, https:\/\/blog.zhdk.ch\/auno\/files\/2020\/06\/IMG_0999-768x1152.jpg 768w, https:\/\/blog.zhdk.ch\/auno\/files\/2020\/06\/IMG_0999-1024x1536.jpg 1024w, https:\/\/blog.zhdk.ch\/auno\/files\/2020\/06\/IMG_0999-1365x2048.jpg 1365w, https:\/\/blog.zhdk.ch\/auno\/files\/2020\/06\/IMG_0999-1200x1800.jpg 1200w, https:\/\/blog.zhdk.ch\/auno\/files\/2020\/06\/IMG_0999-1980x2970.jpg 1980w, https:\/\/blog.zhdk.ch\/auno\/files\/2020\/06\/IMG_0999-scaled.jpg 1707w\" sizes=\"auto, (max-width: 514px) 100vw, 514px\" \/><\/figure><\/div>\n\n\n\n<div class=\"wp-block-image\"><figure class=\"aligncenter size-large is-resized\"><img loading=\"lazy\" decoding=\"async\" src=\"https:\/\/blog.zhdk.ch\/auno\/files\/2020\/06\/IMG_0924-1-683x1024.jpg\" alt=\"\" class=\"wp-image-1579\" width=\"510\" height=\"764\" srcset=\"https:\/\/blog.zhdk.ch\/auno\/files\/2020\/06\/IMG_0924-1-683x1024.jpg 683w, https:\/\/blog.zhdk.ch\/auno\/files\/2020\/06\/IMG_0924-1-200x300.jpg 200w, https:\/\/blog.zhdk.ch\/auno\/files\/2020\/06\/IMG_0924-1-100x150.jpg 100w, https:\/\/blog.zhdk.ch\/auno\/files\/2020\/06\/IMG_0924-1-768x1152.jpg 768w, https:\/\/blog.zhdk.ch\/auno\/files\/2020\/06\/IMG_0924-1-1024x1536.jpg 1024w, https:\/\/blog.zhdk.ch\/auno\/files\/2020\/06\/IMG_0924-1-1365x2048.jpg 1365w, https:\/\/blog.zhdk.ch\/auno\/files\/2020\/06\/IMG_0924-1-1200x1800.jpg 1200w, https:\/\/blog.zhdk.ch\/auno\/files\/2020\/06\/IMG_0924-1-1980x2970.jpg 1980w, https:\/\/blog.zhdk.ch\/auno\/files\/2020\/06\/IMG_0924-1-scaled.jpg 1707w\" sizes=\"auto, (max-width: 510px) 100vw, 510px\" \/><figcaption>Arzu &#8211; May 2020<\/figcaption><\/figure><\/div>\n\n\n\n<p><\/p>\n","protected":false},"excerpt":{"rendered":"<p>Selbstverst\u00e4ndlich? etwas, was sich von selbst versteht, was als selbstverst\u00e4ndlich angesehen, erwartet, vorausgesetzt wird &#8220;etwas als Selbstverst\u00e4ndlichkeit ansehen&#8221; Warum sehe ich meinen K\u00f6rper und meine Gesundheit oft als selbstverst\u00e4ndlich? Warum erwarte ich von meinen Beinen tagt\u00e4glich volle Funktion? Ist es selbstverst\u00e4ndlich dies zu erwarten? Immer wieder merken wir, dass viele Dinge in unserem Leben nicht [&hellip;]<\/p>\n","protected":false},"author":4369,"featured_media":0,"parent":639,"menu_order":0,"comment_status":"closed","ping_status":"closed","template":"","meta":{"ngg_post_thumbnail":0,"footnotes":""},"class_list":["post-1015","page","type-page","status-publish","hentry"],"_links":{"self":[{"href":"https:\/\/blog.zhdk.ch\/auno\/wp-json\/wp\/v2\/pages\/1015","targetHints":{"allow":["GET"]}}],"collection":[{"href":"https:\/\/blog.zhdk.ch\/auno\/wp-json\/wp\/v2\/pages"}],"about":[{"href":"https:\/\/blog.zhdk.ch\/auno\/wp-json\/wp\/v2\/types\/page"}],"author":[{"embeddable":true,"href":"https:\/\/blog.zhdk.ch\/auno\/wp-json\/wp\/v2\/users\/4369"}],"replies":[{"embeddable":true,"href":"https:\/\/blog.zhdk.ch\/auno\/wp-json\/wp\/v2\/comments?post=1015"}],"version-history":[{"count":18,"href":"https:\/\/blog.zhdk.ch\/auno\/wp-json\/wp\/v2\/pages\/1015\/revisions"}],"predecessor-version":[{"id":1735,"href":"https:\/\/blog.zhdk.ch\/auno\/wp-json\/wp\/v2\/pages\/1015\/revisions\/1735"}],"up":[{"embeddable":true,"href":"https:\/\/blog.zhdk.ch\/auno\/wp-json\/wp\/v2\/pages\/639"}],"wp:attachment":[{"href":"https:\/\/blog.zhdk.ch\/auno\/wp-json\/wp\/v2\/media?parent=1015"}],"curies":[{"name":"wp","href":"https:\/\/api.w.org\/{rel}","templated":true}]}}