{"id":2887,"date":"2021-04-15T16:05:34","date_gmt":"2021-04-15T14:05:34","guid":{"rendered":"https:\/\/blog.zhdk.ch\/auno\/?page_id=2887"},"modified":"2021-07-15T12:48:54","modified_gmt":"2021-07-15T10:48:54","slug":"andrea-todisco","status":"publish","type":"page","link":"https:\/\/blog.zhdk.ch\/auno\/art-ort-e\/andrea-todisco\/","title":{"rendered":"wasser tragen"},"content":{"rendered":"\n<p><strong>Andrea<\/strong> <strong>Todisco<\/strong><\/p>\n\n\n\n<p><em>W\u00e4hle einen dieser Orte:<\/em><\/p>\n\n\n\n<ul class=\"wp-block-list\"><li><a href=\"https:\/\/www.google.com\/maps\/d\/viewer?mid=1uo2O0Gl7IL914wgARxNd1rZEATYMc8cv&amp;ll=47.36870025730057%2C8.53090930162764&amp;z=14\">M\u00fchlesteg P\u00e4rkli, 8001 Z\u00fcrich<\/a><\/li><li><a href=\"https:\/\/www.google.com\/maps\/d\/viewer?mid=1uo2O0Gl7IL914wgARxNd1rZEATYMc8cv&amp;ll=47.36870025730057%2C8.53090930162764&amp;z=14\">Gessnerbr\u00fccke, Ost Ufer (Rio Bar), unter der Br\u00fccke, 8001 Z\u00fcrich<\/a><\/li><\/ul>\n\n\n\n<p><em>Nimm ein Gef\u00e4ss mit.<\/em><br><em>Finde den QR-Code.<\/em><\/p>\n\n\n\n<div style=\"height:80px\" aria-hidden=\"true\" class=\"wp-block-spacer\"><\/div>\n\n\n\n<figure class=\"wp-block-embed alignwide is-type-video is-provider-vimeo wp-block-embed-vimeo wp-embed-aspect-16-9 wp-has-aspect-ratio\"><div class=\"wp-block-embed__wrapper\">\n<iframe loading=\"lazy\" title=\"wasser tragen\" src=\"https:\/\/player.vimeo.com\/video\/549281588?dnt=1&amp;app_id=122963\" width=\"580\" height=\"326\" frameborder=\"0\" allow=\"autoplay; fullscreen; picture-in-picture; clipboard-write\"><\/iframe>\n<\/div><\/figure>\n\n\n\n<p>Und wie es&nbsp;anf\u00e4ngt,&nbsp;weisst du schon. Vor kurzer Zeit war ich noch fliessendes Wasser, das jetzt hier stehen geblieben ist.&nbsp;<\/p>\n\n\n\n<p>Gestern habe ich meine Grossmutter angerufen, um mich auf diese Arbeit vorzubereiten. Meine Grossmutter ist in einem Bauerndorf in den Apenninen aufgewachsen. Wasser tragen war f\u00fcr sie normal. Sie erz\u00e4hlte mir von den sch\u00f6nen Zinkeimern, mit denen sie jeden Morgen das Wasser trug, bis Mussolini alle Metalleimer einsammelte. Ich glaube nicht, dass sie genau weiss, wieso er das tat. Sie erz\u00e4hlte mir von den verschiedenen Quellen und B\u00e4chen in ihrem Heimatdorf. Ich wohne nun schon seit bald zwei Jahren in Z\u00fcrich. Ich wusste nicht einmal, dass die Sihl nicht aus dem Z\u00fcrichsee fliesst. Andere, mit denen ich dar\u00fcber gesprochen habe und schon l\u00e4nger in Z\u00fcrich wohnen, wussten es auch nicht. Ich glaube, es braucht schon ein grosses Mass an Automatismen und Infrastrukturen, damit es nicht mehr wichtig ist, den Flusslauf zu kennen.&nbsp;&nbsp;Ausserdem habe ich \u00fcber die beiden Fl\u00fcsse recherchiert. Ich brauchte ja Kontext. Tats\u00e4chlich ist Hochwasser seit&nbsp;2005&nbsp;ein sehr grosses Thema in Z\u00fcrich. Damals w\u00e4re die Katastrophe beinahe eingetroffen. Seither wird fleissig investiert: Schwemmholzrechen und Abflussstollen in Thalwil, Flussbeckenabsenkungen unter dem HB und weiteres. Ich wusste nat\u00fcrlich nichts von der grossen Wassergefahr.<\/p>\n\n\n\n<p>Eigentlich spreche ich in Z\u00fcrich nie \u00fcber Wasser, ausser \u00fcber den Letten und den See, also \u00fcber Vergn\u00fcgen. Meistens spreche ich in Z\u00fcrich \u00fcber Ideen und Ideologien. Oft scheint es mir, Z\u00fcrich schwebe. Dann gehe ich nach Hause, in die Berge. Je weiter man dort in die T\u00e4ler f\u00e4hrt, desto wichtiger werden die Fl\u00fcsse. Wer dort wohnt, weiss woher sie kommen. Sogar woher die B\u00e4che kommen. Es&nbsp;wird nicht \u00fcber Ideen und Ideologien gesprochen. Meistens sprechen die Bauern \u00fcber Erde, Wasser, Vieh und Wetter. Wetter nicht in Bezug auf Vergn\u00fcgen.<\/p>\n\n\n\n<p>Die Welt steht in diesen T\u00e4lern.<\/p>\n\n\n\n<p>Ich trage nun Wasser.\u00a0\u00a0Schon seit Stunden. Ich weiss nicht, wie viele Liter, doch die Schultern schmerzen. Meine Schultern, eigentlich auch Wasser. Ich, eigentlich auch Wasser.\u00a0Wasser, das Wasser tr\u00e4gt.\u00a0<\/p>\n\n\n\n<p>Ich bin der Fluss.<\/p>\n\n\n\n<p>Und wie es ausgeht, weisst du schon. Vor kurzer Zeit waren wir noch fliessendes Wasser, welches nun kurz zusammengekommen ist.<\/p>\n\n\n\n<p><\/p>\n\n\n\n<p>-Andrea Todisco (2021)<\/p>\n","protected":false},"excerpt":{"rendered":"<p>Andrea Todisco W\u00e4hle einen dieser Orte: M\u00fchlesteg P\u00e4rkli, 8001 Z\u00fcrich Gessnerbr\u00fccke, Ost Ufer (Rio Bar), unter der Br\u00fccke, 8001 Z\u00fcrich Nimm ein Gef\u00e4ss mit.Finde den QR-Code. Und wie es&nbsp;anf\u00e4ngt,&nbsp;weisst du schon. Vor kurzer Zeit war ich noch fliessendes Wasser, das jetzt hier stehen geblieben ist.&nbsp; Gestern habe ich meine Grossmutter angerufen, um mich auf diese [&hellip;]<\/p>\n","protected":false},"author":4369,"featured_media":0,"parent":2803,"menu_order":0,"comment_status":"closed","ping_status":"closed","template":"","meta":{"ngg_post_thumbnail":0,"footnotes":""},"class_list":["post-2887","page","type-page","status-publish","hentry"],"_links":{"self":[{"href":"https:\/\/blog.zhdk.ch\/auno\/wp-json\/wp\/v2\/pages\/2887","targetHints":{"allow":["GET"]}}],"collection":[{"href":"https:\/\/blog.zhdk.ch\/auno\/wp-json\/wp\/v2\/pages"}],"about":[{"href":"https:\/\/blog.zhdk.ch\/auno\/wp-json\/wp\/v2\/types\/page"}],"author":[{"embeddable":true,"href":"https:\/\/blog.zhdk.ch\/auno\/wp-json\/wp\/v2\/users\/4369"}],"replies":[{"embeddable":true,"href":"https:\/\/blog.zhdk.ch\/auno\/wp-json\/wp\/v2\/comments?post=2887"}],"version-history":[{"count":35,"href":"https:\/\/blog.zhdk.ch\/auno\/wp-json\/wp\/v2\/pages\/2887\/revisions"}],"predecessor-version":[{"id":4452,"href":"https:\/\/blog.zhdk.ch\/auno\/wp-json\/wp\/v2\/pages\/2887\/revisions\/4452"}],"up":[{"embeddable":true,"href":"https:\/\/blog.zhdk.ch\/auno\/wp-json\/wp\/v2\/pages\/2803"}],"wp:attachment":[{"href":"https:\/\/blog.zhdk.ch\/auno\/wp-json\/wp\/v2\/media?parent=2887"}],"curies":[{"name":"wp","href":"https:\/\/api.w.org\/{rel}","templated":true}]}}