{"id":122,"date":"2010-02-08T18:23:50","date_gmt":"2010-02-08T16:23:50","guid":{"rendered":"https:\/\/blog.zhdk.ch\/authenticity\/?page_id=122"},"modified":"2010-05-31T17:35:36","modified_gmt":"2010-05-31T15:35:36","slug":"termine","status":"publish","type":"page","link":"https:\/\/blog.zhdk.ch\/authenticity\/termine\/","title":{"rendered":"Termine"},"content":{"rendered":"<ul>\n<li>&#8222;Reenactment and Authenticity&#8220;; Vortrag auf der Konferenz &#8222;Performances of Memory in the Arts&#8220;; Radboud University Nijmegen\/Holland, 29. Mai 2010.<\/li>\n<li>&#8222;Strategien der Partizipation in Theaterprojekten von Rimini Protokoll&#8220;; Vortrag auf dem Kolloqium &#8222;Schnittstellen &#8211; Theater &#8211; \u00d6ffentlichkeit &#8211; P\u00e4dagogik&#8220;; Institut f\u00fcr Theaterwissenschaft Universit\u00e4t Bern, 28. ;ao 2010.<\/li>\n<li>&#8222;Longing for Authenticity&#8220;; Vortrag auf der Konferenz &#8222;Performance as Event and Its Technologies of Representation&#8220;, The School of Drama, Film and Music, Trinity College Dublin, 23.-24. April 2010<\/li>\n<li>&#8222;Longing for Authenticity&#8220;; Vortrag auf der Konferenz &#8222;Theatre Applications: Performance with a Purpose; International Conference&#8220;, The Central School of Speech and Drama, London, 21.-23. April 2010<\/li>\n<li>&#8222;Representation of Authenticity&#8220;, Lecture und Workshops mit Janez Jansa im MAS Design Culture, ZHdK, 25.-27. M\u00e4rz 2010<\/li>\n<li>&#8222;Inszenierung von Authentizit\u00e4t&#8220;; Lecture und Workshop im MAS Szenographie, ZHdK, 11.\/12. M\u00e4rz und 18.\/19. M\u00e4rz 2010<\/li>\n<li>&#8222;Archiving: <em>The Visit <\/em>Rimini Protokoll&#8220;; Vortrag auf der Konferenz &#8222;From Interdisciplinarity to Intermediality \u2013 a change in the research paradigm?&#8220;, University of Helsinki, Finland, 4.-5. M\u00e4rz 2010<\/li>\n<li>&#8222;Authenticity and Trust&#8220;; Lecture im CAS Multiplicity and Identity, ZHdK, 18.2.2010<\/li>\n<li>&#8222;Staging Authenticity &#8211; The Theatre of Rimini Protokoll&#8220;; Vortrag auf der Konferenz &#8222;TaPRA: Annual Conference&#8220;, Plymouth, 2009<\/li>\n<\/ul>\n","protected":false},"excerpt":{"rendered":"<p>&#8222;Reenactment and Authenticity&#8220;; Vortrag auf der Konferenz &#8222;Performances of Memory in the Arts&#8220;; Radboud University Nijmegen\/Holland, 29. Mai 2010. &#8222;Strategien der Partizipation in Theaterprojekten von Rimini Protokoll&#8220;; Vortrag auf dem Kolloqium &#8222;Schnittstellen &#8211; Theater &#8211; \u00d6ffentlichkeit &#8211; P\u00e4dagogik&#8220;; Institut f\u00fcr Theaterwissenschaft Universit\u00e4t Bern, 28. ;ao 2010. &#8222;Longing for Authenticity&#8220;; Vortrag auf der Konferenz &#8222;Performance as [&hellip;]<\/p>\n","protected":false},"author":158,"featured_media":0,"parent":0,"menu_order":0,"comment_status":"open","ping_status":"open","template":"","meta":{"ngg_post_thumbnail":0,"footnotes":""},"class_list":["post-122","page","type-page","status-publish","hentry"],"_links":{"self":[{"href":"https:\/\/blog.zhdk.ch\/authenticity\/wp-json\/wp\/v2\/pages\/122","targetHints":{"allow":["GET"]}}],"collection":[{"href":"https:\/\/blog.zhdk.ch\/authenticity\/wp-json\/wp\/v2\/pages"}],"about":[{"href":"https:\/\/blog.zhdk.ch\/authenticity\/wp-json\/wp\/v2\/types\/page"}],"author":[{"embeddable":true,"href":"https:\/\/blog.zhdk.ch\/authenticity\/wp-json\/wp\/v2\/users\/158"}],"replies":[{"embeddable":true,"href":"https:\/\/blog.zhdk.ch\/authenticity\/wp-json\/wp\/v2\/comments?post=122"}],"version-history":[{"count":6,"href":"https:\/\/blog.zhdk.ch\/authenticity\/wp-json\/wp\/v2\/pages\/122\/revisions"}],"predecessor-version":[{"id":130,"href":"https:\/\/blog.zhdk.ch\/authenticity\/wp-json\/wp\/v2\/pages\/122\/revisions\/130"}],"wp:attachment":[{"href":"https:\/\/blog.zhdk.ch\/authenticity\/wp-json\/wp\/v2\/media?parent=122"}],"curies":[{"name":"wp","href":"https:\/\/api.w.org\/{rel}","templated":true}]}}