{"id":73,"date":"2009-11-17T18:32:07","date_gmt":"2009-11-17T16:32:07","guid":{"rendered":"https:\/\/blog.zhdk.ch\/authenticity\/?page_id=73"},"modified":"2010-02-14T19:55:04","modified_gmt":"2010-02-14T17:55:04","slug":"contact","status":"publish","type":"page","link":"https:\/\/blog.zhdk.ch\/authenticity\/contact\/","title":{"rendered":"Kontakt"},"content":{"rendered":"<h3>Kontakt:<\/h3>\n<address> <\/address>\n<address>Z\u00fcrcher Hochschule der K\u00fcnste<br \/>\n<\/address>\n<address>Institut Design2context<\/address>\n<address>Forschungsprojekt Authentizit\u00e4t<\/address>\n<address>Hafnerstrasse 39<\/address>\n<address>CH-8031 Z\u00fcrich<\/address>\n<address><\/address>\n<address><\/address>\n<address><\/address>\n<p>_________________________<\/p>\n<address><\/address>\n<address>Projektleitung: Imanuel Schipper<\/address>\n<address>imanuel.schipper@zhdk.ch<\/address>\n<address>FON: +41 79 825 35 68<\/address>\n<address><\/address>\n<address><\/address>\n<address><\/address>\n<address> <\/address>\n<address> <\/address>\n<address><\/address>\n<address> <\/address>\n<address> <\/address>\n<address><\/address>\n<address><\/address>\n<p><strong>Kurzbiographie Imanuel Schipper<\/strong><\/p>\n<address><\/address>\n<p>Imanuel Schipper, Schauspieler, Dramaturg, Kurator, Dozent und Forscher an der Z\u00fcrcher Hochschule der K\u00fcnste (ZHdK);\u00a0geb. 1970 studierte Schauspiel. Arbeitete als Dramaturg, K\u00fcnstlerischer Direktor und Kurator u.a. am Ballett Frankfurt, Schauspielhaus Hamburg und am Schauspielhaus Z\u00fcrich u.a. mit William Forsythe, Rimini Protokoll, Luk Perceval, Andreas Kriegenburg, Ruedi H\u00e4usermann. Seit 2007 Dozent und Mentor in den MA Theater, MA Transdiziplinarit\u00e4t, MA Design, MAS Scenography (alle ZHdK). Seit 2009 Leiter des Forschungsprojektes (SNF\/DORE) \u201eSehn-Sucht nach Authentizit\u00e4t. Eine kritische Untersuchung von Begriff und Praxis im Kontext zeitgen\u00f6ssischer Inszenierungen\u201c am Institut Design2context der ZHdK. Daneben weiterhin T\u00e4tigkeit als Dramaturg.<\/p>\n<address><\/address>\n<address><\/address>\n<address><\/address>\n<address><\/address>\n<p>ausf\u00fchrliche CV zum Download:<\/p>\n<address><\/address>\n<address><\/address>\n<p><a href=\"https:\/\/blog.zhdk.ch\/authenticity\/files\/2010\/02\/kurz-bio-imanuel-schipper-cv.pdf\"><span style=\"color: #000000\"><span style=\"text-decoration: none\">CV Imanuel Schipper &#8211; kurz<\/span><\/span><\/a><\/p>\n<p><span style=\"color: #000000\"><span style=\"text-decoration: none\"><a title=\"CV Imanuel Schipper - deutsch\" href=\"https:\/\/blog.zhdk.ch\/authenticity\/files\/2009\/11\/09.pdf\" target=\"_blank\">CV Imanuel Schipper\u00a0deutsch<\/a><\/span><\/span><\/p>\n<p><a href=\"https:\/\/blog.zhdk.ch\/authenticity\/files\/2009\/11\/091.pdf\"><span style=\"color: #000000\"><span style=\"text-decoration: none\">CV Imanuel Schipper englisch<\/span><\/span><\/a><\/p>\n<address><\/address>\n<address><\/address>\n<address><\/address>\n<p>_________________________<\/p>\n<address><\/address>\n<address><\/address>\n<address>Mitarbeit: <\/address>\n<address><\/address>\n<address>Johanna Meier<\/address>\n<address>johanna.meier@zhdk.ch<\/address>\n<address>FON: +41 77 4320485<\/address>\n<address> <\/address>\n<address>_________________________<\/address>\n<address> <\/address>\n<address><strong><br \/>\n<\/strong><\/address>\n<address> <\/address>\n<address> <\/address>\n","protected":false},"excerpt":{"rendered":"<p>Kontakt: Z\u00fcrcher Hochschule der K\u00fcnste Institut Design2context Forschungsprojekt Authentizit\u00e4t Hafnerstrasse 39 CH-8031 Z\u00fcrich _________________________ Projektleitung: Imanuel Schipper imanuel.schipper@zhdk.ch FON: +41 79 825 35 68 Kurzbiographie Imanuel Schipper Imanuel Schipper, Schauspieler, Dramaturg, Kurator, Dozent und Forscher an der Z\u00fcrcher Hochschule der K\u00fcnste (ZHdK);\u00a0geb. 1970 studierte Schauspiel. Arbeitete als Dramaturg, K\u00fcnstlerischer Direktor und Kurator u.a. am Ballett [&hellip;]<\/p>\n","protected":false},"author":157,"featured_media":0,"parent":0,"menu_order":6,"comment_status":"closed","ping_status":"open","template":"","meta":{"ngg_post_thumbnail":0,"footnotes":""},"class_list":["post-73","page","type-page","status-publish","hentry"],"_links":{"self":[{"href":"https:\/\/blog.zhdk.ch\/authenticity\/wp-json\/wp\/v2\/pages\/73","targetHints":{"allow":["GET"]}}],"collection":[{"href":"https:\/\/blog.zhdk.ch\/authenticity\/wp-json\/wp\/v2\/pages"}],"about":[{"href":"https:\/\/blog.zhdk.ch\/authenticity\/wp-json\/wp\/v2\/types\/page"}],"author":[{"embeddable":true,"href":"https:\/\/blog.zhdk.ch\/authenticity\/wp-json\/wp\/v2\/users\/157"}],"replies":[{"embeddable":true,"href":"https:\/\/blog.zhdk.ch\/authenticity\/wp-json\/wp\/v2\/comments?post=73"}],"version-history":[{"count":16,"href":"https:\/\/blog.zhdk.ch\/authenticity\/wp-json\/wp\/v2\/pages\/73\/revisions"}],"predecessor-version":[{"id":132,"href":"https:\/\/blog.zhdk.ch\/authenticity\/wp-json\/wp\/v2\/pages\/73\/revisions\/132"}],"wp:attachment":[{"href":"https:\/\/blog.zhdk.ch\/authenticity\/wp-json\/wp\/v2\/media?parent=73"}],"curies":[{"name":"wp","href":"https:\/\/api.w.org\/{rel}","templated":true}]}}