{"id":1452,"date":"2018-09-19T08:10:06","date_gmt":"2018-09-19T08:10:06","guid":{"rendered":"https:\/\/blog.zhdk.ch\/bewahrenbesondererkulturgueter\/?page_id=1452"},"modified":"2023-12-11T21:25:09","modified_gmt":"2023-12-11T21:25:09","slug":"graubuenden","status":"publish","type":"page","link":"https:\/\/blog.zhdk.ch\/bewahrenbesondererkulturgueter\/graubuenden\/","title":{"rendered":"<!--:de-->Graub\u00fcnden<!--:--><!--:en-->Grisons<!--:--><!--:fr-->Grisons<!--:-->"},"content":{"rendered":"<p><!--:de--><div id=\"attachment_65\" style=\"width: 1333px\" class=\"wp-caption alignnone\"><a href=\"https:\/\/blog.zhdk.ch\/bewahrenbesondererkulturgueter\/galerie-graubuenden\/\"><img loading=\"lazy\" decoding=\"async\" aria-describedby=\"caption-attachment-65\" class=\"wp-image-65\" src=\"https:\/\/blog.zhdk.ch\/bewahrenbesondererkulturgueter\/files\/2018\/09\/GB_AndreasS_Schirmtraegerinnen_crop.jpg\" alt=\"\" width=\"1323\" height=\"420\" \/><\/a><p id=\"caption-attachment-65\" class=\"wp-caption-text\">Galerie<\/p><\/div><\/p>\n<p><a href=\"https:\/\/blog.zhdk.ch\/bewahrenbesondererkulturgueter\/files\/2023\/12\/GR_Beverin_Kulturgu\u0308terinventar_Liste.pdf\">Liste Kulturg\u00fcterinventar Graub\u00fcnden Beverin<\/a><br \/>\n<a href=\"https:\/\/blog.zhdk.ch\/bewahrenbesondererkulturgueter\/files\/2023\/12\/GR_Waldhaus_Kulturgu\u0308terinventar_Liste.pdf\">Liste Kulturg\u00fcterinventar Graub\u00fcnden Waldhaus<\/a><\/p>\n<p><strong>Psychiatrische Dienste Graub\u00fcnden, Psychiatrische Kliniken Beverin und Waldhaus Chur, Sammlungen Waldhaus und Beverin<\/strong><\/p>\n<p>Der Kanton Graubu\u0308nden verfu\u0308gt erst seit 1892 u\u0308ber eine eigene &#8222;Irrenanstalt&#8220; auf dem Areal des ehemaligen &#8222;Waldhauses&#8220;. Sie erhielt als erste Schweizer Irrenanstalt elektrisches Licht, was mit Stolz vermerkt wurde. Langj\u00e4hriger Direktor war 1890\u20131930 der Psychiater Johann Joseph J\u00f6rger sen. (1860\u20131933), gefolgt von seinem Sohn Johann Benedikt J\u00f6rger (1886\u20131957). J\u00f6rger sen. fu\u0308hrte erstmals eugenisch ausgerichtete Sippenforschung an jenischen Familien, deren Namen er codierte, durch. Die Forschung diente dem sp\u00e4teren &#8222;Hilfswerk fu\u0308r die Kinder der Landstrasse&#8220; als Grundlage. Die Anstalt Waldhaus war bald u\u0308berfu\u0308llt, es wurden Anbauten hinzugefu\u0308gt. Eine Volksabstimmung entschied u\u0308ber den Bau einer &#8222;Versorgungsanstalt&#8220; im Dorf Realta im Domleschg, welche 1919 er\u00f6ffnet wurde. In diesem Tal war 1840 die erste Anstalt des Kantons, das &#8222;Zwangsarbeitshaus&#8220; in Fu\u0308rstenau, eingerichtet worden, das 1873 durch die &#8222;Korrektionsanstalt Realta&#8220; ersetzt wurde. Das &#8222;Asyl Neu-Realta&#8220;, heute Psychiatrische Klinik Beverin, war ein umz\u00e4unter Komplex von neun Pavillons in einem Tannenwald. Hier wurden 70 Frauen und ebenso viele M\u00e4nner aufgenommen. Seit 1924 gab es eine Arbeiterkolonie, in der &#8222;ruhige und arbeitsf\u00e4hige&#8220; Kranke fu\u0308r ihren eigenen Lebensunterhalt aufkamen. Von ungef\u00e4hr 4&#8217;680 Krankengeschichten aus den Kliniken Waldhaus und Beverin, Zeitraum 1892\u20131930, wurde ein Viertel (1&#8217;487 Akten) untersucht. Es wurden 101 Werke, 64 aus dem Archiv Waldhaus, 37 aus dem Archiv Beverin, gefunden, die von 22 M\u00e4nnern und zwei Frauen geschaffen wurden.<\/p>\n<p><strong>Ausstellung<\/strong><br \/>\n2018-2019 &#8222;Extraordinaire! Unbekannte Werke aus psychiatrischen Einrichtungen in der Schweiz um 1900&#8220;, Sammlung Prinzhorn, Heidelberg, Kunstmuseum Thun, LENTOS Kunstmuseum Linz (Katalog d\/e)<\/p>\n<p><strong>Literatur<\/strong><br \/>\nHuonker, Thomas, Vorgeschichte, Umfeld, Durchf\u00fchrung und Folgen des \u201eHilfswerks f\u00fcr die Kinder der Landstrasse\u201c, Z\u00fcrich 1987<\/p>\n<p>Joerger, J.J., Heil- und Pflegeanstalt Waldhaus, Masans bei Chur, Graub\u00fcnden, Verlag Eckhardt &amp; Pesch, Z\u00fcrich 1932<\/p>\n<p>Joerger, Johan Joseph, Psychiatrische Familiengeschichte, Berlin 1919<\/p>\n<p>Mogharini-Zweidler, Liliane, Der Psychiater Johan Joseph Joerger (1860-1933), Z\u00fcrich 1975<\/p>\n<p>Luchsinger, Katrin, Hirsch, Helen, R\u00f6ske Thomas (Hrsg.), Extraordinaire! Unbekannte Werke aus psychiatrischen Einrichtungen in der Schweiz um 1900 \/ Extraordinairy! Unknown works from Swiss Psychiatric Institutions, Z\u00fcrich 2018<\/p>\n<p>Schulz, Stefan, J\u00f6rger, Johan Joseph: Historisches Lexikon der Schweiz<\/p>\n<p>Tuffli, F., Asyle Realta und Rothenbrunnen, Graub\u00fcnden, Verlag Eckhardt &amp; Pesch, Z\u00fcrich 1932<!--:--><!--:en--><div id=\"attachment_65\" style=\"width: 1333px\" class=\"wp-caption alignnone\"><a href=\"https:\/\/blog.zhdk.ch\/bewahrenbesondererkulturgueter\/galerie-graubuenden\/\"><img loading=\"lazy\" decoding=\"async\" aria-describedby=\"caption-attachment-65\" class=\"wp-image-65\" src=\"https:\/\/blog.zhdk.ch\/bewahrenbesondererkulturgueter\/files\/2018\/09\/GB_AndreasS_Schirmtraegerinnen_crop.jpg\" alt=\"\" width=\"1323\" height=\"420\" \/><\/a><p id=\"caption-attachment-65\" class=\"wp-caption-text\">Galerie<\/p><\/div><\/p>\n<p><a href=\"https:\/\/blog.zhdk.ch\/bewahrenbesondererkulturgueter\/files\/2023\/12\/GR_Beverin_Kulturgu\u0308terinventar_Liste.pdf\">Inventory Grisons Beverin<\/a><br \/>\n<a href=\"https:\/\/blog.zhdk.ch\/bewahrenbesondererkulturgueter\/files\/2023\/12\/GR_Waldhaus_Kulturgu\u0308terinventar_Liste.pdf\">Inventory Grisons Waldhaus<\/a><\/p>\n<p><strong>Psychiatrische Dienste Graub\u00fcnden, Psychiatrische Kliniken Beverin und Waldhaus Chur, Sammlungen Waldhaus und Beverin<\/strong><\/p>\n<p>Canton Graubu\u0308nden has had its own \u201cmadhouse\u201d since 1892 on the site of the former Waldhaus. It was the first Swiss psychiatric hospital with electric light, as they were very proud to mention. The director from 1890\u20131930 was the psychiatrist Johann Joseph J\u00f6rger sen. (1860\u20131933), followed by his son Benedikt J\u00f6rger (1886\u20131957). J\u00f6rger sen. was the first to conduct genealogical research on Yenish families, whose names he encoded. This research later became the basis for the organization Hilfswerk fu\u0308r die Kinder der Landstrasse. Waldhaus was soon overfilled, and new annexes were added. A proposal to build a \u201cpatient care institution\u201d in the village of Realta in Domleschg was passed by a referendum held in the canton, and the new institution opened in 1919. This valley had been the home of the canton\u2019s very first such institution, the workhouse, founded in 1840, which was replaced in 1873 with the Korrektionsanstalt Realta. The Asyl Neu-Realta, today the Psychiatrische Klinik Beverin, was a fenced-in complex of nine pavilions in a pine forest, and seventy women and an equal number of men were kept here. As of 1924, there was a working colony where \u201ccalm and able-bodied\u201d patients were accepted who had to earn their stay. Of around 4,680 patient files from the clinics of Waldhaus and Beverin from 1892 to 1930, around one fourth (1,487 files) were studied. One hundred and one works\u2014sixty-four from the Waldhaus Archive and thirty-seven from Beverin\u2014created by twenty-two men and two women were found.<\/p>\n<p><strong>Exhibition<\/strong><br \/>\n2018-2019 &#8222;Extraordinaire! Unbekannte Werke aus psychiatrischen Einrichtungen in der Schweiz um 1900\/Extraordinairy! Unknown Works from Psychiatric Institutions in Switzerland around 1900\u201c, Sammlung Prinzhorn, Heidelberg, Kunstmuseum Thun, LENTOS Kunstmuseum Linz (Catalogue d\/e)<\/p>\n<p><strong>References<\/strong><br \/>\nHuonker, Thomas, Vorgeschichte, Umfeld, Durchf\u00fchrung und Folgen des \u201eHilfswerks f\u00fcr die Kinder der Landstrasse\u201c, Z\u00fcrich 1987<\/p>\n<p>Joerger, J.J., Heil- und Pflegeanstalt Waldhaus, Masans bei Chur, Graub\u00fcnden, Verlag Eckhardt&amp;Pesch, Z\u00fcrich 1932<\/p>\n<p>Joerger, Johan Joseph, Psychiatrische Familiengeschichte, Berlin 1919<\/p>\n<p>Luchsinger, Katrin, Hirsch, Helen, R\u00f6ske Thomas (Hrsg.), Extraordinaire! Unbekannte Werke aus psychiatrischen Einrichtungen in der Schweiz um 1900 \/ Extraordinairy! Unknown works from Swiss Psychiatric Institutions around 1900, Z\u00fcrich 2018<\/p>\n<p>Mogharini-Zweidler, Liliane, Der Psychiater Johan Joseph Joerger (1860-1933), Z\u00fcrich 1975<\/p>\n<p>Schulz, Stefan, J\u00f6rger, Johan Joseph: Historisches Lexikon der Schweiz<\/p>\n<p>Tuffli, F., Asyle Realta und Rothenbrunnen, Graub\u00fcnden, Verlag Eckhardt&amp;Pesch, Z\u00fcrich 1932<br \/>\n<!--:--><!--:fr--><div id=\"attachment_65\" style=\"width: 1333px\" class=\"wp-caption alignnone\"><a href=\"https:\/\/blog.zhdk.ch\/bewahrenbesondererkulturgueter\/galerie-graubuenden\/\"><img loading=\"lazy\" decoding=\"async\" aria-describedby=\"caption-attachment-65\" class=\"wp-image-65\" src=\"https:\/\/blog.zhdk.ch\/bewahrenbesondererkulturgueter\/files\/2018\/09\/GB_AndreasS_Schirmtraegerinnen_crop.jpg\" alt=\"\" width=\"1323\" height=\"420\" \/><\/a><p id=\"caption-attachment-65\" class=\"wp-caption-text\">Galerie<\/p><\/div><\/p>\n<p><a href=\"https:\/\/blog.zhdk.ch\/bewahrenbesondererkulturgueter\/files\/2018\/09\/Graubuenden_Chur_Kulturgueterinventar.pdf\">Inventaire Grisons<\/a><\/p>\n<p><strong>Services psychiatriques des Grisons, cliniques Beverin Cazis et Waldhaus Chur.<br \/>\nCollection Waldhaus et Beverin<\/strong><\/p>\n<p>Le canton des Grisons ne dipose d\u2019une \u00abIrrenanstalt\u00bb (asile pour ali\u00e9n\u00e9s) que depuis 1892. Il fut construit sur le terrain de l\u2019ancien asile \u00ab Waldhaus \u00bb \u00e0 la p\u00e9riph\u00e9rie de la ville de Coire sur le mod\u00e8le de l\u2019asile de K\u00f6nigsfelden. C\u2019\u00e9tait le premier asile suisse qui disposait de la lumi\u00e8re \u00e9lectrique comme on l\u2019annon\u00e7a avec fiert\u00e9. Pendant de longues ann\u00e9es, de 1890 \u00e0 1930, le psychiatre Johann Joseph J\u00f6rger p\u00e8re (1860-1933) en \u00e9tait le directeur, suivi de son fils Johann Benedikt J\u00f6rger (1886-1957). C\u2019\u00e9tait J\u00f6rger p\u00e8re qui le premier proc\u00e9da le premier \u00e0 des recherches g\u00e9n\u00e9alogiques de type eug\u00e9nique aupr\u00e8s de familles y\u00e9niches, dont il codait les noms. Ces recherches on servi ult\u00e9rieurement de base \u00e0 l\u2019oeuvre d\u2019entre-aide pour les enfants de la rue \u00ab Kinder der Landstrasse \u00bb. <\/p>\n<p>L\u2019asile \u00abWaldhaus\u00bb \u00e9tait bient\u00f4t bond\u00e9, successivement on y ajoutait des annexes. Pourtant en 1914 elle accueillait 346 malades au lieu des 250 pr\u00e9vus. Dans un r\u00e9f\u00e9rendum on vota pour la construction d\u2019un \u00e9tablissement de soins dans le hameau de Realta au Domleschg. Il fut ouvert en 1919. C\u2019est dans cette vall\u00e9e qu\u2019en 1840 l\u2019unique \u00e9tablissement des Grisons avait \u00e9t\u00e9 cr\u00e9\u00e9, du nom de \u00ab Zwangsarbeitshaus \u00bb (maison du travail forc\u00e9). En 1873 elle fut remplac\u00e9e par la maison de correction de Realta. On y pla\u00e7ait entre autres des ali\u00e9n\u00e9s dits incurables. L\u2019\u00e9tablissement \u00abAsyl Neu-Realta\u00bb, la Clinique Psychiatrique Beverin actuelle, \u00e9tait un ensemble cl\u00f4tur\u00e9 de neuf pavillons, situ\u00e9s dans une for\u00eat de sapins. On n\u2019arrivait gu\u00e8re \u00e0 l\u2019apercevoir de la ligne des chemins de fer grisonnais qui y passait. On pouvait y h\u00e9berger 70 femmes et autant d\u2019hommes. En 1924 on instaura une colonie de travail o\u00f9 on pla\u00e7ait des malades calmes qui \u00e9taient en \u00e9tat de travailler et et qui pouvaient donc subvenir \u00e0 leur entretien. Selon les besoins on pla\u00e7ait \u00e9galement des malades dans l\u2019asile de correction de Alt-Realta ; le tout fut compl\u00e9t\u00e9 par une maison de retraite et un orphelinat \u00e0 Bad Rotenbrunnen. <\/p>\n<p><strong>R\u00e9f\u00e9rences:<\/strong><br \/>\nHuonker, Thomas, Vorgeschichte, Umfeld, Durchf\u00fchrung und Folgen des \u201eHilfswerks f\u00fcr die Kinder der Landstrasse\u201c, Z\u00fcrich 1987.<br \/>\nJoerger, J.J., Heil- und Pflegeanstalt Waldhaus, Masans bei Chur, Graub\u00fcnden, Verlag Eckhardt&amp;Pesch, Z\u00fcrich 1932<br \/>\nJoerger, Johan Joseph, Psychiatrische Familiengeschichte, Berlin 1919.<br \/>\nMogharini-Zweidler, Liliane, Der Psychiater Johan Joseph Joerger (1860-1933), Z\u00fcrich 1975.<br \/>\nSchulz, Stefan, J\u00f6rger, Johan Joseph: Historisches Lexikon de Schweiz.<br \/>\nTuffli, F., Asyle Realta und Rothenbrunnen, Graub\u00fcnden, Verlag Eckhardt&amp;Pesch, Z\u00fcrich 1932.<!--:--><\/p>\n","protected":false},"excerpt":{"rendered":"<p>Liste Kulturg\u00fcterinventar Graub\u00fcnden Beverin Liste Kulturg\u00fcterinventar Graub\u00fcnden Waldhaus Psychiatrische Dienste Graub\u00fcnden, Psychiatrische Kliniken Beverin und Waldhaus Chur, Sammlungen Waldhaus und Beverin Der Kanton Graubu\u0308nden verfu\u0308gt erst seit 1892 u\u0308ber eine eigene &#8222;Irrenanstalt&#8220; auf dem Areal des ehemaligen &#8222;Waldhauses&#8220;. Sie erhielt&hellip; <a href=\"https:\/\/blog.zhdk.ch\/bewahrenbesondererkulturgueter\/graubuenden\/\" class=\"more-link\">Weiterlesen <span class=\"meta-nav\">&rarr;<\/span><\/a><\/p>\n","protected":false},"author":3805,"featured_media":0,"parent":0,"menu_order":0,"comment_status":"closed","ping_status":"closed","template":"","meta":{"footnotes":""},"class_list":["post-1452","page","type-page","status-publish","hentry"],"_links":{"self":[{"href":"https:\/\/blog.zhdk.ch\/bewahrenbesondererkulturgueter\/wp-json\/wp\/v2\/pages\/1452","targetHints":{"allow":["GET"]}}],"collection":[{"href":"https:\/\/blog.zhdk.ch\/bewahrenbesondererkulturgueter\/wp-json\/wp\/v2\/pages"}],"about":[{"href":"https:\/\/blog.zhdk.ch\/bewahrenbesondererkulturgueter\/wp-json\/wp\/v2\/types\/page"}],"author":[{"embeddable":true,"href":"https:\/\/blog.zhdk.ch\/bewahrenbesondererkulturgueter\/wp-json\/wp\/v2\/users\/3805"}],"replies":[{"embeddable":true,"href":"https:\/\/blog.zhdk.ch\/bewahrenbesondererkulturgueter\/wp-json\/wp\/v2\/comments?post=1452"}],"version-history":[{"count":14,"href":"https:\/\/blog.zhdk.ch\/bewahrenbesondererkulturgueter\/wp-json\/wp\/v2\/pages\/1452\/revisions"}],"predecessor-version":[{"id":3269,"href":"https:\/\/blog.zhdk.ch\/bewahrenbesondererkulturgueter\/wp-json\/wp\/v2\/pages\/1452\/revisions\/3269"}],"wp:attachment":[{"href":"https:\/\/blog.zhdk.ch\/bewahrenbesondererkulturgueter\/wp-json\/wp\/v2\/media?parent=1452"}],"curies":[{"name":"wp","href":"https:\/\/api.w.org\/{rel}","templated":true}]}}