{"id":1536,"date":"2018-09-20T14:34:51","date_gmt":"2018-09-20T14:34:51","guid":{"rendered":"https:\/\/blog.zhdk.ch\/bewahrenbesondererkulturgueter\/?page_id=1536"},"modified":"2024-01-07T19:56:18","modified_gmt":"2024-01-07T19:56:18","slug":"luzern","status":"publish","type":"page","link":"https:\/\/blog.zhdk.ch\/bewahrenbesondererkulturgueter\/luzern\/","title":{"rendered":"<!--:de-->Luzern<!--:--><!--:en-->Lucerne<!--:--><!--:fr-->Lucerne<!--:-->"},"content":{"rendered":"<p><!--:de--><\/p>\n<p>Keine Inventarliste als pdf zum download<\/p>\n<p><strong>Luzerner Psychiatrie (lups.ch), Klinik St. Urban <\/strong><\/p>\n<p>Die Kantonale Irren- Heil- und Pflegeanstalt St. Urban wurde 1873 im ehemaligen Zisterzienserkloster er\u00f6ffnet. Das Kloster wurde im 12. Jahrhundert gegr\u00fcndet und war zu einem imposanten Barockbau erweitert worden. 1848 wurde es nach dem Sonderbundkrieg von der Luzerner Regierung aufgehoben. Die Irrenanstalt St. Urban f\u00fcr 200, sp\u00e4ter 400 Kranke, war abgelegen und verf\u00fcgte \u00fcber viel Land: die Mitarbeit von Patientinnen und Patienten in der Landwirtschaft bot sich also an. Erster Direktor war 1873\u201375 der deutsche Psychiater Ludwig Wille (1834\u20131912), der 1867 im ehemaligen Kloster Rheinau die psychiatrische Pflegeanstalt des Kantons Z\u00fcrich er\u00f6ffnet hatte. Bereits 1875 folgte er einem Ruf als Professor an die Universit\u00e4t Basel, wo er 1886 Direktor der psychiatrischen Heil- und Pflegeanstalt Friedmatt wurde. Wie in vielen andern psychiatrischen Anstalten wurden bis weit in 20. Jahrhundert in St. Urban auch Menschen mit einer geistigen Behinderung untergebracht. 1970 erreichte die Belegung mit 710 Patienten ihren h\u00f6chsten Stand (heute 320 Betten). 1975 wurden aktuelle Werke von Patientinnen, Patienten in der Galerie Raeber in Luzern ausgestellt (23. Mai &#8211; 28. Juni 1975, Ausst. Katalog). Bei einer stichprobenartigen Durchsicht der im Archiv in der Klinik aufbewahrten Krankenakten stellte sich heraus, dass die historischen Akten aus dem Zeitraum 1873\u20131930 keinerlei pers\u00f6nliche Beitr\u00e4ge (Briefe, Zeichnungen) der Patientinnen und Patienten mehr enthielten. Hingegen wird eine Sammlung von Werken, die seit den 1970er Jahren entstanden sind, aufbewahrt. <\/p>\n<p><strong>Ausstellungen<\/strong><br \/>\nGalerie Raeber, &#8222;Schizophrenie und Droge in der Malerei: Beispiele aus der psychiatrischen Klinik St.Urban&#8220;, 23.Mai &#8211; 28.Juni 1975 (Katalog)<\/p>\n<p><strong>Literatur<\/strong><br \/>\nBaumann, Urs, Kantonale Psychiatrische Klinik St. Urban 1873-1973. Zum Hundertj\u00e4hrigen Bestehen, Luzern o.J. (1973)<\/p>\n<p>Egli Jakob, Geistig behinderte Menschen in psychiatrischen Kliniken: eine Herausforderung. Luzern 1990<\/p>\n<p>Galerie Raeber (Hrsg.), Schizophrenie und Droge in der Malerei: Beispiele aus der psychiatrischen Klinik St.Urban, Ausstellungskatalog, 23.Mai-28.Juni 1975, Luzern 1975<\/p>\n<p>Hug, Anna, Die St. Urbaner Schulreform an der Wende des 18. Jahrhunderts, Z\u00fcrich 1920<\/p>\n<p>Regierungsrat des Kantons Luzern (Hrsg.), St. Urban 1194-1994. Ein ehemaliges Zisterzienserkloster, Bern 1994<!--:--><!--:en--><\/p>\n<p>No inventory list as pdf for download<\/p>\n<p><strong>Lucerne Psychiatric Services (lups.ch), St Urban Clinic<\/strong><\/p>\n<p>The cantonal asylum for the insane and nursing home at St Urban was opened in a former Cistercian monastery in 1873. The monastery had been founded in the twelfth century and had been expanded into an imposing baroque structure. In 1848, following the end of the Sonderbund War, the monastery was deconsecrated by the government of Lucerne. Originally built for 200 patients, and later extended to house 400 patients, St Urban was remote and surrounded by much countryside, thus providing farmwork for patients. Its first director (1873\u201375) was the German psychiatrist Ludwig Wille (1834\u20131912), who had opened the Canton of Zurich\u2019s psychiatric hospital in the former monastery at Rheinau in 1867. As early as 1875, Wille accepted his appointment as professor of psychiatry at the University of Basel, where he was appointed director of Friedmatt psychiatric hospital in 1886. Like many other psychiatric asylums, St Urban also housed mentally handicapped persons well into the twentieth century. In 1970, occupancy peaked at 710 patients (compared to the current occupancy of 320 patients). In 1975, works by patients were shown at the Galerie Raeber in Lucerne (23 May\u201328 June 1975, Exhibition Catalogue). A random inspection of the patient files on record at St Urban archive revealed that the historical files from the period 1873\u20131930 contained no personal contributions (letters, drawings) by patients whatsoever. However, a collection of works that have emerged since the 1970s exists. <\/p>\n<p><strong>Exhibition<\/strong><br \/>\nGalerie Raeber (ed.), Schizophrenie und Droge in der Malerei: Beispiele aus der psychiatrischen Klinik St.Urban, 23 May\u201328 June 1975, Luzern 1975<\/p>\n<p><strong>References<\/strong><br \/>\nBaumann, Urs, Kantonale Psychiatrische Klinik St. Urban 1873\u20131973. Zum Hundertj\u00e4hrigen Bestehen, Luzern o.J. (1973)<\/p>\n<p>Egli, Jakob, Geistig behinderte Menschen in psychiatrischen Kliniken: eine Herausforderung. Luzern 1990<\/p>\n<p>Galerie Raeber (ed.), Schizophrenie und Droge in der Malerei: Beispiele aus der psychiatrischen Klinik St.Urban, Ausstellungskatalog, 23 May\u201328 June 1975, Luzern 1975<\/p>\n<p>Hug, Anna, Die St. Urbaner Schulreform an der Wende des 18. Jahrhunderts, Z\u00fcrich 1920.<br \/>\nRegierungsrat des Kantons Luzern (ed.), St. Urban 1194\u20131994. Ein ehemaliges Zisterzienserkloster, Bern 1994<br \/>\n<!--:--><!--:fr--><strong>Psychiatrie de Lucerne (lups.ch), Clinique de St. Urban <\/strong><\/p>\n<p>L\u2019Asile et Maison de Sant\u00e9 Cantonale de St. Urban fut ouverte en 1873 dans l\u2019ancien monast\u00e8re cistercien du m\u00eame nom. Le monast\u00e8re, fond\u00e9 au 12e si\u00e8cle, fut agrandi successivement, devint un b\u00e2timent baroque impressionant. Apr\u00e8s la Guerre du Sonderbund, en 1848, le monast\u00e8re fut supprim\u00e9 par le gouvernement de Lucerne. L\u2019asile St. Urban \u00e9tait situ\u00e9 \u00e0 la campagne et poss\u00e9dait beaucoup de terrain ; il \u00e9tait donc souhaitable que les quelques 200 (plus tard 400) malades participent \u00e0 l\u2019exploitation agricole. Le premier directeur en \u00e9tait le psychiatre allemand Ludwig Wille (1834-1912) qui, en 1867, avait install\u00e9 dans l\u2019ancien couvent de la Rheinau l\u2019asile psychiatrique du Canton de Zurich. En 1875 d\u00e9j\u00e0 Wille pris la chaire de professeur \u00e0 l\u2019Universit\u00e9 de B\u00e2le. L\u00e0 il fut nomm\u00e9 en 1886 directeur de l\u2019asile et maison de soins Friedmatt. Comme dans de nombreux \u00e9tablissements psychiatriques on h\u00e9bergeait \u00e0 St. Urban \u00e9galement des handicap\u00e9s mentaux et cela, fort longtemps, jusque au vingti\u00e8me si\u00e8cle. Ce fut en 1970 qu\u2019on comptait le plus grand nombre de patients, soit 710 (aujourd\u2019hui on dispose de 320 lits). En 1975 une exposition \u00e0 la Galerie Raeber \u00e0 Lucerne montra des oeuvres r\u00e9centes de patientes et patients (du 23 mars au 28 juin, en \u00e9ditant un catalogue de l\u2019exposition). En examinant les dossiers de malades conserv\u00e9s dans la clinique, nous avons constat\u00e9 que les dossiers historiques de la p\u00e9riode de 1873 \u00e0 1930 ne contiennent plus aucune oeuvre personnelle (lettres, dessins) des patientes et patients. Par contre on y conserve une collection d\u2019oeuvres cr\u00e9\u00e9es \u00e0 partir des ann\u00e9es 1970. <\/p>\n<p><strong>Exposition<\/strong><br \/>\nGalerie Raeber (Hg.), Schizophrenie und Droge in der Malerei: Beispiele aus der psychiatrischen Klinik St.Urban, 23.Mai-28.Juni 1975, Luzern 1975. <\/p>\n<p><strong>R\u00e9f\u00e9rences<\/strong><br \/>\nBaumann, Urs, Kantonale Psychiatrische Klinik St. Urban 1873-1973. Zum Hundertj\u00e4hrigen Beste-hen, Luzern o.J. (1973).<br \/>\nEgli Jakob, Geistig behinderte Menschen in psychiatrischen Kliniken: eine Herausforderung. Luzern 1990.<br \/>\nGalerie Raeber (Hg.), Schizophrenie und Droge in der Malerei: Beispiele aus der psychiatrischen Klinik St.Urban, Ausstellungskatalog, 23.Mai-28.Juni 1975, Luzern 1975.<br \/>\nHug, Anna, Die St. Urbaner Schulreform an der Wende des 18. Jahrhunderts, Z\u00fcrich 1920.<br \/>\nRegierungsrat des Kantons Luzern (Hg.), St. Urban 1194-1994. Ein ehemaliges Zisterzienserkloster, Bern 1994.<!--:--><\/p>\n","protected":false},"excerpt":{"rendered":"<p>Keine Inventarliste als pdf zum download Luzerner Psychiatrie (lups.ch), Klinik St. Urban Die Kantonale Irren- Heil- und Pflegeanstalt St. Urban wurde 1873 im ehemaligen Zisterzienserkloster er\u00f6ffnet. Das Kloster wurde im 12. Jahrhundert gegr\u00fcndet und war zu einem imposanten Barockbau erweitert&hellip; <a href=\"https:\/\/blog.zhdk.ch\/bewahrenbesondererkulturgueter\/luzern\/\" class=\"more-link\">Weiterlesen <span class=\"meta-nav\">&rarr;<\/span><\/a><\/p>\n","protected":false},"author":3805,"featured_media":0,"parent":0,"menu_order":0,"comment_status":"closed","ping_status":"closed","template":"","meta":{"footnotes":""},"class_list":["post-1536","page","type-page","status-publish","hentry"],"_links":{"self":[{"href":"https:\/\/blog.zhdk.ch\/bewahrenbesondererkulturgueter\/wp-json\/wp\/v2\/pages\/1536","targetHints":{"allow":["GET"]}}],"collection":[{"href":"https:\/\/blog.zhdk.ch\/bewahrenbesondererkulturgueter\/wp-json\/wp\/v2\/pages"}],"about":[{"href":"https:\/\/blog.zhdk.ch\/bewahrenbesondererkulturgueter\/wp-json\/wp\/v2\/types\/page"}],"author":[{"embeddable":true,"href":"https:\/\/blog.zhdk.ch\/bewahrenbesondererkulturgueter\/wp-json\/wp\/v2\/users\/3805"}],"replies":[{"embeddable":true,"href":"https:\/\/blog.zhdk.ch\/bewahrenbesondererkulturgueter\/wp-json\/wp\/v2\/comments?post=1536"}],"version-history":[{"count":9,"href":"https:\/\/blog.zhdk.ch\/bewahrenbesondererkulturgueter\/wp-json\/wp\/v2\/pages\/1536\/revisions"}],"predecessor-version":[{"id":3433,"href":"https:\/\/blog.zhdk.ch\/bewahrenbesondererkulturgueter\/wp-json\/wp\/v2\/pages\/1536\/revisions\/3433"}],"wp:attachment":[{"href":"https:\/\/blog.zhdk.ch\/bewahrenbesondererkulturgueter\/wp-json\/wp\/v2\/media?parent=1536"}],"curies":[{"name":"wp","href":"https:\/\/api.w.org\/{rel}","templated":true}]}}