{"id":1548,"date":"2018-09-20T14:42:29","date_gmt":"2018-09-20T14:42:29","guid":{"rendered":"https:\/\/blog.zhdk.ch\/bewahrenbesondererkulturgueter\/?page_id=1548"},"modified":"2023-12-11T21:30:25","modified_gmt":"2023-12-11T21:30:25","slug":"wil-sg","status":"publish","type":"page","link":"https:\/\/blog.zhdk.ch\/bewahrenbesondererkulturgueter\/wil-sg\/","title":{"rendered":"<!--:de-->St. Gallen Wil<!--:--><!--:en-->St. Gallen Wil<!--:--><!--:fr-->St. Gallen Wil<!--:-->"},"content":{"rendered":"<p><!--:de--><div id=\"attachment_65\" style=\"width: 1333px\" class=\"wp-caption alignnone\"><a href=\"https:\/\/blog.zhdk.ch\/bewahrenbesondererkulturgueter\/galerie-wil-sg\/\"><img loading=\"lazy\" decoding=\"async\" aria-describedby=\"caption-attachment-65\" class=\"wp-image-65\" src=\"https:\/\/blog.zhdk.ch\/bewahrenbesondererkulturgueter\/files\/2018\/09\/SG_Wil_karlT_GottfFreiheit_crop.jpg\" alt=\"\" width=\"1323\" height=\"420\" \/><\/a><p id=\"caption-attachment-65\" class=\"wp-caption-text\">Galerie<\/p><\/div><\/p>\n<p><a href=\"https:\/\/blog.zhdk.ch\/bewahrenbesondererkulturgueter\/files\/2023\/12\/SG_Wil_Kulturgu\u0308terinventar_Liste.pdf\">Liste Kulturg\u00fcterinventar St. Gallen Wil<\/a><\/p>\n<p><strong>Kantonale Psychiatrische Dienste \u2013 Sektor Nord, Psychiatrische Klinik Wil. Sammlung Wil im Staatsarchiv des Kantons St. Gallen<\/strong><\/p>\n<p>Die zweite psychiatrische Klinik im Kanton St. Gallen nach St. Pirminsberg wurde in Wil 1892 unter dem Namen &#8222;Kantonales Asyl Wil&#8220; er\u00f6ffnet. Der erste Direktor der Anstalt, Heinrich Schiller (1864\u20131945), der das Amt von 1892 bis 1935 ausu\u0308bte, legte Wert auf Selbstversorgung. Der grosse Landwirtschaftsbetrieb galt bis in die Mitte des 20. Jahrhunderts hinein als kantonaler Musterbetrieb, etwa im Bereich der Tierzucht. Mit dem Kauf der Alp Barenegg auf rund 1&#8217;000 Meter H\u00f6he kamen weitere L\u00e4ndereien dazu. Der Grossbetrieb bot zahlreiche Arbeitspl\u00e4tze fu\u0308r Patient_innen. Schiller z\u00e4hlt zu den Pionieren der sogenannten Arbeitstherapie, wofu\u0308r ihm 1935 der Ehrendoktor der Universit\u00e4t Bern verliehen wurde. Unter seiner \u00c4gide wurde das Kantonale Asyl zu einer grossen psychiatrischen Klinik ausgebaut: Urspru\u0308nglich fu\u0308r 120 Kranke in fu\u0308nf Geb\u00e4uden konzipiert, z\u00e4hlte die Heil- und Pflegeanstalt 1935 bereits 25 Geb\u00e4ude fu\u0308r rund 1&#8217;000 Patient_innen. Von ungef\u00e4hr 4&#8217;120 Krankenakten der Aufnahmen von der Klinikgru\u0308ndung 1892 bis 1930 wurde etwas mehr als ein Fu\u0308nftel (944 Akten) untersucht. Es fanden sich 85 Werke, Zeichnungen, Kalligrafien, Papierobjekte von 14 Patienten und einer Patientin. Als 2017 das historische Archiv dem Staatsarchiv u\u0308bergeben wurde, sichtete die Klinik nochmals alle Akten und fand etwa 100 weitere Werke. Die &#8222;Psychiatrische Klinik Wil&#8220; legt grosses Gewicht auf Kunst- und Gestaltungstherapien. <\/p>\n<p><strong>Ausstellung<\/strong><br \/>\n2018\u20132019 \u201eExtraordinaire! Unbekannte Werke aus psychiatrischen Einrichtungen in der Schweiz um 1900\u201c, Sammlung Prinzhorn, Heidelberg, Kunstmuseum Thun, LENTOS Kunstmuseum Linz (Katalog d\/e)<\/p>\n<p><strong>Literatur<\/strong><br \/>\nJahresberichte des kantonalen Asyls in Wil. 1892\u20131912, 1921, 1941\u20131950<\/p>\n<p>Ehemann, Ruth, Virtual Reality Therapy, Entwicklung, Durchf\u00fchrung und Evaluation eines Applikationsmodells f\u00fcr eine kunsttherapeutische Arbeit mit psychiatrischen Patienten, Ravensburg 2012<\/p>\n<p>Luchsinger, Katrin, Hirsch, Helen, R\u00f6ske Thomas (Hrsg.), Extraordinaire! Unbekannte Werke aus psychiatrischen Einrichtungen in der Schweiz um 1900 \/ Extraordinairy! Unknown works from Swiss Psychiatric Institutions, Z\u00fcrich 2018<\/p>\n<p>Mikolasec, Jan, Das Kantonale Asyl in Wil (St. Gallen): die Jahre 1892 bis 1950 der heutigen Psychiatrischen Klinik. Dietikon 1991 <\/p>\n<p>M\u00fcller, Peter, Patienten, Bauern, Therapeuten: Gutsbetrieb und Arbeitstherapie in der Psychiatrischen Klinik Wil 1892\u20132007 <\/p>\n<p>Schaufelberger, Peter E., Vom Asyl zur Klinik. Bodensee Hefte. Nr. 6, S. 14-19. Goldach 1992<br \/>\n<!--:--><!--:en--><div id=\"attachment_65\" style=\"width: 1333px\" class=\"wp-caption alignnone\"><a href=\"https:\/\/blog.zhdk.ch\/bewahrenbesondererkulturgueter\/galerie-wil-sg\/\"><img loading=\"lazy\" decoding=\"async\" aria-describedby=\"caption-attachment-65\" class=\"wp-image-65\" src=\"https:\/\/blog.zhdk.ch\/bewahrenbesondererkulturgueter\/files\/2018\/09\/SG_Wil_karlT_GottfFreiheit_crop.jpg\" alt=\"\" width=\"1323\" height=\"420\" \/><\/a><p id=\"caption-attachment-65\" class=\"wp-caption-text\">Galerie<\/p><\/div><\/p>\n<p><a href=\"https:\/\/blog.zhdk.ch\/bewahrenbesondererkulturgueter\/files\/2023\/12\/SG_Wil_Kulturgu\u0308terinventar_Liste.pdf\">Inventory Wil SG<\/a><\/p>\n<p><strong>Cantonal Psychiatric Services \u2013 Sector North,<br \/>\nPsychiatric Clinic Wil<br \/>\nCollection Wil at Staatsarchiv of the Kanton St. Gallen<\/strong><\/p>\n<p>The second psychiatric hospital in the canton St. Gallen after St. Pirminsberg was founded in Wil in 1892 under the name Kantonales Asyl Wil. The first director of the institution Heinrich Schiller (1854\u20131945), who held this position from 1892 to 1935, placed great importance on self-reliance. The large farm was considered a model farm well into the mid-twentieth century, in the realm of livestock breeding, for example. With the purchase of Alp Barenegg at 1,000 meters above sea level, additional farmland was added. The large farm offered diverse forms of employment for the patients. Schiller was one of the pioneers of so-called work therapy and was awarded an honorary doctorate from the Universit\u00e4t Bern in 1935 for his work in this area. Under his leadership, the asylum was turned into a large psychiatric hospital: Originally conceived for 120 patients in five buildings, by 1935 the institution already had twenty-five buildings for around 1,000 patients. Of the around 4,120 patient files from the founding of the institution in 1892 to 1930, more than one fifth (944 files) were studied. Eighty-five works, drawings, calligraphies, and paper objects by fourteen male patients and one female patient were found. When the historical archive was handed over to the Staatsarchiv in 2017, all files were reexamined and another one hundred works were located. The Psychiatrische Klinik Wil places a great importance on art and creative therapy. <\/p>\n<p><strong>Exhibitions<\/strong><br \/>\n2018\u20132019 &#8222;Extraordinaire! Unbekannte Werke aus psychiatrischen Einrichtungen in der Schweiz um 1900\/Extraordinairy! Unknown Works from Psychiatric Institutions in Switzerland around 1900\u201c, Sammlung Prinzhorn, Heidelberg, Kunstmuseum Thun, LENTOS Kunstmuseum Linz (Catalogue d\/e)<\/p>\n<p><strong>References<\/strong><br \/>\nJahresberichte des kantonalen Asyls in Wil. 1892-1912, 1921, 1941-1950<\/p>\n<p>Ehemann, Ruth, Virtual Reality Therapy: Entwicklung, Durchf\u00fchrung und Evaluation eines Applikationsmodells f\u00fcr eine kunsttherapeutische Arbeit mit psychiatrischen Patienten, Ravensburg 2012<\/p>\n<p>Luchsinger, Katrin, Hirsch, Helen, R\u00f6ske Thomas (eds.), Extraordinaire! Unbekannte Werke aus psychiatrischen Einrichtungen in der Schweiz um 1900 \/ Extraordinairy! Unknown works from Swiss Psychiatric Institutions around 1900, Z\u00fcrich 2018<\/p>\n<p>Mikolasec, Jan, Das Kantonale Asyl in Wil (St. Gallen): die Jahre 1892 bis 1950 der heutigen Psychiatrischen Klinik. Dietikon 1991 <\/p>\n<p>M\u00fcller, Peter, Patienten, Bauern, Therapeuten: Gutsbetrieb und Arbeitstherapie in der Psychiatrischen Klinik Wil 1892-2007 <\/p>\n<p>Schaufelberger, Peter E., Vom Asyl zur Klinik. Bodensee Hefte. Nr. 6, S. 14-19. Goldach 1992<!--:--><!--:fr--><div id=\"attachment_65\" style=\"width: 1333px\" class=\"wp-caption alignnone\"><a href=\"https:\/\/blog.zhdk.ch\/bewahrenbesondererkulturgueter\/galerie-wil-sg\/\"><img loading=\"lazy\" decoding=\"async\" aria-describedby=\"caption-attachment-65\" class=\"wp-image-65\" src=\"https:\/\/blog.zhdk.ch\/bewahrenbesondererkulturgueter\/files\/2018\/09\/SG_Wil_karlT_GottfFreiheit_crop.jpg\" alt=\"\" width=\"1323\" height=\"420\" \/><\/a><p id=\"caption-attachment-65\" class=\"wp-caption-text\">Galerie<\/p><\/div><\/p>\n<p><a href=\"https:\/\/blog.zhdk.ch\/bewahrenbesondererkulturgueter\/files\/2018\/08\/SG_Wil_Kulturgueterinventar.pdf\">Inventaire Wil SG<\/a><\/p>\n<p><strong>Services psychiatriques cantonaux \u2013 Secteur Nord, Clinique Psychiatrique de Wil<br \/>\nCollection de Wil <\/strong><\/p>\n<p>La deuxi\u00e8me clinique psychiatrique du Canton de St. Gall \u2013 apr\u00e8s celle de St. Pirminsberg &#8211; fut ouverte \u00e0 Wil sous le nom de \u00abKantonales Asyl Wil \u00bb (asile cantonal), elle fut compl\u00e9t\u00e9e par une exploitation agricole. Le premier directeur de l\u2019asile, Heinrich Schiller (1864-1945), qui en assurait la direction de 1892 \u00e0 1935, attachait une grande importance \u00e0 l\u2019autosuffisance mat\u00e9rielle. C\u2019\u00e9tait pour cette raison qu\u2019on cr\u00e9a en 1907 un poste de r\u00e9gisseur pour cette grande exploitation. Avec ses importants domaines ruraux &#8211; entre autre pour l\u2019\u00e9levage \u2013 cette dreni\u00e8re \u00e9tait consid\u00e9r\u00e9e comme le mod\u00e8le cantonal jusqu\u2019au milieu du 20e si\u00e8cle. D\u2019autres terrains s\u2019y ajout\u00e8rent \u2013 et donc d\u2019avantage de postes \u2013 gr\u00e2ce \u00e0 l\u2019achat de l\u2019alpage de Barenegg, situ\u00e9e \u00e0 environ 1000 m\u00e8tres d\u2019altitude. Cette grande exploitation offrait donc beaucoup d\u2019emplois pour les patientes et les patients. Schiller \u00e9tait parmi les pionniers de la th\u00e9rapie par le travail, ce qui lui valut de recevoir, en 1935, le doctorat honoris causa de l\u2019Universit\u00e9 de Berne, d\u00e9cern\u00e9 en 1935.<\/p>\n<p>Sous sa direction l\u2019Asile Cantonal devint une grande clinique psychatrique. Con\u00e7ue au d\u00e9but pour 120 malades, repartis en cinq b\u00e2timents elle disposait en 1935 d\u00e9j\u00e0 de 25 b\u00e2timents et h\u00e9b\u00e9rgeait environ mille patientes et patients.<\/p>\n<p>Nous avons examin\u00e9 un peu plus d\u2019un tiers des dossiers. \u00c0 savoir 944 des 4120 dossiers concernant les malades entr\u00e9s depuis l\u2019ouverture de la clinique en 1892 jusqu\u2019en 1930. On y trouva 85 oeuvres : des dessins, des calligraphies et des objets en papier, cr\u00e9\u00e9s par 14 patientes et patients, parmi lesquels : Theodor F, Eugen P. (1876-1937) ou Karl W. (d\u00e9c\u00e9d\u00e9 en 1919). La Clinique Psychiatrique Wil fait preuve aujourd\u2019hui d\u2019une attention particuli\u00e8re pour les th\u00e9rapies par l\u2019expression cr\u00e9ative et artistique, par exemple dans les atelier et dans le \u00ab Living Museum \u00bb. <\/p>\n<p><strong>R\u00e9f\u00e9rences<\/strong><br \/>\nJahresberichte des kantonalen Asyls in Wil. 1892-1912, 1921, 1941-1950.<br \/>\nEhemann, Ruth, Virtual Reality Therapy: Entwicklung, Durchf\u00fchrung und Evaluation eines Applikationsmodells f\u00fcr eine kunsttherapeutische Arbeit mit psychiatrischen Patienten, Ravensburg 2012.<br \/>\nMikolasec, Jan: Das Kantonale Asyl in Wil (St. Gallen): die Jahre 1892 bis 1950 der heutigen Psychiatrischen Klinik. Dietikon 1991.<br \/>\nM\u00fcller, Peter: Patienten, Bauern, Therapeuten: Gutsbetrieb und Arbeitstherapie in der Psychiatrischen Klinik Wil 1892-2007.<br \/>\nSchaufelberger, Peter E.: Vom Asyl zur Klinik. Bodensee Hefte. Nr. 6, S. 14-19. Goldach 1992.<br \/>\n<!--:--><\/p>\n","protected":false},"excerpt":{"rendered":"<p>Liste Kulturg\u00fcterinventar St. Gallen Wil Kantonale Psychiatrische Dienste \u2013 Sektor Nord, Psychiatrische Klinik Wil. Sammlung Wil im Staatsarchiv des Kantons St. Gallen Die zweite psychiatrische Klinik im Kanton St. Gallen nach St. Pirminsberg wurde in Wil 1892 unter dem Namen&hellip; <a href=\"https:\/\/blog.zhdk.ch\/bewahrenbesondererkulturgueter\/wil-sg\/\" class=\"more-link\">Weiterlesen <span class=\"meta-nav\">&rarr;<\/span><\/a><\/p>\n","protected":false},"author":3805,"featured_media":0,"parent":0,"menu_order":0,"comment_status":"closed","ping_status":"closed","template":"","meta":{"footnotes":""},"class_list":["post-1548","page","type-page","status-publish","hentry"],"_links":{"self":[{"href":"https:\/\/blog.zhdk.ch\/bewahrenbesondererkulturgueter\/wp-json\/wp\/v2\/pages\/1548","targetHints":{"allow":["GET"]}}],"collection":[{"href":"https:\/\/blog.zhdk.ch\/bewahrenbesondererkulturgueter\/wp-json\/wp\/v2\/pages"}],"about":[{"href":"https:\/\/blog.zhdk.ch\/bewahrenbesondererkulturgueter\/wp-json\/wp\/v2\/types\/page"}],"author":[{"embeddable":true,"href":"https:\/\/blog.zhdk.ch\/bewahrenbesondererkulturgueter\/wp-json\/wp\/v2\/users\/3805"}],"replies":[{"embeddable":true,"href":"https:\/\/blog.zhdk.ch\/bewahrenbesondererkulturgueter\/wp-json\/wp\/v2\/comments?post=1548"}],"version-history":[{"count":9,"href":"https:\/\/blog.zhdk.ch\/bewahrenbesondererkulturgueter\/wp-json\/wp\/v2\/pages\/1548\/revisions"}],"predecessor-version":[{"id":3287,"href":"https:\/\/blog.zhdk.ch\/bewahrenbesondererkulturgueter\/wp-json\/wp\/v2\/pages\/1548\/revisions\/3287"}],"wp:attachment":[{"href":"https:\/\/blog.zhdk.ch\/bewahrenbesondererkulturgueter\/wp-json\/wp\/v2\/media?parent=1548"}],"curies":[{"name":"wp","href":"https:\/\/api.w.org\/{rel}","templated":true}]}}