{"id":1560,"date":"2018-09-20T14:46:17","date_gmt":"2018-09-20T14:46:17","guid":{"rendered":"https:\/\/blog.zhdk.ch\/bewahrenbesondererkulturgueter\/?page_id=1560"},"modified":"2023-12-31T22:34:32","modified_gmt":"2023-12-31T22:34:32","slug":"zuerich-rheinau","status":"publish","type":"page","link":"https:\/\/blog.zhdk.ch\/bewahrenbesondererkulturgueter\/zuerich-rheinau\/","title":{"rendered":"<!--:de-->Z\u00fcrich Rheinau<!--:--><!--:en-->Zurich Rheinau<!--:--><!--:fr-->Zurich Rheinau<!--:-->"},"content":{"rendered":"<p><!--:de--><div id=\"attachment_65\" style=\"width: 1333px\" class=\"wp-caption alignnone\"><a href=\"https:\/\/blog.zhdk.ch\/bewahrenbesondererkulturgueter\/galerie-zuerich-rheinau\/\"><img loading=\"lazy\" decoding=\"async\" aria-describedby=\"caption-attachment-65\" class=\"wp-image-65\" src=\"https:\/\/blog.zhdk.ch\/bewahrenbesondererkulturgueter\/files\/2018\/09\/ZH_Rheinau_JNWintsch_Angeunique_crop.jpg\" alt=\"\" width=\"1323\" height=\"420\" \/><\/a><p id=\"caption-attachment-65\" class=\"wp-caption-text\">Galerie<\/p><\/div><\/p>\n<p><a href=\"https:\/\/blog.zhdk.ch\/bewahrenbesondererkulturgueter\/files\/2023\/12\/ZH_Rheinau_Kulturgu\u0308terinventar_Liste_001_100.pdf\">Liste Kulturg\u00fcterinventar Z\u00fcrich Rheinau, Teil 1<\/a><br \/>\n<a href=\"https:\/\/blog.zhdk.ch\/bewahrenbesondererkulturgueter\/files\/2023\/12\/ZH_Rheinau_Kulturgu\u0308terinventar_Liste_101_221.pdf\">Liste Kulturg\u00fcterinventar Z\u00fcrich Rheinau, Teil 2<\/a><\/p>\n<p><strong>Psychiatrische Universit\u00e4tsklinik Z\u00fcrich, Psychiatriezentrum Rheinau<br \/>\nDie Sammlung Rheinau im Staatsarchiv des Kantons Z\u00fcrich<\/strong><\/p>\n<p>Im Jahr 1867 er\u00f6ffnete der Kanton Zu\u0308rich im ehemaligen Benediktinerkloster Rheinau eine psychiatrische Pflegeanstalt fu\u0308r 800 Patient_innen. W\u00e4hrend in der Universit\u00e4tsklinik &#8222;Burgh\u00f6lzli&#8220; akute &#8222;F\u00e4lle&#8220; abgekl\u00e4rt und h\u00f6chstens zwei Jahre behandelt wurden, u\u0308bernahm die Pflegeanstalt die als &#8222;unheilbar&#8220; Bezeichneten, die oft bis zu ihrem Tod in der Anstalt blieben. Infolge von \u00dcberfu\u0308llung wurde 1901 &#8222;Neu-Rheinau&#8220; erbaut; nach dem Ersten Weltkrieg lebten bis zu 1&#8217;200 Patient_innen in &#8222;Alt-&#8220; und &#8222;Neu-Rheinau&#8220;. Die Anstalt war damit eine der gr\u00f6ssten der Schweiz und ausserdem einer der gr\u00f6ssten Landwirtschaftsbetriebe. Alt-Rheinau wurde im Jahr 1999 geschlossen und der Kanton Zu\u0308rich liess ein &#8222;Inventar der Kulturgu\u0308ter&#8220; erstellen, in das auch 825 Werke von neun Patientinnen und zehn Patienten aufgenommen wurden. Die meisten stammen aus der Zeit der Anstaltsdirektoren Friedrich Ris (Direktor 1898\u20131931) und Karl Gehry (Oberarzt in Neu-Rheinau 1908\u20131931, Direktor 1931\u20131942). Gehry (1881\u20131962) bewahrte grosse Werkgruppen von Hermann M. (1894\u20131943) auf, der ornamentale Bl\u00e4tter zeichnete, in einer kalligrafischen Geheimschrift schrieb und dichtete, sowie von Heinrich Bachofner (1863\u20131926), der von 1914 bis 1926 in der Anstalt interniert und technisch vielseitig interessiert war. Bachofners Gesamtwerk wurde 2017 ver\u00f6ffentlicht. Auch die Autobiografie der Schneiderin Anna Z. (1867\u20131938), eine Patientin von Gehry, wurde 2013 ver\u00f6ffentlicht. Die fragilen Arbeiten von Lisette H.(1857\u20131924) erhielten sich wie durch ein Wunder. (S. 156) Eine Werkgruppe der Stickerin Jeanne (Johanna) Natalie Wintsch (1871\u20131944) (S. 138\/139) gelangte in die Sammlung Prinzhorn. Das Ringbuch von Heinrich H. (1932-1990) war noch nie zu sehen (S. 141). Die bedeutende Sammlung blieb lange vollst\u00e4ndig unbekannt. 2011 wurden sieben Stickereien der K\u00fcnstlerin Jeanne Natalie Wintsch an der 54. Biennale der Kunst in Venedig (\u00abIlluminazioni\u00bb, Kuratorin Bice Curiger) ausgestellt. Seit 2015 befindet sich die Sammlung im Staatsarchiv des Kantons Z\u00fcrich und ist dort einsehbar. In den Akten der Pflegeanstalt befinden sich weitere Werke, deren Bestand aber nur vereinzelt untersucht wurde.<\/p>\n<p><strong>Ausstellungen<\/strong><br \/>\n2010\u20132012 &#8222;Rosenstrumpf und dornencknie. Werke aus der Psychiatrischen Pflegeanstalt Rheinau 1867-1930&#8220;, Museum im Lagerhaus St. Gallen 1.12.2009-15.3.2010, 15.6.2011-29.1.2012 im Medizinhistorischen Museum der Universit\u00e4t Z\u00fcrich (Katalog)<\/p>\n<p>2011 54. Biennale der Kunst in Venedig: ILLUMInazioni: sieben Werke von Jeanne (Johanna) Natalie Wintsch<\/p>\n<p>2012 \u201eGhosts in the Machine\u201c, New Museum, New York, 17.7.-30.9.2012: zwei Werke von Jeanne (Johanna) Natalie Wintsch <\/p>\n<p><strong>Literatur<\/strong><\/p>\n<p>Gehry, Karl, Pflegeanstalt Rheinau, Kt. Z\u00fcrich. Anhang Kloster Rheinau v. Hermann Fierz. Z\u00fcrich 1932<\/p>\n<p>Gesundheitsdirektion des Kantons Z\u00fcrich (Hg.), Kantonale Psychiatrische Klinik Rheinau 1867-1967. Zum 100-j\u00e4hrigen Bestehen, R\u00fcschlikon 1970 <\/p>\n<p>Jahresberichte der Heil- und Pflegeanstalt Rheinau 1867-1930 <\/p>\n<p>J\u00f6rger, Albert, Inventar der Kulturg\u00fcter. Denkmalpflege des Kantons, Z\u00fcrich 2000 <\/p>\n<p>Luchsinger, Katrin, Die Vergessenskurve. Werke von Patientinnen und Patienten in psychiatrischen Anstalten um 1900. Eine kulturanalytische Studie, Z\u00fcrich 2016<\/p>\n<p>Luchsinger, Katrin, Fahrni, Jacqueline (Hg.), Heinrich Bachofner. Erfinder, Z\u00fcrich 2017<\/p>\n<p>Luchsinger, Katrin, Hirsch, Helen, R\u00f6ske, Thomas (Hrsg.), Extraordinaire! Unbekannte Werke aus psychiatrischen Einrichtungen in der Schweiz um 1900\/Extraordinairy! Unknown Works from Psychiatric Institutions in Switzerland around 1900, (Ausstellungskatalog), Z\u00fcrich 2018<\/p>\n<p>dies., Iris Blum, Jacqueline Fahrni, Monika Jagfeld (Hrsg.), Rosenstrumpf und dornencknie. Werke aus der Psychiatrischen Pflegeanstalt Rheinau 1867-1930, Z\u00fcrich 2010<\/p>\n<p>Dies., (Hrsg.), Pl\u00e4ne. Werke aus psychiatrischen Kliniken in der Schweiz 1850\u20131920. Z\u00fcrich 2008<\/p>\n<p>Luchsinger, Katrin, Theories oft he \u00abSavage\u00bb: The Material Varek (Seagrass) As a Bearer of Meaning in Psychiatry around 1900, in: Ankele, Monika, Majerus, Beno\u00eet (eds.), Material Cultures of Psychiatry, Bielefeld, 2020<\/p>\n<p>Peter-Kubli, Susanne, Interesse an seelischer Br\u00fcchigkeit: Karl Gehry (1881\u20131962), Psychiater in der Klinik Rheinau, Z\u00fcrich 2013<\/p>\n<p>Schoop-Russb\u00fclt, Brigit, Psychiatrischer Alltag in der Autobiographie von Karl Gehry (1881\u20131962), Z\u00fcrich 1989 <\/p>\n<p>Walser Hans, Hundert Jahre Klinik Rheinau 1867\u20131967. Wissenschaftliche Psychiatrie und praktische Irrenpflege in der Schweiz. Am Bsp. einer grossen Heil- und Pflegeanstalt. Aarau 1970<\/p>\n<p>Z. Anna, (1916) \u201eLebensbeschreibung einer (Ungl\u00fccklichen!) sowie die Schilderung der Erlebnisse w\u00e4hrend zehn Jahren im Irrenhaus\u201c, Luchsinger, Katrin (Hrsg.), Z\u00fcrich 2013<!--:--><!--:en--><div id=\"attachment_65\" style=\"width: 1333px\" class=\"wp-caption alignnone\"><a href=\"https:\/\/blog.zhdk.ch\/bewahrenbesondererkulturgueter\/galerie-zuerich-rheinau\/\"><img loading=\"lazy\" decoding=\"async\" aria-describedby=\"caption-attachment-65\" class=\"wp-image-65\" src=\"https:\/\/blog.zhdk.ch\/bewahrenbesondererkulturgueter\/files\/2018\/09\/ZH_Rheinau_JNWintsch_Angeunique_crop.jpg\" alt=\"\" width=\"1323\" height=\"420\" \/><\/a><p id=\"caption-attachment-65\" class=\"wp-caption-text\">Galerie<\/p><\/div><\/p>\n<p><a href=\"https:\/\/blog.zhdk.ch\/bewahrenbesondererkulturgueter\/files\/2023\/12\/ZH_Rheinau_Kulturgu\u0308terinventar_Liste_001_100.pdf\">Inventory Zurich Rheinau, Part I<\/a><br \/>\n<a href=\"https:\/\/blog.zhdk.ch\/bewahrenbesondererkulturgueter\/files\/2023\/12\/ZH_Rheinau_Kulturgu\u0308terinventar_Liste_101_221.pdf\">Inventory Zurich Rheinau, Part II<\/a><\/p>\n<p><strong>Psychiatrische Universit\u00e4tsklinik Z\u00fcrich, Psychiatriezentrum Rheinau<br \/>\nCollection Rheinau, Staatsarchiv of Canton Zurich<\/strong><\/p>\n<p>In 1867, Canton Zurich opened a psychiatric hospital for 800 patients at the former Benedictine monastery Rheinau. While at the Universit\u00e4tsklinik Burgh\u00f6lzli (p. 123) acute \u201ccases\u201d were diagnosed and treated for a maximum of two years, this care institution took on the cases labeled \u201cincurable,\u201d and these patients often remained in the asylum until their death. Due to overcrowding, the Neu Rheinau was built in 1901. After the First World War, up to 1,200 patients lived in Alt-Rheinau and Neu-Rheinau. The institution was thus one of the largest in Switzerland and also one of the largest agricultural enterprises in the country. Alt-Rheinau was closed in 1999, and Canton Zurich took an \u201cinventory of cultural goods,\u201d in which 825 works by nine women and ten men were included. Most came from the time of directors Friedrich Ris (director 1898\u20131931) and Karl Gehry (head physician at Neu-Rheinau, 1908\u20131931, director, 1931\u20131942). Gehry (1881\u20131962) kept extensive series by Hermann M.<br \/>\n(1894\u20131943), who created ornamental drawings, wrote calligraphy and wrote poems, and by Heinrich Bachofner (1863\u20131926), who was kept at the asylum from 1914 to 1926 and had a wide range of technological interests. Bachofner\u2019s entire oeuvre was published in 2017. The autobiography of seamstress Anna Z. (1867\u20131938), one of Gehry\u2019s patients, was published in 2013. It is virtually a miracle that the fragile works by Lisette H. (1857\u20131924) remain intact today. A group of works by the embroiderer Jeanne (Johanna) Natalie Wintsch (1871\u20131944) made its way to the Sammlung Prinzhorn. The important collection remained completely unknown for a long time. In 2011, seven embroideries by the artist Jeanne Natalie Wintsch were exhibited at the 54th Venice Biennale of Art (&#8222;Illuminazioni&#8220;, curated by Bice Curiger). Since 2015, the collection has been housed in the State Archives of the Canton of Zurich, where it can be viewed. There are further works in the files of the nursing home, but only a few of these have been examined.<\/p>\n<p><strong>Exhibition<\/strong><br \/>\n2010\u20132012 &#8222;Rosenstrumpf und dornencknie\u201c. Werke aus der Psychiatrischen Pflegeanstalt Rheinau 1867-1930, Museum im Lagerhaus St. Gallen 1.12.2010-15.3.2011;<br \/>\n15.6.2011-29.1.2012 im Medizinhistorischen Museum der Universit\u00e4t Z\u00fcrich<\/p>\n<p>2011 54. Biennale der Kunst in Venedig ILLUMInazioni: seven embroideries of Jeanne Natalie Wintsch<\/p>\n<p>2012 &#8222;Ghosts in the Machine\u201c, New Museum New York (17.7.-30.9.2012), two embroideries of Jeanne Natalie Wintsch <\/p>\n<p><strong>References<\/strong><\/p>\n<p>Gehry Karl, Pflegeanstalt Rheinau, Kt. Z\u00fcrich. Anhang Kloster Rheinau v. Hermann Fierz, Z\u00fcrich 1932 <\/p>\n<p>Gesundheitsdirektion des Kantons Z\u00fcrich (eds.), Kantonale Psychiatrische Klinik Rheinau 1867-1967. Zum 100-j\u00e4hrigen Bestehen, R\u00fcschlikon 1970 <\/p>\n<p>Jahresberichte der Heil- und Pflegeanstalt Rheinau 1867-1930<\/p>\n<p>J\u00f6rger, Albert, Inventar der Kulturg\u00fcter. Denkmalpflege des Kantons Z\u00fcrich 2000 <\/p>\n<p>Luchsinger, Katrin, Die Vergessenskurve. Werke von Patientinnen und Patienten in psychiatrischen Anstalten um 1900. Eine kulturanalytische Studie, Z\u00fcrich 2016<\/p>\n<p>Luchsinger, Katrin, Fahrni, Jacqueline (Hg.), Heinrich Bachofner. Erfinder, Z\u00fcrich 2017<\/p>\n<p>Luchsinger, Katrin, Hirsch, Helen, R\u00f6ske, Thomas (eds.), Extraordinaire! Unbekannte Werke aus psychiatrischen Einrichtungen in der Schweiz um 1900\/Extraordinairy! Unknown Works from Psychiatric Institutions in Switzerland around 1900, (Catalogue d\/e), Z\u00fcrich 2018<\/p>\n<p>dies., Iris Blum, Jacqueline Fahrni, Monika Jagfeld (eds.), Rosenstrumpf und dornencknie. Werke aus der Psychiatrischen Pflegeanstalt Rheinau 1867-1930, (Catalogue),<br \/>\nZ\u00fcrich 2010<\/p>\n<p>Dies., (ed.), Pl\u00e4ne. Werke aus psychiatrischen Kliniken in der Schweiz 1850-1920. Z\u00fcrich 2008 <\/p>\n<p>Luchsinger, Katrin, Theories of the \u00abSavage\u00bb: The Material Varek (Seagrass) As a Bearer of Meaning in Psychiatry around 1900, in: Ankele, Monika, Majerus, Beno\u00eet (eds.), Material Cultures of Psychiatry, Bielefeld, 2020<\/p>\n<p>Peter-Kubli, Susanne, Interesse an seelischer Br\u00fcchigkeit: Karl Gehry (1881-1962), Psychiater in der Klinik Rheinau, Z\u00fcrich 2013<\/p>\n<p>Schoop-Russb\u00fclt, Brigit, Psychiatrischer Alltag in der Autobiographie von Karl Gehry (1881-1962), Z\u00fcrich 1989<\/p>\n<p>Walser Hans, Hundert Jahre Klinik Rheinau 1867-1967. Wissenschaftliche Psychiatrie und praktische Irrenpflege in der Schweiz. Am Bsp. einer grossen Heil- und Pflegeanstalt. Aarau 1970<\/p>\n<p>Z., Anna, (1916) &#8222;Lebensbeschreibung einer (Ungl\u00fccklichen!) sowie die Schilderung der Erlebnisse w\u00e4hrend zehn Jahren im Irrenhaus\u201c, Luchsinger, Katrin, (ed.), Z\u00fcrich 2013<br \/>\n<!--:--><!--:fr--><div id=\"attachment_65\" style=\"width: 1333px\" class=\"wp-caption alignnone\"><a href=\"https:\/\/blog.zhdk.ch\/bewahrenbesondererkulturgueter\/galerie-zuerich-rheinau\/\"><img loading=\"lazy\" decoding=\"async\" aria-describedby=\"caption-attachment-65\" class=\"wp-image-65\" src=\"https:\/\/blog.zhdk.ch\/bewahrenbesondererkulturgueter\/files\/2018\/09\/ZH_Rheinau_JNWintsch_Angeunique_crop.jpg\" alt=\"\" width=\"1323\" height=\"420\" \/><\/a><p id=\"caption-attachment-65\" class=\"wp-caption-text\">Galerie<\/p><\/div><\/p>\n<p><a href=\"https:\/\/blog.zhdk.ch\/bewahrenbesondererkulturgueter\/files\/2018\/08\/ZH_Rheinau_Kulturgueterinventar.pdf\">Inventaire Zurich Rheinau<\/a><\/p>\n<p><strong>Clinique psychiatrique universitaire de Zurich, Centre de psychiatrie Rheinau<br \/>\nLa collection de Rheinau <\/strong><\/p>\n<p>En 1867 le canton de Zurich ouvrit un centre de soins psychiatriques dans l&#8217;ancien clo\u00eetre b\u00e9n\u00e9dictin de Rheinau. Cette institution offrait 800 places pour les patientes et patients. Alors que la Clinique Universi-taire du Burgh\u00f6lzli n&#8217;accueillait d&#8217;habitude que des \u00ab cas \u00bb aigus pour une dur\u00e9e ne d\u00e9passant pas un an et demi, la Rheinau abritait les personnes consid\u00e9r\u00e9es comme \u00ab incurables \u00bb, vivant souvent dans l&#8217;\u00e9tablisse-ment jusqu&#8217;\u00e0 leur d\u00e9c\u00e8s. Pour paillier au manque de capacit\u00e9s, cette \u00e9tablissement, la clinique Neu-Rheinau, fut construite en 1901. Apr\u00e8s la premi\u00e8re guerre mondiale, pr\u00e8s de 1200 patientes et patients vivaient dans les murs de la Rheinau et de la Neu-Rheinau. A la suite d&#8217;une r\u00e9forme hospitali\u00e8re, le b\u00e2timent de Alt-Rheinau fut ferm\u00e9e en 2000 et devrait \u00eatre assign\u00e9e dor\u00e9navant \u00e0 une autre utilisation.<\/p>\n<p>Apr\u00e8s la fermeture de l&#8217;ancienne clinique, le canton de Zurich fit \u00e9tablir un inventaire des \u00ab biens culturels \u00bb par l&#8217;historien de l&#8217;art Alfred J\u00f6rger. Dans cet inventaire sont \u00e9galement r\u00e9pertori\u00e9s de fa\u00e7on sommaire 825 \u0153uvres de 26 patientes et patients. La plus grande partie de ces oeuvres date de l\u2019\u00e9poque du directeur Frie-drich Ris (directeur de 1898 \u00e0 1931) et du psychiatre Karl Gehry (chef de clinique \u00e0 Neu-Rheinau de 1908 \u00e0 1931, directeur de 1931 \u00e0 1942). Cette collection consid\u00e9rable \u00e9tait compl\u00e8tement inconnu jusqu\u2019en 2010.<\/p>\n<p>Karl Gehry (1881-1962) conserva un grand groupe d&#8217;\u0153uvres de Heinrich M. (\u00e0 la clinique de 1918 \u00e0 1943). Il conserva surtout des feuilles calligraphi\u00e9es et des po\u00e8mes ainsi que des plans et des inventions que Hein-rich B. (1863-1926) avait cr\u00e9\u00e9es pendant son s\u00e9jour \u00e0 la Rheinau de 1914 \u00e0 1926. La couturi\u00e8re Anna Z. qui \u00e9crivit en 1916 sa \u00ab Lebensbeschreibung \u00bb (recit de ma vie), \u00e9tait une patiente de Karl Gehry. 35 \u0153uvres d&#8217;Elise Mahler (1856-1924) furent envoy\u00e9es par Friedrich Ris en 1921 \u00e0 Heidelberg, suite \u00e0 la demande de Hans Prinzhorn. Le psychiatre Oskar Pfister offrit \u00e0 la clinique en 1968-1971 un grand groupe d&#8217;\u0153uvres de la brodeuse Johanna Natalie Wintsch (1871-1944). L\u2019ensemble de son oeuvre acquit une grande renomm\u00e9e au cours de ces derni\u00e8res ann\u00e9es.<\/p>\n<p>Un catalogue des 825 \u0153uvres de la Rheinau fut \u00e9tabli. La collection est la propri\u00e9t\u00e9 du service des b\u00e2timents de la direction des travaux publics du Canton de Zurich. Les \u0153uvres se trouvent \u00e0 l\u2019archive d\u2019Etat et sont accessibles par internet. Dans les dossiers de la clinique (\u00e9galement \u00e0 l\u2019archive d\u2019Etat) se retrouvent d\u2019autres oeuvres, mais ces dossiers n\u2019ont pas \u00e9t\u00e9 analys\u00e9s de fa\u00e7on syst\u00e9matique. <\/p>\n<p><strong>Exhibitions<\/strong><br \/>\n\u201eRosenstrumpf und dornencknie\u201c. Werke aus der Psychiatrischen Pflegeanstalt Rheinau 1867-1930, Museum im Lagerhaus St. Gallen 1.12.2009-15.3.2010;<br \/>\n15.6.2011-29.1.2012 im Medizinhistorischen Museum der Universit\u00e4t Z\u00fcrich.<br \/>\n54. Biennale der Kunst in Venedig: sieben Werk von Jeanne Natalie Wintsch<br \/>\nAusstellung \u201eGhosts in the Machine\u201c, New Museum, New York, 17.7.-30.9.2012. <\/p>\n<p><strong>R\u00e9f\u00e9rences<\/strong><br \/>\nGehry Karl, Pflegeanstalt Rheinau, Kt. Z\u00fcrich. Anhang Kloster Rheinau v. Hermann Fierz. Z\u00fcrich 1932.<br \/>\nJahresberichte der Heil- und Pflegeanstalt Rheinau.<br \/>\nGesundheitsdirektion des Kantons Z\u00fcrich (Hg.), Kantonale Psychiatrische Klinik Rheinau 1867-1967. Zum 100-j\u00e4hrigen Bestehen, R\u00fcschlikon 1970.<br \/>\nJ\u00f6rger, Albert, Inventar der Kulturg\u00fcter. Denkmalpflege des Kantons Z\u00fcrich 2000.<br \/>\nLuchsinger Katrin (Hg.), Pl\u00e4ne. Werke aus psychiatrischen Kliniken in der Schweiz 1850-1920. Z\u00fcrich 2008.<br \/>\ndies., Iris Blum, Jacqueline Fahrni, Monika Jagfeld (Hg.), Rosenstrumpf und dornencknie. Werke aus der Psychiatrischen Pflegeanstalt Rheinau 1867-1930, Z\u00fcrich 2010.<br \/>\ndies. (Hg.), Anna Z., Schneiderin. \u201eLebensbeschreibung einer (Ungl\u00fccklichen!) sowie die Schilderung der Erlebnisse w\u00e4hrend zehn Jahren im Irrenhaus\u201c, Z\u00fcrich 2013.<br \/>\nPeter-Kubli, Susanne, Interesse an seelischer Br\u00fcchigkeit: Karl Gehry (1881-1962), Psychiater in der Klinik Rheinau, Z\u00fcrich 2013.<br \/>\nSchoop-Russb\u00fclt, Brigit, Psychiatrischer Alltag in der Autobiographie von Karl Gehry (1881-1962), Z\u00fcrich 1989.<br \/>\nWalser Hans, Hundert Jahre Klinik Rheinau 1867-1967. Wissenschaftliche Psychiatrie und praktische Irrenpflege in der Schweiz. Am Bsp. einer grossen Heil- und Pflegeanstalt. Aarau 1970.<\/p>\n<p><!--:--><\/p>\n","protected":false},"excerpt":{"rendered":"<p>Liste Kulturg\u00fcterinventar Z\u00fcrich Rheinau, Teil 1 Liste Kulturg\u00fcterinventar Z\u00fcrich Rheinau, Teil 2 Psychiatrische Universit\u00e4tsklinik Z\u00fcrich, Psychiatriezentrum Rheinau Die Sammlung Rheinau im Staatsarchiv des Kantons Z\u00fcrich Im Jahr 1867 er\u00f6ffnete der Kanton Zu\u0308rich im ehemaligen Benediktinerkloster Rheinau eine psychiatrische Pflegeanstalt fu\u0308r&hellip; <a href=\"https:\/\/blog.zhdk.ch\/bewahrenbesondererkulturgueter\/zuerich-rheinau\/\" class=\"more-link\">Weiterlesen <span class=\"meta-nav\">&rarr;<\/span><\/a><\/p>\n","protected":false},"author":3805,"featured_media":0,"parent":0,"menu_order":0,"comment_status":"closed","ping_status":"closed","template":"","meta":{"footnotes":""},"class_list":["post-1560","page","type-page","status-publish","hentry"],"_links":{"self":[{"href":"https:\/\/blog.zhdk.ch\/bewahrenbesondererkulturgueter\/wp-json\/wp\/v2\/pages\/1560","targetHints":{"allow":["GET"]}}],"collection":[{"href":"https:\/\/blog.zhdk.ch\/bewahrenbesondererkulturgueter\/wp-json\/wp\/v2\/pages"}],"about":[{"href":"https:\/\/blog.zhdk.ch\/bewahrenbesondererkulturgueter\/wp-json\/wp\/v2\/types\/page"}],"author":[{"embeddable":true,"href":"https:\/\/blog.zhdk.ch\/bewahrenbesondererkulturgueter\/wp-json\/wp\/v2\/users\/3805"}],"replies":[{"embeddable":true,"href":"https:\/\/blog.zhdk.ch\/bewahrenbesondererkulturgueter\/wp-json\/wp\/v2\/comments?post=1560"}],"version-history":[{"count":16,"href":"https:\/\/blog.zhdk.ch\/bewahrenbesondererkulturgueter\/wp-json\/wp\/v2\/pages\/1560\/revisions"}],"predecessor-version":[{"id":3417,"href":"https:\/\/blog.zhdk.ch\/bewahrenbesondererkulturgueter\/wp-json\/wp\/v2\/pages\/1560\/revisions\/3417"}],"wp:attachment":[{"href":"https:\/\/blog.zhdk.ch\/bewahrenbesondererkulturgueter\/wp-json\/wp\/v2\/media?parent=1560"}],"curies":[{"name":"wp","href":"https:\/\/api.w.org\/{rel}","templated":true}]}}