{"id":1566,"date":"2018-09-20T14:48:43","date_gmt":"2018-09-20T14:48:43","guid":{"rendered":"https:\/\/blog.zhdk.ch\/bewahrenbesondererkulturgueter\/?page_id=1566"},"modified":"2023-12-31T22:36:25","modified_gmt":"2023-12-31T22:36:25","slug":"zuerich-burghoelzli","status":"publish","type":"page","link":"https:\/\/blog.zhdk.ch\/bewahrenbesondererkulturgueter\/zuerich-burghoelzli\/","title":{"rendered":"<!--:de-->Z\u00fcrich Burgh\u00f6lzli<!--:--><!--:en-->Zurich Burgh\u00f6lzli<!--:--><!--:fr-->Zurich Burgh\u00f6lzli<!--:-->"},"content":{"rendered":"<p><!--:de--><div id=\"attachment_65\" style=\"width: 1333px\" class=\"wp-caption alignnone\"><a href=\"https:\/\/blog.zhdk.ch\/bewahrenbesondererkulturgueter\/galerie-zuerich-burghoelzli\/\"><img loading=\"lazy\" decoding=\"async\" aria-describedby=\"caption-attachment-65\" class=\"wp-image-65\" src=\"https:\/\/blog.zhdk.ch\/bewahrenbesondererkulturgueter\/files\/2018\/09\/ZH_Burghoelzli_02262_crop.jpg\" alt=\"\" width=\"1323\" height=\"420\" \/><\/a><p id=\"caption-attachment-65\" class=\"wp-caption-text\">Galerie<\/p><\/div><\/p>\n<p><a href=\"https:\/\/blog.zhdk.ch\/bewahrenbesondererkulturgueter\/files\/2023\/12\/ZH_Burghoelzli_Kulturgu\u0308terinventar_Liste.pdf\">Liste Kulturg\u00fcterinventar Z\u00fcrich Burgh\u00f6lzli<\/a><\/p>\n<p><strong>Psychiatrische Universit\u00e4tsklinik Z\u00fcrich, &#8222;Burgh\u00f6lzli&#8220;<br \/>\nSammlung Burgh\u00f6lzli im Staatsarchiv des Kantons Z\u00fcrich<\/strong><\/p>\n<p>Die &#8222;Kantonale Irren-Heilanstalt Burgh\u00f6lzli&#8220; ersetzte 1870 das Irrenhaus im Predigerspital im Stadtzentrum. Sie bot drei Behandlungsklassen an: Patient_innen erster Klasse verfu\u0308gten u\u0308ber mehrere Zimmer und privates Pflegepersonal, Zweit- und Drittklassepatient_innen waren in &#8222;Arbeitsabteilungen&#8220; untergebracht. Unter Direktor Eugen Bleuler (1857\u20131939) wurde die Universit\u00e4tsklinik europaweit bekannt und von zahlreichen Psychiatern zu Ausbildungszwecken besucht. Bleuler legte 1908 ein neues Konzept der Schizophrenie vor. Patient_innen verblieben in der Regel h\u00f6chstens zwei Jahre im &#8222;Burgh\u00f6lzli&#8220; und wurden anschliessend, falls sie nicht entlassen werden konnten, in die Pflegeanstalt Rheinau verlegt. Das Archiv, welches 2001 dem Staatsarchiv des Kantons Zu\u0308rich u\u0308bergeben wurde, enth\u00e4lt 25\u2019321 Akten aus dem Zeittraum von 1870 bis 1930. In den 5&#8217;064 untersuchten Akten (ein Fu\u0308nftel des Gesamtbestandes) fanden sich 349 Werke. Die Vorschriften zur Anonymisierung sind hier besonders streng. So wird eine Zeichnung des (m\u00e4nnlichen) Patienten mit der Krankenaktennummer 14\u2019573 aus einer Reihe von 35 Tierabbildungen gekennzeichnet mit (m) 14&#8217;573. In der Akte der Stickk\u00fcnstlerin Johanna Natalie Wintsch (1871-1944), \u00fcber die bereits mehrfach publiziert wurde, befinden sich Entw\u00fcrfe und Erl\u00e4uterungen; ausserdem besitzt die PUK drei grossformatige Stickereien, die der Sammlung Rheinau (im StAZH) beigestellt wurden. <\/p>\n<p><strong>Ausstellung<\/strong><br \/>\n2010-2012 \u201eRosenstrumpf und dornencknie. Werke aus der Psychiatrischen Pflegeanstalt Rheinau 1867-1930\u201c. Medizinhistorisches Museum der Universit\u00e4t Z\u00fcrich, 16.6.2011-19.1.2013, (Katalog)<\/p>\n<p><strong>Literatur<\/strong><\/p>\n<p>Bernet, Brigitta, Schizophrenie. Entstehung und Entwicklung eines psychiatrischen Krankheitsbildes um 1900, Z\u00fcrich 2013 <\/p>\n<p>Bleuler, Eugen, Dementia praecox oder die Gruppe der Schizophrenien, Leipzig und Wien 1911<\/p>\n<p>Brand-Claussen, Bettina, \u00abZ\u00fcnde deine Augen an. Gestickte Liebesarabesken von Johanna Wintsch\u00bb, in: dies. und Viola Micheli (Hrsg.), Irre ist weiblich. K\u00fcnstlerische Interventionen von Frauen in der Psychiatrie um 1900, Heidelberg 2004, S. 93-103 <\/p>\n<p>dies. &#8222;\u2018Je me d\u00e9clare Dieu-M\u00e8re, Femme-Cr\u00e9ateur\u2019. Die Sch\u00f6pfungen der Stickk\u00fcnstlerin Johanna Wintsch (1871-1944)&#8220;, in: Katrin Luchsinger (Hrsg.), Pl\u00e4ne. Werke aus psychiatrischen Kliniken in der Schweiz 1850-1920, Z\u00fcrich 2008, S. 45-58<\/p>\n<p>http:\/\/www.hls-dhs-dss.ch, Texte zu Psychiatrie, Bernhard von Gudden, Auguste Forel, Eugen Bleuler<\/p>\n<p>Meier, Marietta, Bernet, Brigitta, Dubach, Roswitha, Germann, Urs, Zwang zur Ordnung. Psychiatrie im Kanton Z\u00fcrich, 1870-1970, Z\u00fcrich 2007<\/p>\n<p>Luchsinger, Katrin, Die Vergessenskurve. Werke von Patientinnen und Patienten in psychiatrischen Anstalten um 1900. Eine kulturanalytische Studie, Untersuchung. Dissertation, 2016 <\/p>\n<p>Z., Anna (1916), \u201eLebensbeschreibung einer (Ungl\u00fccklichen!) sowie die Schilderung der Erlebnisse w\u00e4hrend zehn Jahren im Irrenhaus\u201c, Luchsinger, Katrin, (Hrsg.), Z\u00fcrich 2013 <!--:--><!--:en--><div id=\"attachment_65\" style=\"width: 1333px\" class=\"wp-caption alignnone\"><a href=\"https:\/\/blog.zhdk.ch\/bewahrenbesondererkulturgueter\/galerie-zuerich-burghoelzli\/\"><img loading=\"lazy\" decoding=\"async\" aria-describedby=\"caption-attachment-65\" class=\"wp-image-65\" src=\"https:\/\/blog.zhdk.ch\/bewahrenbesondererkulturgueter\/files\/2018\/09\/ZH_Burghoelzli_02262_crop.jpg\" alt=\"\" width=\"1323\" height=\"420\" \/><\/a><p id=\"caption-attachment-65\" class=\"wp-caption-text\">Galerie<\/p><\/div><\/p>\n<p><a href=\"https:\/\/blog.zhdk.ch\/bewahrenbesondererkulturgueter\/files\/2023\/12\/ZH_Burghoelzli_Kulturgu\u0308terinventar_Liste.pdf\">Inventory Zurich Burgh\u00f6lzli<\/a><\/p>\n<p><strong>Psychiatrische Universit\u00e4tsklinik Z\u00fcrich, &#8222;Burgh\u00f6lzli&#8220;<br \/>\nCollection Burgh\u00f6lzli at Staatsarchiv of the canton of Zurich<\/strong><\/p>\n<p>In 1870, the Kantonale Irren-Heilanstalt Burgh\u00f6lzli replaced the Irrenhaus im Predigerspital in the city center. It offered three classes of treatment: First class patients had multiple rooms and private carers, while second and third class patients were accommodated in \u201cworkers\u2019 quarters.\u201d Under director Eugen Bleuler (1857\u20131939), the university clinic became known right across Europe, and was visited by numerous psychiatrists for educational purposes. In 1908 Bleuler presented a new conception of schizophrenia. Patients usually remained at Burgh\u00f6lzli for a maximum of two years, at which point, if they were unable to be released, they were transferred to the Pflegeanstalt Rheinau. The archive, which was given to the State Archives of the Canton of Zurich in 2001, contains 25,321 files from between 1870 and 1930. The 5,064 files that were examined (one fifth of the entire collection) contained 349 works. The rules for anonymization are particularly strict here. Therefore the drawings of a the (male) patient with the patient file number 14573, a series of thirty-five animal drawings, are signed \u201c(m) 14573\u201d. In the file of the embroiderer Jeanne (Johanna) Natalie Wintsch (1871-1944) there are drafts and explanations for here embroideries, about which has been published several times. The \u201cBurgh\u00f6lzli Collection\u201d owns three large-sized embroideries. <\/p>\n<p><strong>Exhibition<\/strong><\/p>\n<p>2010\u20132012 \u201cRosenstrumpf und dornencknie. Werke aus der Psychiatrischen Pflegeanstalt Rheinau 1867\u20131930\u201c. Museum im Lagerhaus, St. Gallen, 1.12.2010-13.3.2011, Medizinhistorisches Museum der Universit\u00e4t Z\u00fcrich, 16.6.2011-19.1.2013 (Catalogue) <\/p>\n<p><strong>References<\/strong><\/p>\n<p>Bernet, Brigitta, Schizophrenie. Entstehung und Entwicklung eines psychiatrischen Krankheitsbildes um 1900, Z\u00fcrich 2013<\/p>\n<p>Bleuler, Eugen, Dementia praecox oder die Gruppe der Schizophrenien, Leipzig und Wien 1911<\/p>\n<p>Brand-Claussen, Bettina, Z\u00fcnde deine Augen an. Gestickte Liebesarabesken von Johanna Wintsch, in: dies. und Viola Micheli (Hg.), Irre ist weiblich. K\u00fcnstlerische Interventionen von Frauen in der Psychiatrie um 1900, Heidelberg 2004, S. 93-103 <\/p>\n<p>dies. &#8222;\u2019Je me d\u00e9clare Dieu-M\u00e8re, Femme-Cr\u00e9ateur\u2019. Die Sch\u00f6pfungen der Stickk\u00fcnstlerin Johanna Wintsch (1871-1944)\u201c, in: Luchsinger Katrin, (ed.), Pl\u00e4ne. Werke aus psychiatrischen Kliniken in der Schweiz 1850-1920, Z\u00fcrich 2008, S. 45-58<\/p>\n<p>http:\/\/www.hls-dhs-dss.ch, Texte zu Psychiatrie, Bernhard von Gudden, Auguste Forel, Eugen Bleuler<\/p>\n<p>Luchsinger, Katrin, Hirsch, Helen, R\u00f6ske, Thomas (eds.), Extraordinaire! Unbekannte Werke aus psychiatrischen Einrichtungen in der Schweiz um 1900\/Extraordinairy! Unknown Works from Psychiatric Institutions in Switzerland around 1900, (Catalogue d\/e), Z\u00fcrich 2018<\/p>\n<p>Luchsinger, Katrin, Die Vergessenskurve. Werke von Patientinnen und Patienten in psychiatrischen Anstalten um 1900. Eine kulturanalytische Studie, Z\u00fcrich 2016<\/p>\n<p>dies., Iris Blum, Jacqueline Fahrni, Monika Jagfeld (eds.), Rosenstrumpf und dornencknie. Werke aus der Psychiatrischen Pflegeanstalt Rheinau 1867-1930, (Catalogue), Z\u00fcrich 2010<\/p>\n<p>Meier, Marietta et al., Zwang zur Ordnung. Psychiatrie im Kanton Z\u00fcrich 1870-1970. Z\u00fcrich 2007 <\/p>\n<p>Z., Anna, (1916) &#8222;Lebensbeschreibung einer (Ungl\u00fccklichen!) sowie die Schilderung der Erlebnisse w\u00e4hrend zehn Jahren im Irrenhaus\u201c, Luchsinger, Katrin, (Hrsg.), Z\u00fcrich 2013<!--:--><!--:fr--><div id=\"attachment_65\" style=\"width: 1333px\" class=\"wp-caption alignnone\"><a href=\"https:\/\/blog.zhdk.ch\/bewahrenbesondererkulturgueter\/galerie-zuerich-burghoelzli\/\"><img loading=\"lazy\" decoding=\"async\" aria-describedby=\"caption-attachment-65\" class=\"wp-image-65\" src=\"https:\/\/blog.zhdk.ch\/bewahrenbesondererkulturgueter\/files\/2018\/09\/ZH_Burghoelzli_02262_crop.jpg\" alt=\"\" width=\"1323\" height=\"420\" \/><\/a><p id=\"caption-attachment-65\" class=\"wp-caption-text\">Galerie<\/p><\/div><\/p>\n<p><a href=\"https:\/\/blog.zhdk.ch\/bewahrenbesondererkulturgueter\/files\/2018\/08\/ZH_Burghoelzli_Kulturgueterinventar.pdf\">Inventaire Zurich Burgh\u00f6lzli<\/a><\/p>\n<p><strong>Clinique universitaire psychiatrique de Zurich (PUK)<br \/>\nCollection du Burgh\u00f6lzli <\/strong><\/p>\n<p>Le nouveau b\u00e2timent de la \u00ab Irren-Heilanstalt Burgh\u00f6lzli \u00bb (Maison de soins pour ali\u00e9n\u00e9s) rempla\u00e7a en 1870 l\u2019asile pour ali\u00e9n\u00e9s au Predigerplatz au centre de la vieille ville de Zurich. Le permis de construire exigeait la cr\u00e9ation d\u2019un asile qui acceuillerait les patients dits \u00ab incurables \u00bb de la clinique universitaire pr\u00e9vue. C\u2019\u00e9tait l\u2019asile de la Rheinau fut alors construit pour ces patients. Il ouvrit ses portes en 1867 dans l\u2019ancien couvent du m\u00eame nom (voir \u00e9galement sous \u00ab Collection de la Rheinau \u00bb). Au Burgh\u00f6lzli, les patientes et patients de premi\u00e8re classe disposaient de plusieurs salles et b\u00e9n\u00e9ficiaient d\u2019un personnel soignant priv\u00e9. Les patients de deuxi\u00e8me et de troisi\u00e8me classe \u00e9taient plac\u00e9s dans des \u00ab Arbeitsabteilungen \u00bb (unit\u00e9s de travail).<br \/>\nLe premier directeur nomm\u00e9 \u00e9tait Bernhard von Gudden (1824-1886), en fut le premier directeur ; en 1878 lui succ\u00e9da Auguste Forel (1848-1931). Forel et son successeur Eugen Bleuler (1857-1939 ; directeur de 1898 \u00e0 1929) \u00e9tablirent les fondements th\u00e9oriques de la psychiatrie et travaill\u00e8rent \u00e0 l\u2019acceptation de celle-ci dans la soci\u00e9t\u00e9 et la jurisprudence. La \u00ab Z\u00fcrcher Schule \u00bb (\u00e9cole de Zurich) fut connue au niveau europ\u00e9en et nombre de psychiatres y recevaient leur formation. Les sujets cl\u00e9s y \u00e9taient l\u2019eug\u00e9nisme, la lutte anti-alcoolique, la m\u00e9decine l\u00e9gale et la psychanalyse. En 1911 Eugen Bleuler pr\u00e9senta sa nouvelle th\u00e9orie de la schizophr\u00e9nie.<br \/>\nAu Burgh\u00f6lzli bon nombre des jeunes m\u00e9decins fascin\u00e9s par la psychanalyse s\u2019int\u00e9ressaient \u00e0 la cr\u00e9ation artistique de leurs patientes et patients, notamment au symbolisme des oeuvres. Ils esp\u00e9raient y trouver un acc\u00e8s \u00e0 la psych\u00e9 du patient [ ?]. Quant \u00e0 Bleuler, il d\u00e9conseillait de privil\u00e9gier l\u2019expression artistique des patients de peur qu\u2019ils puissent sombrer dans \u00ab l\u2019autisme \u00bb. Dans les archives du Burgh\u00f6lzli, remises en 2001 \u00e0 l\u2019archive d\u2019Etat du canton de Zurich se trouvent n\u00e9anmoins de nombreux dessins qui avaient \u00e9t\u00e9 conserv\u00e9s dans les dossiers des malades. D\u2019un total de 25\u2019321 dossiers de malades constitu\u00e9s entre 1870 et 1930 nous en avons examin\u00e9 un cinqui\u00e8me (donc 5064 dossiers). La Direction de la Sant\u00e9 exigeait qu\u2019on n\u2019identifie les dossiers qu\u2019en les num\u00e9rotant et qu\u2019en indiquant le sexe. Les oeuvres pr\u00e9sentant beaucoup de noms ne devaient pas \u00eatre fotografi\u00e9es, sur les autres les noms \u00e9taient \u00e0 cacher. Le pr\u00e9sent catalogue r\u00e9cense 349 oeuvres. Dans le dossier de l\u2019artiste de broderie Johanna Natalie Wintsch (1871-1944), dont il existe plusieurs publications, on trouve des \u00e9bauches et des explications. La PUK poss\u00e8de \u00e9galement trois \u0153uvres de broderie de grand format de cette artiste, d\u00e9pos\u00e9 en pr\u00eat permanent \u00e0 la collection de Rheinau (au StAZH). <\/p>\n<p><strong>Exposition<\/strong><br \/>\nRosenstrumpf und dornencknie. Werke aus der Psychiatrischen Pflegeanstalt Rheinau 1867-1930. Medizinhistorisches Museum der Universit\u00e4t Z\u00fcrich, 16.6.2011-19.1.2013. Zur Ausstellung erschien eine Publikation. <\/p>\n<p><strong>R\u00e9f\u00e9rences<\/strong><br \/>\nBleuler, Eugen, Dementia praecox oder die Gruppe der Schizophrenien, Leipzig und Wien 1911.<br \/>\nBernet, Brigitta, Schizophrenie. Entstehung und Entwicklung eines psychiatrischen Krankheitsbildes um 1900, Z\u00fcrich 2013.<br \/>\nBrand-Claussen, Bettina, Z\u00fcnde deine Augen an. Gestickte Liebesarabesken von Johanna Wintsch, in: dies. und Viola Micheli (Hg.), Irre ist weiblich. K\u00fcnstlerische Interventionen von Frauen in der Psychiatrie um 1900, Heidelberg 2004, S. 93-103.<br \/>\ndies. \u201eJe me d\u00e9clare Dieu-M\u00e8re, Femme-Cr\u00e9ateur\u201c. Die Sch\u00f6pfungen der Stickk\u00fcnstlerin Johanna Wintsch (1871-1944), in: Katrin Luchsinger (Hg.), Pl\u00e4ne. Werke aus psychiatrischen Kliniken in der Schweiz 1850-1920, Z\u00fcrich 2008, S. 45-58.<br \/>\nhttp:\/\/www.hls-dhs-dss.ch, Texte zu Psychiatrie, Bernhard von Gudden, Auguste Forel, Eugen Bleuler.<br \/>\nMeier, Marietta et al.: Zwang zur Ordnung. Psychiatrie im Kanton Z\u00fcrich, 1870-1970. Z\u00fcrich 2007.<br \/>\nKatrin Luchsinger (Hg.), Anna Z., Schneiderin. \u201eLebensbeschreibung einer (Ungl\u00fccklichen!) sowie die Schilderung der Erlebnisse w\u00e4hrend zehn Jahren im Irrenhaus\u201c, Z\u00fcrich 2013.<br \/>\nLuchsinger, Katrin, Die Vergessenskurve. Werke von Patientinnen und Patienten in psychiatrischen Anstalten um 1900. Eine kulturgeschichtliche Untersuchung. Dissertation, ca. 2014.<!--:--><\/p>\n","protected":false},"excerpt":{"rendered":"<p>Liste Kulturg\u00fcterinventar Z\u00fcrich Burgh\u00f6lzli Psychiatrische Universit\u00e4tsklinik Z\u00fcrich, &#8222;Burgh\u00f6lzli&#8220; Sammlung Burgh\u00f6lzli im Staatsarchiv des Kantons Z\u00fcrich Die &#8222;Kantonale Irren-Heilanstalt Burgh\u00f6lzli&#8220; ersetzte 1870 das Irrenhaus im Predigerspital im Stadtzentrum. Sie bot drei Behandlungsklassen an: Patient_innen erster Klasse verfu\u0308gten u\u0308ber mehrere Zimmer und&hellip; <a href=\"https:\/\/blog.zhdk.ch\/bewahrenbesondererkulturgueter\/zuerich-burghoelzli\/\" class=\"more-link\">Weiterlesen <span class=\"meta-nav\">&rarr;<\/span><\/a><\/p>\n","protected":false},"author":3805,"featured_media":0,"parent":0,"menu_order":0,"comment_status":"closed","ping_status":"closed","template":"","meta":{"footnotes":""},"class_list":["post-1566","page","type-page","status-publish","hentry"],"_links":{"self":[{"href":"https:\/\/blog.zhdk.ch\/bewahrenbesondererkulturgueter\/wp-json\/wp\/v2\/pages\/1566","targetHints":{"allow":["GET"]}}],"collection":[{"href":"https:\/\/blog.zhdk.ch\/bewahrenbesondererkulturgueter\/wp-json\/wp\/v2\/pages"}],"about":[{"href":"https:\/\/blog.zhdk.ch\/bewahrenbesondererkulturgueter\/wp-json\/wp\/v2\/types\/page"}],"author":[{"embeddable":true,"href":"https:\/\/blog.zhdk.ch\/bewahrenbesondererkulturgueter\/wp-json\/wp\/v2\/users\/3805"}],"replies":[{"embeddable":true,"href":"https:\/\/blog.zhdk.ch\/bewahrenbesondererkulturgueter\/wp-json\/wp\/v2\/comments?post=1566"}],"version-history":[{"count":13,"href":"https:\/\/blog.zhdk.ch\/bewahrenbesondererkulturgueter\/wp-json\/wp\/v2\/pages\/1566\/revisions"}],"predecessor-version":[{"id":3419,"href":"https:\/\/blog.zhdk.ch\/bewahrenbesondererkulturgueter\/wp-json\/wp\/v2\/pages\/1566\/revisions\/3419"}],"wp:attachment":[{"href":"https:\/\/blog.zhdk.ch\/bewahrenbesondererkulturgueter\/wp-json\/wp\/v2\/media?parent=1566"}],"curies":[{"name":"wp","href":"https:\/\/api.w.org\/{rel}","templated":true}]}}