{"id":1572,"date":"2018-09-20T14:49:58","date_gmt":"2018-09-20T14:49:58","guid":{"rendered":"https:\/\/blog.zhdk.ch\/bewahrenbesondererkulturgueter\/?page_id=1572"},"modified":"2023-12-11T21:33:25","modified_gmt":"2023-12-11T21:33:25","slug":"wallis","status":"publish","type":"page","link":"https:\/\/blog.zhdk.ch\/bewahrenbesondererkulturgueter\/wallis\/","title":{"rendered":"<!--:de-->Wallis<!--:--><!--:en-->Wallis<!--:--><!--:fr-->Valais<!--:-->"},"content":{"rendered":"<p><!--:de--><div id=\"attachment_65\" style=\"width: 1333px\" class=\"wp-caption alignnone\"><img loading=\"lazy\" decoding=\"async\" aria-describedby=\"caption-attachment-65\" class=\"wp-image-65\" src=\"https:\/\/blog.zhdk.ch\/bewahrenbesondererkulturgueter\/files\/2018\/09\/Wallis_Malevoz_J_MN_AlaFabriquedeCigares_crop.jpg\" alt=\"\" width=\"1323\" height=\"420\" \/><\/a><p id=\"caption-attachment-65\" class=\"wp-caption-text\">Galerie<\/p><\/div><\/p>\n<p><a href=\"https:\/\/blog.zhdk.ch\/bewahrenbesondererkulturgueter\/files\/2023\/12\/VS_Male\u0301voz_Kulturgu\u0308terinventar_Liste.pdf\">Liste Kulturg\u00fcterinventar Wallis<\/a><\/p>\n<p><strong>Institutions Psychiatriques du Valais Romand, H\u00f4pital de Mal\u00e9voz<br \/>\nSammlung Mal\u00e9voz<\/strong><\/p>\n<p>Die maison de sant\u00e9 de Mal\u00e9voz stellte im Jahr ihrer Gr\u00fcndung 1901 eine Besonderheit dar, da sie zugleich private Stiftung des Psychiater Paul Repond (1856\u20131919) als auch, mit anf\u00e4nglich zwanzig vom Kanton finanzierten Pl\u00e4tzen, kantonale Klinik des Wallis war. Paul Repond, 1884\u20131897 Direktor des Asile de Marsens, war mit dem Pavillonstil jener Klinik vertraut. Die steile Hanglage der maison de sant\u00e9 de Mal\u00e9voz erforderte jedoch eine Anpassung, so dass die Pavillons in der Art eines kleines Dorfes im Kastanienpark verteilt liegen. Mal\u00e9voz, mit 60 Pl\u00e4tzen er\u00f6ffnet, wurde bald auf 250 Pl\u00e4tze vergr\u00f6ssert. Es gab ein Haus f\u00fcr \u201epensionnaires\u201c (Privatpatientinnen und -patienten), die zwischen 1901\u20131930 zwischen f\u00fcnf und f\u00fcnfundzwanzig Franken pro Tag zu entrichten hatten und Pavillons f\u00fcr Patientinnen und Patienten der zweiten und dritten Klasse, die zwischen drei bis f\u00fcnf Franken zu zahlen hatten. 1916 \u00fcbergab Paul Repond die Direktion an seinen Sohn, den Psychiater Andr\u00e9 Repond (1886\u20131973, Direktor der maison de sant\u00e9 de Mal\u00e9voz 1916\u20131961), der soeben im Z\u00fcrcher \u201eBurgh\u00f6lzli\u201c seine Ausbildung abgeschlossen hatte. In Mal\u00e9voz besch\u00e4ftigten sich Patientinnen und Patienten mit Haus- oder Gartenarbeiten oder in der Buchbinderei. Ebenfalls wird erw\u00e4hnt, dass sie zeichneten, Klavier spielten, stickten oder strickten. Von total ca. 5&#8217;800 Krankenakten bis 1930 wurde ein F\u00fcnftel (1&#8217;073 Akten) untersucht. Es fanden sich 38 Werke. Die Aufenthaltsdauer in Mal\u00e9voz war auffallend kurz, oft bedeutend weniger als ein Jahr. M\u00f6glicherweise nahmen Patientinnen und Patienten die Werke beim Austritt mit nach Hause.<\/p>\n<p><strong>Literatur<\/strong><br \/>\nRepond Andr\u00e9, La maison de sant\u00e9 de Mal\u00e9voz, Z\u00fcrich, Verlag Eckhardt &amp; Pesch, 1935 <\/p>\n<p>Fussinger, Catherine, Tevaearai, Deodaat, Leux de folie \u2013 Monuments de raison. Architecture et psychiatrie en Suisse romande, 1830-1930, Lausanne1998, S. 92-100; S. 152-157<!--:--><!--:en--><div id=\"attachment_65\" style=\"width: 1333px\" class=\"wp-caption alignnone\"><img loading=\"lazy\" decoding=\"async\" aria-describedby=\"caption-attachment-65\" class=\"wp-image-65\" src=\"https:\/\/blog.zhdk.ch\/bewahrenbesondererkulturgueter\/files\/2018\/09\/Wallis_Malevoz_J_MN_AlaFabriquedeCigares_crop.jpg\" alt=\"\" width=\"1323\" height=\"420\" \/><\/a><p id=\"caption-attachment-65\" class=\"wp-caption-text\">Galerie<\/p><\/div><\/p>\n<p><a href=\"https:\/\/blog.zhdk.ch\/bewahrenbesondererkulturgueter\/files\/2023\/12\/VS_Male\u0301voz_Kulturgu\u0308terinventar_Liste.pdf\">Inventory Wallis<\/a><\/p>\n<p><strong>Institutions Psychiatriques du Valais Romand, H\u00f4pital de Mal\u00e9voz<br \/>\nCollection Mal\u00e9voz<\/strong><\/p>\n<p>When it was established in 1901, \u201cMal\u00e9voz mental asylum\u201d was a particular kind of institution at the time: it was both a private hospital, founded by the psychiatrist Paul Repond (1856\u20131919), and served as the psychiatric hospital of the Canton Valais, initially housing twenty government-funded patients. Repond, previously director of Marsens mental hospital (1884\u20131897), was familiar with a pavillon-style institution. Situated on a steep hillside, Mal\u00e9voz, however, required certain architectural adjustments, so that the pavillons were spread across a park populated by old chestnut trees and thus resembled a village. Initially designed to accommodate 60 patients, Mal\u00e9voz was soon enlarged to house 250 patients. Among the buildings were a house for \u201cpensionnaires\u201d (private patients), who were charged five to twenty-five francs a day in the period 1901\u20131930, and pavillons for second- and third-class patients, whose daily rate was three to five francs. In 1916, Repond handed over as director to his son Andr\u00e9 (1886\u20131973, director 1916\u20131961), who had just completed his training as a psychiatrist at the Burgh\u00f6lzli Psychiatric Hospital in Z\u00fcrich. Besides his interest in psychoanalysis, Andr\u00e9 Repond propagated psychohygiene and delivered lectures on the prevention of mental diseases to audiences from all reaches of strata. At Mal\u00e9voz, patients were involved in farming, housekeeping, gardening, and bookbinding activities. Other activities on record are drawing, piano playing, embroidering, and weaving. Compared to other psychiatric clinics, patient stays at Mal\u00e9voz were brief, often lasting only one to a few months. The clinic archive has survived intact. Of the 3193 files on patients admitted between 1901 and 1930, roughly one third were examined (1073 files). These included 28 works, but no larger groups of works. <\/p>\n<p><strong>References<\/strong><br \/>\nR\u00e9pond Andr\u00e9, La maison de sant\u00e9 de Mal\u00e9voz, Z\u00fcrich, Verlag Eckhardt &amp; Pesch, 1935<\/p>\n<p>Fussinger, Catherine, Tevaearai, Deodaat, Leux de folie \u2013 Monuments de raison. Architecture et psychiatrie en Suisse romande, 1830-1930, Lausanne1998, pp. 92-100; pp. 152-157<\/p>\n<p>Pozzi, Cath\u00e9rine, Journal 1913-1934, Paris 1990<\/p>\n<p>Zbinden, J.-D., L\u2019organisateur, Andr\u00e9 Repond (1886-1973), in: M\u00fcller, Christian (ed.), Portrait de psychaitres romands, Lausanne 1995, pp. 9-75<br \/>\n<!--:--><!--:fr--><div id=\"attachment_65\" style=\"width: 1333px\" class=\"wp-caption alignnone\"><img loading=\"lazy\" decoding=\"async\" aria-describedby=\"caption-attachment-65\" class=\"wp-image-65\" src=\"https:\/\/blog.zhdk.ch\/bewahrenbesondererkulturgueter\/files\/2018\/09\/Wallis_Malevoz_J_MN_AlaFabriquedeCigares_crop.jpg\" alt=\"\" width=\"1323\" height=\"420\" \/><\/a><p id=\"caption-attachment-65\" class=\"wp-caption-text\">Galerie<\/p><\/div><\/p>\n<p><a href=\"https:\/\/blog.zhdk.ch\/bewahrenbesondererkulturgueter\/files\/2018\/08\/VS_Malevoz_Kulturgueterinventar.pdf\">Inventaire Valais<\/a><\/p>\n<p><strong>Institutions Psychiatriques du Valais Romand, H\u00f4pital de Mal\u00e9voz<br \/>\nCollection Mal\u00e9voz<\/strong><\/p>\n<p>Lors de sa fondation, la Maison de Sant\u00e9 de Mal\u00e9voz pr\u00e9sentait la particularit\u00e9 d\u2019\u00eatre \u00e0 la fois une fondation priv\u00e9e du psychiatre Paul Repond (1856-1919) et la clinique cantonale du Valais, disposant de 20 places financ\u00e9es par le canton. Le Dr. Paul Repond qui avait \u00e9t\u00e9 directeur de l\u2019asile de Marsens de 1884 \u00e0 1897 connaissait donc le style \u00ab pavillonnaire \u00bb de cet asile. Mais \u00e0 Mal\u00e9voz il fallait s\u2019adapter au terrain qui \u00e9tait tr\u00e8s raide : les pavillons y sont diss\u00e9min\u00e9s dans une for\u00eat de ch\u00e2taigniers et se pr\u00e9sentent comme un petit village. H\u00e9bergeant initialement 60 patients, Mal\u00e9voz fut agrandi peu apr\u00e8s son ouverture pour offrir 250 places. On y trouvait une maison pour \u00ab pensionnaires \u00bb (patientes et patients priv\u00e9s), qui payaient entre 19\u20191 et 1930 cinq \u00e0 vingt-cinq francs par jour. On y trouvait \u00e9galement des pavillons pour patientes et patients de deuxi\u00e8me et troisi\u00e8me classe dont la contribution s\u2019\u00e9l\u00e9vait \u00e0 trois \u00e0 cinq francs par jour. En 1916 la direction passa de Paul Repond \u00e0 son fils, le psychiatre Andr\u00e9 Repond (1886-1973) qui venait de terminer ses \u00e9tudes au \u00ab Burgh\u00f6lzli \u00bb de Zurich. Il dirigea la Maison de Sant\u00e9 de Mal\u00e9voz de 1916 \u00e0 1961. A Mal\u00e9voz les patientes et patients s\u2019occupaient de travaux m\u00e9nagers et de jardinage ou travaillaient \u00e0 l\u2019atelier de reliure. On apprend \u00e9galement qu\u2019ils faisaient du dessin, jouaient du piano ou qu\u2019ils brodaient ou tricotaient. D\u2019un total d\u2019environ 5800 dossiers de malades en 1930 nous en avons analys\u00e9 un cinqui\u00e8me, soit 1073 dossiers. On y a trouv\u00e9 38 oeuvres. La dur\u00e9e de s\u00e9jour \u00e0 Mal\u00e9voz \u00e9tant remarquablement courte &#8211; souvent beaucoup moins d\u2019une ann\u00e9e &#8211; on peut s\u2019imaginer que les patientes ou patients emportaient leurs oeuvres lors de leur sortie de la Maison de Sant\u00e9.<\/p>\n<p><strong>R\u00e9f\u00e9rences<\/strong><br \/>\nRepond Andr\u00e9, La maison de sant\u00e9 de Mal\u00e9voz, Z\u00fcrich, Verlag Eckhardt &amp; Pesch, 1935<br \/>\nFussinger, Catherine, Tevaearai, Deodaat, Leux de folie \u2013 Monuments de raison. Architecture et psy-chiatrie en Suisse romande, 1830-1930, Lausanne1998, S. 92-100; S. 152-157.<\/p>\n<p><!--:--><\/p>\n","protected":false},"excerpt":{"rendered":"<p>Liste Kulturg\u00fcterinventar Wallis Institutions Psychiatriques du Valais Romand, H\u00f4pital de Mal\u00e9voz Sammlung Mal\u00e9voz Die maison de sant\u00e9 de Mal\u00e9voz stellte im Jahr ihrer Gr\u00fcndung 1901 eine Besonderheit dar, da sie zugleich private Stiftung des Psychiater Paul Repond (1856\u20131919) als auch,&hellip; <a href=\"https:\/\/blog.zhdk.ch\/bewahrenbesondererkulturgueter\/wallis\/\" class=\"more-link\">Weiterlesen <span class=\"meta-nav\">&rarr;<\/span><\/a><\/p>\n","protected":false},"author":3805,"featured_media":0,"parent":0,"menu_order":0,"comment_status":"closed","ping_status":"closed","template":"","meta":{"footnotes":""},"class_list":["post-1572","page","type-page","status-publish","hentry"],"_links":{"self":[{"href":"https:\/\/blog.zhdk.ch\/bewahrenbesondererkulturgueter\/wp-json\/wp\/v2\/pages\/1572","targetHints":{"allow":["GET"]}}],"collection":[{"href":"https:\/\/blog.zhdk.ch\/bewahrenbesondererkulturgueter\/wp-json\/wp\/v2\/pages"}],"about":[{"href":"https:\/\/blog.zhdk.ch\/bewahrenbesondererkulturgueter\/wp-json\/wp\/v2\/types\/page"}],"author":[{"embeddable":true,"href":"https:\/\/blog.zhdk.ch\/bewahrenbesondererkulturgueter\/wp-json\/wp\/v2\/users\/3805"}],"replies":[{"embeddable":true,"href":"https:\/\/blog.zhdk.ch\/bewahrenbesondererkulturgueter\/wp-json\/wp\/v2\/comments?post=1572"}],"version-history":[{"count":8,"href":"https:\/\/blog.zhdk.ch\/bewahrenbesondererkulturgueter\/wp-json\/wp\/v2\/pages\/1572\/revisions"}],"predecessor-version":[{"id":3297,"href":"https:\/\/blog.zhdk.ch\/bewahrenbesondererkulturgueter\/wp-json\/wp\/v2\/pages\/1572\/revisions\/3297"}],"wp:attachment":[{"href":"https:\/\/blog.zhdk.ch\/bewahrenbesondererkulturgueter\/wp-json\/wp\/v2\/media?parent=1572"}],"curies":[{"name":"wp","href":"https:\/\/api.w.org\/{rel}","templated":true}]}}