{"id":1578,"date":"2018-09-20T14:53:17","date_gmt":"2018-09-20T14:53:17","guid":{"rendered":"https:\/\/blog.zhdk.ch\/bewahrenbesondererkulturgueter\/?page_id=1578"},"modified":"2023-12-11T21:32:49","modified_gmt":"2023-12-11T21:32:49","slug":"waadt","status":"publish","type":"page","link":"https:\/\/blog.zhdk.ch\/bewahrenbesondererkulturgueter\/waadt\/","title":{"rendered":"<!--:de-->Waadt<!--:--><!--:en-->Waadt<!--:--><!--:fr-->Vaud<!--:-->"},"content":{"rendered":"<p><!--:de--><div id=\"attachment_65\" style=\"width: 1333px\" class=\"wp-caption alignnone\"><img loading=\"lazy\" decoding=\"async\" aria-describedby=\"caption-attachment-65\" class=\"wp-image-65\" src=\"https:\/\/blog.zhdk.ch\/bewahrenbesondererkulturgueter\/files\/2018\/09\/VD_MNono_Enten_crop.jpg\" alt=\"\" width=\"1323\" height=\"420\" \/><\/a><p id=\"caption-attachment-65\" class=\"wp-caption-text\">Galerie<\/p><\/div><\/p>\n<p><a href=\"https:\/\/blog.zhdk.ch\/bewahrenbesondererkulturgueter\/files\/2023\/12\/VD_Cery_Kulturgu\u0308terinventar_Liste.pdf\">Liste Kulturg\u00fcterinventar Waadt<\/a><\/p>\n<p><strong>PGE-CHUV, Psychiatrie g\u00e9n\u00e9rale, Site de Cery, Lausanne<br \/>\nSammlung Cery in den Kantonalen Archiven Waadt (ACV)<\/strong><\/p>\n<p>Das &#8222;Asile psychiatrique de Cery&#8220; wurde 1873 erbaut. Seit 1877 werden im Jahresbericht zahlreiche Arbeiten erw\u00e4hnt, die von Patient_innen im Freien, im Haushalt oder in Werkst\u00e4tten ausgefu\u0308hrt wurden: Es gab eine Schlosserei, Schreinerei, Buchbinderei und eine Weberei und es wurde gestrickt. 1880 z\u00e4hlte man 330 Patient_innen; 1905 waren es 556 und Umbauten wurden notwendig; zus\u00e4tzlich gab es Versuche mit Familienpflege. Das &#8222;Asile de la Rosi\u00e8re&#8220; in Gimel, ein ehemaliges Badehotel, das der Kanton kaufte, wurde 1920 er\u00f6ffnet. Hans Steck (1891\u20131980) war von 1936 bis 1960 Direktor dieser Einrichtung. In einem &#8222;kleinen Museum&#8220; sammelte er das ku\u0308nstlerische Schaffen und Schriften von Patient_innen. 1948 lernte er Jean Dubuffet kennen, dem er eine Anzahl von Werken fu\u0308r dessen &#8222;Collection de l\u2019Art Brut&#8220; schenkte. Er arbeitete mit der Psychiaterin Jacqueline Forel zusammen, die 1953 ihre Doktorarbeit u\u0308ber Alo\u00efse Corbaz verfasste, und mit dem Psychiater Alfred Bader, der von 1963 bis 1981 das &#8222;Centre d\u2019\u00e9tudes de l\u2019expression plastique de la Clinique psychiatrique universitaire de Lausanne&#8220; leitete. Die Sammlung Hans Steck enth\u00e4lt Zeichnungen und Schriftstu\u0308cke von 16 Patienten und drei Patientinnen (eine Werkgruppe ist anonym). Werke von zw\u00f6lf Ku\u0308nstler_innen u\u0308bergab Hans Steck der Collection de l\u2019Art Brut, unter anderem Alo\u00efse Corbaz (1886\u20131964), Jean Radovic (1913\u2013?), Jules Doudin (1884\u20131946) und Eug\u00e9nie Nogar\u00e8de (1882\u20131951). <\/p>\n<p><strong>Ausstellung<\/strong><br \/>\n2018-2019 \u201eExtraordinaire! Unbekannte Werke aus psychiatrischen Einrichtungen in der Schweiz um 1900\u201c, Sammlung Prinzhorn, Heidelberg, Kunstmuseum Thun, LENTOS Kunstmuseum Linz (Katalog d\/e)<\/p>\n<p><strong>Catalogue raisonn\u00e9<\/strong><br \/>\nAlo\u00efse Corbaz (1886\u20131964), digitaler Katalog von J. Porret-Forel, erstellt im Rahmen eines Forschungsprojektes und unterst\u00fctzt vom Schweizerischen Institut f\u00fcr Kunstwissenschaft (siehe: SIK-ISEA, Aloise online) 2012 <\/p>\n<p><strong>Literatur<\/strong><br \/>\nAusst. Kat. Mus\u00e9e cantonal des beaux-arts Lausanne, Alo\u00efse &#8211; le ricochet solaire, 2012<\/p>\n<p>Bader, Alfred, Steck, Hans : Petits ma\u00eetres de la folie, Basel, Gen\u00e8ve 1961<\/p>\n<p>Choquard, Florence : Le regard d&#8217;un psychiatre sur les \u00e9crits de la folie. La carri\u00e8re de Hans Steck \u00e0 l&#8217;Asile de Cery (1920\u20131960), UNIL\/EHESS ; th\u00e8se 2012<\/p>\n<p>Fussinger Catherine, Tevaearai Deodaat : Lieux de folie. Monuments de raison. Lausanne 1998<\/p>\n<p>Luchsinger, Katrin, Hirsch, Helen, R\u00f6ske Thomas (Hrsg.), Extraordinaire! Unbekannte Werke aus psychiatrischen Einrichtungen in der Schweiz um 1900 \/ Extraordinairy! Unknown works from Swiss Psychiatric Institutions, Z\u00fcrich 2018<\/p>\n<p>Peiry, Lucienne : L&#8217;art brut, Paris 1997<\/p>\n<p>Porret-Forel, Jacqueline : Aloyse, Publication de la Compagnie de l&#8217;Art Brut, Paris, 1966<\/p>\n<p>dies., Alo\u00efse et le th\u00e9\u00e2tre de l&#8217;univers, Gen\u00e8ve, Skira, 1993<\/p>\n<p>Steck, Hans, La mentalit\u00e9 primitive chez les schizophr\u00e8nes. In: Bader, Alfred, Petits ma\u00eetres de la folie, Basel, Gen\u00e8ve 1961<\/p>\n<p>ders., Alo\u00efse, Psychopathologie de l&#8217;expression, B\u00e2le 1975<\/p>\n<p><!--:--><!--:en--><div id=\"attachment_65\" style=\"width: 1333px\" class=\"wp-caption alignnone\"><img loading=\"lazy\" decoding=\"async\" aria-describedby=\"caption-attachment-65\" class=\"wp-image-65\" src=\"https:\/\/blog.zhdk.ch\/bewahrenbesondererkulturgueter\/files\/2018\/09\/VD_MNono_Enten_crop.jpg\" alt=\"\" width=\"1323\" height=\"420\" \/><\/a><p id=\"caption-attachment-65\" class=\"wp-caption-text\">Galerie<\/p><\/div><\/p>\n<p><a href=\"https:\/\/blog.zhdk.ch\/bewahrenbesondererkulturgueter\/files\/2023\/12\/VD_Cery_Kulturgu\u0308terinventar_Liste.pdf\">Inventory Waadt<\/a><\/p>\n<p><strong>PGE-CHUV, Psychiatrie g\u00e9n\u00e9rale, Site de Cery, Lausanne<br \/>\nCery Collection, Archives Cantonales Vaudoises (ACV)<\/strong><\/p>\n<p>The Asile psychiatrique de Cery was built in 1873. Beginning in 1877, the annual reports began to mention that many tasks undertaken by patients outdoors, in the household, or in workshops. There was a metalworking shop, a carpentry workshop, a bookbinder\u2019s workshop, and weaving and embroidery took place. In 1880, there were 330 patients. By 1905, this number had risen 556 and new buildings were required; in addition, there were attempts at family care. The Asile de la Rosi\u00e8re in Gimel, located in a former lakeside hotel that the canton purchased, was opened in 1920. Hans Steck (1891\u20131980) was director of this ward from 1936\u20131960. In a \u201csmall museum,\u201d he collected the artistic work and writing of patients. In 1948, he met Jean Dubuffet, and gave him a number of works for his Collection de l\u2019Art Brut. He worked together with the psychiatrist Jacqueline Porret-Forel, who wrote her doctorate on Alo\u00efse Corbaz in 1953, and the psychiatrist Alfred Bader, who directed Centre d\u2019\u00e9tudes de l\u2019expression plastique de la Clinique psychiatrique universitaire de Lausanne from 1963\u20131981. The Sammlung Hans Steck contains drawings and texts by sixteen men and three women (one group of works is anonymous). Hans Steck gave works by twelve artists to the Collection de l\u2019Art Brut, including Alo\u00efse Corbaz (1886\u20131964), Jean Radovic (1913\u2013?), Jules Doudin (1884\u20131946) and Eug\u00e9nie Nogar\u00e8de (1882\u20131951). (FCH)<\/p>\n<p><strong>Catalogue raisonn\u00e9<\/strong><br \/>\nAlo\u00efse Corbaz (1886-1964), digital catalogue Jacqueline Porret-Forel, Research Project supported by Schweizerisches Institut f\u00fcr Kunstwissenschaft (SIK-ISEA, Aloise online) 2012 <\/p>\n<p><strong>References<\/strong>\u00a0<br \/>\nBader, Alfred, Steck, Hans, Petits ma\u00eetres de la folie, Gen\u00e8ve 1961 <\/p>\n<p>Choquard, Florence, Le regard d&#8217;un psychiatre sur les \u00e9crits de la folie. La carri\u00e8re de Hans Steck \u00e0 l&#8217;Asile de Cery (1920-1960), UNIL\/EHESS ; th\u00e8se 2012<\/p>\n<p>Fussinger, Catherine, Tevaearai, Deodaat, Lieux de folie. Monuments de raison, Architecture et psychiatrie en Suisse romande 1830\u20131930. Lausanne 1998<\/p>\n<p>Luchsinger, Katrin, Hirsch, Helen, R\u00f6ske Thomas (Hrsg.), Extraordinaire! Unbekannte Werke aus psychiatrischen Einrichtungen in der Schweiz um 1900 \/ Extraordinairy! Unknown works from Swiss Psychiatric Institutions around 1900, Z\u00fcrich 2018<\/p>\n<p>Porret-Forel, Jacqueline, Aloyse, Publication de la Compagnie de l&#8217;Art Brut, Paris, 1966<\/p>\n<p>dies., Alo\u00efse et le th\u00e9\u00e2tre de l&#8217;univers, Gen\u00e8ve, Skira, 1993 <\/p>\n<p>Catalogue, Mus\u00e9e cantonal des beaux-arts Lausanne, Alo\u00efse &#8211; le ricochet solaire, 2012<\/p>\n<p>Steck, Hans, La mentalit\u00e9 primitive chez les schizophr\u00e8nes. In: Bader, Alfred (red. Cocteau, Jean (ed.), Petits ma\u00eetres de la folie, Lausanne 1961<\/p>\n<p>ders.: Alo\u00efse, Psychopathologie de l&#8217;expression, Basel 1975<\/p>\n<p>Fussinger, Catherine, Tevaearai, Deodaat, Lieux de folie. Monuments de raison, Architecture et psychiatrie en Suisse romande 1830\u20131930. Lausanne 1998<\/p>\n<p>Peiry, Lucienne, L&#8217;art brut, Paris 1997<!--:--><!--:fr--><div id=\"attachment_65\" style=\"width: 1333px\" class=\"wp-caption alignnone\"><img loading=\"lazy\" decoding=\"async\" aria-describedby=\"caption-attachment-65\" class=\"wp-image-65\" src=\"https:\/\/blog.zhdk.ch\/bewahrenbesondererkulturgueter\/files\/2018\/09\/VD_MNono_Enten_crop.jpg\" alt=\"\" width=\"1323\" height=\"420\" \/><\/a><p id=\"caption-attachment-65\" class=\"wp-caption-text\">Galerie<\/p><\/div><\/p>\n<p><a href=\"https:\/\/blog.zhdk.ch\/bewahrenbesondererkulturgueter\/files\/2018\/08\/VD_Cery-Lausanne_Kulturgueterinventar.pdf\">Inventaire Vaud<\/a><\/p>\n<p><strong>Centre hospitalier universitaire vaudois, Site de Cery<br \/>\nCollection Hans Steck, Cery<\/strong><\/p>\n<p>L&#8217;Asile cantonal est cr\u00e9\u00e9 en 1873. D\u00e8s 1877, on note \u00e0 partir du &#8222;Rapport annuel&#8220; que de nombreux travaux sont effectu\u00e9s par les malades, \u00e0 l&#8217;ext\u00e9rieur et \u00e0 l&#8217;int\u00e9rieur (serrurerie, menuiserie, reliure, tricot, tissage). En 1880, on compte 330 malades; la direction de Cery est assur\u00e9e par Albert Mahaim en 1899. D\u00e8s 1905, on compte 556 lits, des transformations sont n\u00e9cessaires; c&#8217;est \u00e9galement le d\u00e9but des placements familiaux. Ouverture de &#8222;l&#8217;Asile de la Rosi\u00e8re&#8220; \u00e0 Gimel (ex-H\u00f4tel des Bains, achet\u00e9 par l&#8217;Etat) en 1920, puis cr\u00e9ation d&#8217;un lieu de consultation en ville en 1930. Henri Preisig occupe le poste de m\u00e9decin-directeur (1925-1936), il est remplac\u00e9 par Hans Steck (1936-1960). L&#8217;ensemble des &#8222;Service des Hospices Cantonaux&#8220; est regroup\u00e9 depuis 2003 sous l&#8217;appellation du CHUV (Centre hospitalier universitaire vaudois), qui est organis\u00e9 en divers d\u00e9partements.<\/p>\n<p>Hans Steck (1891-1980) est le principal collectionneur d&#8217;oeuvres asilaires \u00e0 Cery. Il analyse la cr\u00e9ation et le langage des schizophr\u00e8nes \u00e0 partir des th\u00e9ories psychologiques et sociologiques de la &#8222;mentalit\u00e9 magique des primitifs&#8220;. Il collectionne dans son &#8222;petit mus\u00e9e&#8220; les productions artistiques et les \u00e9crits des malades. En 1948, il rencontre Jean Dubuffet \u00e0 qui il remettra certaines oeuvres pour la &#8222;Collection de l&#8217;art brut&#8220;, qui sera inaugur\u00e9e en 1976. Il travaille en collaboration avec Jacqueline Forel, qui publie sa th\u00e8se sur Alo\u00efse en 1953 et avec Alfred Bader qui dirige le &#8222;Centre d&#8217;\u00e9tudes de l&#8217;expression plastique de la Clinique psychiatrique universitaire de Lausanne&#8220;, de 1963 \u00e0 1981.<\/p>\n<p>Le Fonds Steck comprend les productions picturales et graphiques de vingt-huit patients, dont les dossiers m\u00e9dicaux sont aux Archives m\u00e9dicales du CHUV. De plus, Steck a remis les oeuvres de douze auteurs asilaires \u00e0 la CAB, parmi lesquels se trouvent Alo\u00efse Corbaz (1886-1964), Jean Radovic (1913-?), Jules Doudin (1884-1946), et Eug\u00e9nie Nogar\u00e8de (1882-1951).<br \/>\n(Dr. Florence Choquard) <\/p>\n<p><strong>Catalogue raisonn\u00e9<\/strong><br \/>\nAlo\u00efse Corbaz (1886-1964), par J. Porret-Forel sous une forme digitalis\u00e9e dans le cadre d&#8217;un projet soutenu par la Fondation suisse pour l&#8217;art (voir : SIK-ISEA, Aloise online) 2012.<\/p>\n<p><strong>R\u00e9f\u00e9rences<\/strong><br \/>\nBader, Alfred, Steck, Hans : Petits ma\u00eetres de la folie, Gen\u00e8ve 1961.<br \/>\nChoquard, Florence : Le regard d&#8217;un psychiatre sur les \u00e9crits de la folie. La carri\u00e8re de Hans Steck \u00e0 l&#8217;Asile de Cery (1920-1960), UNIL\/EHESS ; th\u00e8se 2012.<br \/>\nPorret-Forel, Jacqueline : Aloyse, Publication de la Compagnie de l&#8217;Art Brut, Paris, 1966.<br \/>\ndies., Alo\u00efse et le th\u00e9\u00e2tre de l&#8217;univers, Gen\u00e8ve, Skira, 1993.<br \/>\nAusst. Kat. Mus\u00e9e cantonal des beaux-arts Lausanne, Alo\u00efse &#8211; le ricochet solaire, 2012.<br \/>\nSteck, Hans: La mentalit\u00e9 primitive chez les schizophr\u00e8nes. In: Bader, Lausanne 1961.<br \/>\nders. : Alo\u00efse, Psychopathologie de l&#8217;expression, B\u00e2le 1975.<br \/>\nFussinger Catherine, Tevaearai Deodaat : Lieux de folie. Monuments de raison. Lausanne 1998.<br \/>\nPeiry, Lucienne : L&#8217;art brut, Paris 1997.<!--:--><\/p>\n","protected":false},"excerpt":{"rendered":"<p>Liste Kulturg\u00fcterinventar Waadt PGE-CHUV, Psychiatrie g\u00e9n\u00e9rale, Site de Cery, Lausanne Sammlung Cery in den Kantonalen Archiven Waadt (ACV) Das &#8222;Asile psychiatrique de Cery&#8220; wurde 1873 erbaut. Seit 1877 werden im Jahresbericht zahlreiche Arbeiten erw\u00e4hnt, die von Patient_innen im Freien, im&hellip; <a href=\"https:\/\/blog.zhdk.ch\/bewahrenbesondererkulturgueter\/waadt\/\" class=\"more-link\">Weiterlesen <span class=\"meta-nav\">&rarr;<\/span><\/a><\/p>\n","protected":false},"author":3805,"featured_media":0,"parent":0,"menu_order":0,"comment_status":"closed","ping_status":"closed","template":"","meta":{"footnotes":""},"class_list":["post-1578","page","type-page","status-publish","hentry"],"_links":{"self":[{"href":"https:\/\/blog.zhdk.ch\/bewahrenbesondererkulturgueter\/wp-json\/wp\/v2\/pages\/1578","targetHints":{"allow":["GET"]}}],"collection":[{"href":"https:\/\/blog.zhdk.ch\/bewahrenbesondererkulturgueter\/wp-json\/wp\/v2\/pages"}],"about":[{"href":"https:\/\/blog.zhdk.ch\/bewahrenbesondererkulturgueter\/wp-json\/wp\/v2\/types\/page"}],"author":[{"embeddable":true,"href":"https:\/\/blog.zhdk.ch\/bewahrenbesondererkulturgueter\/wp-json\/wp\/v2\/users\/3805"}],"replies":[{"embeddable":true,"href":"https:\/\/blog.zhdk.ch\/bewahrenbesondererkulturgueter\/wp-json\/wp\/v2\/comments?post=1578"}],"version-history":[{"count":9,"href":"https:\/\/blog.zhdk.ch\/bewahrenbesondererkulturgueter\/wp-json\/wp\/v2\/pages\/1578\/revisions"}],"predecessor-version":[{"id":3295,"href":"https:\/\/blog.zhdk.ch\/bewahrenbesondererkulturgueter\/wp-json\/wp\/v2\/pages\/1578\/revisions\/3295"}],"wp:attachment":[{"href":"https:\/\/blog.zhdk.ch\/bewahrenbesondererkulturgueter\/wp-json\/wp\/v2\/media?parent=1578"}],"curies":[{"name":"wp","href":"https:\/\/api.w.org\/{rel}","templated":true}]}}