{"id":159,"date":"2017-07-13T07:58:22","date_gmt":"2017-07-13T07:58:22","guid":{"rendered":"https:\/\/blog.zhdk.ch\/kulturgueter\/?page_id=159"},"modified":"2023-12-31T21:58:11","modified_gmt":"2023-12-31T21:58:11","slug":"3-1-aargau","status":"publish","type":"page","link":"https:\/\/blog.zhdk.ch\/bewahrenbesondererkulturgueter\/3-1-aargau\/","title":{"rendered":"<!--:de-->Aargau<!--:--><!--:en-->Aargau<!--:--><!--:fr-->Argovie<!--:-->"},"content":{"rendered":"<p><!--:de--><div id=\"attachment_65\" style=\"width: 1333px\" class=\"wp-caption alignnone\"><a href=\"https:\/\/blog.zhdk.ch\/bewahrenbesondererkulturgueter\/3-1-1-gallerie-aargau\/\"><img loading=\"lazy\" decoding=\"async\" aria-describedby=\"caption-attachment-65\" class=\"wp-image-65\" src=\"https:\/\/blog.zhdk.ch\/bewahrenbesondererkulturgueter\/files\/2018\/09\/AG_KarlM_Frauspringt-der-Gansnach_crop.jpg\" alt=\"\" width=\"1323\" height=\"420\" \/><\/a><p id=\"caption-attachment-65\" class=\"wp-caption-text\">Galerie<\/p><\/div><\/p>\n<p><a href=\"https:\/\/blog.zhdk.ch\/bewahrenbesondererkulturgueter\/files\/2023\/12\/AG_Koenigsfelden_Kulturgu\u0308terinventar_Liste_001_100.pdf\">Liste Kulturg\u00fcterinventar Aargau, Teil 1<\/a><br \/>\n<a href=\"https:\/\/blog.zhdk.ch\/bewahrenbesondererkulturgueter\/files\/2023\/12\/AG_Koenigsfelden_Kulturgu\u0308terinventar_Liste_101_200.pdf\">Liste Kulturg\u00fcterinventar Aargau, Teil 2<\/a><br \/>\n<a href=\"https:\/\/blog.zhdk.ch\/bewahrenbesondererkulturgueter\/files\/2023\/12\/AG_Koenigsfelden_Kulturgu\u0308terinventar_Liste_201_333.pdf\">Liste Kulturg\u00fcterinventar Aargau, Teil 3<\/a><\/p>\n<p><strong>Psychiatrische Dienste Aargau (PDAG), Klinik K\u00f6nigsfelden<br \/>\nDie Sammlung K\u00f6nigsfelden<\/strong><\/p>\n<p>Im Jahre 1872 er\u00f6ffnete der Kanton Aargau im ehemaligen Spital auf dem Klostergel\u00e4nde K\u00f6ngisfelden eine psychiatrische Heil- und Pflegeanstalt. Die Klinik bot urspr\u00fcnglich f\u00fcr 250 Patientinnen und Patienten Unterkunft. Da die Patientenzahl st\u00e4ndig zunahm, wurde 1895 beidseitig des Hauptgeb\u00e4udes je eine Zellenabteilung angebaut. In den Jahren des 1. Weltkrieges waren zeitweilig bis zu 1&#8217;000 Personen untergebracht. Bauliche Erweiterungen folgten noch bis 1975. Heute bietet die Klinik Platz f\u00fcr 436 Patientinnen und Patienten. Arthur Kielholz (1879\u20131962), Direktor der Klinik 1920\u20131944 begann Werke von Patientinnen und Patienten zu sammeln. Als Psychoanalytiker und Psychohygieniker war er am therapeutischen Nutzen des Gestaltens und ebenso an der Untersuchung von m\u00f6glichen Zusammenh\u00e4ngen zwischen Kunst und Krankheit respektive &#8211; bedingt durch die N\u00e4he zur Strafanstalt Lenzburg &#8211; zwischen Kunst und Verbrechen interessiert. 1923 publizierte er eine Studie zum &#8222;Erfinderwahn&#8220;, 1939 richtete er in der Klinik ein kleines Museum ein. Kielholz\u2019 Nachfolger, Peter Mohr (Direktor 1944\u20131970), interessierte sich ebenfalls f\u00fcr das gestalterische Schaffen seiner Patientinnen und Patienten. Mitte der 1970er Jahre nahm sich der ehemalige Pflegedienstleiter Ewald Locher (gest. 2005) der Sammlung an und begann mit Erlaubnis von Fritz Gnirss (*1928), Direktor der Klinik von 1970-1990, den Fundus zu ordnen und Einsicht in die Krankenakten zu nehmen. 1997 realisierte Locher anl\u00e4sslich der Jubil\u00e4umsfeierlichkeiten \u201e125 Jahre Psychiatrische Klinik K\u00f6nigsfelden\u201c die Ausstellung &#8222;Seelenspiegel&#8220;. Diese war auch in Bern, im Museum Lagerhaus St. Gallen und in Olten zu sehen und es erschien ein Katalog. In den 1990er Jahren ergriff der Psychiater und K\u00fcnstler Roman Buxbaum (*1954) eine weitere Initiative: Er f\u00f6rderte betagte Patientinnen und Patienten in ihrer gestalterischen Arbeit und zeigte ihre Werke an Kongressen und in Galerien. 2008 richtete der ehemalige Pflegedienstleiter Otto Buchs ein kleines Psychiatrie-Museum ein.<\/p>\n<p>Aus der Sammlung K\u00f6nigsfelden wurden im Forschungsprojekt des SNF\/DORE \u201eBewahren besonderer Kulturg\u00fcter\u201c 2008 ca. 500 Werke inventarisiert. Unterdessen enth\u00e4lt der Katalog weit \u00fcber 2&#8217;000 Werke. Die Sammlung ist damit die umfangreichste Sammlung neben jener in der \u201eWaldau\u201c in der Schweiz. Sie enth\u00e4lt als einzige zahlreiche grosse Holzkonstruktionen (Schiffe, Flugschiffe), viele grosse Werkgruppen, winzige Knochenschnitzereien und viele Arbeiten aus Stanniol.<\/p>\n<p>2008 bis 2015 war Jacqueline Fahrni Kuratorin der Sammlung. Sie stellte 2012 bis 2014 eine Auswahl der Werke in der Klinik aus. Die Sammlung befindet sich in der Klinik.<\/p>\n<h3><strong>Ausstellungen<\/strong><\/h3>\n<p>2018\u20132019 \u201eExtraordinaire! Unbekannte Werke aus psychiatrischen Einrichtungen in der Schweiz um 1900\u201c, Sammlung Prinzhorn, Heidelberg, Kunstmuseum Thun, LENTOS Kunstmuseum Linz (Katalog d\/e)<\/p>\n<p>2011-2014 \u201eFremdgehen\u201c, Ausstellung in der Psychiatrischen Klinik K\u00f6nigsfelden.<\/p>\n<p>1997 Ewald Locher (Hg.), Seelenspiegel, Brugg, 2000. (Katalog)<\/p>\n<h3><strong>Literatur<\/strong><\/h3>\n<p><a href=\"http:\/\/www.pdag.ch\/\">www.pdag.ch<\/a><\/p>\n<p>Badener Tagblatt: Malereien aus der untersten Ecke der Seele. Ewald Locher als Sammler und F\u00f6rderer der \u201eArt Brut\u201c. 17. Juli 1991.<\/p>\n<p>Bressler, Hans G.: K\u00f6nigsfelden 1872-1972. Zentenarschrift einer Psychiatrischen Klinik.<\/p>\n<p>Buxbaum. Roman, Zwischen Innen und Aussen. Bilder aus der Psychiatrischen Klinik K\u00f6nigsfelden. Z\u00fcrich, 1987.<\/p>\n<p>Fahrni, Jaqueline, Propellerknopf und Seegrashut. Materialien und Materialbeschaffung in psychiatrischen Kliniken um 1900, in: Luchsinger, Katrin (Hg.), Pl\u00e4ne. Werke aus psychiatrischen Kliniken in der Schweiz 1850 bis 1920, Z\u00fcrich, Chronos 2008, S. 85-93.<\/p>\n<p>Hirsch, Helen, Luchsinger, Katrin, R\u00f6ske, Thomas (Hg.), Extraordinaire! Unbekannte Werke aus psychiatrischen Einrichtungen in der Schweiz um 1900, de \/ e, Z\u00fcrich, Scheidegger &amp; Spiess, 2018<\/p>\n<p>Kielholz, Arthur, Jakob Boehme. Ein pathographischer Beitrag zur Psychologie der Mystik, Leipzig 1919.<\/p>\n<p>ders., Die Aargauische Heil- und Pfleganstalt K\u00f6nigsfelden. (Festschrift herausgegeben zum 60- j\u00e4hrigen Jubil\u00e4um der neuen Anstalt), Verlag Eckhardt &amp;Pesch, Z\u00fcrich 1933.<\/p>\n<p>ders., Das Apotropaion von Baden, in: Monatsschrift f\u00fcr Psychiatrie und Neurologie, Vol. 107, Nr. 1 \/2, Jan.\/ Feb. 1943, S. 61-84.<\/p>\n<p>ders., Arch\u00e4ologie und Psychopathologie, Brugg 1945.<\/p>\n<p>ders., Verh\u00fctung von Verbrechen bei Psychosen. Sonderdruck aus: Die Prophylaxe des Verbrechens, Bd VIII\/IX der Buchreihe Psychohygiene &#8211; Wissenschaft und Praxis Heinrich Meng (Hg.), Basel 1948a. S. 354-370.<\/p>\n<p>ders., Verh\u00fctung von Verbrechen bei Perversionen. Sonderdruck aus: Die Prophylaxe des Verbrechens, Bd VIII\/IX der Buchreihe Psychohygiene &#8211; Wissenschaft und Praxis, Heinrich Meng (Hg.), Basel 1948b, S. 401-454 und Abb. S, 531-538.<\/p>\n<p>ders., Zur Genese und Dynamik des Erfinderwahns, in: Internationale Zeitschrift f\u00fcr Psychoanalyse, IX. Jahrgang Heft 1, 1923, S. 473-483.<\/p>\n<p>Locher, Ewald, U. (Hrsg.): Seelenspiegel. Brugg 2000.<\/p>\n<p>Luchsinger, Katrin (Hg.): Pl\u00e4ne. Werke aus psychiatrischen Kliniken in der Schweiz 1850-1920. Z\u00fcrich, 2008.<\/p>\n<p><!--:--><!--:en--><div id=\"attachment_65\" style=\"width: 1333px\" class=\"wp-caption alignnone\"><a href=\"https:\/\/blog.zhdk.ch\/bewahrenbesondererkulturgueter\/3-1-1-gallerie-aargau\/\"><img loading=\"lazy\" decoding=\"async\" aria-describedby=\"caption-attachment-65\" class=\"wp-image-65\" src=\"https:\/\/blog.zhdk.ch\/bewahrenbesondererkulturgueter\/files\/2018\/09\/AG_KarlM_Frauspringt-der-Gansnach_crop.jpg\" alt=\"\" width=\"1323\" height=\"420\" \/><\/a><p id=\"caption-attachment-65\" class=\"wp-caption-text\">Galerie<\/p><\/div><\/p>\n<p><a href=\"https:\/\/blog.zhdk.ch\/bewahrenbesondererkulturgueter\/files\/2023\/12\/AG_Koenigsfelden_Kulturgu\u0308terinventar_Liste_001_100.pdf\">Inventory Aargau, Part I<\/a><br \/>\n<a href=\"https:\/\/blog.zhdk.ch\/bewahrenbesondererkulturgueter\/files\/2023\/12\/AG_Koenigsfelden_Kulturgu\u0308terinventar_Liste_101_200.pdf\">Inventory Aargau, Part II<\/a><br \/>\n<a href=\"https:\/\/blog.zhdk.ch\/bewahrenbesondererkulturgueter\/files\/2023\/12\/AG_Koenigsfelden_Kulturgu\u0308terinventar_Liste_201_333.pdf\">Inventory Aargau, Part III<\/a><\/p>\n<p><strong>Psychiatrische Dienste Aargau (PDAG), Klinik K\u00f6nigsfelden<br \/>\nDie Sammlung K\u00f6nigsfelden<\/strong><\/p>\n<p>In 1872, Canton Aargau opened a psychiatric institution for 250 patients in the former hospital at K\u00f6nigsfelden Monastery. Since the number of patients housed here constantly increased, new wards were added on both sides in 1895. During the First World War, there were sometimes up to 1,000 patients housed here. Arthur Kielholz (1879\u20131962), director from 1920\u20131944, began collecting works created by the patients. As a psychoanalyst, he was interested in their therapeutic use and suspected links between art and illness, and, inspired by the proximity to Lenzburg prison, between art and crime. In 1923, he published a study on \u201cinventive madness\u201d (\u201cErfinderwahn\u201d) and in 1939 he established a small museum. His successor, Peter Mohr (director, 1944\u20131970), was also interested in the artistic work of his inmates. In the mid-1970s, the nursing director Ewald Locher died in 2005) began to organize the store of artwork with the permission of Fritz Gnirss (b. 1928), director of the clinic from 1970 to 1990. In 1997, he organized the Seelenspiegel (Mirror of the Soul) exhibition, which was presented in Bern, at the Museum Lagerhaus St. Gallen, and in Olten (with catalogue). In the 1990s, the psychiatrist and artist Roman Buxbaum (b. 1954) encouraged aged patients to engage in artistic creation. This collection, with over 2,000 works, is the most extensive collection in Switzerland besides that of Walter Morgenthaler in Waldau in Bern. It includes pictures, drawings, large wooden models (ships, airships), tiny bone carvings, and works created using tinfoil. <\/p>\n<p>From 2008 to 2015 Jacqueline Fahrni curated the collection. She exhibited a selection of works from 2012-2014. The collection is stored in the clinic.<\/p>\n<p><strong>Exhibitions<\/strong><\/p>\n<p>2018\u20132019 \u201eExtraordinaire! Unbekannte Werke aus psychiatrischen Einrichtungen in der Schweiz um 1900 \/ Extraordinairy! Unknown Works from Psychiatric Institutions in Switzerland around 1900\u201c, Sammlung Prinzhorn, Heidelberg, Kunstmuseum Thun, LENTOS Kunstmuseum Linz (catalogue d\/e)<\/p>\n<p>2011-2014 &#8222;Fremdgehen\u201c, Jacqueline Fahrni (curator), exhibition in the Psychiatrische Klinik K\u00f6nigsfelden<\/p>\n<p>1997 Ewald Locher (ed.), Seelenspiegel, Brugg, 2000 (catalogue)<\/p>\n<p><strong>References<\/strong><\/p>\n<p>www.pdag.ch<\/p>\n<p>Badener Tagblatt, Malereien aus der untersten Ecke der Seele. Ewald Locher als Sammler und F\u00f6rderer der &#8222;Art Brut\u201c. 17. Juli 1991<\/p>\n<p>Bressler, Hans G., K\u00f6nigsfelden 1872-1972. Zentenarschrift einer Psychiatrischen Klinik<\/p>\n<p>Buxbaum, Roman, Zwischen Innen und Aussen. Bilder aus der Psychiatrischen Klinik K\u00f6nigsfelden. Z\u00fcrich, 1987<\/p>\n<p>Fahrni, Jaqueline, Propellerknopf und Seegrashut. Materialien und Materialbeschaffung in psychiatrischen Kliniken um 1900, in: Luchsinger, Katrin (Hg.), Pl\u00e4ne. Werke aus psychiatrischen Kliniken in der Schweiz 1850 bis 1920, Z\u00fcrich, Chronos 2008, S. 85-93.<\/p>\n<p>Hirsch, Helen, Luchsinger, Katrin, R\u00f6ske, Thomas (Hg.), Extraordinaire! Unbekannte Werke aus psychiatrischen Einrichtungen in der Schweiz um 1900, de \/ e, Z\u00fcrich, Scheidegger &amp; Spiess, 2018<\/p>\n<p>Kielholz, Arthur, Jakob Boehme. Ein pathographischer Beitrag zur Psychologie der Mystik, Leipzig 1919<\/p>\n<p>ders., Die Aargauische Heil- und Pfleganstalt K\u00f6nigsfelden. (Festschrift herausgegeben zum 60- j\u00e4hrigen Jubil\u00e4um der neuen Anstalt), Verlag Eckhardt &amp;Pesch, Z\u00fcrich 1933<\/p>\n<p>ders., Das Apotropaion von Baden, in: Monatsschrift f\u00fcr Psychiatrie und Neurologie, Vol. 107, Nr. 1 \/2, Jan.\/ Feb. 1943, S. 61-84<\/p>\n<p>ders., Arch\u00e4ologie und Psychopathologie, Brugg 1945<\/p>\n<p>ders., Verh\u00fctung von Verbrechen bei Psychosen. Sonderdruck aus: Die Prophylaxe des Verbrechens, Bd VIII\/IX der Buchreihe Psychohygiene \u2013 Wissenschaft und Praxis Heinrich Meng (Hg.), Basel 1948a. S. 354-370<\/p>\n<p>ders., Verh\u00fctung von Verbrechen bei Perversionen. Sonderdruck aus: Die Prophylaxe des Verbrechens, Bd VIII\/IX der Buchreihe Psychohygiene \u2013 Wissenschaft und Praxis, Heinrich Meng (Hg.), Basel 1948b, S. 401-454 und Abb. S, 531-538<\/p>\n<p>ders., Zur Genese und Dynamik des Erfinderwahns, in: Internationale Zeitschrift f\u00fcr Psychoanalyse, IX. Jahrgang Heft 1, 1923, S. 473-483<\/p>\n<p>Locher, Ewald, U. (ed.), Seelenspiegel. Brugg 2000<\/p>\n<p>Luchsinger, Katrin, Hirsch, Helen, R\u00f6ske Thomas (Hrsg.), Extraordinaire! Unbekannte Werke aus psychiatrischen Einrichtungen in der Schweiz um 1900 \/ Extraordinairy! Unknown works from Swiss Psychiatric Institutions around 1900, Z\u00fcrich 2018<\/p>\n<p>Luchsinger, Katrin, Die Vergessenskurve, Werke aus psychiatrischen Kliniken in der Schweiz um 1900. Eine kulturanalytische Studie, Z\u00fcrich 2016<\/p>\n<p>Luchsinger, Katrin (ed.), Pl\u00e4ne. Werke aus psychiatrischen Kliniken in der Schweiz 1850-1920. Z\u00fcrich, 2008<\/p>\n<p><!--:--><!--:fr--><div id=\"attachment_65\" style=\"width: 1333px\" class=\"wp-caption alignnone\"><a href=\"https:\/\/blog.zhdk.ch\/bewahrenbesondererkulturgueter\/3-1-1-gallerie-aargau\/\"><img loading=\"lazy\" decoding=\"async\" aria-describedby=\"caption-attachment-65\" class=\"wp-image-65\" src=\"https:\/\/blog.zhdk.ch\/bewahrenbesondererkulturgueter\/files\/2018\/09\/AG_KarlM_Frauspringt-der-Gansnach_crop.jpg\" alt=\"\" width=\"1323\" height=\"420\" \/><\/a><p id=\"caption-attachment-65\" class=\"wp-caption-text\">Galerie<\/p><\/div><\/p>\n<p><a href=\"https:\/\/blog.zhdk.ch\/bewahrenbesondererkulturgueter\/files\/2018\/08\/Aargau_Koenigsfelden_Kulturgueterinventar.pdf\">Inventaire Argovie<\/a><\/p>\n<p><strong>Services psychiatriques de l\u2019Argovie (PDAG), clinique de K\u00f6nigsfelden<br \/>\nLa collection de K\u00f6nigsfelden<\/strong><\/p>\n<p>En 1872, le canton d\u2019Argovie inaugura une institution de soins psychiatriques dans l\u2019enceinte de l\u2019ancien h\u00f4pital du couvent de K\u00f6nigsfelden. A l\u2019origine, la clinique offrait des places pour 250 patientes et patients. Comme leur nombre augmentait sans cesse, on ajouta en 1895 deux ailes au b\u00e2timent central. Pendant la 1\u00e8re Guerre Mondiale pr\u00e8s de 1000 personnes furent accueillies \u00e0 certaines p\u00e9riodes. Des agrandissements furent m\u00eame effectu\u00e9es jusqu\u2019en 1975. La clinique peut h\u00e9berger aujourd\u2019hui 436 patientes et patients. Arthur Kielholz (1879-1962), directeur de la clinique de 1920 \u00e0 1944 commen\u00e7a \u00e0 collectionner des oeuvres de patientes et patients. En tant que psychanalyste et psychohygi\u00e9nicien (practiquant l\u2019hygi\u00e8ne mentale) il s\u2019int\u00e9ressait autant \u00e0 la valeur th\u00e9rapeutique des activit\u00e9s cr\u00e9atives qu\u2019aux rapports \u00e9ventuels entre l\u2019art et la maladie, voire entre l\u2019art et le crime \u2013 et cela d\u00fb au voisinage avec l\u2019\u00e9tablissement p\u00e9nitentiaire de Lenzburg. En 1923 il publia une \u00e9tude au sujet du \u00ab Erfinderwahn \u00bb (la folie d\u2019\u00eatre inventeur). En 1939 il dota la clinique d\u2019un petit mus\u00e9e. Le successeur de Kielholz, Peter Mohr (directeur de 1944 \u00e0 1970), se pr\u00e9occupa \u00e9galement des activit\u00e9s cr\u00e9atives de ses patientes et patients. Au milieu des ann\u00e9es 70 c\u2019\u00e9tait Ewald Locher, l\u2019ancien chef des soins aux patients (mort en 2005) qui s\u2019occupa de la collection. Avec la permission de Fritz Gnirss (*1928), directeur de la clinique de 1970 \u00e0 1990, Locher commen\u00e7a \u00e0 organiser les documents et \u00e0 analyser les dossiers des patients. C\u2019est en 1997 lors de la comm\u00e9moration des 125 ans de la clinique psychatrique de K\u00f6nigsfelden, que Locher con\u00e7ut l\u2019exposition \u00ab Seelenspiegel \u00bb (miroir de l\u2019\u00e2me). Elle \u00e9tait pr\u00e9sent\u00e9e \u00e9galement \u00e0 Berne, \u00e0 St. Gall dans le mus\u00e9e \u00ab Lagerhaus \u00bb et \u00e0 Olten. Un catalogue fut publi\u00e9. Dans les ann\u00e9es 90, le psychiatre et artiste Roman Buxbaum (*1954) encouragea la cr\u00e9ation artistique des patientes et patients \u00e2g\u00e9s et exposa leurs oeuvres lors de congr\u00e8s et dans des galeries. En 2008, l\u2019ancien chef des soins aux patients fonda un petit mus\u00e9e de psychiatrie. Avec bien plus de 2000 objets, c\u2019est la collection la plus vaste, ensemble avec celle de la \u00ab Waldau \u00bb. C\u2019est la seule qui pr\u00e9sente de grandes constructions en bois (b\u00e2teaux, vaisseaux volants), beaucoup de grands groupes d\u2019oeuvres, des sculptures minuscules en os ainsi que nombre de travaux en papier d\u2019aluminium. <\/p>\n<p><strong>Expositions<\/strong><br \/>\n2012-2014 Fremdgehen, Ausstellung in der Psychiatrischen Klinik K\u00f6nigsfelden.<br \/>\n1997 Ewald Locher (Hg.), Seelenspiegel, Brugg, 2000. <\/p>\n<p><strong>References<\/strong><br \/>\nwww.pdag.ch<br \/>\nHans G. Bressler: K\u00f6nigsfelden 1872-1972. Zentenarschrift einer Psychiatrischen Klinik.<br \/>\nBadener Tagblatt: Malereien aus der untersten Ecke der Seele. Ewald Locher als Sammler und F\u00f6rderer der \u00ab Art Brut \u00bb. 17. Juli 1991.<br \/>\nBuxbaum. Roman, Zwischen Innen und Aussen. Bilder aus der Psychiatrischen Klinik K\u00f6nigsfelden. Z\u00fcrich, 1987.<br \/>\nLuchsinger, Katrin (Hg.): Pl\u00e4ne. Werke aus psychiatrischen Kliniken in der Schweiz 1850-1920. Z\u00fcrich, 2008.<br \/>\nKielholz, Arthur, Jakob Boehme. Ein pathographischer Beitrag zur Psychologie der Mystik, Leipzig 1919.<br \/>\nders., Zur Genese und Dynamik des Erfinderwahns, in: Internationale Zeitschrift f\u00fcr Psychoanalyse, IX. Jahrgang Heft 1, 1923, S. 473-483.<br \/>\nders., Die Aargauische Heil- und Pfleganstalt K\u00f6nigsfelden. (Festschrift herausgegeben zum 60- j\u00e4hrigen Jubil\u00e4um der neuen Anstalt), Verlag Eckhardt &amp;Pesch, Z\u00fcrich 1933.<br \/>\nders., Das Apotropaion von Baden, in: Monatsschrift f\u00fcr Psychiatrie und Neurologie, Vol. 107, Nr. 1 \/2, Jan.\/ Feb. 1943, S. 61-84.<br \/>\nders., Arch\u00e4ologie und Psychopathologie, Brugg 1945.<br \/>\nders., Verh\u00fctung von Verbrechen bei Psychosen. Sonderdruck aus: Die Prophylaxe des Verbrechens, Bd VIII\/IX der Buchreihe Psychohygiene &#8211; Wissenschaft und Praxis Heinrich Meng (Hg.), Basel 1948a. S. 354-370.<br \/>\nders., Verh\u00fctung von Verbrechen bei Perversionen. Sonderdruck aus: Die Prophylaxe des Verbrechens, Bd VIII\/IX der Buchreihe Psychohygiene &#8211; Wissenschaft und Praxis, Heinrich Meng (Hg.), Basel 1948b, S. 401-454 und Abb. S, 531-538.<br \/>\nLocher, Ewald, U. (Hrsg.): Seelenspiegel. Brugg 2000. <!--:--><\/p>\n","protected":false},"excerpt":{"rendered":"<p>Liste Kulturg\u00fcterinventar Aargau, Teil 1 Liste Kulturg\u00fcterinventar Aargau, Teil 2 Liste Kulturg\u00fcterinventar Aargau, Teil 3 Psychiatrische Dienste Aargau (PDAG), Klinik K\u00f6nigsfelden Die Sammlung K\u00f6nigsfelden Im Jahre 1872 er\u00f6ffnete der Kanton Aargau im ehemaligen Spital auf dem Klostergel\u00e4nde K\u00f6ngisfelden eine psychiatrische&hellip; <a href=\"https:\/\/blog.zhdk.ch\/bewahrenbesondererkulturgueter\/3-1-aargau\/\" class=\"more-link\">Weiterlesen <span class=\"meta-nav\">&rarr;<\/span><\/a><\/p>\n","protected":false},"author":1571,"featured_media":0,"parent":0,"menu_order":0,"comment_status":"closed","ping_status":"closed","template":"","meta":{"footnotes":""},"class_list":["post-159","page","type-page","status-publish","hentry"],"_links":{"self":[{"href":"https:\/\/blog.zhdk.ch\/bewahrenbesondererkulturgueter\/wp-json\/wp\/v2\/pages\/159","targetHints":{"allow":["GET"]}}],"collection":[{"href":"https:\/\/blog.zhdk.ch\/bewahrenbesondererkulturgueter\/wp-json\/wp\/v2\/pages"}],"about":[{"href":"https:\/\/blog.zhdk.ch\/bewahrenbesondererkulturgueter\/wp-json\/wp\/v2\/types\/page"}],"author":[{"embeddable":true,"href":"https:\/\/blog.zhdk.ch\/bewahrenbesondererkulturgueter\/wp-json\/wp\/v2\/users\/1571"}],"replies":[{"embeddable":true,"href":"https:\/\/blog.zhdk.ch\/bewahrenbesondererkulturgueter\/wp-json\/wp\/v2\/comments?post=159"}],"version-history":[{"count":60,"href":"https:\/\/blog.zhdk.ch\/bewahrenbesondererkulturgueter\/wp-json\/wp\/v2\/pages\/159\/revisions"}],"predecessor-version":[{"id":3355,"href":"https:\/\/blog.zhdk.ch\/bewahrenbesondererkulturgueter\/wp-json\/wp\/v2\/pages\/159\/revisions\/3355"}],"wp:attachment":[{"href":"https:\/\/blog.zhdk.ch\/bewahrenbesondererkulturgueter\/wp-json\/wp\/v2\/media?parent=159"}],"curies":[{"name":"wp","href":"https:\/\/api.w.org\/{rel}","templated":true}]}}