{"id":1592,"date":"2018-09-20T14:56:20","date_gmt":"2018-09-20T14:56:20","guid":{"rendered":"https:\/\/blog.zhdk.ch\/bewahrenbesondererkulturgueter\/?page_id=1592"},"modified":"2024-01-07T19:56:59","modified_gmt":"2024-01-07T19:56:59","slug":"solothurn","status":"publish","type":"page","link":"https:\/\/blog.zhdk.ch\/bewahrenbesondererkulturgueter\/solothurn\/","title":{"rendered":"<!--:de-->Solothurn<!--:--><!--:en-->Solothurn<!--:--><!--:fr-->Soleure<!--:-->"},"content":{"rendered":"<p><!--:de--><\/p>\n<p>Keine Inventarliste als pdf zum download<\/p>\n<p><strong>Psychiatrische Dienste Solothurn<\/p>\n<p>Werke aus der \u201eKantonalen Heil- und Pflegeanstalt Rosegg\u201c <\/strong><\/p>\n<p>Die Anstalt Rosegg wurde 1860 als relativ kleine, l\u00e4ndliche Institution am Fuss des Weissensteins erbaut. W\u00e4hrend des 1. Weltkrieges, unter Direktor Greppin (Direktor 1892\u20131924), war sie mit 440 Patienten auf 360 Betten stark \u00fcberbelegt. Zur Anstalt geh\u00f6rten das Pflegeheim Fridau und eine Aussenwohngruppe. 1924 \u00fcbernahm der Psychiater Moritz Tramer (1882\u20131963) die Leitung der Heil- und Pflegeanstalt Rosegg und leitete sie bis 1945. Tramer kam aus Ungarn und studierte in Z\u00fcrich Mathematik, Philosophie und Medizin. Er begr\u00fcndete 1920 zusammen mit Heinrich Hanselmann das Heilp\u00e4dagogische Seminar und gilt als Begr\u00fcnder der Kinderpsychiatrie. Seine Frau, Franziska Baumgarten Tramer (1889\u20131970), lehrte angewandte Psychologie, Arbeitspsychologie und Berufsberatung an der Universit\u00e4t Bern. Tramer diversifizierte das Angebot an Werkst\u00e4tten in der Rosegg und verbesserte damit die Arbeitstherapie. Auf der Grundlage seiner ebenso mathematisch-technischen wie auch psychiatrischen Kenntnisse untersuchte er 1926 Zeichnungen und Pl\u00e4ne von 13 Patienten, die sich f\u00fcr Erfinder hielten. Seine Publikation beruht auf Hunderten von Skizzen, Diagrammen und auch Modellen, die er im Hinblick auf ihr praktisch-kulturelles und kognitives, nicht auf ihr \u00e4sthetisch-symbolisches Potential hin untersuchte. Tramer f\u00f6rderte den Gang der Entwicklungen, indem er Literatur empfahl und eine Werkstatt zu Verf\u00fcgung stellte. Das Fortschreiten der Erfindungen, die sich oft um das Perpetuum mobil drehten, wird in der Publikation beschrieben und abbildet.<br \/>\nZu den Erfindern geh\u00f6rte der Zimmermann Robert Gie (1869\u2013?), der sich 1908\u20131922 in der Anstalt Rosegg aufhielt. Charles Ladame, 1918\u20131924 Assistenzarzt in der Rosegg und sp\u00e4ter Direktor der Anstalt Bel-Air in Genf, nahm einige der Zeichnungen Gies mit, die \u00fcber ihn in die Collection de l\u2019Art Brut gelangten. Erhalten sind zwei Originalzeichnungen und etliche Pausen, die Ladame angefertigt hatte. Die Psychiatrischen Dienste Solothurn besitzen weder die Krankenakten der von Tramer untersuchten Erfinder mehr, noch sind Zeichnungen aus der Wirkungszeit Tramers erhalten geblieben. <\/p>\n<p><strong>Literatur<\/strong><br \/>\nDubuffet, Jean, Fascidule 3, Collection de l\u2019art brut, Lausanne (1965) 1999<\/p>\n<p>Luchsinger, Katrin, &#8222;Robert Gie&#8220;. in: Airloom \u2013 Der Luftwebstuhl und andere gef\u00e4hrliche Beeinflussungsapparate. Katalog Sammlung Prinzhorn, Heidelberg 2006, S. 214-238<\/p>\n<p>Flournoy, Henri, &#8222;Le symbolisme de la clef&#8220;, in: Internationale Zeitschrift f\u00fcr Psychoanalyse, VI Jg, 1920, S. 269-270<\/p>\n<p>Tramer, Moritz, Technisches Schaffen Geisteskranker, M\u00fcnchen und Berlin, 1926<\/p>\n<p>Tramer, Moritz, Kantonale Heil- und Pflegeanstalt Rosegg und Pflegeheim Fridau, Verlag Eckhardt &amp; Pesch, Z\u00fcrich, 1932<\/p>\n<p>Weber, Maril\u00e8ne, &#8222;Machines et dessins de machines dans l\u2019art asilaire&#8220;. In: Fabienne Hulak (Hg.), Pens\u00e9e psychotique et cr\u00e9ation de syst\u00e8mes. La machine mis \u00e0 nu, Ramonville Saint-Agne 2003, S. 57-103<!--:--><!--:en--><\/p>\n<p>No inventory list as pdf for download<\/p>\n<p><strong>Solothurn Psychiatric Services. Works from Rosegg Cantonal Clinic<\/strong><\/p>\n<p>Rosegg Clinic was built in 1860, as a relatively small, rural asylum at the foot of Mount Weissenstein. During the First World War, under Leopold Greppin (director 1892\u20131924), the clinic was overcrowded, with a mere 360 beds for 440 patients. Rosegg included Fridau nursing home and an extramural living group. In 1924, the psychiatrist Moritz Tramer (1882\u20131963) was appointed director (which he served as until 1945). Tramer was from Hungary and had studied mathematics, philosophy, and medicine in Zurich. Together with Heinrich Hanselmann, in 1920 Tramer founded the Seminar for Patients with Special Needs. He is considered the founder of child psychiatry. His wife, Franziska Baumgarten Tramer (1889\u20131970), taught applied psychology, occupational psychology, and career studies at the University of Bern. Tramer diversified the workshops available at Rosegg and thus improved work therapy. Based on his equally mathematical-technical and psychiatric knowledge, in 1926 he studied the drawings and plans of thirteen patients who believed they were inventors. The resulting publication is based on hundreds of sketches, diagrams, and models, which Tramer explored not only with regard to their aesthetic-symbolic potential but also their practical-cultural and cognitive potential. Tramer promoted these patients by recommending literature and placing a workshop at their disposal.  His study documents and illustrates the progress of these inventions, which often concerned the subject of perpetual motion. Among these inventors were the carpenter Robert Gie (1869\u2013?), who was a patient at Rosegg from 1908\u20131922. Charles Ladame, an assistant doctor from 1918\u20131924, took along some of Gie\u2019s drawings and later gave them to the Collection de l\u2019Art Brut. The surviving works include two original drawings and numerous blueprints furnished by Ladame. The Rosegg archives hold neither the files of the patients studied by Tramer, nor have the drawings from that time survived. <\/p>\n<p><strong>References<\/strong><br \/>\nDubuffet, Jean, Fascidule 3, Collection de l\u2019art brut, Lausanne (1965) 1999<\/p>\n<p>Flournoy, Henri, Le symbolisme de la clef, in: Internationale Zeitschrift f\u00fcr Psychoanalyse, VI, 1920, pp. 269\u2013270<\/p>\n<p>Luchsinger Katrin, &#8222;Robert Gie&#8220;. in: R\u00f6ske, Thomas (ed.), Airloom-Der Luftwebstuhl und andere gef\u00e4hrliche Beeinflussungsapparate. Katalog Sammlung Prinzhorn, Heidelberg 2006, pp. 214\u2013238<\/p>\n<p>Tramer, Moritz, Technisches Schaffen Geisteskranker, M\u00fcnchen und Berlin, 1926<\/p>\n<p>Tramer, Moritz, Kantonale Heil- und Pflegeanstalt Rosegg und Pflegeheim Fridau, Verlag Eckhardt &amp; Pesch, Z\u00fcrich, 1932<\/p>\n<p>Weber, Maril\u00e8ne, Machines et dessins de machines dans l\u2019art asilaire. In: Fabienne Hulak (ed.), Pens\u00e9e psychotique  et cr\u00e9ation de syst\u00e8mes. La machine mis \u00e0 nu, Ramonville Saint-Agne 2003, pp. 57-103<!--:--><!--:fr--><strong>Services psychiatriques de Soleure<br \/>\nServices psychiatriques de Soleure Oeuvres de la \u201eKantonale Heil- und Pflegeanstalt Rosegg\u201c (asile et maison de soins) <\/strong><\/p>\n<p>L\u2019asile de Rosegg, construit en 1860, \u00e9tait une institution relativement petite, situ\u00e9e \u00e0 la campagne au pied du Weissenstein. Pendant la Premi\u00e8re Guerre Mondiale, sous le directeur Greppin (directeur de 1892 \u00e0 1924) l\u2019\u00e9tablissement \u00e9tait fort surpeupl\u00e9 avec ses 440 patients pour les 360 lits. La maison de soins de Fridau et une habitation prot\u00e9g\u00e9e \u00e0 l\u2019ext\u00e9rieure faisaient partie de l\u2019institution. En 1924 le psychiatre Moritz Tramer (1882-1963) prit la direction de l\u2019asile de Rosegg, qu\u2019il dirigea jusqu\u2019en 1945. Tramer \u00e9tait originaire de Hongrie et avait \u00e9tudi\u00e9 les math\u00e9matiques, la philosophie et la m\u00e9decine \u00e0 Zurich. En 1920 il avait fond\u00e9, avec Heinrich Hanselmann, le s\u00e9minaire de p\u00e9dagogie curative. Aujourd\u2019hui on le consid\u00e8re comme fondateur de la p\u00e9dopsychiatrie. Son \u00e9pouse, Franziska Baumgarten Tramer (1889-1970) enseignait la psychologie appliqu\u00e9e, la psychologie du travail et l\u2019orientation professionnelle \u00e0 l\u2019Universit\u00e9 de Berne. Tramer multiplia l\u2019offre d\u2019ateliers au Rosegg et r\u00e9ussit ainsi \u00e0 am\u00e9liorer lles possibilit\u00e9s de th\u00e9rapie par le travail. Bas\u00e9 sur ses connaissances math\u00e9matiques et techniques ainsi que sur son savoir psychiatrique il examinait en 1926 des dessins et des plans cr\u00e9\u00e9s par 13 des patients qui croyaient \u00eatre des inventeurs. Sa publication s\u2019appuie sur des centainesde croquis, de diagrammes et de mod\u00e8les. Il en examinait le potentiel pratique, culturel et cognitif des repr\u00e9sentations graphiques, et non leur valeur artistique et symbolique. Tramer fit avancer les choses en proposant des livres et par la mise en place d\u2019un atelier. Le progr\u00e8s des inventions qui tournaient souvent autour du th\u00e8me d\u2019un perpetuum mobile est d\u00e9crit et conserv\u00e9 en images dans sa publication. Robert Gie (1869- ?) \u00e9tait l\u2019un de ces inventeurs. Il s\u00e9journait \u00e0 l\u2019asile de 1908 \u00e0 1922. Charles Ladame, m\u00e9decin-assistant de 1918 \u00e0 1924 au Rosegg et plus tard, travaillant \u00e0 l\u2019asile Bel-Air \u00e0 Gen\u00e8ve, emporta quelques dessins de Gie , dessins qui font aujourd\u2019hui partie de la Collection de l\u2019Art Brut. Ainsi se sont conserv\u00e9s deux des dessins originaux et quelques dessins que Ladame avait d\u00e9calqu\u00e9s. A cette exception pr\u00e8s, les services psychiatriques de Soleure ne disposent ni des dossiers des inventeurs que Tramer avait examin\u00e9s ni des dessins du temps de Tramer. <\/p>\n<p><strong>R\u00e9f\u00e9rences<\/strong><br \/>\nDubuffet, Jean, Fascidule 3, Collection de l\u2019art brut, Lausanne (1965) 1999.<br \/>\nLuchsinger Katrin, Robert Gie. in: Airloom-Der Luftwebstuhl und andere gef\u00e4hrliche Beeinflussungsapparate. Katalog Sammlung Prinzhorn, Heidelberg 2006, S. 214-238.<br \/>\nFlournoy, Henri, Le symbolisme de la clef, in: Internationale Zeitschrift f\u00fcr Psychoanalyse, VI Jg, 1920, S. 269-270.<br \/>\nTramer, Moritz, Technisches Schaffen Geisteskranker, M\u00fcnchen und Berlin, 1926.<br \/>\nTramer, Moritz, Kantonale Heil- und Pflegeanstalt Rosegg und Pflegeheim Fridau, Verlag Eckhardt &amp; Pesch, Z\u00fcrich, 1932.<br \/>\nWeber, Maril\u00e8ne, Machines et dessins de machines dans l\u2019art asilaire. In: Fabienne Hulak (Hg.), Pens\u00e9e psychotique et cr\u00e9ation de syst\u00e8mes. La machine mis \u00e0 nu, Ramonville Saint-Agne 2003, S. 57-103.<!--:--><\/p>\n","protected":false},"excerpt":{"rendered":"<p>Keine Inventarliste als pdf zum download Psychiatrische Dienste Solothurn Werke aus der \u201eKantonalen Heil- und Pflegeanstalt Rosegg\u201c Die Anstalt Rosegg wurde 1860 als relativ kleine, l\u00e4ndliche Institution am Fuss des Weissensteins erbaut. W\u00e4hrend des 1. Weltkrieges, unter Direktor Greppin (Direktor&hellip; <a href=\"https:\/\/blog.zhdk.ch\/bewahrenbesondererkulturgueter\/solothurn\/\" class=\"more-link\">Weiterlesen <span class=\"meta-nav\">&rarr;<\/span><\/a><\/p>\n","protected":false},"author":3805,"featured_media":0,"parent":0,"menu_order":0,"comment_status":"closed","ping_status":"closed","template":"","meta":{"footnotes":""},"class_list":["post-1592","page","type-page","status-publish","hentry"],"_links":{"self":[{"href":"https:\/\/blog.zhdk.ch\/bewahrenbesondererkulturgueter\/wp-json\/wp\/v2\/pages\/1592","targetHints":{"allow":["GET"]}}],"collection":[{"href":"https:\/\/blog.zhdk.ch\/bewahrenbesondererkulturgueter\/wp-json\/wp\/v2\/pages"}],"about":[{"href":"https:\/\/blog.zhdk.ch\/bewahrenbesondererkulturgueter\/wp-json\/wp\/v2\/types\/page"}],"author":[{"embeddable":true,"href":"https:\/\/blog.zhdk.ch\/bewahrenbesondererkulturgueter\/wp-json\/wp\/v2\/users\/3805"}],"replies":[{"embeddable":true,"href":"https:\/\/blog.zhdk.ch\/bewahrenbesondererkulturgueter\/wp-json\/wp\/v2\/comments?post=1592"}],"version-history":[{"count":10,"href":"https:\/\/blog.zhdk.ch\/bewahrenbesondererkulturgueter\/wp-json\/wp\/v2\/pages\/1592\/revisions"}],"predecessor-version":[{"id":3435,"href":"https:\/\/blog.zhdk.ch\/bewahrenbesondererkulturgueter\/wp-json\/wp\/v2\/pages\/1592\/revisions\/3435"}],"wp:attachment":[{"href":"https:\/\/blog.zhdk.ch\/bewahrenbesondererkulturgueter\/wp-json\/wp\/v2\/media?parent=1592"}],"curies":[{"name":"wp","href":"https:\/\/api.w.org\/{rel}","templated":true}]}}