{"id":1598,"date":"2018-09-20T14:58:51","date_gmt":"2018-09-20T14:58:51","guid":{"rendered":"https:\/\/blog.zhdk.ch\/bewahrenbesondererkulturgueter\/?page_id=1598"},"modified":"2023-12-31T22:25:10","modified_gmt":"2023-12-31T22:25:10","slug":"schaffhausen","status":"publish","type":"page","link":"https:\/\/blog.zhdk.ch\/bewahrenbesondererkulturgueter\/schaffhausen\/","title":{"rendered":"<!--:de-->Schaffhausen<!--:--><!--:en-->Schaffhausen<!--:--><!--:fr-->Schaffhouse<!--:-->"},"content":{"rendered":"<p><!--:de--><div id=\"attachment_65\" style=\"width: 1333px\" class=\"wp-caption alignnone\"><a href=\"https:\/\/blog.zhdk.ch\/bewahrenbesondererkulturgueter\/galerie-schaffhausen\/\"><img loading=\"lazy\" decoding=\"async\" aria-describedby=\"caption-attachment-65\" class=\"wp-image-65\" src=\"https:\/\/blog.zhdk.ch\/bewahrenbesondererkulturgueter\/files\/2018\/09\/SH_Breitenau_HeinrichL_Heft_crop.jpg\" alt=\"\" width=\"1323\" height=\"420\" \/><\/a><p id=\"caption-attachment-65\" class=\"wp-caption-text\">Galerie<\/p><\/div><\/p>\n<p><a href=\"https:\/\/blog.zhdk.ch\/bewahrenbesondererkulturgueter\/files\/2023\/12\/SH_Breitenau_Kulturgu\u0308terinventar_Liste.pdf\">Liste Kulturg\u00fcterinventar Schaffhausen<\/a><\/p>\n<p><strong>Psychiatrie-Zentrum\/Klinik f\u00fcr Psychiatrie und Psychotherapie Breitenau. Sammlung Breitenau, Staatsarchiv des Kantons Schaffhausen<\/strong><\/p>\n<p>Am 1. Juli 1891 wurde am Stadtrand von Schaffhausen die &#8222;Irrenanstalt Breitenau&#8220; fu\u0308r 120 Patient_innen er\u00f6ffnet. Bereits 1910 waren Erweiterungsbauten fu\u0308r die unterdessen etwa 300 Patient_innen n\u00f6tig. Das Interesse an deren ku\u0308nstlerischem Schaffen ist vor allem dem zweiten Anstaltsdirektor, Hans Bertschinger (1870\u20131935), zu verdanken, der von 1904 bis zu seinem Tod der Anstalt vorstand. Bertschinger war Psychoanalytiker und stellte auch mehrere Analytiker in der Anstalt an: Hermann Nunberg (1884\u20131970), Emma Fu\u0308rst (1875\u20131939), Emil Oberholzer (1883\u20131958) und dessen Partnerin Mira Gincburg (1887\u20131949). 1911 ver\u00f6ffentlichte Bertschinger einen umfangreichen Text u\u0308ber die Psychoanalyse seiner jungen Patientin Mathilde R., den er mit 29 ihrer Zeichnungen illustrierte. Auch Karl Heinrich Fehrlin, Bernhard B. oder Hans L. waren ku\u0308nstlerisch t\u00e4tig. Bertschinger schenkte Hans Prinzhorn fu\u0308r die Sammlung in Heidelberg 1920 drei Zeichnungen des Fotoretoucheurs Adolph Schudel. Sie sind in Prinzhorns Publikation &#8222;Bildnerei der Geisteskranken&#8220; von 1922 abgebildet (&#8222;Fall 121&#8220;, Abb. 39\u201341). Der symbolistische Ku\u0308nstler Alfred Kubin schrieb 1922 begeistert daru\u0308ber, sie liessen &#8222;im Ausdruck an persische Miniaturen denken&#8220;. Die Sammlung Breitenau umfasst 306 Werke von 27 Ku\u0308nstlern und 12 Ku\u0308nstlerinnen, eine_r davon ist anonym. Es wurde jede Krankenakte aus dem Zeitraum 1891 bis 1930 durchgesehen (4&#8217;850 Akten).<\/p>\n<p><strong>Ausstellungen<\/strong><br \/>\n2018-2019 \u201eExtraordinaire! Unbekannte Werke aus psychiatrischen Einrichtungen in der Schweiz um 1900\u201c, Sammlung Prinzhorn, Heidelberg, Kunstmuseum Thun, LENTOS Kunstmuseum Linz (Katalog)<\/p>\n<p>2009, Sammlung Prinzhorn (darunter drei Werke von Adolf Schudel) Benediktinerstift Admont, Oesterreich <\/p>\n<p><strong>Literatur<\/strong><br \/>\nBertschinger, Hans, Illustrierte Halluzinationen, in: Jahrbuch f\u00fcr psychoanalytische und psychopathologische Forschungen 3, 1911, S. 69-100 <\/p>\n<p>Brand-Claussen, Bettina \u201e\u2018&#8230; lassen sich neben den besten Expressionisten sehen \u2013 Alfred Kubin, Wahnsinns-Bl\u00e4tter und die \u201aKunst der Irren\u2018\u201c, in: Herwig Guratzsch (Hrsg.), Thomas R\u00f6ske (Red.) Expressionismus und Wahnsinn, Ausst. Kat. Sammlung Prinzhorn Heidelberg 14.9.-14.12.2003, M\u00fcnchen 2003, S. 136-150<\/p>\n<p>Fehrlin, Karl Heinrich, Die Schizophrenie. Kommentierte Neuausgabe mit schriftdeutscher \u00dcbersetzung herausgegeben von Katrin Luchsinger und Ren\u00e9 Specht, Z\u00fcrich 2022<\/p>\n<p>Gysin, Francois Auguste, Schaffhauser Psychiatrie im 19. Jahrhundert und die Entstehung der Kantonalen Irrenanstalt Breitenau. Z\u00fcrich 1990.<\/p>\n<p>Historischer Verein Schaffhausen und Spit\u00e4ler Schaffhausen (Hrsg.), 125 Jahre Psychiatriezentrum Breitenau, Schaffhausen 2018<\/p>\n<p>Luchsinger, Katrin, Hirsch, Helen, R\u00f6ske Thomas (Hrsg.), Extraordinaire! Unbekannte Werke aus psychiatrischen Einrichtungen in der Schweiz um 1900 \/ Extraordinairy! Unknown works from Swiss Psychiatric Institutions, Z\u00fcrich 2018<\/p>\n<p>Luchsinger, Katrin, &#8222;Alles Ferne, Fremde, Ungew\u00f6hnliche. Kunst in der Klinik Breitenau, 1904-1935&#8220;, in: Historischer Verein Schaffhausen und Spit\u00e4ler Schaffhausen (Hrsg.), 125 Jahre Psychiatriezentrum Breitenau, Schaffhausen 2018, S. 119-176<\/p>\n<p>Luchsinger, Katrin, &#8222;Erscheinungen aus einem Grenzland. Das Wirkungsfeld der Zeichnerin Mathilde R., Patientin der Irrenanstalt Breitenau (1907- 1908)&#8220;, in: C\u00e9line Kaiser, Monika Ankele, Sophie Ledebur (Hg.): Auffu\u0308hren. Aufzeichnen. Anordnen. Wissenspraktiken in Psychiatrie und Psychotherapie, Heidelberg 2019 (noch o.p.)<\/p>\n<p>Prinzhorn, Hans, Bildnerei der Geisteskranken. Ein Beitrag zur Psychologie und Psychopathologie der Gestaltung, Berlin 1922<\/p>\n<p>Kantonale Psychiatrische Klinik Breitenau (ed.) Hell, Daniel et al. red., Schaffhauser Psychiatrie im Wandel 1891-1991. Schaffhausen 1991 <\/p>\n<p>Schweizer, Martin: M\u00e4rchenhaft wie persische Miniaturen. In: Schaffhauser Nachrichten 10. Oktober 2009<!--:--><!--:en--><div id=\"attachment_65\" style=\"width: 1333px\" class=\"wp-caption alignnone\"><a href=\"https:\/\/blog.zhdk.ch\/bewahrenbesondererkulturgueter\/galerie-schaffhausen\/\"><img loading=\"lazy\" decoding=\"async\" aria-describedby=\"caption-attachment-65\" class=\"wp-image-65\" src=\"https:\/\/blog.zhdk.ch\/bewahrenbesondererkulturgueter\/files\/2018\/09\/SH_Breitenau_HeinrichL_Heft_crop.jpg\" alt=\"\" width=\"1323\" height=\"420\" \/><\/a><p id=\"caption-attachment-65\" class=\"wp-caption-text\">Galerie<\/p><\/div><\/p>\n<p><a href=\"https:\/\/blog.zhdk.ch\/bewahrenbesondererkulturgueter\/files\/2023\/12\/SH_Breitenau_Kulturgu\u0308terinventar_Liste.pdf\">Inventory Schaffhausen<\/a><\/p>\n<p><strong>Psychiatrie-Zentrum\/Klinik f\u00fcr Psychiatrie und Psychotherapie Breitenau<br \/>\nCollection Breitenau, Staatsarchiv of canton Schaffhausen<\/strong><\/p>\n<p>The Irrenanstalt Breitenau, originally planned for 120 patients, opened its doors on July 1, 1891 on the outskirts of Schaffhausen. By 1910, new annexes were already necessary for the approximately 300 patients living there. The interest in their artistic work is primarily due to the second director of the institution, Hans Bertschinger (1870\u20131935), who led the hospital from 1904 until his death. Bertschinger was a psychoanalyst and hired several other analysts to work at the institution, including Hermann Nunberg (1884\u20131970), Emma Fu\u0308rst (1875\u20131939), as well as Emil Oberholzer (1883\u20131958) and his partner Mira Gincburg (1887\u20131949). In 1911, Bertschinger published an extensive account of the psychoanalysis of his young patient Mathilde R., illustrated with twenty-nine of her drawings. Karl Heinrich Fehrlin, Bernhard B., and Hans L. also engaged in artistic work. Bertschinger gave three drawings by photo-retoucher Adolph Schudel to Hans Prinzhorn for his collection in Heidelberg. They are included in Prinzhorn\u2019s publication Bildnerei der Geisteskranken (Artistry of the Mentally Ill) from 1922 (\u201cCase 121,\u201d figs. 39\u201341). In 1922, the symbolist artist Alfred Kubin wrote enthusiastically that \u201ctheir expression is reminiscent of Persian miniatures\u201d29 (p. 148\u2013150). The Sammlung Breitenau includes 306 works by twenty-seven men and twelve women; one of the artists is anonymous. Every patient file from 1891 to 1930 was examined (4,850 files).<\/p>\n<p><strong>Exhibitions<\/strong><br \/>\n2018\u20132019 &#8222;Extraordinaire! Unbekannte Werke aus psychiatrischen Einrichtungen in der Schweiz um 1900\/Extraordinairy! Unknown Works from Psychiatric Instituions in Switzerland around 1900\u201c, Sammlung Prinzhorn, Heidelberg, Kunstmuseum Thun, LENTOS Kunstmuseum Linz (Catalogue d\/e)<\/p>\n<p>2009, Sammlung Prinzhorn (darunter drei Werke von Adolf Schudel) Benediktinerstift Admont, Oesterreich <\/p>\n<p><strong>References<\/strong><br \/>\nBertschinger, Hans, Illustrierte Halluzinationen, in: Jahrbuch f\u00fcr psychoanalytische und psychopathologische Forschungen 3, 1911, S. 69-100 <\/p>\n<p>Brand-Claussen, Bettina, \u201e&#8230; lassen sich neben den besten Expressionisten sehen \u2013 Alfred Kubin, Wahnsinns-Bl\u00e4tter und die \u201aKunst der Irren\u2018, in: Herwig Guratzsch (ed.), Thomas R\u00f6ske (Red.) Expressionismus und Wahnsinn, Ausst. Kat. Sammlung Prinzhorn Heidelberg 14.9.-14.12.2003, M\u00fcnchen 2003, S. 136-150 <\/p>\n<p>Fehrlin, Karl Heinrich, Die Schizophrenie. Kommentierte Neuausgabe mit schriftdeutscher \u00dcbersetzung herausgegeben von Katrin Luchsinger und Ren\u00e9 Specht, Z\u00fcrich 2022<\/p>\n<p>Gysin, Francois Auguste, Schaffhauser Psychiatrie im 19. Jahrhundert und die Entstehung der Kantonalen Irrenanstalt Breitenau. Z\u00fcrich 1990 <\/p>\n<p>Historischer Verein Schaffhausen und Spit\u00e4ler Schaffhausen (eds.), 125 Jahre Psychiatriezentrum Breitenau, Schaffhausen 2018<\/p>\n<p>Luchsinger, Katrin, Hirsch, Helen, R\u00f6ske Thomas (eds.), Extraordinaire! Unbekannte Werke aus psychiatrischen Einrichtungen in der Schweiz um 1900 \/ Extraordinairy! Unknown works from Swiss Psychiatric Institutions around 1900, Z\u00fcrich 2018<\/p>\n<p>Luchsinger, Katrin, &#8222;Alles Ferne, Fremde, Ungew\u00f6hnliche\u201c Kunst in der Klinik Breitenau, 1904-1935, in: Historischer Verein Schaffhausen und Spit\u00e4ler Schaffhausen (eds.), 125 Jahre Psychiatriezentrum Breitenau, Schaffhausen 2018, S. 119-176<\/p>\n<p>Luchsinger, Katrin, &#8222;Erscheinungen aus einem Grenzland. Das Wirkungsfeld der Zeichnerin Mathilde R., Patientin der Irrenanstalt Breitenau (1907-1908)\u201c, in: C\u00e9line Kaiser, Monika Ankele, Sophie Ledebur (eds.): Auffu\u0308hren. Aufzeichnen. Anordnen. Wissenspraktiken in<br \/>\nPsychiatrie und Psychotherapie, Heidelberg 2019 (noch o.p.)<\/p>\n<p>Prinzhorn, Hans, Bildnerei der Geisteskranken. Ein Beitrag zur Psychologie und Psychopathologie der Gestaltung, Berlin 1922<\/p>\n<p>Kantonale Psychiatrische Klinik Breitenau (ed.) Hell, Daniel et al. red., Schaffhauser Psychiatrie im Wandel 1891-1991. Schaffhausen 1991 <\/p>\n<p><!--:--><!--:fr--><div id=\"attachment_65\" style=\"width: 1333px\" class=\"wp-caption alignnone\"><a href=\"https:\/\/blog.zhdk.ch\/bewahrenbesondererkulturgueter\/galerie-schaffhausen\/\"><img loading=\"lazy\" decoding=\"async\" aria-describedby=\"caption-attachment-65\" class=\"wp-image-65\" src=\"https:\/\/blog.zhdk.ch\/bewahrenbesondererkulturgueter\/files\/2018\/09\/SH_Breitenau_HeinrichL_Heft_crop.jpg\" alt=\"\" width=\"1323\" height=\"420\" \/><\/a><p id=\"caption-attachment-65\" class=\"wp-caption-text\">Galerie<\/p><\/div><\/p>\n<p><a href=\"https:\/\/blog.zhdk.ch\/bewahrenbesondererkulturgueter\/files\/2018\/08\/SH_Breitenau_Kulturgueterinventar.pdf\">Inventaire Schaffhouse<\/a><\/p>\n<p><strong>Centre de psychiatrie \/ clinique de psychiatrie et de psychoth\u00e9rapie Breitenau<br \/>\nCollection de Breitenau <\/strong><\/p>\n<p>Le centre de psychiatrique Breitenau, qui fut inaugur\u00e9 le 1er juillet 1891 sous le nom de \u00ab Irrenanstalt Breitenau \u00bb (asile pour ali\u00e9n\u00e9s de Breitenau) \u00e9tait pr\u00e9vu pour une centaine de patientes et patients. Mais peu d\u2019ann\u00e9es plus tard, l\u2019asile souffrait de surpopulation de sorte qu\u2019il fallait la doter de plusieurs annexes, cela jusqu\u2019en 1910. A plusieurs reprises on rebaptisa l\u2019institution : successivement elle devint en 1934 \u00ab Heil- und Pflegeanstalt \u00bb (asile et maison de soins), en 1965 \u00ab Psychiatrische Klinik \u00bb (clinique psychiatrique) et en 1991 \u00abPsychiatrie-Zentrum \/ Klinik f\u00fcr Psychiatrie und Psychotherapie \u00bb (centre de psychiatrie \/ clinique de psychiatrie et de psychoth\u00e9rapie). On doit la collection du Centre de Psychiatrie principalement au psychiatre Hans Bertschinger (1870-1935) qui \u00e9tait inspir\u00e9 par la psychanalyse. Il fut le directeur de l\u2019\u00e9tablissement pendant trois d\u00e9cennies, de 1904 \u00e0 1935. Il ajoutait parfois de grands ensembles d\u2019oeuvres aux dossiers des malades, parfois aussi de tr\u00e8s petites broderies. C\u2019est gr\u00e2ce \u00e0 cet int\u00e9r\u00eat de Bertschinger que la collection de la Breitenau figure parmi les collections les plus importantes en Suisse. On en conna\u00eet surtout un ensemble de neuf dessins d\u2019Adolf Schudel (1869-1918). Trois de ces dessins (\u00ab Steiler Pfad \u00bb, \u00bbKr\u00f6tenteich im Vollmond \u00bb und \u00ab Die F\u00fctterzeit \u00bb) se retrouvent depuis 1920 dans la collection Prinzhorn. Ce dernier appr\u00e9cia l\u2019oeuvre de Schudel dans son \u00e9tude \u00ab Bildnerei de Geisteskranken \u00bb (voir Prinzhorn, 1922, \u00ab Fall 121 \u00bb, Abb. 39-41). L\u2019artiste symboliste Alfred Kubin \u00e9crivit en 1922 que les dessins de Schudel faisaient penser \u00e0 des miniatures perses (liessen \u00ab im Ausdruck an persische Miniaturen den-ken \u00bb ; Kubin, in : Das Kunstblatt, Heft 5, 1922, S. 185-188, zit. nach : Bettina Brand-Claussen, 2003, S. 145). D\u2019importants ensembles d\u2019oeuvres sont ceux de Bernhard B. (1902-?), qui dessinait des sc\u00e8nes de la vie d\u2019asile; celles du m\u00e9t\u00e9orologue Carl F. (1866- ?), dont on conserve 34 dessins ; de Christine F. (1877. ?) ; de Bertha O. (1882- ?) ou celles de Mathilde R. (1882- ?). De cette derni\u00e8re Hans Bertschinger conservait 57 dessins dans le dossier m\u00e9dicale, surtout des repr\u00e9sentations d\u2019animaux et des dessins qu\u2019elle avait cr\u00e9\u00e9s dans un \u00e9tat de somnambule. D\u2019autres sont publi\u00e9 dans un article (Bertschinger 1911). La collection de Breitenau comporte plus de 306 oeuvres ; tous les dossiers (4850) furent examin\u00e9s. <\/p>\n<p><strong>Expositions<\/strong><br \/>\n2009, Sammlung Prinzhorn (darunter drei Werke von Adolf Schudel) Benediktinerstift Admont, Oesterreich<br \/>\nDas Museum Allerheiligen Schaffhausen zeigt 2015 erstmals einen \u00dcberblick \u00fcber die Sammlung Breitenau. <\/p>\n<p><strong>R\u00e9f\u00e9rences<\/strong><br \/>\nHans Bertschinger, Illustrierte Halluzinationen, in: Jahrbuch f\u00fcr psychoanalytische und psychopathologische Forschungen 3, 1911, S. 69-100.<br \/>\nBettina Brand-Claussen, \u201e&#8230; lassen sich neben den besten Expressionisten sehen \u2013 Alfred Kubin, Wahnsinns-Bl\u00e4tter und die , in: Herwig Guratzsch (Hg.), Thomas R\u00f6ske (Red.) Expressionismus und Wahnsinn, Ausst. Kat. Sammlung Prinzhorn Heidelberg 14.9.-14.12.2003, M\u00fcnchen 2003, S. 136-150.<br \/>\nGysin, Francois Auguste: Schaffhauser Psychiatrie im 19. Jahrhundert und die Entstehung der Kantonalen Irrenanstalt Breitenau. Z\u00fcrich 1990.<br \/>\nPrinzhorn, Hans, Bildnerei der Geisteskranken. Ein Beitrag zur Psychologie und Psychopathologie der Gestaltung, Berlin 1922.<br \/>\nSchaffhauser Psychiatrie im Wandel 1891-1991. Schaffhausen 1991.<br \/>\nSchweizer, Martin: M\u00e4rchenhaft wie persische Miniaturen. In: Schaffhauser Nachrichten 10. Oktober 2009.<\/p>\n<p><!--:--><\/p>\n","protected":false},"excerpt":{"rendered":"<p>Liste Kulturg\u00fcterinventar Schaffhausen Psychiatrie-Zentrum\/Klinik f\u00fcr Psychiatrie und Psychotherapie Breitenau. Sammlung Breitenau, Staatsarchiv des Kantons Schaffhausen Am 1. Juli 1891 wurde am Stadtrand von Schaffhausen die &#8222;Irrenanstalt Breitenau&#8220; fu\u0308r 120 Patient_innen er\u00f6ffnet. Bereits 1910 waren Erweiterungsbauten fu\u0308r die unterdessen etwa 300&hellip; <a href=\"https:\/\/blog.zhdk.ch\/bewahrenbesondererkulturgueter\/schaffhausen\/\" class=\"more-link\">Weiterlesen <span class=\"meta-nav\">&rarr;<\/span><\/a><\/p>\n","protected":false},"author":3805,"featured_media":0,"parent":0,"menu_order":0,"comment_status":"closed","ping_status":"closed","template":"","meta":{"footnotes":""},"class_list":["post-1598","page","type-page","status-publish","hentry"],"_links":{"self":[{"href":"https:\/\/blog.zhdk.ch\/bewahrenbesondererkulturgueter\/wp-json\/wp\/v2\/pages\/1598","targetHints":{"allow":["GET"]}}],"collection":[{"href":"https:\/\/blog.zhdk.ch\/bewahrenbesondererkulturgueter\/wp-json\/wp\/v2\/pages"}],"about":[{"href":"https:\/\/blog.zhdk.ch\/bewahrenbesondererkulturgueter\/wp-json\/wp\/v2\/types\/page"}],"author":[{"embeddable":true,"href":"https:\/\/blog.zhdk.ch\/bewahrenbesondererkulturgueter\/wp-json\/wp\/v2\/users\/3805"}],"replies":[{"embeddable":true,"href":"https:\/\/blog.zhdk.ch\/bewahrenbesondererkulturgueter\/wp-json\/wp\/v2\/comments?post=1598"}],"version-history":[{"count":15,"href":"https:\/\/blog.zhdk.ch\/bewahrenbesondererkulturgueter\/wp-json\/wp\/v2\/pages\/1598\/revisions"}],"predecessor-version":[{"id":3399,"href":"https:\/\/blog.zhdk.ch\/bewahrenbesondererkulturgueter\/wp-json\/wp\/v2\/pages\/1598\/revisions\/3399"}],"wp:attachment":[{"href":"https:\/\/blog.zhdk.ch\/bewahrenbesondererkulturgueter\/wp-json\/wp\/v2\/media?parent=1598"}],"curies":[{"name":"wp","href":"https:\/\/api.w.org\/{rel}","templated":true}]}}