{"id":1610,"date":"2018-09-20T15:04:21","date_gmt":"2018-09-20T15:04:21","guid":{"rendered":"https:\/\/blog.zhdk.ch\/bewahrenbesondererkulturgueter\/?page_id=1610"},"modified":"2023-12-11T21:38:58","modified_gmt":"2023-12-11T21:38:58","slug":"neuchatel","status":"publish","type":"page","link":"https:\/\/blog.zhdk.ch\/bewahrenbesondererkulturgueter\/neuchatel\/","title":{"rendered":"<!--:de-->Neuch\u00e2tel<!--:--><!--:en-->Neuch\u00e2tel<!--:--><!--:fr-->Neuch\u00e2tel<!--:-->"},"content":{"rendered":"<p><!--:de--><div id=\"attachment_65\" style=\"width: 1333px\" class=\"wp-caption alignnone\"><a href=\"https:\/\/blog.zhdk.ch\/bewahrenbesondererkulturgueter\/galerie-neuchatel\/\"><img loading=\"lazy\" decoding=\"async\" aria-describedby=\"caption-attachment-65\" class=\"wp-image-65\" src=\"https:\/\/blog.zhdk.ch\/bewahrenbesondererkulturgueter\/files\/2018\/09\/NE_Prefargier_Marie_ElisabethM_crop.jpg\" alt=\"\" width=\"1323\" height=\"420\" \/><\/a><p id=\"caption-attachment-65\" class=\"wp-caption-text\">Galerie<\/p><\/div><\/p>\n<p><a href=\"https:\/\/blog.zhdk.ch\/bewahrenbesondererkulturgueter\/files\/2023\/12\/NE_Perreux_Kulturgu\u0308terinventar_Liste.pdf\">Liste Kulturg\u00fcterinventar Neuch\u00e2tel Perreux<\/a><br \/>\n<a href=\"https:\/\/blog.zhdk.ch\/bewahrenbesondererkulturgueter\/files\/2023\/12\/NE_Pre\u0301fargier_Kulturgu\u0308terinventar_Liste.pdf\">Liste Kulturg\u00fcterinventar Neuch\u00e2tel Pr\u00e9fargier<\/a><\/p>\n<p><strong>CNP: Centre Psychiatrique Neuch\u00e2telois, Site de Pr\u00e9fargier, Pr\u00e9fargier Collections, Fondation Pr\u00e9fargier. Site Perreux, Perreux Collection (beide seit 2018 in den Archives Cantonales)<\/strong><\/p>\n<p>Die &#8222;Maison de Sant\u00e9 de Pr\u00e9fargier&#8220; wurde 1848 als wohlt\u00e4tige Stiftung des reichen Neuenburger Kaufmanns Auguste-Fr\u00e9d\u00e9ric de Meuron (1789\u20131852) fu\u0308r Geisteskranke aus einkommensschwachen Verh\u00e4ltnissen erbaut. De Meuron stammte aus einer Unternehmerfamilie und hatte in Brasilien mit dem Anbau von Schnupftabak ein Verm\u00f6gen erworben. Die &#8222;Maison de Sant\u00e9 de Pr\u00e9fargier&#8220; wurde ein vorbildlicher Anstaltsbau: abgelegen, aber in einem der sch\u00f6nsten Landschaftsg\u00e4rten in der Schweiz, der direkt an den See anstiess, ein eleganter, mit gelbem Jurasandstein verkleideter Bau mit einer der ersten zentralen Warmwasserheizungen in der Schweiz. Der Anstaltsalltag bestand jedoch vor allem in Arbeit in der Landwirtschaft, im Garten und Haushalt. Wegen finanzieller Engp\u00e4sse wurde 1867 im Park eine &#8222;Villa&#8220; fu\u0308r Privatpatienten erbaut. Durch den Bau der zweiten Anstalt im Kanton, der Pfleganstalt Perreux 1897, konnte Pr\u00e9fargier als &#8222;unheilbar&#8220; begutachtete Patient_innen dorthin entlassen. Bis 2008 lag die Gesch\u00e4ftsleitung in den H\u00e4nden der Familie de Meuron, heute ist der &#8222;Site de Pr\u00e9fargier&#8220; Teil der Psychiatrischen Dienste des Kantons Neuenburg (CNP). Im Archiv der Anstalt werden alle Akten seit der Klinikgru\u0308ndung aufbewahrt. Es wurden von insgesamt ca. 16\u2019000 Krankenakten aus dem Zeitraum 1848\u20131930 3208 Akten (ein Fu\u0308nftel) durchgesehen. Hierin fanden sich 199 Werke von 28 M\u00e4nnern und 12 Frauen, darunter auch Zeichenhefte. Von der Patientin Eug\u00e9nie P. waren 1922 drei Werke in die Sammlung Prinzhorn nach Heidelberg geschickt worden, ihre Krankenakte ist jedoch nicht auffindbar. (Inv. Nr. 1657-59, Fall Nr. 120). Ungef\u00e4hr ein Duzend der Werke stammt aus der Klinik Perreux, die 1897 als Kantonale Pflegeanstalt gegr\u00fcndet wurde. Im Archiv der Klinik fanden sich in den Krankenakten jedoch praktisch keine pers\u00f6nlichen Dokumente mehr. Der Aktenbestand wurde stichprobenartig durchgesehen. <\/p>\n<p><strong>Ausstellung<\/strong><br \/>\n2018-2019 \u201eExtraordinaire! Unbekannte Werke aus psychiatrischen Einrichtungen in der Schweiz um 1900\u201c, Sammlung Prinzhorn, Heidelberg, Kunstmuseum Thun, LENTOS Kunstmuseum Linz (Katalog d\/e)<\/p>\n<p><strong>Literatur<\/strong><br \/>\nBovet-Wolff, Louis, Notice sur la maison de Sant\u00e9 de Pr\u00e9fargier, Canton de Neuch\u00e2tel en Suisse, Neuch\u00e2tel 1848 de Meuron Guy (Hrsg.), La Maison de sant\u00e9 de Pr\u00e9fargier 1849-1949, Neuch\u00e2tel 1949<\/p>\n<p>Fussinger, Catherine, Tevaearai, Deodaat, Lieux de folie. Monuments de raison. Lausanne, 1998<\/p>\n<p>Jelmini, Jean-Pierre, &#8222;Pr\u00e9sence et traitement des maladies mentales dans les h\u00f4piteaux publics de Neuch\u00e2tel dans la premi\u00e8re moiti\u00e9 du XIX si\u00e8cle&#8220;, in: Louis- de Meuron Dominique (Hrsg.), 1849-1999 Pr\u00e9fargier. 150 ans au service de la psychiatrie, Neuch\u00e2tel 1999<\/p>\n<p>Luchsinger, Katrin, Hirsch, Helen, R\u00f6ske Thomas (Hrsg.), Extraordinaire! Unbekannte Werke aus psychiatrischen Einrichtungen in der Schweiz um 1900 \/ Extraordinairy! Unknown works from Swiss Psychiatric Institutions, Z\u00fcrich 2018<\/p>\n<p>Luchsinger, Katrin, &#8222;\u2019Faut-il alors diriger ma pens\u00e9e?\u2019 Eug\u00e9nie P. in der Maison de Sant\u00e9 de Pr\u00e9fargier&#8220;, in: Die Vergessenskurve. Werke von Patientinnen und Patienten in psychiatrischen Kliniken um 1900. Eine kulturanalytische Studie, Z\u00fcrich 2016, S. 343-380 <\/p>\n<p>Steinlechner, Gisela, \u201eEigenwillige Handschriften. \u00c4sthetische Strategien und Modelle weiblicher Autorschaft in der Sammlung Prinzhorn\u201c, in: Brand-Claussen, Bettina, Micheli, Viola, (Hrsg.), Irre ist weiblich. K\u00fcnstlerische Interventionen von Frauen in der Psychiatrie um 1900, Heidelberg 2004, S. 15-25<br \/>\n<!--:--><!--:en--><div id=\"attachment_65\" style=\"width: 1333px\" class=\"wp-caption alignnone\"><a href=\"https:\/\/blog.zhdk.ch\/bewahrenbesondererkulturgueter\/galerie-neuchatel\/\"><img loading=\"lazy\" decoding=\"async\" aria-describedby=\"caption-attachment-65\" class=\"wp-image-65\" src=\"https:\/\/blog.zhdk.ch\/bewahrenbesondererkulturgueter\/files\/2018\/09\/NE_Prefargier_Marie_ElisabethM_crop.jpg\" alt=\"\" width=\"1323\" height=\"420\" \/><\/a><p id=\"caption-attachment-65\" class=\"wp-caption-text\">Galerie<\/p><\/div><\/p>\n<p><a href=\"https:\/\/blog.zhdk.ch\/bewahrenbesondererkulturgueter\/files\/2023\/12\/NE_Perreux_Kulturgu\u0308terinventar_Liste.pdf\">Inventory Neuch\u00e2tel Perreux<\/a><br \/>\n<a href=\"https:\/\/blog.zhdk.ch\/bewahrenbesondererkulturgueter\/files\/2023\/12\/NE_Pre\u0301fargier_Kulturgu\u0308terinventar_Liste.pdf\">Inventory Neuch\u00e2tel Pr\u00e9fargier<\/a><\/p>\n<p><strong>CNP: Centre Psychiatrique Neuch\u00e2telois, Site de Pr\u00e9fargier, Pr\u00e9fargier Collections, Fondation Pr\u00e9fargier<br \/>\nSite Perreux, Perreux Collection (both at the Archives Cantonales since 2018)<\/strong><\/p>\n<p>The Maison de Sant\u00e9 de Pr\u00e9fargier was founded by the rich Neuchatel merchant and philanthropist Auguste-Fr\u00e9d\u00e9ric de Meuron (1789\u20131852) for the mentally ill from the poorer classes. De Meuron came from a family of entrepreneurs and had made his own fortune with the cultivation of snuff tobacco in Brazil. The Maison de Sant\u00e9 de Pr\u00e9fargier became a model hospital building: Isolated, but located in one of the most beautifully landscaped gardens in Switzerland directly on the lake, it was housed in a building clad with yellow Jura sandstone that featured one of the very first warmwater heating systems in Switzerland. Everyday life in the hospital consisted primarily of work on the farm, in the garden, and in the household. Due to financial constraints, a \u201cvilla\u201d was built in the park for private paying patients in 1867. With the erection of the second institution in the canton, the Pfleganstalt Perreux in 1897, Pr\u00e9fargier was able to release those patients considered incurable. Until 2008, business affairs were solely in the hands of the De Meuron family, today the Site de Pr\u00e9fargier is part of the Centre psychiatrique neuch\u00e2telois (CNP). The hospital archive holds all files since the founding of the institution. From a total of around 16,000 patient files from the years 1848\u20131930, 3,208 files (one fifth) have been examined. They included 199 works by twenty-eight men and twelve women, including several notebooks. Three works by the patient Eug\u00e9nie P. were sent to the Sammlung Prinzhorn in Heidelberg in 1922; her patient file has not been found (inv. nos. 1657-59, Case no. 120). <\/p>\n<p>In the Archives of the Centre neuch\u00e2telois psychiatrique, site de Perreux\/clinique Perreux, the were hardly any personal documents saved (letters, drawings etc). We looked through the archive randomly. The archive has been transferred to the Archives Cantonales in 2018. <\/p>\n<p><strong>Exhibitions<\/strong><br \/>\n2018-2019 &#8222;Extraordinaire! Unbekannte Werke aus psychiatrischen Einrichtungen in der Schweiz um 1900\/Extraordinairy! Unknown Works from Psychiatric Instituions in Switzerland around 1900\u201c, Sammlung Prinzhorn, Heidelberg, Kunstmuseum Thun, LENTOS Kunstmuseum Linz (Catalogue d\/e)<\/p>\n<p><strong>References<\/strong>\u00a0<br \/>\nBovet-Wolff, Louis, Notice sur la maison de Sant\u00e9 de Pr\u00e9fargier, Canton de Neuch\u00e2tel en Suisse, Neuch\u00e2tel 1848 de Meuron Guy (ed.), La Maison de sant\u00e9 de Pr\u00e9fargier 1849-1949, Neuch\u00e2tel 1949<\/p>\n<p>Fussinger, Catherine, Tevaearai, Deodaat, Lieux de folie. Monuments de raison, Architecture et psychiatrie en Suisse romande 1830\u20131930. Lausanne 1998<\/p>\n<p>Jelmini, Jean-Pierre, Pr\u00e9sence et traitement des maladies mentales dans les h\u00f4piteaux publics de Neuch\u00e2tel dans la premi\u00e8re moiti\u00e9 du XIX si\u00e8cle, in: Louis- de Meuron Dominique (Hg.), 1849-1999 Pr\u00e9fargier. 150 ans au service de la psychiatrie, Neuch\u00e2tel 1999.<\/p>\n<p>Luchsinger, Katrin, Hirsch, Helen, R\u00f6ske Thomas (Hrsg.), Extraordinaire! Unbekannte Werke aus psychiatrischen Einrichtungen in der Schweiz um 1900 \/ Extraordinairy! Unknown works from Swiss Psychiatric Institutions around 1900, Z\u00fcrich 2018<\/p>\n<p>Luchsinger, Katrin, \u201eFaut-il alors diriger ma pens\u00e9e? Eug\u00e9nie P. in der Maison de Sant\u00e9 de Pr\u00e9fargier, in: Die Vergessenskurve. Werke von Patientinnen und Patienten in psychiatrischen Kliniken um 1900. Eine kulturanalytische Studie, Z\u00fcrich 2016, S. 343-380 <\/p>\n<p>Steinlechner, Gisela, \u201eEigenwillige Handschriften. \u00c4sthetische Strategien und Modelle weiblicher Autorschaft in der Sammlung Prinzhorn\u201c, in: Brand-Claussen, Bettina, Micheli, Viola (eds.), Irre ist weiblich. K\u00fcnstlerische Interventionen von Frauen in der Psychiatrie um 1900, Heidelberg 2004, S. 15-25<\/p>\n<p><!--:--><!--:fr--><div id=\"attachment_65\" style=\"width: 1333px\" class=\"wp-caption alignnone\"><a href=\"https:\/\/blog.zhdk.ch\/bewahrenbesondererkulturgueter\/galerie-neuchatel\/\"><img loading=\"lazy\" decoding=\"async\" aria-describedby=\"caption-attachment-65\" class=\"wp-image-65\" src=\"https:\/\/blog.zhdk.ch\/bewahrenbesondererkulturgueter\/files\/2018\/09\/NE_Prefargier_Marie_ElisabethM_crop.jpg\" alt=\"\" width=\"1323\" height=\"420\" \/><\/a><p id=\"caption-attachment-65\" class=\"wp-caption-text\">Galerie<\/p><\/div><\/p>\n<p><a href=\"https:\/\/blog.zhdk.ch\/bewahrenbesondererkulturgueter\/files\/2018\/08\/Neuenburg_Neuchatel_Kulturgueterinventar.pdf\">Inventaire Neuch\u00e2tel<\/a><\/p>\n<p><strong>CNP: Centre psychiatrique neuch\u00e2telois, site de Pr\u00e9fargier et site de Perreux<br \/>\nCollection Maison de Sant\u00e9 de Pr\u00e9fargier <\/strong><\/p>\n<p>La \u00ab Maison de Sant\u00e9 de Pr\u00e9fargier \u00bb fut construite en 1848 afin d\u2019abriter la fondation de bienfaisance du riche commer\u00e7ant neuch\u00e2telois Auguste-Fr\u00e9d\u00e9ric de Meuron (1789-1852). Elle pouvait h\u00e9berger cent malades mentaux issus de milieux pauvres et qu\u2019on croyait curables. De Meuron, issu d\u2019une famille d\u2019entrepreneurs, avait acquis sa fortune au Br\u00e9sil gr\u00e2ce \u00e0 la production du tabac \u00e0 priser. La \u00ab Maison de Sant\u00e9 de Pr\u00e9fargier \u00bb se pr\u00e9sentait comme un \u00e9difice moderne et exemplaire : isol\u00e9 mais situ\u00e9 dans l\u2019un des plus beaux jardins paysag\u00e9s de la Suisse, situ\u00e9 au bord du lac. La construction \u00e9l\u00e9gante, rev\u00eatue d\u2019un gr\u00e8s jaune du Jura, \u00e9tait dot\u00e9e d\u2019un des premiers chauffages centralis\u00e9s d\u2019eau chaude. En 1856 les patients pouvaient profiter d\u2019un enseignement en math\u00e9matiques, dessin et musique ; du reste la vie quotidienne \u00e0 la maison de sant\u00e9 \u00e9tait marqu\u00e9e comme partout ailleurs par le travail dans l\u2019agriculture, le jardin et le m\u00e9nage. Malgr\u00e9 l\u2019aspect seigneurial de la maison elle ne disposait que de ressources financi\u00e8res tr\u00e8s limit\u00e9es. Bien que le canton ait contribu\u00e9 aux co\u00fbts d\u2019exploitation il y avait de temps \u00e0 autre des p\u00e9nuries. En 1867 on fit construire dans le parc une \u00ab Villa \u00bb pour les patients priv\u00e9s. Gr\u00e2ce \u00e0 la construction de la deuxi\u00e8me clinique du canton en 1897, celle de Perreux, on put y placer les patients qu\u2019on estimait \u00ab incurables \u00bb. La direction de la clinique fut assur\u00e9e par la famille de Meuron jusqu\u2019en 2008. De nos jours, le \u00ab Site de Pr\u00e9fargier \u00bb fait partie des services psychiatriques du canton de Neuch\u00e2tel. Son archive conserve tous les dossiers depuis sa fondation. D\u2019un total de quelques 16\u2019000 dossiers de malades constitu\u00e9s entre 1848 et 1930 on a a examin\u00e9 3208 (donc un cinqui\u00e8me). On y a trouv\u00e9 199 oeuvres, entre autres des cahiers de dessins. Une douzaine des oeuvres provient de l\u2019ancien asile de Perreux, dont les son archives furent \u00e9galement examin\u00e9es. Trois des oeuvres de la patiente Eug\u00e9nie P. avaient \u00e9t\u00e9 envoy\u00e9es en 1922 \u00e0 la collection Prinzhorn de Heidelberg. (Inv. Nr. 1657-59, Fall Nr. 120) <\/p>\n<p><strong>R\u00e9f\u00e9rences<\/strong><br \/>\nBovet-Wolff, Louis, Notice sur la maison de Sant\u00e9 de Pr\u00e9fargier, Canton de Neuch\u00e2tel en Suisse, Neuch\u00e2tel 1848<br \/>\nde Meuron Guy (Hg.), La Maison de sant\u00e9 de Pr\u00e9fargier 1849-1949, Neuch\u00e2tel 1949.<br \/>\nFussinger, Catherine, Tevaearai, Deodaat, Lieux de folie. Monuments de raison. Lausanne, 1998.<br \/>\nJelmini, Jean-Pierre, Pr\u00e9sence et traitement des maladies mentales dans les h\u00f4piteaux publics de Neuch\u00e2tel dans la premi\u00e8re moiti\u00e9 du XIX si\u00e8cle, in: Louis- de Meuron Dominique (Hg.), 1849-1999 Pr\u00e9fargier. 150 ans au service de la psychiatrie, Neuch\u00e2tel 1999.<br \/>\nLuchsinger, Katrin, \u201eFaut-il alors diriger ma pens\u00e9e? Eug\u00e9nie P. in der Maison de Sant\u00e9 de Pr\u00e9far-gier, in: Die Vergessenskurve. Werke von Patientinnen und Patienten in psychiatrischen Anstalten um 1900. Eine kulturgeschichtliche Untersuchung, Diss. ersch. 2014.<br \/>\nSteinlechner, Gisela, Eigenwillige Handschriften. \u00c4sthetische Strategien und Modelle weiblicher Au-torschaft in der Sammlung Prinzhorn, in: Bettina Brand-Claussen, Viola Micheli (Hg.), Irre ist weib-lich. K\u00fcnstlerische Interventionen von Frauen in der Psychiatrie um 1900, Heidelberg 2004, S. 15-25.<!--:--><\/p>\n","protected":false},"excerpt":{"rendered":"<p>Liste Kulturg\u00fcterinventar Neuch\u00e2tel Perreux Liste Kulturg\u00fcterinventar Neuch\u00e2tel Pr\u00e9fargier CNP: Centre Psychiatrique Neuch\u00e2telois, Site de Pr\u00e9fargier, Pr\u00e9fargier Collections, Fondation Pr\u00e9fargier. Site Perreux, Perreux Collection (beide seit 2018 in den Archives Cantonales) Die &#8222;Maison de Sant\u00e9 de Pr\u00e9fargier&#8220; wurde 1848 als wohlt\u00e4tige&hellip; <a href=\"https:\/\/blog.zhdk.ch\/bewahrenbesondererkulturgueter\/neuchatel\/\" class=\"more-link\">Weiterlesen <span class=\"meta-nav\">&rarr;<\/span><\/a><\/p>\n","protected":false},"author":3805,"featured_media":0,"parent":0,"menu_order":0,"comment_status":"closed","ping_status":"closed","template":"","meta":{"footnotes":""},"class_list":["post-1610","page","type-page","status-publish","hentry"],"_links":{"self":[{"href":"https:\/\/blog.zhdk.ch\/bewahrenbesondererkulturgueter\/wp-json\/wp\/v2\/pages\/1610","targetHints":{"allow":["GET"]}}],"collection":[{"href":"https:\/\/blog.zhdk.ch\/bewahrenbesondererkulturgueter\/wp-json\/wp\/v2\/pages"}],"about":[{"href":"https:\/\/blog.zhdk.ch\/bewahrenbesondererkulturgueter\/wp-json\/wp\/v2\/types\/page"}],"author":[{"embeddable":true,"href":"https:\/\/blog.zhdk.ch\/bewahrenbesondererkulturgueter\/wp-json\/wp\/v2\/users\/3805"}],"replies":[{"embeddable":true,"href":"https:\/\/blog.zhdk.ch\/bewahrenbesondererkulturgueter\/wp-json\/wp\/v2\/comments?post=1610"}],"version-history":[{"count":10,"href":"https:\/\/blog.zhdk.ch\/bewahrenbesondererkulturgueter\/wp-json\/wp\/v2\/pages\/1610\/revisions"}],"predecessor-version":[{"id":3309,"href":"https:\/\/blog.zhdk.ch\/bewahrenbesondererkulturgueter\/wp-json\/wp\/v2\/pages\/1610\/revisions\/3309"}],"wp:attachment":[{"href":"https:\/\/blog.zhdk.ch\/bewahrenbesondererkulturgueter\/wp-json\/wp\/v2\/media?parent=1610"}],"curies":[{"name":"wp","href":"https:\/\/api.w.org\/{rel}","templated":true}]}}