{"id":1616,"date":"2018-09-20T15:05:53","date_gmt":"2018-09-20T15:05:53","guid":{"rendered":"https:\/\/blog.zhdk.ch\/bewahrenbesondererkulturgueter\/?page_id=1616"},"modified":"2023-12-11T21:29:57","modified_gmt":"2023-12-11T21:29:57","slug":"st-gallen","status":"publish","type":"page","link":"https:\/\/blog.zhdk.ch\/bewahrenbesondererkulturgueter\/st-gallen\/","title":{"rendered":"<!--:de-->St. Gallen St. Pirminsberg<!--:--><!--:en-->St. Gallen St. Pirminsberg<!--:--><!--:fr-->Saint-Gall St. Pirminsberg<!--:-->"},"content":{"rendered":"<p><!--:de--><div id=\"attachment_65\" style=\"width: 1333px\" class=\"wp-caption alignnone\"><a href=\"https:\/\/blog.zhdk.ch\/bewahrenbesondererkulturgueter\/galerie-st-gallen\/\"><img loading=\"lazy\" decoding=\"async\" aria-describedby=\"caption-attachment-65\" class=\"wp-image-65\" src=\"https:\/\/blog.zhdk.ch\/bewahrenbesondererkulturgueter\/files\/2018\/09\/STG_Priminsberg_KarlS_Ornament2_crop.jpg\" alt=\"\" width=\"1323\" height=\"420\" \/><\/a><p id=\"caption-attachment-65\" class=\"wp-caption-text\">Galerie<\/p><\/div><\/p>\n<p><a href=\"https:\/\/blog.zhdk.ch\/bewahrenbesondererkulturgueter\/files\/2023\/12\/SG_St-Pirminsberg_Kulturgu\u0308terinventar_Liste.pdf\">Liste Kulturg\u00fcterinventar St. Gallen<\/a><\/p>\n<p><strong>Psychiatrie Dienste \u2013 S\u00fcd, Klinik St.Pirminsberg. Sammlung St. Pirminsberg <\/strong><\/p>\n<p>Die erste psychiatrische Klinik im Kanton St. Gallen wurde 1847 im ehemaligen Benediktinerkloster St. Pirminsberg in Pf\u00e4fers er\u00f6ffnet. 1852 richtete die Klinik auf dem St. Margarethenberg, der Alp Alptal, eine Art Wohn- und Arbeitskolonie ein, mit 50 Hektaren der gr\u00f6sste Landwirtschaftsbetrieb der Anstalt. Zwischen 10 und 30 Patientinnen und Patienten verbrachten jeweils einen grossen Teil des Jahres in dieser therapeutischen Aussenstation. Das besondere auf dem St. Margarethenberg war, dass die dort arbeitenden Kranken abends nicht in die Heil- und Pflegeanstalt zur\u00fcckkehrten, sondern zusammen mit einigen W\u00e4rterinnen und W\u00e4rtern und einer K\u00f6chin auf dem Gut wohnten. Mit dieser Therapieform nahm St. Pirminsberg in der Schweiz eine Vorreiterrolle ein. Sie fand zahlreiche Nachahmer. Ein ber\u00fchmter Mitarbeiter in Pf\u00e4fers war Constantin von Monakow (1853\u20131930), erster Professor f\u00fcr Neurologie an der Universit\u00e4t Z\u00fcrich. Er verbrachte die Jahre 1878 bis 1885 als Sekund\u00e4rarzt in St. Pirminsberg, wo er die Neuronenlehre best\u00e4tigende hirnanatomische Tierexperimente an Katzen und Kaninchen durchf\u00fchrte. Manfred Bleuler (1903\u20131994) war hier in den Jahren 1933 bis 1936 ebenfalls als Sekund\u00e4rarzt t\u00e4tig. Aus der Geschichte der Klinik sind bisher keine Sammler bekannt. Die Krankenakten wurden 2010 ins Staatsarchiv St. Gallen \u00fcberf\u00fchrt. Hier fanden sich bei einer stichprobenartigen Durchsicht der Krankenakten 26 Werke von sechs Patienten. Von insgesamt 9285 Krankenakten der Aufnahmen zwischen 1847 und 1930 wurden ein F\u00fcnftel, 1&#8217;782 Akten, durchgesehen. Hervorzuheben ist das lange Gedicht \u201eDie N\u00e4hstube zu St.Pirminsberg\u201c von Ida S. (1869\u20131945). <\/p>\n<p><strong>Literatur<\/strong><br \/>\nMeier, Thomas, &#8222;150 Jahre Klinik St.Pirminsberg &#8211; die erste psychiatrische Klinik des Kantons St. Gallen&#8220;. In: Werdenberger Jahrbuch.- Jg. 12 (1999), S. 250-254<\/p>\n<p>150 Jahre Psychiatrische Klinik St.Pirminsberg 1847-1997. Hrsg. Kantonale psychiatrische Dienste &#8211; Sektor S\u00fcd. Bad Ragaz 1997<\/p>\n<p>Schneider, Anna, &#8222;Der \u2018Arbeitsdienst der Irren\u2019: Die Heil- und Pflegeanstalt St.Pirminsberg zwischen Therapie und \u00d6konomie im 19. Jahrhundert&#8220;. In: Zeit f\u00fcr Medizin!<br \/>\nEinblicke in die St. Galler Medizingeschichte, 151. Neujahrsblatt, Historischer Verein des Kantons St. Gallen (Hg.), St. Gallen 2011, S. 103-108<\/p>\n<p>Sibalic, Vladimir, Die Geschichte der Psychiatrischen Klinik St.Pirminsberg, (Z\u00fcrcher medizingeschichtliche Abhandlungen; Nr. 266). Dietikon 1996<!--:--><!--:en--><div id=\"attachment_65\" style=\"width: 1333px\" class=\"wp-caption alignnone\"><a href=\"https:\/\/blog.zhdk.ch\/bewahrenbesondererkulturgueter\/galerie-st-gallen\/\"><img loading=\"lazy\" decoding=\"async\" aria-describedby=\"caption-attachment-65\" class=\"wp-image-65\" src=\"https:\/\/blog.zhdk.ch\/bewahrenbesondererkulturgueter\/files\/2018\/09\/STG_Priminsberg_KarlS_Ornament2_crop.jpg\" alt=\"\" width=\"1323\" height=\"420\" \/><\/a><p id=\"caption-attachment-65\" class=\"wp-caption-text\">Galerie<\/p><\/div><\/p>\n<p><a href=\"https:\/\/blog.zhdk.ch\/bewahrenbesondererkulturgueter\/files\/2023\/12\/SG_St-Pirminsberg_Kulturgu\u0308terinventar_Liste.pdf\">Inventory St. Gallen<\/a><\/p>\n<p><strong>Cantonal Psychiatric Services<br \/>\nSt. Pirminsberg Psychiatric Hospital<\/strong><\/p>\n<p>The first psychiatric hospital was opened in Canton St. Gallen in 1847 in the former Benedictine monastery of St. Pirminsberg in the village of Pf\u00e4fers. In 1852, the hospital established a residential and working colony at St. Margarethenberg\u2019s Alptal Alp; covering 50 hectares the colony served as the hospital\u2019s farm. Between 10 and 30 patients spent the majority of the year receiving treatment at this outstation. The particular feature of St. Margarethenberg was that patients working on the farm did not return to the main hospital in the evenings, but remained on the estate together with several guards and a cook. St. Pirmensberg pioneered a form of therapy in Switzerland that was soon widely emulated. One important member of staff at Pf\u00e4fers hospital was Constantin von Monakow (1853\u20131930), who later became the first professor of neurology at Z\u00fcrich University. He spent several years (1878\u20131885) as a junior doctor at St. Pirmensberg, where he performed various cerebral experiments on cats and rabbits that confirmed neuron theory. Manfred Bleuler (1903\u20131994), the later director of the Burgh\u00f6lzli Clinic in Z\u00fcrich, also served at Pf\u00e4fers as a junior doctor (1933\u20131936). No collectors have been discovered in the history of hospital. Its patient records were transferred to the St. Gallen State Archive in 2010. Of a total of 9285 records (admissions between 1847 and 1930), 1782 files were examined. These contained 26 works by six patients. Worth mentioning is the long poem \u201cDie N\u00e4hstube zu St.Pirminsberg\u201d by Ida S. (1869\u20131945). <\/p>\n<p><strong>References<\/strong><br \/>\nMeier, Thomas, 150 Jahre Klinik St.Pirminsberg &#8211; die erste psychiatrische Klinik des Kantons St. Gallen. In: Werdenberger Jahrbuch.- Jg. 12 (1999), pp. 250-254<\/p>\n<p>150 Jahre Psychiatrische Klinik St.Pirminsberg 1847-1997. Edited by Kantonale psychiatrische Dienste &#8211; Sektor S\u00fcd. Bad Ragaz 1997<\/p>\n<p>Schneider, Anna, Der &#8222;Arbeitsdienst der Irren&#8220;: Die Heil- und Pflegeanstalt St.Pirminsberg zwischen Therapie und \u00d6konomie im 19. Jahrhundert. In: Zeit f\u00fcr Medizin! Einblicke in die<br \/>\nSt. Galler Medizingeschichte, 151. Neujahrsblatt, Historischer Verein des Kantons St. Gallen (ed.), St. Gallen 2011, pp. 103-108<\/p>\n<p>Sibalic, Vladimir, Die Geschichte der Psychiatrischen Klinik St.Pirminsberg. (Z\u00fcrcher medizingeschichtliche Abhandlungen; Nr. 266). Dietikon 1996<br \/>\n<!--:--><!--:fr--><div id=\"attachment_65\" style=\"width: 1333px\" class=\"wp-caption alignnone\"><a href=\"https:\/\/blog.zhdk.ch\/bewahrenbesondererkulturgueter\/galerie-st-gallen\/\"><img loading=\"lazy\" decoding=\"async\" aria-describedby=\"caption-attachment-65\" class=\"wp-image-65\" src=\"https:\/\/blog.zhdk.ch\/bewahrenbesondererkulturgueter\/files\/2018\/09\/STG_Priminsberg_KarlS_Ornament2_crop.jpg\" alt=\"\" width=\"1323\" height=\"420\" \/><\/a><p id=\"caption-attachment-65\" class=\"wp-caption-text\">Galerie<\/p><\/div><\/p>\n<p><a href=\"https:\/\/blog.zhdk.ch\/bewahrenbesondererkulturgueter\/files\/2018\/08\/SG_Pirminsberg_Kulturgueterinventar.pdf\">Inventaire Saint-Gall<\/a><\/p>\n<p><strong>Services psychiatriques du sud, clinique de St. Pirminsberg<br \/>\nCollection de St. Pirminsberg <\/strong><\/p>\n<p>La premi\u00e8re clinique psychiatrique du Canton de St. Gall \u00e9tait celle de St. Pirminsberg \u00e0 Pf\u00e4fers, ouverte en 1847 dans l\u2019ancien couvent des B\u00e9n\u00e9dictins. En 1852 la clinique installe sur l\u2019alpage Alptal au Margarethenberg une sorte de colonie d\u2019habitation et de travail. Avec ses 50 hectares de terrains c\u2019\u00e9tait la plus grande exploitation agricole de la clinique. Entre 10 et 30 patientes et patients passaient une grande partie de l\u2019ann\u00e9e dans cette station externe. La particularit\u00e9 de la situation au St. Margarethenberg \u00e9tait, que les patients qui y travaillaient ne rentraient pas le soir dans la clinique, mais qu\u2019ils habitaient sur le site de cette exploitation, avec une cuisini\u00e8re et quelques gardiennes et gardiens. Gr\u00e2ce \u00e0 cette forme de th\u00e9rapeutique, St. Pirminsberg joua un r\u00f4le pr\u00e9curseur en Suisse et servit de mod\u00e8le. L\u2019un des c\u00e9l\u00e8bres collaborateurs de Pf\u00e4ffers fut Constantin von Monakow (1853-1930), qui deviendra le premier professeur de neurologie \u00e0 l\u2019Universit\u00e9 de Zurich. Il travailla en tant que deuxi\u00e8me m\u00e9decin de 1878 \u00e0 1885 \u00e0 St. Pirminsberg o\u00f9 il avait men\u00e9 des exp\u00e9riences anatomiques sur le cerveaux de chats et de lapins, confirmant ainsi l\u2019existance de la th\u00e9orie neuronale. Manfred Bleuler (1903-1994) y travaillait de 1933 \u00e0 1936 \u00e9galement comme deuxi\u00e8me m\u00e9decin. En consultant l\u2019histoire de la clinique on ne trouve aucun collectionneur. Les dossiers des malades furent transf\u00e9r\u00e9s en 2010 aux Archives d\u2019\u00c9tat de St. Gall. Lors d\u2019un examen de dossiers s\u00e9lectionn\u00e9s on y trouva 26 oeuvres de six patients. On examina un cinqui\u00e8me de ce fonds, \u00e0 savoir 1782 sur les 9285 dossiers des malades suivis entre 1847 et 1930. Remarquable est le long po\u00e8me \u00ab Die N\u00e4hstube zu St. Pirminsberg \u00bb (l\u2019atelier de couture de St. Pirminsberg) par Ida S. (1869-1945).<\/p>\n<p><strong>R\u00e9f\u00e9rences<\/strong><br \/>\nMeier, Thomas: 150 Jahre Klinik St.Pirminsberg &#8211; die erste psychiatrische Klinik des Kantons St. Gallen. In: Werdenberger Jahrbuch.- Jg. 12 (1999), S. 250-254.<br \/>\n150 Jahre Psychiatrische Klinik St.Pirminsberg 1847-1997. Hg. Kantonale psychiatrische Dienste &#8211; Sektor S\u00fcd. Bad Ragaz 1997.<br \/>\nSchneider, Anna: Der &#8222;Arbeitsdienst der Irren&#8220;: Die Heil- und Pflegeanstalt St.Pirminsberg zwischen Therapie und \u00d6konomie im 19.<br \/>\nJahrhundert. In: Zeit f\u00fcr Medizin! Einblicke in die St. Galler Medizingeschichte, 151. Neujahrsblatt, Histori-scher Verein des Kantons St. Gallen (Hg.), St. Gallen 2011, S. 103-108.<br \/>\nSibalic, Vladimir. Die Geschichte der Psychiatrischen Klinik St.Pirminsberg. (Z\u00fcrcher medizingeschichtliche Abhandlungen; Nr. 266).<br \/>\nDietikon 1996.<!--:--><\/p>\n","protected":false},"excerpt":{"rendered":"<p>Liste Kulturg\u00fcterinventar St. Gallen Psychiatrie Dienste \u2013 S\u00fcd, Klinik St.Pirminsberg. Sammlung St. Pirminsberg Die erste psychiatrische Klinik im Kanton St. Gallen wurde 1847 im ehemaligen Benediktinerkloster St. Pirminsberg in Pf\u00e4fers er\u00f6ffnet. 1852 richtete die Klinik auf dem St. Margarethenberg, der&hellip; <a href=\"https:\/\/blog.zhdk.ch\/bewahrenbesondererkulturgueter\/st-gallen\/\" class=\"more-link\">Weiterlesen <span class=\"meta-nav\">&rarr;<\/span><\/a><\/p>\n","protected":false},"author":3805,"featured_media":0,"parent":0,"menu_order":0,"comment_status":"closed","ping_status":"closed","template":"","meta":{"footnotes":""},"class_list":["post-1616","page","type-page","status-publish","hentry"],"_links":{"self":[{"href":"https:\/\/blog.zhdk.ch\/bewahrenbesondererkulturgueter\/wp-json\/wp\/v2\/pages\/1616","targetHints":{"allow":["GET"]}}],"collection":[{"href":"https:\/\/blog.zhdk.ch\/bewahrenbesondererkulturgueter\/wp-json\/wp\/v2\/pages"}],"about":[{"href":"https:\/\/blog.zhdk.ch\/bewahrenbesondererkulturgueter\/wp-json\/wp\/v2\/types\/page"}],"author":[{"embeddable":true,"href":"https:\/\/blog.zhdk.ch\/bewahrenbesondererkulturgueter\/wp-json\/wp\/v2\/users\/3805"}],"replies":[{"embeddable":true,"href":"https:\/\/blog.zhdk.ch\/bewahrenbesondererkulturgueter\/wp-json\/wp\/v2\/comments?post=1616"}],"version-history":[{"count":10,"href":"https:\/\/blog.zhdk.ch\/bewahrenbesondererkulturgueter\/wp-json\/wp\/v2\/pages\/1616\/revisions"}],"predecessor-version":[{"id":3285,"href":"https:\/\/blog.zhdk.ch\/bewahrenbesondererkulturgueter\/wp-json\/wp\/v2\/pages\/1616\/revisions\/3285"}],"wp:attachment":[{"href":"https:\/\/blog.zhdk.ch\/bewahrenbesondererkulturgueter\/wp-json\/wp\/v2\/media?parent=1616"}],"curies":[{"name":"wp","href":"https:\/\/api.w.org\/{rel}","templated":true}]}}