{"id":1630,"date":"2018-09-26T07:20:00","date_gmt":"2018-09-26T07:20:00","guid":{"rendered":"https:\/\/blog.zhdk.ch\/bewahrenbesondererkulturgueter\/?page_id=1630"},"modified":"2018-09-26T07:20:00","modified_gmt":"2018-09-26T07:20:00","slug":"galerie-graubuenden","status":"publish","type":"page","link":"https:\/\/blog.zhdk.ch\/bewahrenbesondererkulturgueter\/galerie-graubuenden\/","title":{"rendered":"<!--:de-->Galerie Graub\u00fcnden<!--:--><!--:en-->Galerie Graub\u00fcnden<!--:--><!--:fr-->Galerie Graub\u00fcnden<!--:-->"},"content":{"rendered":"<p><!--:de-->\n\t\t<style type=\"text\/css\">\n\t\t\t#gallery-1 {\n\t\t\t\tmargin: auto;\n\t\t\t}\n\t\t\t#gallery-1 .gallery-item {\n\t\t\t\tfloat: left;\n\t\t\t\tmargin-top: 10px;\n\t\t\t\ttext-align: center;\n\t\t\t\twidth: 33%;\n\t\t\t}\n\t\t\t#gallery-1 img {\n\t\t\t\tborder: 2px solid #cfcfcf;\n\t\t\t}\n\t\t\t#gallery-1 .gallery-caption {\n\t\t\t\tmargin-left: 0;\n\t\t\t}\n\t\t\t\/* see gallery_shortcode() in wp-includes\/media.php *\/\n\t\t<\/style>\n\t\t<div id='gallery-1' class='gallery galleryid-1630 gallery-columns-3 gallery-size-thumbnail'><dl class='gallery-item'>\n\t\t\t<dt class='gallery-icon portrait'>\n\t\t\t\t<a href='https:\/\/blog.zhdk.ch\/bewahrenbesondererkulturgueter\/files\/2018\/09\/GB_JakobA_Natalizza.jpg' rel=\"lightbox[1630]\"><img loading=\"lazy\" decoding=\"async\" width=\"150\" height=\"150\" src=\"https:\/\/blog.zhdk.ch\/bewahrenbesondererkulturgueter\/files\/2018\/09\/GB_JakobA_Natalizza-150x150.jpg\" class=\"attachment-thumbnail size-thumbnail\" alt=\"Jakob A. (1824\u2013?), Beruf unbekannt\/profession unknown: \u00abPer le sante feste Natalizza\u00bb, rote und schwarze Tinte auf Papier \/ (Exchanging Christmas Presents), red and black ink on paper, 17,3 x 10,8 cm, undatiert\/undated, Sammlung Psychiatrische Dienste Graubu\u0308nden, Inv. Nr. 6\" aria-describedby=\"gallery-1-1640\" srcset=\"https:\/\/blog.zhdk.ch\/bewahrenbesondererkulturgueter\/files\/2018\/09\/GB_JakobA_Natalizza-150x150.jpg 150w, https:\/\/blog.zhdk.ch\/bewahrenbesondererkulturgueter\/files\/2018\/09\/GB_JakobA_Natalizza-50x50.jpg 50w\" sizes=\"auto, (max-width: 150px) 100vw, 150px\" \/><\/a>\n\t\t\t<\/dt>\n\t\t\t\t<dd class='wp-caption-text gallery-caption' id='gallery-1-1640'>\n\t\t\t\tJakob A: \u00abPer le sante feste Natalizza\u00bb\n\t\t\t\t<\/dd><\/dl><dl class='gallery-item'>\n\t\t\t<dt class='gallery-icon portrait'>\n\t\t\t\t<a href='https:\/\/blog.zhdk.ch\/bewahrenbesondererkulturgueter\/files\/2018\/09\/GB_ChristianG_Tiere.jpg' rel=\"lightbox[1630]\"><img loading=\"lazy\" decoding=\"async\" width=\"150\" height=\"150\" src=\"https:\/\/blog.zhdk.ch\/bewahrenbesondererkulturgueter\/files\/2018\/09\/GB_ChristianG_Tiere-150x150.jpg\" class=\"attachment-thumbnail size-thumbnail\" alt=\"Christian G. (1873\u20131908), Beruf unbekannt\/profession unknown: Ohne Titel, Tiere, Farbstift auf Papier \/ untitled, animals, colored pencil on paper 20,3 x 13,5 cm, undatiert\/undated, Sammlung Psychiatrische Dienste Graubu\u0308nden, Inv. Nr. 30\" aria-describedby=\"gallery-1-1638\" srcset=\"https:\/\/blog.zhdk.ch\/bewahrenbesondererkulturgueter\/files\/2018\/09\/GB_ChristianG_Tiere-150x150.jpg 150w, https:\/\/blog.zhdk.ch\/bewahrenbesondererkulturgueter\/files\/2018\/09\/GB_ChristianG_Tiere-50x50.jpg 50w\" sizes=\"auto, (max-width: 150px) 100vw, 150px\" \/><\/a>\n\t\t\t<\/dt>\n\t\t\t\t<dd class='wp-caption-text gallery-caption' id='gallery-1-1638'>\n\t\t\t\tChristian G.: Ohne Titel\n\t\t\t\t<\/dd><\/dl><dl class='gallery-item'>\n\t\t\t<dt class='gallery-icon landscape'>\n\t\t\t\t<a href='https:\/\/blog.zhdk.ch\/bewahrenbesondererkulturgueter\/files\/2018\/09\/GB_AndreasS_Schirmtraegerinnen.jpg' rel=\"lightbox[1630]\"><img loading=\"lazy\" decoding=\"async\" width=\"150\" height=\"150\" src=\"https:\/\/blog.zhdk.ch\/bewahrenbesondererkulturgueter\/files\/2018\/09\/GB_AndreasS_Schirmtraegerinnen-150x150.jpg\" class=\"attachment-thumbnail size-thumbnail\" alt=\"Andreas S. (1856\u2013?), Beruf unbekannt\/profession unknown Andreas S.: Ohne Titel, 21 Schirmtr\u00e4gerinnen und sechs weitere Frauen, Bleistift auf Papier \/ untitled, twenty-one women carrying parasols and six other women, pencil on paper, 19 x 24 cm, undatiert\/undated, Sammlung Psychiatrische Dienste Graubu\u0308nden, Inv. Nr. 3 recto\" aria-describedby=\"gallery-1-1636\" srcset=\"https:\/\/blog.zhdk.ch\/bewahrenbesondererkulturgueter\/files\/2018\/09\/GB_AndreasS_Schirmtraegerinnen-150x150.jpg 150w, https:\/\/blog.zhdk.ch\/bewahrenbesondererkulturgueter\/files\/2018\/09\/GB_AndreasS_Schirmtraegerinnen-50x50.jpg 50w\" sizes=\"auto, (max-width: 150px) 100vw, 150px\" \/><\/a>\n\t\t\t<\/dt>\n\t\t\t\t<dd class='wp-caption-text gallery-caption' id='gallery-1-1636'>\n\t\t\t\tAndreas S.: Ohne Titel\n\t\t\t\t<\/dd><\/dl><br style=\"clear: both\" \/><dl class='gallery-item'>\n\t\t\t<dt class='gallery-icon portrait'>\n\t\t\t\t<a href='https:\/\/blog.zhdk.ch\/bewahrenbesondererkulturgueter\/files\/2018\/09\/GrB_UKuersteiner.jpg' rel=\"lightbox[1630]\"><img loading=\"lazy\" decoding=\"async\" width=\"150\" height=\"150\" src=\"https:\/\/blog.zhdk.ch\/bewahrenbesondererkulturgueter\/files\/2018\/09\/GrB_UKuersteiner-150x150.jpg\" class=\"attachment-thumbnail size-thumbnail\" alt=\"Ulrich K. (1874-?), keine weiteren Angaben\/no further information: Ohne Titel, M\u00e4dchen mit Haube, Bleistift auf Papier \/ untitled, Girl with hood, pencil on paper, 29,1 x 22 cm, undatiert\/undated, Psychiatrische Dienste Graub\u00fcnden, Sammlung Waldhaus Chur, Inv. Nr. 46\" aria-describedby=\"gallery-1-1634\" srcset=\"https:\/\/blog.zhdk.ch\/bewahrenbesondererkulturgueter\/files\/2018\/09\/GrB_UKuersteiner-150x150.jpg 150w, https:\/\/blog.zhdk.ch\/bewahrenbesondererkulturgueter\/files\/2018\/09\/GrB_UKuersteiner-50x50.jpg 50w\" sizes=\"auto, (max-width: 150px) 100vw, 150px\" \/><\/a>\n\t\t\t<\/dt>\n\t\t\t\t<dd class='wp-caption-text gallery-caption' id='gallery-1-1634'>\n\t\t\t\tUlrich K.: Ohne Titel\n\t\t\t\t<\/dd><\/dl><dl class='gallery-item'>\n\t\t\t<dt class='gallery-icon landscape'>\n\t\t\t\t<a href='https:\/\/blog.zhdk.ch\/bewahrenbesondererkulturgueter\/files\/2018\/09\/GrB_RebeccaS.jpg' rel=\"lightbox[1630]\"><img loading=\"lazy\" decoding=\"async\" width=\"150\" height=\"150\" src=\"https:\/\/blog.zhdk.ch\/bewahrenbesondererkulturgueter\/files\/2018\/09\/GrB_RebeccaS-150x150.jpg\" class=\"attachment-thumbnail size-thumbnail\" alt=\"Rebecca S. (1876-1960), Beruf unbekannt\/profession unknown: Ohne Titel, Blumen, V\u00f6gel, Bleistift auf Papier \/ untitled, flowers, birds, 21,1 x 20,4 cm, undatiert\/undated, Sammlung Beverin, Inv. Nr. 59 verso\" aria-describedby=\"gallery-1-1632\" srcset=\"https:\/\/blog.zhdk.ch\/bewahrenbesondererkulturgueter\/files\/2018\/09\/GrB_RebeccaS-150x150.jpg 150w, https:\/\/blog.zhdk.ch\/bewahrenbesondererkulturgueter\/files\/2018\/09\/GrB_RebeccaS-50x50.jpg 50w\" sizes=\"auto, (max-width: 150px) 100vw, 150px\" \/><\/a>\n\t\t\t<\/dt>\n\t\t\t\t<dd class='wp-caption-text gallery-caption' id='gallery-1-1632'>\n\t\t\t\tRebecca S.: Ohne Titel\n\t\t\t\t<\/dd><\/dl>\n\t\t\t<br style='clear: both' \/>\n\t\t<\/div>\n<!--:--><!--:en-->\n\t\t<style type=\"text\/css\">\n\t\t\t#gallery-2 {\n\t\t\t\tmargin: auto;\n\t\t\t}\n\t\t\t#gallery-2 .gallery-item {\n\t\t\t\tfloat: left;\n\t\t\t\tmargin-top: 10px;\n\t\t\t\ttext-align: center;\n\t\t\t\twidth: 33%;\n\t\t\t}\n\t\t\t#gallery-2 img {\n\t\t\t\tborder: 2px solid #cfcfcf;\n\t\t\t}\n\t\t\t#gallery-2 .gallery-caption {\n\t\t\t\tmargin-left: 0;\n\t\t\t}\n\t\t\t\/* see gallery_shortcode() in wp-includes\/media.php *\/\n\t\t<\/style>\n\t\t<div id='gallery-2' class='gallery galleryid-1630 gallery-columns-3 gallery-size-thumbnail'><dl class='gallery-item'>\n\t\t\t<dt class='gallery-icon portrait'>\n\t\t\t\t<a href='https:\/\/blog.zhdk.ch\/bewahrenbesondererkulturgueter\/files\/2018\/09\/GB_JakobA_Natalizza.jpg' rel=\"lightbox[1630]\"><img loading=\"lazy\" decoding=\"async\" width=\"150\" height=\"150\" src=\"https:\/\/blog.zhdk.ch\/bewahrenbesondererkulturgueter\/files\/2018\/09\/GB_JakobA_Natalizza-150x150.jpg\" class=\"attachment-thumbnail size-thumbnail\" alt=\"Jakob A. (1824\u2013?), Beruf unbekannt\/profession unknown: \u00abPer le sante feste Natalizza\u00bb, rote und schwarze Tinte auf Papier \/ (Exchanging Christmas Presents), red and black ink on paper, 17,3 x 10,8 cm, undatiert\/undated, Sammlung Psychiatrische Dienste Graubu\u0308nden, Inv. Nr. 6\" aria-describedby=\"gallery-2-1640\" srcset=\"https:\/\/blog.zhdk.ch\/bewahrenbesondererkulturgueter\/files\/2018\/09\/GB_JakobA_Natalizza-150x150.jpg 150w, https:\/\/blog.zhdk.ch\/bewahrenbesondererkulturgueter\/files\/2018\/09\/GB_JakobA_Natalizza-50x50.jpg 50w\" sizes=\"auto, (max-width: 150px) 100vw, 150px\" \/><\/a>\n\t\t\t<\/dt>\n\t\t\t\t<dd class='wp-caption-text gallery-caption' id='gallery-2-1640'>\n\t\t\t\tJakob A: \u00abPer le sante feste Natalizza\u00bb\n\t\t\t\t<\/dd><\/dl><dl class='gallery-item'>\n\t\t\t<dt class='gallery-icon portrait'>\n\t\t\t\t<a href='https:\/\/blog.zhdk.ch\/bewahrenbesondererkulturgueter\/files\/2018\/09\/GB_ChristianG_Tiere.jpg' rel=\"lightbox[1630]\"><img loading=\"lazy\" decoding=\"async\" width=\"150\" height=\"150\" src=\"https:\/\/blog.zhdk.ch\/bewahrenbesondererkulturgueter\/files\/2018\/09\/GB_ChristianG_Tiere-150x150.jpg\" class=\"attachment-thumbnail size-thumbnail\" alt=\"Christian G. (1873\u20131908), Beruf unbekannt\/profession unknown: Ohne Titel, Tiere, Farbstift auf Papier \/ untitled, animals, colored pencil on paper 20,3 x 13,5 cm, undatiert\/undated, Sammlung Psychiatrische Dienste Graubu\u0308nden, Inv. Nr. 30\" aria-describedby=\"gallery-2-1638\" srcset=\"https:\/\/blog.zhdk.ch\/bewahrenbesondererkulturgueter\/files\/2018\/09\/GB_ChristianG_Tiere-150x150.jpg 150w, https:\/\/blog.zhdk.ch\/bewahrenbesondererkulturgueter\/files\/2018\/09\/GB_ChristianG_Tiere-50x50.jpg 50w\" sizes=\"auto, (max-width: 150px) 100vw, 150px\" \/><\/a>\n\t\t\t<\/dt>\n\t\t\t\t<dd class='wp-caption-text gallery-caption' id='gallery-2-1638'>\n\t\t\t\tChristian G.: Ohne Titel\n\t\t\t\t<\/dd><\/dl><dl class='gallery-item'>\n\t\t\t<dt class='gallery-icon landscape'>\n\t\t\t\t<a href='https:\/\/blog.zhdk.ch\/bewahrenbesondererkulturgueter\/files\/2018\/09\/GB_AndreasS_Schirmtraegerinnen.jpg' rel=\"lightbox[1630]\"><img loading=\"lazy\" decoding=\"async\" width=\"150\" height=\"150\" src=\"https:\/\/blog.zhdk.ch\/bewahrenbesondererkulturgueter\/files\/2018\/09\/GB_AndreasS_Schirmtraegerinnen-150x150.jpg\" class=\"attachment-thumbnail size-thumbnail\" alt=\"Andreas S. (1856\u2013?), Beruf unbekannt\/profession unknown Andreas S.: Ohne Titel, 21 Schirmtr\u00e4gerinnen und sechs weitere Frauen, Bleistift auf Papier \/ untitled, twenty-one women carrying parasols and six other women, pencil on paper, 19 x 24 cm, undatiert\/undated, Sammlung Psychiatrische Dienste Graubu\u0308nden, Inv. Nr. 3 recto\" aria-describedby=\"gallery-2-1636\" srcset=\"https:\/\/blog.zhdk.ch\/bewahrenbesondererkulturgueter\/files\/2018\/09\/GB_AndreasS_Schirmtraegerinnen-150x150.jpg 150w, https:\/\/blog.zhdk.ch\/bewahrenbesondererkulturgueter\/files\/2018\/09\/GB_AndreasS_Schirmtraegerinnen-50x50.jpg 50w\" sizes=\"auto, (max-width: 150px) 100vw, 150px\" \/><\/a>\n\t\t\t<\/dt>\n\t\t\t\t<dd class='wp-caption-text gallery-caption' id='gallery-2-1636'>\n\t\t\t\tAndreas S.: Ohne Titel\n\t\t\t\t<\/dd><\/dl><br style=\"clear: both\" \/><dl class='gallery-item'>\n\t\t\t<dt class='gallery-icon portrait'>\n\t\t\t\t<a href='https:\/\/blog.zhdk.ch\/bewahrenbesondererkulturgueter\/files\/2018\/09\/GrB_UKuersteiner.jpg' rel=\"lightbox[1630]\"><img loading=\"lazy\" decoding=\"async\" width=\"150\" height=\"150\" src=\"https:\/\/blog.zhdk.ch\/bewahrenbesondererkulturgueter\/files\/2018\/09\/GrB_UKuersteiner-150x150.jpg\" class=\"attachment-thumbnail size-thumbnail\" alt=\"Ulrich K. (1874-?), keine weiteren Angaben\/no further information: Ohne Titel, M\u00e4dchen mit Haube, Bleistift auf Papier \/ untitled, Girl with hood, pencil on paper, 29,1 x 22 cm, undatiert\/undated, Psychiatrische Dienste Graub\u00fcnden, Sammlung Waldhaus Chur, Inv. Nr. 46\" aria-describedby=\"gallery-2-1634\" srcset=\"https:\/\/blog.zhdk.ch\/bewahrenbesondererkulturgueter\/files\/2018\/09\/GrB_UKuersteiner-150x150.jpg 150w, https:\/\/blog.zhdk.ch\/bewahrenbesondererkulturgueter\/files\/2018\/09\/GrB_UKuersteiner-50x50.jpg 50w\" sizes=\"auto, (max-width: 150px) 100vw, 150px\" \/><\/a>\n\t\t\t<\/dt>\n\t\t\t\t<dd class='wp-caption-text gallery-caption' id='gallery-2-1634'>\n\t\t\t\tUlrich K.: Ohne Titel\n\t\t\t\t<\/dd><\/dl><dl class='gallery-item'>\n\t\t\t<dt class='gallery-icon landscape'>\n\t\t\t\t<a href='https:\/\/blog.zhdk.ch\/bewahrenbesondererkulturgueter\/files\/2018\/09\/GrB_RebeccaS.jpg' rel=\"lightbox[1630]\"><img loading=\"lazy\" decoding=\"async\" width=\"150\" height=\"150\" src=\"https:\/\/blog.zhdk.ch\/bewahrenbesondererkulturgueter\/files\/2018\/09\/GrB_RebeccaS-150x150.jpg\" class=\"attachment-thumbnail size-thumbnail\" alt=\"Rebecca S. (1876-1960), Beruf unbekannt\/profession unknown: Ohne Titel, Blumen, V\u00f6gel, Bleistift auf Papier \/ untitled, flowers, birds, 21,1 x 20,4 cm, undatiert\/undated, Sammlung Beverin, Inv. Nr. 59 verso\" aria-describedby=\"gallery-2-1632\" srcset=\"https:\/\/blog.zhdk.ch\/bewahrenbesondererkulturgueter\/files\/2018\/09\/GrB_RebeccaS-150x150.jpg 150w, https:\/\/blog.zhdk.ch\/bewahrenbesondererkulturgueter\/files\/2018\/09\/GrB_RebeccaS-50x50.jpg 50w\" sizes=\"auto, (max-width: 150px) 100vw, 150px\" \/><\/a>\n\t\t\t<\/dt>\n\t\t\t\t<dd class='wp-caption-text gallery-caption' id='gallery-2-1632'>\n\t\t\t\tRebecca S.: Ohne Titel\n\t\t\t\t<\/dd><\/dl>\n\t\t\t<br style='clear: both' \/>\n\t\t<\/div>\n<!--:--><!--:fr-->\n\t\t<style type=\"text\/css\">\n\t\t\t#gallery-3 {\n\t\t\t\tmargin: auto;\n\t\t\t}\n\t\t\t#gallery-3 .gallery-item {\n\t\t\t\tfloat: left;\n\t\t\t\tmargin-top: 10px;\n\t\t\t\ttext-align: center;\n\t\t\t\twidth: 33%;\n\t\t\t}\n\t\t\t#gallery-3 img {\n\t\t\t\tborder: 2px solid #cfcfcf;\n\t\t\t}\n\t\t\t#gallery-3 .gallery-caption {\n\t\t\t\tmargin-left: 0;\n\t\t\t}\n\t\t\t\/* see gallery_shortcode() in wp-includes\/media.php *\/\n\t\t<\/style>\n\t\t<div id='gallery-3' class='gallery galleryid-1630 gallery-columns-3 gallery-size-thumbnail'><dl class='gallery-item'>\n\t\t\t<dt class='gallery-icon portrait'>\n\t\t\t\t<a href='https:\/\/blog.zhdk.ch\/bewahrenbesondererkulturgueter\/files\/2018\/09\/GB_JakobA_Natalizza.jpg' rel=\"lightbox[1630]\"><img loading=\"lazy\" decoding=\"async\" width=\"150\" height=\"150\" src=\"https:\/\/blog.zhdk.ch\/bewahrenbesondererkulturgueter\/files\/2018\/09\/GB_JakobA_Natalizza-150x150.jpg\" class=\"attachment-thumbnail size-thumbnail\" alt=\"Jakob A. (1824\u2013?), Beruf unbekannt\/profession unknown: \u00abPer le sante feste Natalizza\u00bb, rote und schwarze Tinte auf Papier \/ (Exchanging Christmas Presents), red and black ink on paper, 17,3 x 10,8 cm, undatiert\/undated, Sammlung Psychiatrische Dienste Graubu\u0308nden, Inv. Nr. 6\" aria-describedby=\"gallery-3-1640\" srcset=\"https:\/\/blog.zhdk.ch\/bewahrenbesondererkulturgueter\/files\/2018\/09\/GB_JakobA_Natalizza-150x150.jpg 150w, https:\/\/blog.zhdk.ch\/bewahrenbesondererkulturgueter\/files\/2018\/09\/GB_JakobA_Natalizza-50x50.jpg 50w\" sizes=\"auto, (max-width: 150px) 100vw, 150px\" \/><\/a>\n\t\t\t<\/dt>\n\t\t\t\t<dd class='wp-caption-text gallery-caption' id='gallery-3-1640'>\n\t\t\t\tJakob A: \u00abPer le sante feste Natalizza\u00bb\n\t\t\t\t<\/dd><\/dl><dl class='gallery-item'>\n\t\t\t<dt class='gallery-icon portrait'>\n\t\t\t\t<a href='https:\/\/blog.zhdk.ch\/bewahrenbesondererkulturgueter\/files\/2018\/09\/GB_ChristianG_Tiere.jpg' rel=\"lightbox[1630]\"><img loading=\"lazy\" decoding=\"async\" width=\"150\" height=\"150\" src=\"https:\/\/blog.zhdk.ch\/bewahrenbesondererkulturgueter\/files\/2018\/09\/GB_ChristianG_Tiere-150x150.jpg\" class=\"attachment-thumbnail size-thumbnail\" alt=\"Christian G. (1873\u20131908), Beruf unbekannt\/profession unknown: Ohne Titel, Tiere, Farbstift auf Papier \/ untitled, animals, colored pencil on paper 20,3 x 13,5 cm, undatiert\/undated, Sammlung Psychiatrische Dienste Graubu\u0308nden, Inv. Nr. 30\" aria-describedby=\"gallery-3-1638\" srcset=\"https:\/\/blog.zhdk.ch\/bewahrenbesondererkulturgueter\/files\/2018\/09\/GB_ChristianG_Tiere-150x150.jpg 150w, https:\/\/blog.zhdk.ch\/bewahrenbesondererkulturgueter\/files\/2018\/09\/GB_ChristianG_Tiere-50x50.jpg 50w\" sizes=\"auto, (max-width: 150px) 100vw, 150px\" \/><\/a>\n\t\t\t<\/dt>\n\t\t\t\t<dd class='wp-caption-text gallery-caption' id='gallery-3-1638'>\n\t\t\t\tChristian G.: Ohne Titel\n\t\t\t\t<\/dd><\/dl><dl class='gallery-item'>\n\t\t\t<dt class='gallery-icon landscape'>\n\t\t\t\t<a href='https:\/\/blog.zhdk.ch\/bewahrenbesondererkulturgueter\/files\/2018\/09\/GB_AndreasS_Schirmtraegerinnen.jpg' rel=\"lightbox[1630]\"><img loading=\"lazy\" decoding=\"async\" width=\"150\" height=\"150\" src=\"https:\/\/blog.zhdk.ch\/bewahrenbesondererkulturgueter\/files\/2018\/09\/GB_AndreasS_Schirmtraegerinnen-150x150.jpg\" class=\"attachment-thumbnail size-thumbnail\" alt=\"Andreas S. (1856\u2013?), Beruf unbekannt\/profession unknown Andreas S.: Ohne Titel, 21 Schirmtr\u00e4gerinnen und sechs weitere Frauen, Bleistift auf Papier \/ untitled, twenty-one women carrying parasols and six other women, pencil on paper, 19 x 24 cm, undatiert\/undated, Sammlung Psychiatrische Dienste Graubu\u0308nden, Inv. Nr. 3 recto\" aria-describedby=\"gallery-3-1636\" srcset=\"https:\/\/blog.zhdk.ch\/bewahrenbesondererkulturgueter\/files\/2018\/09\/GB_AndreasS_Schirmtraegerinnen-150x150.jpg 150w, https:\/\/blog.zhdk.ch\/bewahrenbesondererkulturgueter\/files\/2018\/09\/GB_AndreasS_Schirmtraegerinnen-50x50.jpg 50w\" sizes=\"auto, (max-width: 150px) 100vw, 150px\" \/><\/a>\n\t\t\t<\/dt>\n\t\t\t\t<dd class='wp-caption-text gallery-caption' id='gallery-3-1636'>\n\t\t\t\tAndreas S.: Ohne Titel\n\t\t\t\t<\/dd><\/dl><br style=\"clear: both\" \/><dl class='gallery-item'>\n\t\t\t<dt class='gallery-icon portrait'>\n\t\t\t\t<a href='https:\/\/blog.zhdk.ch\/bewahrenbesondererkulturgueter\/files\/2018\/09\/GrB_UKuersteiner.jpg' rel=\"lightbox[1630]\"><img loading=\"lazy\" decoding=\"async\" width=\"150\" height=\"150\" src=\"https:\/\/blog.zhdk.ch\/bewahrenbesondererkulturgueter\/files\/2018\/09\/GrB_UKuersteiner-150x150.jpg\" class=\"attachment-thumbnail size-thumbnail\" alt=\"Ulrich K. (1874-?), keine weiteren Angaben\/no further information: Ohne Titel, M\u00e4dchen mit Haube, Bleistift auf Papier \/ untitled, Girl with hood, pencil on paper, 29,1 x 22 cm, undatiert\/undated, Psychiatrische Dienste Graub\u00fcnden, Sammlung Waldhaus Chur, Inv. Nr. 46\" aria-describedby=\"gallery-3-1634\" srcset=\"https:\/\/blog.zhdk.ch\/bewahrenbesondererkulturgueter\/files\/2018\/09\/GrB_UKuersteiner-150x150.jpg 150w, https:\/\/blog.zhdk.ch\/bewahrenbesondererkulturgueter\/files\/2018\/09\/GrB_UKuersteiner-50x50.jpg 50w\" sizes=\"auto, (max-width: 150px) 100vw, 150px\" \/><\/a>\n\t\t\t<\/dt>\n\t\t\t\t<dd class='wp-caption-text gallery-caption' id='gallery-3-1634'>\n\t\t\t\tUlrich K.: Ohne Titel\n\t\t\t\t<\/dd><\/dl><dl class='gallery-item'>\n\t\t\t<dt class='gallery-icon landscape'>\n\t\t\t\t<a href='https:\/\/blog.zhdk.ch\/bewahrenbesondererkulturgueter\/files\/2018\/09\/GrB_RebeccaS.jpg' rel=\"lightbox[1630]\"><img loading=\"lazy\" decoding=\"async\" width=\"150\" height=\"150\" src=\"https:\/\/blog.zhdk.ch\/bewahrenbesondererkulturgueter\/files\/2018\/09\/GrB_RebeccaS-150x150.jpg\" class=\"attachment-thumbnail size-thumbnail\" alt=\"Rebecca S. (1876-1960), Beruf unbekannt\/profession unknown: Ohne Titel, Blumen, V\u00f6gel, Bleistift auf Papier \/ untitled, flowers, birds, 21,1 x 20,4 cm, undatiert\/undated, Sammlung Beverin, Inv. Nr. 59 verso\" aria-describedby=\"gallery-3-1632\" srcset=\"https:\/\/blog.zhdk.ch\/bewahrenbesondererkulturgueter\/files\/2018\/09\/GrB_RebeccaS-150x150.jpg 150w, https:\/\/blog.zhdk.ch\/bewahrenbesondererkulturgueter\/files\/2018\/09\/GrB_RebeccaS-50x50.jpg 50w\" sizes=\"auto, (max-width: 150px) 100vw, 150px\" \/><\/a>\n\t\t\t<\/dt>\n\t\t\t\t<dd class='wp-caption-text gallery-caption' id='gallery-3-1632'>\n\t\t\t\tRebecca S.: Ohne Titel\n\t\t\t\t<\/dd><\/dl>\n\t\t\t<br style='clear: both' \/>\n\t\t<\/div>\n<!--:--><\/p>\n","protected":false},"excerpt":{"rendered":"","protected":false},"author":3805,"featured_media":0,"parent":0,"menu_order":0,"comment_status":"closed","ping_status":"closed","template":"","meta":{"footnotes":""},"class_list":["post-1630","page","type-page","status-publish","hentry"],"_links":{"self":[{"href":"https:\/\/blog.zhdk.ch\/bewahrenbesondererkulturgueter\/wp-json\/wp\/v2\/pages\/1630","targetHints":{"allow":["GET"]}}],"collection":[{"href":"https:\/\/blog.zhdk.ch\/bewahrenbesondererkulturgueter\/wp-json\/wp\/v2\/pages"}],"about":[{"href":"https:\/\/blog.zhdk.ch\/bewahrenbesondererkulturgueter\/wp-json\/wp\/v2\/types\/page"}],"author":[{"embeddable":true,"href":"https:\/\/blog.zhdk.ch\/bewahrenbesondererkulturgueter\/wp-json\/wp\/v2\/users\/3805"}],"replies":[{"embeddable":true,"href":"https:\/\/blog.zhdk.ch\/bewahrenbesondererkulturgueter\/wp-json\/wp\/v2\/comments?post=1630"}],"version-history":[{"count":1,"href":"https:\/\/blog.zhdk.ch\/bewahrenbesondererkulturgueter\/wp-json\/wp\/v2\/pages\/1630\/revisions"}],"predecessor-version":[{"id":1644,"href":"https:\/\/blog.zhdk.ch\/bewahrenbesondererkulturgueter\/wp-json\/wp\/v2\/pages\/1630\/revisions\/1644"}],"wp:attachment":[{"href":"https:\/\/blog.zhdk.ch\/bewahrenbesondererkulturgueter\/wp-json\/wp\/v2\/media?parent=1630"}],"curies":[{"name":"wp","href":"https:\/\/api.w.org\/{rel}","templated":true}]}}