{"id":1786,"date":"2018-09-26T08:36:19","date_gmt":"2018-09-26T08:36:19","guid":{"rendered":"https:\/\/blog.zhdk.ch\/bewahrenbesondererkulturgueter\/?page_id=1786"},"modified":"2018-09-26T08:36:19","modified_gmt":"2018-09-26T08:36:19","slug":"galerie-neuchatel","status":"publish","type":"page","link":"https:\/\/blog.zhdk.ch\/bewahrenbesondererkulturgueter\/galerie-neuchatel\/","title":{"rendered":"<!--:de-->Galerie Neuch\u00e2tel<!--:--><!--:en-->Gallery Neuch\u00e2tel<!--:--><!--:fr-->Galerie Neuch\u00e2tel<!--:-->"},"content":{"rendered":"<p><!--:de-->\n\t\t<style type=\"text\/css\">\n\t\t\t#gallery-1 {\n\t\t\t\tmargin: auto;\n\t\t\t}\n\t\t\t#gallery-1 .gallery-item {\n\t\t\t\tfloat: left;\n\t\t\t\tmargin-top: 10px;\n\t\t\t\ttext-align: center;\n\t\t\t\twidth: 33%;\n\t\t\t}\n\t\t\t#gallery-1 img {\n\t\t\t\tborder: 2px solid #cfcfcf;\n\t\t\t}\n\t\t\t#gallery-1 .gallery-caption {\n\t\t\t\tmargin-left: 0;\n\t\t\t}\n\t\t\t\/* see gallery_shortcode() in wp-includes\/media.php *\/\n\t\t<\/style>\n\t\t<div id='gallery-1' class='gallery galleryid-1786 gallery-columns-3 gallery-size-thumbnail'><dl class='gallery-item'>\n\t\t\t<dt class='gallery-icon landscape'>\n\t\t\t\t<a href='https:\/\/blog.zhdk.ch\/bewahrenbesondererkulturgueter\/files\/2018\/09\/NE_Prefargier_AdrienR_MannaufGartenbank.jpg' rel=\"lightbox[1786]\"><img loading=\"lazy\" decoding=\"async\" width=\"150\" height=\"150\" src=\"https:\/\/blog.zhdk.ch\/bewahrenbesondererkulturgueter\/files\/2018\/09\/NE_Prefargier_AdrienR_MannaufGartenbank-150x150.jpg\" class=\"attachment-thumbnail size-thumbnail\" alt=\"Adrien R. (1896-?), Beruf unbekannt\/profession unknown: Ohne Titel, Mann auf einer Gartenbank, umz\u00e4unter Garten, Bleistift auf Papier \/ untitled, man on a garden bench, fenced-in garden, pencil on paper, Doppelseite\/double page spread, 22 x 35,3 cm, undatiert \/undated; Sammlung Pr\u00e9fargier, Inv. Nr. 1, S. 4\/5, Fondation de Pr\u00e9fargier\" aria-describedby=\"gallery-1-1788\" srcset=\"https:\/\/blog.zhdk.ch\/bewahrenbesondererkulturgueter\/files\/2018\/09\/NE_Prefargier_AdrienR_MannaufGartenbank-150x150.jpg 150w, https:\/\/blog.zhdk.ch\/bewahrenbesondererkulturgueter\/files\/2018\/09\/NE_Prefargier_AdrienR_MannaufGartenbank-50x50.jpg 50w\" sizes=\"auto, (max-width: 150px) 100vw, 150px\" \/><\/a>\n\t\t\t<\/dt>\n\t\t\t\t<dd class='wp-caption-text gallery-caption' id='gallery-1-1788'>\n\t\t\t\tAdrien R.: Ohne Titel\n\t\t\t\t<\/dd><\/dl><dl class='gallery-item'>\n\t\t\t<dt class='gallery-icon landscape'>\n\t\t\t\t<a href='https:\/\/blog.zhdk.ch\/bewahrenbesondererkulturgueter\/files\/2018\/09\/NE_Prefargier_BerthaM.jpg' rel=\"lightbox[1786]\"><img loading=\"lazy\" decoding=\"async\" width=\"150\" height=\"150\" src=\"https:\/\/blog.zhdk.ch\/bewahrenbesondererkulturgueter\/files\/2018\/09\/NE_Prefargier_BerthaM-150x150.jpg\" class=\"attachment-thumbnail size-thumbnail\" alt=\"Bertha M.(Lebensdaten unbekannt, keine weiteren Angaben \/ dates unknown, no further information): \u00abLouis\u00bb, ornamentale Schrift, Bleistift auf Papier \/ ornamental writing pencil on paper, 35 x 44 cm, 1910, Sammlung Pr\u00e9fargier, Inv. Nr. 95, Fondation de Pr\u00e9fargier\" aria-describedby=\"gallery-1-1798\" srcset=\"https:\/\/blog.zhdk.ch\/bewahrenbesondererkulturgueter\/files\/2018\/09\/NE_Prefargier_BerthaM-150x150.jpg 150w, https:\/\/blog.zhdk.ch\/bewahrenbesondererkulturgueter\/files\/2018\/09\/NE_Prefargier_BerthaM-50x50.jpg 50w\" sizes=\"auto, (max-width: 150px) 100vw, 150px\" \/><\/a>\n\t\t\t<\/dt>\n\t\t\t\t<dd class='wp-caption-text gallery-caption' id='gallery-1-1798'>\n\t\t\t\tBertha M.: \u00abLouis\u00bb\n\t\t\t\t<\/dd><\/dl><dl class='gallery-item'>\n\t\t\t<dt class='gallery-icon landscape'>\n\t\t\t\t<a href='https:\/\/blog.zhdk.ch\/bewahrenbesondererkulturgueter\/files\/2018\/09\/NE_Prefargier_Marie_ElisabethM.jpg' rel=\"lightbox[1786]\"><img loading=\"lazy\" decoding=\"async\" width=\"150\" height=\"150\" src=\"https:\/\/blog.zhdk.ch\/bewahrenbesondererkulturgueter\/files\/2018\/09\/NE_Prefargier_Marie_ElisabethM-150x150.jpg\" class=\"attachment-thumbnail size-thumbnail\" alt=\"Marie-Elisabeth M. (Lebensdaten unbekannt, keine weiteren Angaben \/ dates unknown, no further information): \u00abJe t\u2019envoie ces deux dessins ...\u00bb, V\u00f6gel, Pflanzen und Bl\u00e4tter, Bleistift und Tinte auf Papier \/ (I send you these two drawings\u2026), birds, plants and leaves, pencil and ink on paper, 15,2 x 23,1 cm, undatiert\/undated, Sammlung Pr\u00e9fargier, Inv. Nr. 88 verso, Fondation de Pr\u00e9fargier\" aria-describedby=\"gallery-1-1792\" srcset=\"https:\/\/blog.zhdk.ch\/bewahrenbesondererkulturgueter\/files\/2018\/09\/NE_Prefargier_Marie_ElisabethM-150x150.jpg 150w, https:\/\/blog.zhdk.ch\/bewahrenbesondererkulturgueter\/files\/2018\/09\/NE_Prefargier_Marie_ElisabethM-50x50.jpg 50w\" sizes=\"auto, (max-width: 150px) 100vw, 150px\" \/><\/a>\n\t\t\t<\/dt>\n\t\t\t\t<dd class='wp-caption-text gallery-caption' id='gallery-1-1792'>\n\t\t\t\tMarie-Elisabeth M.: \u00abJe t\u2019envoie ces deux dessins &#8230;\u00bb\n\t\t\t\t<\/dd><\/dl><br style=\"clear: both\" \/><dl class='gallery-item'>\n\t\t\t<dt class='gallery-icon landscape'>\n\t\t\t\t<a href='https:\/\/blog.zhdk.ch\/bewahrenbesondererkulturgueter\/files\/2018\/09\/NE_Prefargier_RobertD_Anstaltsgang.jpg' rel=\"lightbox[1786]\"><img loading=\"lazy\" decoding=\"async\" width=\"150\" height=\"150\" src=\"https:\/\/blog.zhdk.ch\/bewahrenbesondererkulturgueter\/files\/2018\/09\/NE_Prefargier_RobertD_Anstaltsgang-150x150.jpg\" class=\"attachment-thumbnail size-thumbnail\" alt=\"Robert D. (1887\u20131927), Beruf unbekannt\/profession unknown: Ohne Titel, breiter Anstaltsgang mit Tisch und Stu\u0308hlen, Bleistift auf Papier \/ untitled, large hall in the asylum with table and chairs, pencil on paper 8,3 x 13 cm, undatiert\/undated, Sammlung Pr\u00e9fargier, Inv. Nr. 34, Fondation de Pr\u00e9fargier\" aria-describedby=\"gallery-1-1794\" srcset=\"https:\/\/blog.zhdk.ch\/bewahrenbesondererkulturgueter\/files\/2018\/09\/NE_Prefargier_RobertD_Anstaltsgang-150x150.jpg 150w, https:\/\/blog.zhdk.ch\/bewahrenbesondererkulturgueter\/files\/2018\/09\/NE_Prefargier_RobertD_Anstaltsgang-50x50.jpg 50w\" sizes=\"auto, (max-width: 150px) 100vw, 150px\" \/><\/a>\n\t\t\t<\/dt>\n\t\t\t\t<dd class='wp-caption-text gallery-caption' id='gallery-1-1794'>\n\t\t\t\tRobert D.: Ohne Titel\n\t\t\t\t<\/dd><\/dl><dl class='gallery-item'>\n\t\t\t<dt class='gallery-icon landscape'>\n\t\t\t\t<a href='https:\/\/blog.zhdk.ch\/bewahrenbesondererkulturgueter\/files\/2018\/09\/NE_Prefargier_RobertD_Fassade.jpg' rel=\"lightbox[1786]\"><img loading=\"lazy\" decoding=\"async\" width=\"150\" height=\"150\" src=\"https:\/\/blog.zhdk.ch\/bewahrenbesondererkulturgueter\/files\/2018\/09\/NE_Prefargier_RobertD_Fassade-150x150.jpg\" class=\"attachment-thumbnail size-thumbnail\" alt=\"Robert D. (1887\u20131927), Beruf unbekannt\/profession unknown: Ohne Titel, Anstalt Pr\u00e9fargier, Fassade zum Park, Bleistift auf Papier \/ untitled, Maison de Sant\u00e9 de Pr\u00e9fargier, fa\u00e7ade facing the park, pencil on paper, 8,3 x 13 cm, undatiert\/undated, Sammlung Pr\u00e9fargier, Inv. Nr. 22, Fondation de Pr\u00e9fargier\" aria-describedby=\"gallery-1-1796\" srcset=\"https:\/\/blog.zhdk.ch\/bewahrenbesondererkulturgueter\/files\/2018\/09\/NE_Prefargier_RobertD_Fassade-150x150.jpg 150w, https:\/\/blog.zhdk.ch\/bewahrenbesondererkulturgueter\/files\/2018\/09\/NE_Prefargier_RobertD_Fassade-50x50.jpg 50w\" sizes=\"auto, (max-width: 150px) 100vw, 150px\" \/><\/a>\n\t\t\t<\/dt>\n\t\t\t\t<dd class='wp-caption-text gallery-caption' id='gallery-1-1796'>\n\t\t\t\tRobert D.: Ohne Titel\n\t\t\t\t<\/dd><\/dl>\n\t\t\t<br style='clear: both' \/>\n\t\t<\/div>\n<!--:--><!--:en-->\n\t\t<style type=\"text\/css\">\n\t\t\t#gallery-2 {\n\t\t\t\tmargin: auto;\n\t\t\t}\n\t\t\t#gallery-2 .gallery-item {\n\t\t\t\tfloat: left;\n\t\t\t\tmargin-top: 10px;\n\t\t\t\ttext-align: center;\n\t\t\t\twidth: 33%;\n\t\t\t}\n\t\t\t#gallery-2 img {\n\t\t\t\tborder: 2px solid #cfcfcf;\n\t\t\t}\n\t\t\t#gallery-2 .gallery-caption {\n\t\t\t\tmargin-left: 0;\n\t\t\t}\n\t\t\t\/* see gallery_shortcode() in wp-includes\/media.php *\/\n\t\t<\/style>\n\t\t<div id='gallery-2' class='gallery galleryid-1786 gallery-columns-3 gallery-size-thumbnail'><dl class='gallery-item'>\n\t\t\t<dt class='gallery-icon landscape'>\n\t\t\t\t<a href='https:\/\/blog.zhdk.ch\/bewahrenbesondererkulturgueter\/files\/2018\/09\/NE_Prefargier_AdrienR_MannaufGartenbank.jpg' rel=\"lightbox[1786]\"><img loading=\"lazy\" decoding=\"async\" width=\"150\" height=\"150\" src=\"https:\/\/blog.zhdk.ch\/bewahrenbesondererkulturgueter\/files\/2018\/09\/NE_Prefargier_AdrienR_MannaufGartenbank-150x150.jpg\" class=\"attachment-thumbnail size-thumbnail\" alt=\"Adrien R. (1896-?), Beruf unbekannt\/profession unknown: Ohne Titel, Mann auf einer Gartenbank, umz\u00e4unter Garten, Bleistift auf Papier \/ untitled, man on a garden bench, fenced-in garden, pencil on paper, Doppelseite\/double page spread, 22 x 35,3 cm, undatiert \/undated; Sammlung Pr\u00e9fargier, Inv. Nr. 1, S. 4\/5, Fondation de Pr\u00e9fargier\" aria-describedby=\"gallery-2-1788\" srcset=\"https:\/\/blog.zhdk.ch\/bewahrenbesondererkulturgueter\/files\/2018\/09\/NE_Prefargier_AdrienR_MannaufGartenbank-150x150.jpg 150w, https:\/\/blog.zhdk.ch\/bewahrenbesondererkulturgueter\/files\/2018\/09\/NE_Prefargier_AdrienR_MannaufGartenbank-50x50.jpg 50w\" sizes=\"auto, (max-width: 150px) 100vw, 150px\" \/><\/a>\n\t\t\t<\/dt>\n\t\t\t\t<dd class='wp-caption-text gallery-caption' id='gallery-2-1788'>\n\t\t\t\tAdrien R.: Ohne Titel\n\t\t\t\t<\/dd><\/dl><dl class='gallery-item'>\n\t\t\t<dt class='gallery-icon landscape'>\n\t\t\t\t<a href='https:\/\/blog.zhdk.ch\/bewahrenbesondererkulturgueter\/files\/2018\/09\/NE_Prefargier_BerthaM.jpg' rel=\"lightbox[1786]\"><img loading=\"lazy\" decoding=\"async\" width=\"150\" height=\"150\" src=\"https:\/\/blog.zhdk.ch\/bewahrenbesondererkulturgueter\/files\/2018\/09\/NE_Prefargier_BerthaM-150x150.jpg\" class=\"attachment-thumbnail size-thumbnail\" alt=\"Bertha M.(Lebensdaten unbekannt, keine weiteren Angaben \/ dates unknown, no further information): \u00abLouis\u00bb, ornamentale Schrift, Bleistift auf Papier \/ ornamental writing pencil on paper, 35 x 44 cm, 1910, Sammlung Pr\u00e9fargier, Inv. Nr. 95, Fondation de Pr\u00e9fargier\" aria-describedby=\"gallery-2-1798\" srcset=\"https:\/\/blog.zhdk.ch\/bewahrenbesondererkulturgueter\/files\/2018\/09\/NE_Prefargier_BerthaM-150x150.jpg 150w, https:\/\/blog.zhdk.ch\/bewahrenbesondererkulturgueter\/files\/2018\/09\/NE_Prefargier_BerthaM-50x50.jpg 50w\" sizes=\"auto, (max-width: 150px) 100vw, 150px\" \/><\/a>\n\t\t\t<\/dt>\n\t\t\t\t<dd class='wp-caption-text gallery-caption' id='gallery-2-1798'>\n\t\t\t\tBertha M.: \u00abLouis\u00bb\n\t\t\t\t<\/dd><\/dl><dl class='gallery-item'>\n\t\t\t<dt class='gallery-icon landscape'>\n\t\t\t\t<a href='https:\/\/blog.zhdk.ch\/bewahrenbesondererkulturgueter\/files\/2018\/09\/NE_Prefargier_Marie_ElisabethM.jpg' rel=\"lightbox[1786]\"><img loading=\"lazy\" decoding=\"async\" width=\"150\" height=\"150\" src=\"https:\/\/blog.zhdk.ch\/bewahrenbesondererkulturgueter\/files\/2018\/09\/NE_Prefargier_Marie_ElisabethM-150x150.jpg\" class=\"attachment-thumbnail size-thumbnail\" alt=\"Marie-Elisabeth M. (Lebensdaten unbekannt, keine weiteren Angaben \/ dates unknown, no further information): \u00abJe t\u2019envoie ces deux dessins ...\u00bb, V\u00f6gel, Pflanzen und Bl\u00e4tter, Bleistift und Tinte auf Papier \/ (I send you these two drawings\u2026), birds, plants and leaves, pencil and ink on paper, 15,2 x 23,1 cm, undatiert\/undated, Sammlung Pr\u00e9fargier, Inv. Nr. 88 verso, Fondation de Pr\u00e9fargier\" aria-describedby=\"gallery-2-1792\" srcset=\"https:\/\/blog.zhdk.ch\/bewahrenbesondererkulturgueter\/files\/2018\/09\/NE_Prefargier_Marie_ElisabethM-150x150.jpg 150w, https:\/\/blog.zhdk.ch\/bewahrenbesondererkulturgueter\/files\/2018\/09\/NE_Prefargier_Marie_ElisabethM-50x50.jpg 50w\" sizes=\"auto, (max-width: 150px) 100vw, 150px\" \/><\/a>\n\t\t\t<\/dt>\n\t\t\t\t<dd class='wp-caption-text gallery-caption' id='gallery-2-1792'>\n\t\t\t\tMarie-Elisabeth M.: \u00abJe t\u2019envoie ces deux dessins &#8230;\u00bb\n\t\t\t\t<\/dd><\/dl><br style=\"clear: both\" \/><dl class='gallery-item'>\n\t\t\t<dt class='gallery-icon landscape'>\n\t\t\t\t<a href='https:\/\/blog.zhdk.ch\/bewahrenbesondererkulturgueter\/files\/2018\/09\/NE_Prefargier_RobertD_Anstaltsgang.jpg' rel=\"lightbox[1786]\"><img loading=\"lazy\" decoding=\"async\" width=\"150\" height=\"150\" src=\"https:\/\/blog.zhdk.ch\/bewahrenbesondererkulturgueter\/files\/2018\/09\/NE_Prefargier_RobertD_Anstaltsgang-150x150.jpg\" class=\"attachment-thumbnail size-thumbnail\" alt=\"Robert D. (1887\u20131927), Beruf unbekannt\/profession unknown: Ohne Titel, breiter Anstaltsgang mit Tisch und Stu\u0308hlen, Bleistift auf Papier \/ untitled, large hall in the asylum with table and chairs, pencil on paper 8,3 x 13 cm, undatiert\/undated, Sammlung Pr\u00e9fargier, Inv. Nr. 34, Fondation de Pr\u00e9fargier\" aria-describedby=\"gallery-2-1794\" srcset=\"https:\/\/blog.zhdk.ch\/bewahrenbesondererkulturgueter\/files\/2018\/09\/NE_Prefargier_RobertD_Anstaltsgang-150x150.jpg 150w, https:\/\/blog.zhdk.ch\/bewahrenbesondererkulturgueter\/files\/2018\/09\/NE_Prefargier_RobertD_Anstaltsgang-50x50.jpg 50w\" sizes=\"auto, (max-width: 150px) 100vw, 150px\" \/><\/a>\n\t\t\t<\/dt>\n\t\t\t\t<dd class='wp-caption-text gallery-caption' id='gallery-2-1794'>\n\t\t\t\tRobert D.: Ohne Titel\n\t\t\t\t<\/dd><\/dl><dl class='gallery-item'>\n\t\t\t<dt class='gallery-icon landscape'>\n\t\t\t\t<a href='https:\/\/blog.zhdk.ch\/bewahrenbesondererkulturgueter\/files\/2018\/09\/NE_Prefargier_RobertD_Fassade.jpg' rel=\"lightbox[1786]\"><img loading=\"lazy\" decoding=\"async\" width=\"150\" height=\"150\" src=\"https:\/\/blog.zhdk.ch\/bewahrenbesondererkulturgueter\/files\/2018\/09\/NE_Prefargier_RobertD_Fassade-150x150.jpg\" class=\"attachment-thumbnail size-thumbnail\" alt=\"Robert D. (1887\u20131927), Beruf unbekannt\/profession unknown: Ohne Titel, Anstalt Pr\u00e9fargier, Fassade zum Park, Bleistift auf Papier \/ untitled, Maison de Sant\u00e9 de Pr\u00e9fargier, fa\u00e7ade facing the park, pencil on paper, 8,3 x 13 cm, undatiert\/undated, Sammlung Pr\u00e9fargier, Inv. Nr. 22, Fondation de Pr\u00e9fargier\" aria-describedby=\"gallery-2-1796\" srcset=\"https:\/\/blog.zhdk.ch\/bewahrenbesondererkulturgueter\/files\/2018\/09\/NE_Prefargier_RobertD_Fassade-150x150.jpg 150w, https:\/\/blog.zhdk.ch\/bewahrenbesondererkulturgueter\/files\/2018\/09\/NE_Prefargier_RobertD_Fassade-50x50.jpg 50w\" sizes=\"auto, (max-width: 150px) 100vw, 150px\" \/><\/a>\n\t\t\t<\/dt>\n\t\t\t\t<dd class='wp-caption-text gallery-caption' id='gallery-2-1796'>\n\t\t\t\tRobert D.: Ohne Titel\n\t\t\t\t<\/dd><\/dl>\n\t\t\t<br style='clear: both' \/>\n\t\t<\/div>\n<!--:--><!--:fr-->\n\t\t<style type=\"text\/css\">\n\t\t\t#gallery-3 {\n\t\t\t\tmargin: auto;\n\t\t\t}\n\t\t\t#gallery-3 .gallery-item {\n\t\t\t\tfloat: left;\n\t\t\t\tmargin-top: 10px;\n\t\t\t\ttext-align: center;\n\t\t\t\twidth: 33%;\n\t\t\t}\n\t\t\t#gallery-3 img {\n\t\t\t\tborder: 2px solid #cfcfcf;\n\t\t\t}\n\t\t\t#gallery-3 .gallery-caption {\n\t\t\t\tmargin-left: 0;\n\t\t\t}\n\t\t\t\/* see gallery_shortcode() in wp-includes\/media.php *\/\n\t\t<\/style>\n\t\t<div id='gallery-3' class='gallery galleryid-1786 gallery-columns-3 gallery-size-thumbnail'><dl class='gallery-item'>\n\t\t\t<dt class='gallery-icon landscape'>\n\t\t\t\t<a href='https:\/\/blog.zhdk.ch\/bewahrenbesondererkulturgueter\/files\/2018\/09\/NE_Prefargier_AdrienR_MannaufGartenbank.jpg' rel=\"lightbox[1786]\"><img loading=\"lazy\" decoding=\"async\" width=\"150\" height=\"150\" src=\"https:\/\/blog.zhdk.ch\/bewahrenbesondererkulturgueter\/files\/2018\/09\/NE_Prefargier_AdrienR_MannaufGartenbank-150x150.jpg\" class=\"attachment-thumbnail size-thumbnail\" alt=\"Adrien R. (1896-?), Beruf unbekannt\/profession unknown: Ohne Titel, Mann auf einer Gartenbank, umz\u00e4unter Garten, Bleistift auf Papier \/ untitled, man on a garden bench, fenced-in garden, pencil on paper, Doppelseite\/double page spread, 22 x 35,3 cm, undatiert \/undated; Sammlung Pr\u00e9fargier, Inv. Nr. 1, S. 4\/5, Fondation de Pr\u00e9fargier\" aria-describedby=\"gallery-3-1788\" srcset=\"https:\/\/blog.zhdk.ch\/bewahrenbesondererkulturgueter\/files\/2018\/09\/NE_Prefargier_AdrienR_MannaufGartenbank-150x150.jpg 150w, https:\/\/blog.zhdk.ch\/bewahrenbesondererkulturgueter\/files\/2018\/09\/NE_Prefargier_AdrienR_MannaufGartenbank-50x50.jpg 50w\" sizes=\"auto, (max-width: 150px) 100vw, 150px\" \/><\/a>\n\t\t\t<\/dt>\n\t\t\t\t<dd class='wp-caption-text gallery-caption' id='gallery-3-1788'>\n\t\t\t\tAdrien R.: Ohne Titel\n\t\t\t\t<\/dd><\/dl><dl class='gallery-item'>\n\t\t\t<dt class='gallery-icon landscape'>\n\t\t\t\t<a href='https:\/\/blog.zhdk.ch\/bewahrenbesondererkulturgueter\/files\/2018\/09\/NE_Prefargier_BerthaM.jpg' rel=\"lightbox[1786]\"><img loading=\"lazy\" decoding=\"async\" width=\"150\" height=\"150\" src=\"https:\/\/blog.zhdk.ch\/bewahrenbesondererkulturgueter\/files\/2018\/09\/NE_Prefargier_BerthaM-150x150.jpg\" class=\"attachment-thumbnail size-thumbnail\" alt=\"Bertha M.(Lebensdaten unbekannt, keine weiteren Angaben \/ dates unknown, no further information): \u00abLouis\u00bb, ornamentale Schrift, Bleistift auf Papier \/ ornamental writing pencil on paper, 35 x 44 cm, 1910, Sammlung Pr\u00e9fargier, Inv. Nr. 95, Fondation de Pr\u00e9fargier\" aria-describedby=\"gallery-3-1798\" srcset=\"https:\/\/blog.zhdk.ch\/bewahrenbesondererkulturgueter\/files\/2018\/09\/NE_Prefargier_BerthaM-150x150.jpg 150w, https:\/\/blog.zhdk.ch\/bewahrenbesondererkulturgueter\/files\/2018\/09\/NE_Prefargier_BerthaM-50x50.jpg 50w\" sizes=\"auto, (max-width: 150px) 100vw, 150px\" \/><\/a>\n\t\t\t<\/dt>\n\t\t\t\t<dd class='wp-caption-text gallery-caption' id='gallery-3-1798'>\n\t\t\t\tBertha M.: \u00abLouis\u00bb\n\t\t\t\t<\/dd><\/dl><dl class='gallery-item'>\n\t\t\t<dt class='gallery-icon landscape'>\n\t\t\t\t<a href='https:\/\/blog.zhdk.ch\/bewahrenbesondererkulturgueter\/files\/2018\/09\/NE_Prefargier_Marie_ElisabethM.jpg' rel=\"lightbox[1786]\"><img loading=\"lazy\" decoding=\"async\" width=\"150\" height=\"150\" src=\"https:\/\/blog.zhdk.ch\/bewahrenbesondererkulturgueter\/files\/2018\/09\/NE_Prefargier_Marie_ElisabethM-150x150.jpg\" class=\"attachment-thumbnail size-thumbnail\" alt=\"Marie-Elisabeth M. (Lebensdaten unbekannt, keine weiteren Angaben \/ dates unknown, no further information): \u00abJe t\u2019envoie ces deux dessins ...\u00bb, V\u00f6gel, Pflanzen und Bl\u00e4tter, Bleistift und Tinte auf Papier \/ (I send you these two drawings\u2026), birds, plants and leaves, pencil and ink on paper, 15,2 x 23,1 cm, undatiert\/undated, Sammlung Pr\u00e9fargier, Inv. Nr. 88 verso, Fondation de Pr\u00e9fargier\" aria-describedby=\"gallery-3-1792\" srcset=\"https:\/\/blog.zhdk.ch\/bewahrenbesondererkulturgueter\/files\/2018\/09\/NE_Prefargier_Marie_ElisabethM-150x150.jpg 150w, https:\/\/blog.zhdk.ch\/bewahrenbesondererkulturgueter\/files\/2018\/09\/NE_Prefargier_Marie_ElisabethM-50x50.jpg 50w\" sizes=\"auto, (max-width: 150px) 100vw, 150px\" \/><\/a>\n\t\t\t<\/dt>\n\t\t\t\t<dd class='wp-caption-text gallery-caption' id='gallery-3-1792'>\n\t\t\t\tMarie-Elisabeth M.: \u00abJe t\u2019envoie ces deux dessins &#8230;\u00bb\n\t\t\t\t<\/dd><\/dl><br style=\"clear: both\" \/><dl class='gallery-item'>\n\t\t\t<dt class='gallery-icon landscape'>\n\t\t\t\t<a href='https:\/\/blog.zhdk.ch\/bewahrenbesondererkulturgueter\/files\/2018\/09\/NE_Prefargier_RobertD_Anstaltsgang.jpg' rel=\"lightbox[1786]\"><img loading=\"lazy\" decoding=\"async\" width=\"150\" height=\"150\" src=\"https:\/\/blog.zhdk.ch\/bewahrenbesondererkulturgueter\/files\/2018\/09\/NE_Prefargier_RobertD_Anstaltsgang-150x150.jpg\" class=\"attachment-thumbnail size-thumbnail\" alt=\"Robert D. (1887\u20131927), Beruf unbekannt\/profession unknown: Ohne Titel, breiter Anstaltsgang mit Tisch und Stu\u0308hlen, Bleistift auf Papier \/ untitled, large hall in the asylum with table and chairs, pencil on paper 8,3 x 13 cm, undatiert\/undated, Sammlung Pr\u00e9fargier, Inv. Nr. 34, Fondation de Pr\u00e9fargier\" aria-describedby=\"gallery-3-1794\" srcset=\"https:\/\/blog.zhdk.ch\/bewahrenbesondererkulturgueter\/files\/2018\/09\/NE_Prefargier_RobertD_Anstaltsgang-150x150.jpg 150w, https:\/\/blog.zhdk.ch\/bewahrenbesondererkulturgueter\/files\/2018\/09\/NE_Prefargier_RobertD_Anstaltsgang-50x50.jpg 50w\" sizes=\"auto, (max-width: 150px) 100vw, 150px\" \/><\/a>\n\t\t\t<\/dt>\n\t\t\t\t<dd class='wp-caption-text gallery-caption' id='gallery-3-1794'>\n\t\t\t\tRobert D.: Ohne Titel\n\t\t\t\t<\/dd><\/dl><dl class='gallery-item'>\n\t\t\t<dt class='gallery-icon landscape'>\n\t\t\t\t<a href='https:\/\/blog.zhdk.ch\/bewahrenbesondererkulturgueter\/files\/2018\/09\/NE_Prefargier_RobertD_Fassade.jpg' rel=\"lightbox[1786]\"><img loading=\"lazy\" decoding=\"async\" width=\"150\" height=\"150\" src=\"https:\/\/blog.zhdk.ch\/bewahrenbesondererkulturgueter\/files\/2018\/09\/NE_Prefargier_RobertD_Fassade-150x150.jpg\" class=\"attachment-thumbnail size-thumbnail\" alt=\"Robert D. (1887\u20131927), Beruf unbekannt\/profession unknown: Ohne Titel, Anstalt Pr\u00e9fargier, Fassade zum Park, Bleistift auf Papier \/ untitled, Maison de Sant\u00e9 de Pr\u00e9fargier, fa\u00e7ade facing the park, pencil on paper, 8,3 x 13 cm, undatiert\/undated, Sammlung Pr\u00e9fargier, Inv. Nr. 22, Fondation de Pr\u00e9fargier\" aria-describedby=\"gallery-3-1796\" srcset=\"https:\/\/blog.zhdk.ch\/bewahrenbesondererkulturgueter\/files\/2018\/09\/NE_Prefargier_RobertD_Fassade-150x150.jpg 150w, https:\/\/blog.zhdk.ch\/bewahrenbesondererkulturgueter\/files\/2018\/09\/NE_Prefargier_RobertD_Fassade-50x50.jpg 50w\" sizes=\"auto, (max-width: 150px) 100vw, 150px\" \/><\/a>\n\t\t\t<\/dt>\n\t\t\t\t<dd class='wp-caption-text gallery-caption' id='gallery-3-1796'>\n\t\t\t\tRobert D.: Ohne Titel\n\t\t\t\t<\/dd><\/dl>\n\t\t\t<br style='clear: both' \/>\n\t\t<\/div>\n<!--:--><\/p>\n","protected":false},"excerpt":{"rendered":"","protected":false},"author":3805,"featured_media":0,"parent":0,"menu_order":0,"comment_status":"closed","ping_status":"closed","template":"","meta":{"footnotes":""},"class_list":["post-1786","page","type-page","status-publish","hentry"],"_links":{"self":[{"href":"https:\/\/blog.zhdk.ch\/bewahrenbesondererkulturgueter\/wp-json\/wp\/v2\/pages\/1786","targetHints":{"allow":["GET"]}}],"collection":[{"href":"https:\/\/blog.zhdk.ch\/bewahrenbesondererkulturgueter\/wp-json\/wp\/v2\/pages"}],"about":[{"href":"https:\/\/blog.zhdk.ch\/bewahrenbesondererkulturgueter\/wp-json\/wp\/v2\/types\/page"}],"author":[{"embeddable":true,"href":"https:\/\/blog.zhdk.ch\/bewahrenbesondererkulturgueter\/wp-json\/wp\/v2\/users\/3805"}],"replies":[{"embeddable":true,"href":"https:\/\/blog.zhdk.ch\/bewahrenbesondererkulturgueter\/wp-json\/wp\/v2\/comments?post=1786"}],"version-history":[{"count":1,"href":"https:\/\/blog.zhdk.ch\/bewahrenbesondererkulturgueter\/wp-json\/wp\/v2\/pages\/1786\/revisions"}],"predecessor-version":[{"id":1802,"href":"https:\/\/blog.zhdk.ch\/bewahrenbesondererkulturgueter\/wp-json\/wp\/v2\/pages\/1786\/revisions\/1802"}],"wp:attachment":[{"href":"https:\/\/blog.zhdk.ch\/bewahrenbesondererkulturgueter\/wp-json\/wp\/v2\/media?parent=1786"}],"curies":[{"name":"wp","href":"https:\/\/api.w.org\/{rel}","templated":true}]}}