{"id":2354,"date":"2018-09-27T13:03:20","date_gmt":"2018-09-27T13:03:20","guid":{"rendered":"https:\/\/blog.zhdk.ch\/bewahrenbesondererkulturgueter\/?page_id=2354"},"modified":"2023-11-28T09:22:00","modified_gmt":"2023-11-28T09:22:00","slug":"archiv","status":"publish","type":"page","link":"https:\/\/blog.zhdk.ch\/bewahrenbesondererkulturgueter\/archiv\/","title":{"rendered":"<!--:de-->Archiv<!--:--><!--:en-->Archive<!--:-->"},"content":{"rendered":"<p><!--:de--><strong>Ausstellungen<\/strong><\/p>\n<p><span style=\"color: cc6699\"><em>Extraordinaire! Unbekannte Werke aus psychiatrischen Einrichtungen in der Schweiz um 1900<\/em>. Wanderausstellung 2018\/2019 (<a href=\"https:\/\/blog.zhdk.ch\/bewahrenbesondererkulturgueter\/files\/2018\/11\/flyer_extraordinaire_web.pdf\">Download Flyer)<\/a><br \/>\n<\/span><span style=\"color: cc6699\">&#8211; Sammlung Prinzhorn Heidelberg vom 11. Oktober 2018 bis 20. Januar 2019<br \/>\n&#8211; Kunstmuseum Thun vom 9. Februar bis 19. Mai 2019 mit zahlreichen Begleitveranstaltungen. Zeitgleich: Ida Applebroog.<br \/>\n&#8211; LENTOS Kunstmuseum in Linz vom 7. Juni bis 18. August 2019<\/span><\/p>\n<p><em>Auf der Seeseite der Kunst \u2013 175 Jahre Psychiatrische Klinik M\u00fcnsterlingen.<\/em><br \/>\nMuseum im Lagerhaus, Stiftung f\u00fcr schweizerische Naive Kunst und Art Brut, St. Gallen, 2. Dezember 2014 bis 8. M\u00e4rz 2015; Staatsarchiv des Kantons Thurgau, Frauenfeld vom 1. April bis 22. Mai 2015<\/p>\n<p>Ros<em>enstrumpf und dornencknie. Werke aus der Psychiatrischen Pflegeanstalt Rheinau 1867-1930.<\/em>\u00a0Museum im Lagerhaus, Stiftung f\u00fcr schweizerische Naive Kunst und Art Brut, St. Gallen, 1.Dezember 2010 bis 13. M\u00e4rz 2011; Medizinhistorisches Museum der Universit\u00e4t Z\u00fcrich vom 1. Juni 2011 bis 29.1.2012<\/p>\n<p>Der<em> Himmel ist blau, Werke aus der Sammlung Morgenthaler, Waldau.<\/em>\u00a0Kunstmuseum Bern vom 1. Februar 2008 bis 18. Mai 2008, zusammen mit der Retrospektive: Adolf W\u00f6lfli Universum. In Zusammenarbeit mit der Adolf W\u00f6lfli-Stiftung im Kunstmuseum Bern und dem Psychiatriemuseum Bern.<\/p>\n<p><strong>Tagungen<br \/>\n<\/strong><\/p>\n<p>Z\u00fcrcher Hochschule der K\u00fcnste: Symposium <em>ROHE KUNST? Kunst ausserhalb des Kunstbetriebs<\/em>, 10. Mai 2019. Veranstaltungsimpressionen: https:\/\/www.zhdk.ch\/veranstaltung\/38335<strong><br \/>\n<\/strong><\/p>\n<p>Sammlung Prinzhorn in Heidelberg: Tagung <em>Entdeckungen historischer Anstaltskunst in Europa<\/em>. Begleitend zur Ausstellung <em>Extraordinaire!<\/em> in der Sammlung, 18.\/19. Januar 2019<\/p>\n<p>Schweizerisches Institut f\u00fcr Kunstwissenschaft (SIK-ISEA) und ICS\/ZHdK: <em>Kunst und Psychiatrie<\/em>, Internationale Tagung in Z\u00fcrich im SIK\/ISEA, 30. Oktober\/1. November 2016<\/p>\n<p>Forschungsprojekt Bewahren besonderer Kulturg\u00fcter, Adolf W\u00f6lfli-Stiftung im Kunstmuseum Bern (Daniel Baumann) und Institut des humanit\u00e9s en m\u00e9decine Lausanne, (Prof. Vincent Barras), Kunst und Psychiatrie\/Art et psychiatrie, Internationale Tagung am 17.\/18.November 2011 im Kunstmuseum Bern und PROGR Bern<\/p>\n<p><!--:--><\/p>\n<p><!--:--><!--:en--><strong>Exhibitions<br \/>\n<\/strong><\/p>\n<p><span style=\"color: cc6699\"><em>Extraordinary! Unknown Works from Swiss Psychiatric Institutions around 1900<\/em>. Travelling exhibition 2018\/2019 (<a href=\"https:\/\/blog.zhdk.ch\/bewahrenbesondererkulturgueter\/files\/2018\/11\/flyer_extraordinaire_web.pdf\">Download Flyer)<\/a><br \/>\n<\/span><span style=\"color: cc6699\">&#8211; Sammlung Prinzhorn Heidelberg vom 11. October 2018 \u2013 20. January 2019<br \/>\n&#8211; Kunstmuseum Thun from 9 February 2019 to 19 May 2019 with numerous side events, accompanying the exhibition <em>Ida Applebroog<\/em><br \/>\n&#8211; LENTOS Kunstmuseum Linz from 7 June 2019 to 18 August 2019<\/p>\n<p><\/span><em>Auf der Seeseite der Kunst \u2013 175 Jahre Psychiatrische Klinik M\u00fcnsterlingen.<\/em><br \/>\nMuseum im Lagerhaus, Stiftung f\u00fcr schweizerische Naive Kunst und Art Brut, St. Gallen, 2 December 2014 to 8 March 2015; Staatsarchiv des Kantons Thurgau, Frauenfeld from 1 April to 22 May 2015<\/p>\n<p><em>Rosenstrumpf und dornencknie. Werke aus der Psychiatrischen Pflegeanstalt Rheinau 1867-1930.<\/em>\u00a0Museum im Lagerhaus, Stiftung f\u00fcr schweizerische Naive Kunst und Art Brut, St. Gallen, 1 December 2010 to 13 March 2011; Medizinhistorisches Museum der Universit\u00e4t Z\u00fcrich from 1 June 2011 to 29 January 2012<\/p>\n<p><em>Der Himmel ist blau, Werke aus der Sammlung Morgenthaler, Waldau.<\/em>\u00a0Kunstmuseum Bern from 1 February 2008 to 18 May 2008, together with the retrospective exhibition: Adolf W\u00f6lfli Universum. In collaboration with the Adolf W\u00f6lfli-Stiftung at the Kunstmuseum Bern and the Psychiatriemuseum Bern.<\/p>\n<p><strong>Conferences<\/p>\n<p><\/strong><span style=\"color: cc6699\">Zurich University of the Arts: S<\/span><span style=\"color: cc6699\">ymposium<\/span> <em>Raw Art? Art from Outside the Art Establishment<\/em>, 10. Mai 2019. Impressions of the event: https:\/\/www.zhdk.ch\/en\/event\/38335<\/p>\n<p>Sammlung Prinzhorn in Heidelberg: <em>Conference Discovering historic institutional art in Europe<\/em>, accompanying the exhibition <em>Extraordinary!<\/em>, 18\/19 January 2019<\/p>\n<p>Schweizerisches Institut f\u00fcr Kunstwissenschaft (SIK-ISEA) and ICS\/ZHdK: <em>Kunst und Psychiatrie<\/em>, international conference in Z\u00fcrich at the SIK\/ISEA, 30 October\/1 November 2016<\/p>\n<p>Research project Bewahren besonderer Kulturg\u00fcter, Adolf W\u00f6lfli-Stiftung at the Kunstmuseum Bern (Daniel Baumann) and the Institut universitaire d\u2019Histoire de la M\u00e9decine et de la Sant\u00e9 Publique, Lausanne (Prof. Vincent Barras), Kunst und Psychiatrie\/Art et psychiatrie, international conference 17\/18 November 2011 at the Kunstmuseum Bern and PROGR Bern<br \/>\n<!--:--><\/p>\n","protected":false},"excerpt":{"rendered":"<p>Ausstellungen Extraordinaire! Unbekannte Werke aus psychiatrischen Einrichtungen in der Schweiz um 1900. Wanderausstellung 2018\/2019 (Download Flyer) &#8211; Sammlung Prinzhorn Heidelberg vom 11. Oktober 2018 bis 20. Januar 2019 &#8211; Kunstmuseum Thun vom 9. Februar bis 19. Mai 2019 mit zahlreichen&hellip; <a href=\"https:\/\/blog.zhdk.ch\/bewahrenbesondererkulturgueter\/archiv\/\" class=\"more-link\">Weiterlesen <span class=\"meta-nav\">&rarr;<\/span><\/a><\/p>\n","protected":false},"author":3805,"featured_media":0,"parent":0,"menu_order":0,"comment_status":"closed","ping_status":"closed","template":"","meta":{"footnotes":""},"class_list":["post-2354","page","type-page","status-publish","hentry"],"_links":{"self":[{"href":"https:\/\/blog.zhdk.ch\/bewahrenbesondererkulturgueter\/wp-json\/wp\/v2\/pages\/2354","targetHints":{"allow":["GET"]}}],"collection":[{"href":"https:\/\/blog.zhdk.ch\/bewahrenbesondererkulturgueter\/wp-json\/wp\/v2\/pages"}],"about":[{"href":"https:\/\/blog.zhdk.ch\/bewahrenbesondererkulturgueter\/wp-json\/wp\/v2\/types\/page"}],"author":[{"embeddable":true,"href":"https:\/\/blog.zhdk.ch\/bewahrenbesondererkulturgueter\/wp-json\/wp\/v2\/users\/3805"}],"replies":[{"embeddable":true,"href":"https:\/\/blog.zhdk.ch\/bewahrenbesondererkulturgueter\/wp-json\/wp\/v2\/comments?post=2354"}],"version-history":[{"count":25,"href":"https:\/\/blog.zhdk.ch\/bewahrenbesondererkulturgueter\/wp-json\/wp\/v2\/pages\/2354\/revisions"}],"predecessor-version":[{"id":3033,"href":"https:\/\/blog.zhdk.ch\/bewahrenbesondererkulturgueter\/wp-json\/wp\/v2\/pages\/2354\/revisions\/3033"}],"wp:attachment":[{"href":"https:\/\/blog.zhdk.ch\/bewahrenbesondererkulturgueter\/wp-json\/wp\/v2\/media?parent=2354"}],"curies":[{"name":"wp","href":"https:\/\/api.w.org\/{rel}","templated":true}]}}