{"id":269,"date":"2017-07-13T08:37:44","date_gmt":"2017-07-13T08:37:44","guid":{"rendered":"https:\/\/blog.zhdk.ch\/kulturgueter\/?page_id=269"},"modified":"2023-12-31T22:10:28","modified_gmt":"2023-12-31T22:10:28","slug":"269-2","status":"publish","type":"page","link":"https:\/\/blog.zhdk.ch\/bewahrenbesondererkulturgueter\/269-2\/","title":{"rendered":"<!--:de-->Baselland<!--:--><!--:en-->Basel-Land<!--:--><!--:fr-->B\u00e2le-Campagne<!--:-->"},"content":{"rendered":"<p><!--:de--><div id=\"attachment_65\" style=\"width: 1333px\" class=\"wp-caption alignnone\"><a href=\"https:\/\/blog.zhdk.ch\/bewahrenbesondererkulturgueter\/galerie-baselland\/\"><img loading=\"lazy\" decoding=\"async\" aria-describedby=\"caption-attachment-65\" class=\"wp-image-65\" src=\"https:\/\/blog.zhdk.ch\/bewahrenbesondererkulturgueter\/files\/2018\/09\/BL_Liestal_JJacobE_Trommler_crop.jpg\" alt=\"\" width=\"1323\" height=\"420\" \/><\/a><p id=\"caption-attachment-65\" class=\"wp-caption-text\">Galerie<\/p><\/div><\/p>\n<p><a href=\"https:\/\/blog.zhdk.ch\/bewahrenbesondererkulturgueter\/files\/2023\/12\/BL_Liestal_Kulturgu\u0308terinventar_Liste.pdf\">Liste Kulturg\u00fcterinventar Liestal<\/a><\/p>\n<p><strong> Psychiatrie Baselland (PBL), Liestal<br \/>\nSammlung Hasenb\u00fchl<\/strong><\/p>\n<p>Die \u201eHeil- und Pflegeanstalt Hasenb\u00fchl\u201c wurde 1934 er\u00f6ffnet. K\u00f6rperlich oder psychisch Kranke, Pfr\u00fcnder und andere bed\u00fcrftige B\u00fcrgerinnen und B\u00fcrger waren im Kanton Baselland bis 1877 in ein- und demselben Spital versorgt worden. 1877 wurde ein separates Krankenhaus erbaut und das vormalige Geb\u00e4ude, die \u201ePfrund\u201c, diente als F\u00fcrsorge- und Altersheim und als Irrenhaus, bis der Ankauf des Landgutes \u201eHasenb\u00fchl\u201c durch den Kanton die M\u00f6glichkeit bot, eine psychiatrische Klinik zu er\u00f6ffnen. \u201ePsychiatrie Baselland\u201c ist heute eine Klinik mit 252 Betten.<\/p>\n<p>In der Klinik in Liestal wurden alle Akten bis ins Jahr 1830 untersucht (850 Akten). Es wurden 13 Werke von vier Patienten gefunden, Karikaturen von Jakob A.-K (1893-?) oder \u201eEine kleine Erfindung\u201c von Albert W. (1865-?).<\/p>\n<p><strong>Literatur<\/strong><\/p>\n<p>150 Jahre Pfrund: Gestern, Heute, Morgen: Einblicke in die Gesundheitsversorgung des Kantons Basel-Landschaft. Hrsg. Kantonales Altersheim Liestal, Konzept und Redaktion: Lukas Ott, Stephan Bader. Liestal 2004<\/p>\n<p>Sutter, Hans, Die Entwicklung der Psychiatrie im Kanton Basel-Landschaft. Ein geschichtlicher \u00dcberblick. Basel 1985<\/p>\n<p>Fiechter, Evelyne, Rickenbacher, Rose, Zur Geschichte des Hasenb\u00fchls und der Entwicklung des psychiatrischen Pflegeberufes. Liestal 1987<\/p>\n<p>Psychiatrie Baselland, \u00abOhne Worte\u00bb. Werke aus der Kunsttherapie, Liestal 2021 (Katalog)<\/p>\n<p><!--:--><!--:en--><div id=\"attachment_65\" style=\"width: 1333px\" class=\"wp-caption alignnone\"><a href=\"https:\/\/blog.zhdk.ch\/bewahrenbesondererkulturgueter\/galerie-baselland\/\"><img loading=\"lazy\" decoding=\"async\" aria-describedby=\"caption-attachment-65\" class=\"wp-image-65\" src=\"https:\/\/blog.zhdk.ch\/bewahrenbesondererkulturgueter\/files\/2018\/09\/BL_Liestal_JJacobE_Trommler_crop.jpg\" alt=\"\" width=\"1323\" height=\"420\" \/><\/a><p id=\"caption-attachment-65\" class=\"wp-caption-text\">Galerie<\/p><\/div><\/p>\n<p><a href=\"https:\/\/blog.zhdk.ch\/bewahrenbesondererkulturgueter\/files\/2023\/12\/BL_Liestal_Kulturgu\u0308terinventar_Liste.pdf\">Inventory Liestal<\/a><\/p>\n<p><strong>Baselland Psychiatric Centre (PBL), Liestal<br \/>\nHasenb\u00fchl Collection<\/strong><\/p>\n<p>Hasenb\u00fchl \u201csanatorium and psychiatric nursing home\u201d was opened in 1934. Until 1877, patients suffering from physical or mental illness, the residents of almshouses, and other citizens in need were housed in one and the same hospital in the Canton of Baselland. In 1877, a separate hospital was built. The former building, the \u201cPfrund\u201d (almshouse), served both as a nursing- and elderly people\u2019s home and as a mental asylum, until the canton purchased the \u201cHasenb\u00fchl\u201d estate, which made it possible to open a psychiatric clinic. Today, Baselland Psychiatric Centre houses 252 patients. All Hasenb\u00fchl patient records dating back to 1830 were examined (a total of 850 files). Thirteen works by patients were found, including caricatures by Jakob A.-K (1893\u2013?) and \u201cEine kleine Erfindung\u201d by Albert W. (1865\u2013?).<\/p>\n<p><strong>References<\/strong><\/p>\n<p>150 Jahre Pfrund, Gestern, Heute, Morgen: Einblicke in die Gesundheitsversorgung des Kantons Basel-Landschaft. Hrsg. Kantonales Altersheim Liestal, Konzept und Redaktion: Lukas Ott, Stephan Bader, Liestal 2004 <\/p>\n<p>Sutter, Hans, Die Entwicklung der Psychiatrie im Kanton Basel-Landschaft. Ein geschichtlicher \u00dcberblick. Basel 1985<\/p>\n<p>Fiechter, Evelyne, Rickenbacher, Rose, Zur Geschichte des Hasenb\u00fchls und der Entwicklung des psychiatrischen Pflegeberufes. Liestal 1987<\/p>\n<p>Psychiatrie Baselland, \u00abOhne Worte\u00bb. Werke aus der Kunsttherapie, Liestal 2021 (Catalogue)<\/p>\n<p><!--:--><!--:fr--><div id=\"attachment_65\" style=\"width: 1333px\" class=\"wp-caption alignnone\"><a href=\"https:\/\/blog.zhdk.ch\/bewahrenbesondererkulturgueter\/galerie-baselland\/\"><img loading=\"lazy\" decoding=\"async\" aria-describedby=\"caption-attachment-65\" class=\"wp-image-65\" src=\"https:\/\/blog.zhdk.ch\/bewahrenbesondererkulturgueter\/files\/2018\/09\/BL_Liestal_JJacobE_Trommler_crop.jpg\" alt=\"\" width=\"1323\" height=\"420\" \/><\/a><p id=\"caption-attachment-65\" class=\"wp-caption-text\">Galerie<\/p><\/div><\/p>\n<p><a href=\"https:\/\/blog.zhdk.ch\/bewahrenbesondererkulturgueter\/files\/2018\/08\/Baselland_Liestal_Kulturgueterinventar.pdf\">Inventaire Liestal<\/a><\/p>\n<p>Psychiatrie de B\u00e2le-Campagne (PBL), Liestal<br \/>\nCollection Hasenb\u00fchl <\/p>\n<p>La \u00ab Heil- und Pflegeanstalt Hasenb\u00fchl \u00bb (asile et maison de sant\u00e9) ouvra ses portes en 1934. Jusqu\u2019en 1877 le m\u00eame h\u00f4pital h\u00e9bergeait les malades physiques ou psychiques, des \u00ab Pfr\u00fcndner \u00bb (pr\u00e9bendes [ ?]) ainsi que d\u2019autres citoyennes et citoyens pauvres. En 1877 on construisit un h\u00f4pital proprement dit et l\u2019ancien b\u00e2timent, la \u00ab Pfrund \u00bb (maison de retraite) servait alors de maison de retraite et de bienfaisance ainsi que d\u2019asile pour ali\u00e9n\u00e9s. Cet \u00e8tablissement fut en fonction jusqu\u2019\u00e0 ce que le canton ach\u00e8te le domaine du \u00ab Hasenb\u00fchl \u00bb afin d\u2019y b\u00e2tir une clinique psychiatrique. De nos jours \u00ab Psychiatrie Baselland \u00bb (psychiatrie de B\u00e2le Campagne) est une clinique avec 252 lits.<br \/>\nTous les dossiers \u00e9tablis avant 1930 de la clinique \u00e0 Liestal furent examin\u00e9s (850 dossiers). S\u2019y trouvaient 13 oeuvres de quatre patients, parmi elles des caricatures de Jakob A.-K (1893- ?) ou \u00ab Eine kleine Erfindung \u00bb (une petite invention) d\u2019Albert W. (1865- ?) .<\/p>\n<p><strong>R\u00e9f\u00e9rences<\/strong><br \/>\n150 Jahre Pfrund: Gestern, Heute, Morgen: Einblicke in die Gesundheitsversorgung des Kantons Basel-Landschaft. Hrsg. Kantonales Altersheim Liestal, Konzept und Redaktion: Lukas Ott, Stephan Bader. Liestal 2004.<br \/>\nSutter, Hans: Die Entwicklung der Psychiatrie im Kanton Basel-Landschaft. Ein geschichtlicher \u00dcberblick. Basel 1985.<br \/>\nFiechter, Evelyne, Rickenbacher, Rose: Zur Geschichte des Hasenb\u00fchls und der Entwicklung des psychiatrischen Pflegeberufes. Liestal 1987.<!--:--><\/p>\n","protected":false},"excerpt":{"rendered":"<p>Liste Kulturg\u00fcterinventar Liestal Psychiatrie Baselland (PBL), Liestal Sammlung Hasenb\u00fchl Die \u201eHeil- und Pflegeanstalt Hasenb\u00fchl\u201c wurde 1934 er\u00f6ffnet. K\u00f6rperlich oder psychisch Kranke, Pfr\u00fcnder und andere bed\u00fcrftige B\u00fcrgerinnen und B\u00fcrger waren im Kanton Baselland bis 1877 in ein- und demselben Spital versorgt&hellip; <a href=\"https:\/\/blog.zhdk.ch\/bewahrenbesondererkulturgueter\/269-2\/\" class=\"more-link\">Weiterlesen <span class=\"meta-nav\">&rarr;<\/span><\/a><\/p>\n","protected":false},"author":1571,"featured_media":0,"parent":0,"menu_order":0,"comment_status":"closed","ping_status":"closed","template":"","meta":{"footnotes":""},"class_list":["post-269","page","type-page","status-publish","hentry"],"_links":{"self":[{"href":"https:\/\/blog.zhdk.ch\/bewahrenbesondererkulturgueter\/wp-json\/wp\/v2\/pages\/269","targetHints":{"allow":["GET"]}}],"collection":[{"href":"https:\/\/blog.zhdk.ch\/bewahrenbesondererkulturgueter\/wp-json\/wp\/v2\/pages"}],"about":[{"href":"https:\/\/blog.zhdk.ch\/bewahrenbesondererkulturgueter\/wp-json\/wp\/v2\/types\/page"}],"author":[{"embeddable":true,"href":"https:\/\/blog.zhdk.ch\/bewahrenbesondererkulturgueter\/wp-json\/wp\/v2\/users\/1571"}],"replies":[{"embeddable":true,"href":"https:\/\/blog.zhdk.ch\/bewahrenbesondererkulturgueter\/wp-json\/wp\/v2\/comments?post=269"}],"version-history":[{"count":21,"href":"https:\/\/blog.zhdk.ch\/bewahrenbesondererkulturgueter\/wp-json\/wp\/v2\/pages\/269\/revisions"}],"predecessor-version":[{"id":3373,"href":"https:\/\/blog.zhdk.ch\/bewahrenbesondererkulturgueter\/wp-json\/wp\/v2\/pages\/269\/revisions\/3373"}],"wp:attachment":[{"href":"https:\/\/blog.zhdk.ch\/bewahrenbesondererkulturgueter\/wp-json\/wp\/v2\/media?parent=269"}],"curies":[{"name":"wp","href":"https:\/\/api.w.org\/{rel}","templated":true}]}}