{"id":313,"date":"2017-07-13T08:46:11","date_gmt":"2017-07-13T08:46:11","guid":{"rendered":"https:\/\/blog.zhdk.ch\/kulturgueter\/?page_id=313"},"modified":"2024-01-07T19:54:57","modified_gmt":"2024-01-07T19:54:57","slug":"bern-muensingen","status":"publish","type":"page","link":"https:\/\/blog.zhdk.ch\/bewahrenbesondererkulturgueter\/bern-muensingen\/","title":{"rendered":"<!--:de-->Bern M\u00fcnsingen<!--:--><!--:en-->Bern M\u00fcnsingen<!--:--><!--:fr-->Berne M\u00fcnsingen<!--:-->"},"content":{"rendered":"<p><!--:de--><\/p>\n<p>Keine Inventarliste als pdf zum download<\/p>\n<p><strong>Psychiatriezentrum M\u00fcnsingen AG, PZM<\/strong><\/p>\n<p>Die Irrenanstalt M\u00fcnsingen wurde als zweite Institution dieser Art 1895 im Kanton Bern er\u00f6ffnet. Sie bildete zusammen mit der Kantonalen Irrenanstalt und Universit\u00e4tsklinik Waldau eine organisatorische Einheit. In der Zwischenkriegszeit beherbergte sie mehr als tausend Patientinnen und Patienten. Unter der Direktion von Ulrich Brauchli (1862\u20131939, Direktor von 1912 bis 1934) war die Anstalt \u00fcberf\u00fcllt: viele Patienten verbrachten ihre Zeit unbesch\u00e4ftigt und sich selber \u00fcberlassen. In seinen \u201eErinnerungen\u201c beschreibt Max M\u00fcller (1894\u20131980) diese Zust\u00e4nde eindr\u00fccklich. Der Schriftsteller Friedrich Glauser (1896\u20131938), Patient in M\u00fcnsingen 1918\/19 und wiederum 1925\/26, beschreibt das Leben dort in seinem Kriminalroman \u201eMatto regiert\u201c. Einer der wichtigsten K\u00fcnstler, die viele Jahre in einer psychiatrischen Klinik verbrachten, ist Heinrich Anton M\u00fcller (1869\u20131930). Sein Werk umfasst 45 Zeichnungen, die r\u00fcckseitig mit Hymnen und anderen Texten beschrieben sind. Als Zeichenmaterial dienten ihm Verpackungskartons f\u00fcr Stahlsp\u00e4ne. F\u00fcnf Fotografien zeugen von vieren seiner uhrwerkartigen Maschinen, die jedoch alle zerst\u00f6rt sind. Die meisten seiner Zeichnungen befanden sich auf dem Dachboden der Anstalt, wohin sie der Psychiater Rudolf Wyss (Klinikdirektor in M\u00fcnsingen von 1848\u20131954) in Sicherheit gebracht hatte. Einige von ihnen gelangten in die \u201eWaldau\u201c; sechs Zeichnungen wurden an Hans Prinzhorn in Heidelberg geschickt (Inv. Nr. 1635-39, 1646N). Harald Szeemann stellte Werke von Heinrich Anton M\u00fcller zusammen mit solchen von Adolf W\u00f6lfli 1972 an der documenta 5 in Kassel aus. Zur Zeit befinden sich zwanzig seiner Zeichnungen in der Adolf W\u00f6lfli-Stiftung im Kunstmuseum Bern, sechs in der Sammlung Prinzhorn, sechs in der Collection de l\u2019Art Brut und einige in privaten Sammlungen. Die meisten historischen Werke aus M\u00fcnsingen wurden ins \u201ePsychiatrie-Museum Bern\u201c gebracht. Die Verantwortlichen in M\u00fcnsingen best\u00e4tigten, dass sich dort keine historischen Werke mehr befinden. Eine Recherche vor Ort wurde nicht durchgef\u00fchrt.<\/p>\n<p><strong>Literatur<\/strong><\/p>\n<p>Glauser, Friedrich, Matto regiert. Roman, Z\u00fcrich, 1936<\/p>\n<p>Szeemann, Harald (Hrsg.), documenta 5, Ausstellungskatalog, Kassel 1972<\/p>\n<p>Kurzmeyer, Roman, Heinrich Anton M\u00fcller. Katalog der Maschinen, Zeichnungen und Schriften, Basel, 1994<\/p>\n<p>M\u00fcller, Max, Erinnerungen. Erlebte Psychiatriegeschichte 1920-1960, Berlin 1982<!--:--><br \/>\n<!--:en--><\/p>\n<p>No inventory list as pdf for download<\/p>\n<p><strong> M\u00fcnsingen Psychiatric Centre <\/strong><\/p>\n<p>\u201cM\u00fcnsingen Mental Asylum\u201d was the second psychiatric institution to be opened (in 1895) in the Canton of Bern. It formed an organisational unit together with \u201cWaldau Cantonal Mental Asylum and University Clinic.\u201d Between the two world wars, M\u00fcnsingen housed over a thousand patients. Under Ulrich Brauchli (1862\u20131939, director 1868\u20131934), the clinic suffered from notorious overcrowding: many patients were inactive, which Max M\u00fcller (1894\u20131980, director 1939\u20131954) described impressively in his \u201cRecollections.\u201d The writer Friedrich Glauser (1896\u20131938) was a patient at M\u00fcnsingen in the years 1918\u20131919 and 1925\u20131926. He described life in the asylum in his detective story Matto regiert (1936). Heinrich Anton M\u00fcller (1869\u20131930) is one of the clinic\u2019s outstanding artists. His work consists of 45 drawings, with poems, hymns, and other kinds of texts written on the reverse side. M\u00fcller made his drawings on cartons used to store steel shavings. Five photographs depicting four of his (destroyed) machines have survived. Most of his drawings were found in the attic, where Rudolf Wyss (senior psychiatrist, 1948\u20131954) kept them stored against damage. Some of M\u00fcller\u2019s works were found at Waldau and, following Hans Prinzhorn\u2019s call for submissions to his collection, six of M\u00fcller\u2019s drawings were sent to Heidelberg Psychiatric Clinic (Inv. Nr. 1635-39, 1646N.). Today, they are held in various locations: the Adolf W\u00f6lfli Foundation, which forms part of Bern\u2019s Museum of Fine Arts (twenty drawings), the Prinzhorn Collection; the Collection de l\u2019Art Brut (six drawings); and in private collections. Most of the historical works from M\u00fcnsingen were transferred to the Bern Museum of Psychiatry (Bern\/Waldau University Psychiatric Services) so that no historical works are said to be kept at M\u00fcnsingen. <\/p>\n<p><strong>References<\/strong><\/p>\n<p>Glauser, Friedrich, Matto regiert, Kriminalroman, Echte, Bernhard (ed.) (1936) Z\u00fcrich 1999<\/p>\n<p>Kurzmeyer, Roman (ed.) Heinrich Anton M\u00fcller, Katalog der Maschinen, Zeichnungen und Schriften, Ausst. Kat. Kunstmuseum Bern 28 September\u201327 November 1994, Basel 1994<\/p>\n<p>M\u00fcller Max, Erinnerungen. Erlebte Psychiatriegeschichte 1920\u20131960, Berlin 1982<\/p>\n<p>Reck, Hans-Ulrich, Szeemann, Harald (eds.), Junggesellenmaschinen, Erw. Neuausgabe der dt. Fassung des 1975 zur Ausstellung in der Kunsthalle Bern und der Biennale in Venedig etc. erschienenen Katalogs, Wien 1999<\/p>\n<p>Saner, Gerhard, Friedrich Glauser. Eine Biografie, 2 vols., Frankfurt a.M. 198 <\/p>\n<p>Szeemann, Harald (ed.), documenta 5, Ausstellungskatalog, Kassel 1972<\/p>\n<p><!--:--><!--:fr--><strong>Centre psychiatrique de M\u00fcnsingen<\/strong><\/p>\n<p>La \u201eIrrenanstalt M\u00fcnsingen\u201c (asile pour ali\u00e9n\u00e9s de M\u00fcnsingen) fut la deuxi\u00e8me institution de ce type dans le canton de Berne en 1895. Avec la \u00ab Kantonale Irrenanstalt und Universit\u00e4tsklinik Waldau \u00bb (asile cantonal pour ali\u00e9n\u00e9s et clinique universitaire de la Waldau) elle formait une unit\u00e9administrative. Dans l\u2019entre-deux-guerres elle h\u00e9bergeait plus de mille patientes et patients. Sous la direction d\u2019Urs Brauchli (1862-1939 ; directeur de 1912 \u00e0 1934) l\u2019asile \u00e9tait combl\u00e9 et de nombreux de patientes et patients restaient inoccup\u00e9s. Dans ses \u00ab Erinnerungen \u00bb (m\u00e9moires) Max M\u00fcller (1894-1980, directeur de 1939 \u00e0 1954) en parle defa\u00e7on siasissante. L\u2019\u00e9crivain Friedrich Glauser (1896-1938), patient \u00e0 M\u00fcnsingen en 1918\/19 et de nouveau en 1925\/26, d\u00e9crit la vie de l\u2019asile dans son roman policier \u00ab Matto regiert \u00bb (Le royaume de Matto). L\u2019un des artistes exceptionnels issus d\u2019une clinique psychiatrique est Heinrich Anton M\u00fcller (1869-1930). Son oeuvre comprend 45 dessins pr\u00e9sentant au verso des po\u00e8mes, des hymnes et d\u2019autres textes. Des cartons d\u2019emballage pour copeaux m\u00e9talliques lui servaient de support ; des photographies t\u00e9moignent encore de quatre de ses cinq machines (d\u00e9truites). La plupart de ses dessins se trouvaient au grenier de l\u2019asile, o\u00f9 le psychiatre de M\u00fcnsterlingen Rudolf Wyss (chef de clinique de 1948 \u00e0 1954) les avait mis \u00e0 l\u2019abri. Quelques-uns furent conserv\u00e9s \u00e0 l\u2019asile de la Waldau et six dessins furent envoy\u00e9s, \u00e0 la demande de Hans Prinzhorn, \u00e0 l\u2019asile psychiatrique de Heidelberg (Inv. Nr. 1635-39, 1646N). Les oeuvres de Heinrich Anton M\u00fcller sont r\u00e9pertori\u00e9es dans un catalogue raisonn\u00e9 \u00e9tabli par Roman Kurzmeyer. Actuellement elles se trouvent \u00e0 la fondation Adolf W\u00f6lfli au Kunstmuseum (mus\u00e9e des Beaux Arts) de Berne (20 dessins), dans la collection Prinzhorn, dans la Collection de l\u2019Art Brut (6 dessins) et dans des collections priv\u00e9es. Toutes les autres oeuvres historiques de M\u00fcnsingen ont \u00e9t\u00e9 transf\u00e9r\u00e9es au \u00ab Psychiatrie Museum Bern \u00bb (Universit\u00e4re Psychiatrische Dienste Bern\/Waldau). Les responsables de M\u00fcnsingen affirment qu\u2019il n\u2019y plus d\u2019oeuvres historiques sur place. <\/p>\n<p><strong>R\u00e9f\u00e9rences<\/strong><br \/>\nGlauser, Friedrich, Matto regiert. Roman, Z\u00fcrich, 1936<br \/>\nM\u00fcller, Max, Erinnerungen: erlebte Psychiatriegeschichte, Berlin 1982.<!--:--><\/p>\n","protected":false},"excerpt":{"rendered":"<p>Keine Inventarliste als pdf zum download Psychiatriezentrum M\u00fcnsingen AG, PZM Die Irrenanstalt M\u00fcnsingen wurde als zweite Institution dieser Art 1895 im Kanton Bern er\u00f6ffnet. Sie bildete zusammen mit der Kantonalen Irrenanstalt und Universit\u00e4tsklinik Waldau eine organisatorische Einheit. In der Zwischenkriegszeit&hellip; <a href=\"https:\/\/blog.zhdk.ch\/bewahrenbesondererkulturgueter\/bern-muensingen\/\" class=\"more-link\">Weiterlesen <span class=\"meta-nav\">&rarr;<\/span><\/a><\/p>\n","protected":false},"author":1571,"featured_media":0,"parent":0,"menu_order":0,"comment_status":"closed","ping_status":"closed","template":"","meta":{"footnotes":""},"class_list":["post-313","page","type-page","status-publish","hentry"],"_links":{"self":[{"href":"https:\/\/blog.zhdk.ch\/bewahrenbesondererkulturgueter\/wp-json\/wp\/v2\/pages\/313","targetHints":{"allow":["GET"]}}],"collection":[{"href":"https:\/\/blog.zhdk.ch\/bewahrenbesondererkulturgueter\/wp-json\/wp\/v2\/pages"}],"about":[{"href":"https:\/\/blog.zhdk.ch\/bewahrenbesondererkulturgueter\/wp-json\/wp\/v2\/types\/page"}],"author":[{"embeddable":true,"href":"https:\/\/blog.zhdk.ch\/bewahrenbesondererkulturgueter\/wp-json\/wp\/v2\/users\/1571"}],"replies":[{"embeddable":true,"href":"https:\/\/blog.zhdk.ch\/bewahrenbesondererkulturgueter\/wp-json\/wp\/v2\/comments?post=313"}],"version-history":[{"count":23,"href":"https:\/\/blog.zhdk.ch\/bewahrenbesondererkulturgueter\/wp-json\/wp\/v2\/pages\/313\/revisions"}],"predecessor-version":[{"id":3429,"href":"https:\/\/blog.zhdk.ch\/bewahrenbesondererkulturgueter\/wp-json\/wp\/v2\/pages\/313\/revisions\/3429"}],"wp:attachment":[{"href":"https:\/\/blog.zhdk.ch\/bewahrenbesondererkulturgueter\/wp-json\/wp\/v2\/media?parent=313"}],"curies":[{"name":"wp","href":"https:\/\/api.w.org\/{rel}","templated":true}]}}