{"id":33,"date":"2017-06-29T08:42:06","date_gmt":"2017-06-29T08:42:06","guid":{"rendered":"https:\/\/blog.zhdk.ch\/kulturgueter\/?page_id=33"},"modified":"2024-01-07T20:19:18","modified_gmt":"2024-01-07T20:19:18","slug":"home","status":"publish","type":"page","link":"https:\/\/blog.zhdk.ch\/bewahrenbesondererkulturgueter\/","title":{"rendered":"<!--:de-->Bewahren besonderer Kulturg\u00fcter<!--:--><!--:en-->Preserving Special Cultural Treasures<!--:--><!--:fr-->Sauvegarde des biens culturels particuliers<!--:-->"},"content":{"rendered":"<p><!--:de--><strong>Um 1900 wurden in den meisten der 25 kantonalen psychiatrischen Anstalten in der Schweiz ab und zu Bilder, Zeichnungen oder anderes k\u00fcnstlerisches Schaffen von Patientinnen und Patienten aufbewahrt. Die Werke sind dichte und sehr verschiedenartige Statements auf \u00e4sthetischer Ebene dazu, wie Normalit\u00e4t um 1900 verhandelt wurde.<\/strong><\/p>\n<p>In manchen Anstalten wurde sogar eine Sammlung angelegt und in einem kleinen Museum gezeigt. Psychiater traten forschend an die Werke heran. Sie fragten, ob Begabung gesund oder ob Genialit\u00e4t ein Zeichen von Geisteskrankheit sei. Sie betteten die Werke in diagnostische, wahrnehmungs- und kunstpsychologische Fragestellungen ein und deuteten sie in der Therapie. Sie suchten nach dem Ursprung von k\u00fcnstlerischem Ausdruck und verglichen die Werke mit moderner, aussereurop\u00e4ischer oder mittelalterlicher Kunst. Die Psychiater Walter Morgenthaler oder Hans Steck waren von den Werken ihrer Patienten Adolf W\u00f6lfli oder Aloyse Corbaz tief beeindruckt und stellten sie der Kunst der Avantgarde als ebenb\u00fcrtig zur Seite. Die aktuelle Forschung untersucht die diskursiven Einbettungen und die gesellschaftliche Dynamik, die diesen oft sehr komplexen Laienwerken innewohnt. K\u00fcnstlerisches Schaffen war eine m\u00f6gliche Strategie des \u00dcberlebens in der schwierigen Situation des Ausschlusses vom \u00f6ffentlichen Leben.<\/p>\n<p>Das Forschungsvorhaben \u201eBewahren besonderer Kulturg\u00fcter I und II\u201c (Projekt I: 2006-2008, Projekt II: 2010-2014) wurde vom Schweizerischen Nationalfonds unterst\u00fctzt und ist an der Z\u00fcrcher Hochschule der K\u00fcnste, Institute for Cultural Studies (Prof. Sigrid Schade) angesiedelt. Projektleitung Dr. Katrin Luchsinger, wissenschaftliche Mitarbeiterinnen lic. Phil. Iris Blum, Jacqueline Fahrni (Projekte I und II), Florence Choquard Dr. phil. (Projekt II), Isabelle Dessort-Baur, Anita Rufer (Projekt I).<\/p>\n<p><a href=\"https:\/\/blog.zhdk.ch\/bewahrenbesondererkulturgueter\/files\/2024\/01\/BewahrenbesKulturgueter_Veroeffentlichungen.pdf\">Publikationen in Zusammenhang mit dem Projekt<br \/>\n<\/a><\/p>\n<p><!--:--><!--:en--><strong>Many psychiatrists across Europe collected the artwork made by their patients. The works were used to explore questions surrounding mental diseases or were compared to the works of the avant-garde. These works are astoundingly diverse and complex. It is highly rewarding to collect them as documents from the lives of persons severed from society, and to bring these works into the public domain. They are condensed statements on what was deemed to be normal around 1900 and how normality was negotiated at the time. <\/strong><\/p>\n<p>From 2006 to 2014, Zurich University of the Arts (ZHdK), Institute for Cultural Studies (Prof. Sigrid Schade), hosted a research project entitled \u201cPreserving Special Cultural Treasures.\u201d Funded by the Swiss National Science Foundation, a team of researchers surveyed the artworks created by the inmates of Swiss psychiatric hospitals in the period between 1850 and 1930. Comprising over 5,000 works, the resulting image database is now publicly accessible at the Swiss Institute for Art Research. Historical collections of such works were found in 19 of the 25 mental institutions in Switzerland. Some established small museums to exhibit the works, because at the turn of the century such art and the issues associated with it attracted great interest among psychiatrists and the wider public: questions concerning mental illness, perception, and the imagination were as common as comparisons with the \u201cprimitive\u201d and the avant-garde. Artworks produced by patients were collected or assembled for exhibition across Europe. The surviving case files and patient records, now often housed in state archives, contain drawings or photographs of objects. Long neglected, these complex documents from the lives of individuals cut off from society are very much worth collecting and preparing for display.<\/p>\n<p>Projectmanagment: Prof. Dr. Katrin Luchsinger, Research associates: Iris Blum, lic. phil., Jacqueline Fahrni (Projekte I und II), Florence Choquard Dr. phil. (Projekt II), Isabelle Dessort-Baur, Anita Rufer (Projekt I).\u00a0Database: Swiss Institute for Art Research (Schweizerisches Institut f\u00fcr Kunstwissenschaft, SIK-ISEA), Zollikerstr. 32, Zurich, Monday &#8211; Friday, 13 30-17 30. You can find the inventories as a pdf also on this website (look under \u201cSammlungen\u201d).<\/p>\n<p>Both the projects \u201eBewahren besonderer Kulturg\u00fcter\u201c I and II are sponsored by the Schweizerischen Nationalfonds\/DORE; 2007 and enjoy the patronage of the Swiss UNESCO Commission.\u00a0The research project \u201cBewahren besonderer Kulturg\u00fcter I\u201d was awarded the sponsor&#8217;s prize of the Schweizerische Gesellschaft f\u00fcr Kulturg\u00fcterschutz SGKGS in 2008.\u00a0Leading house is the ZHdK, department culture analysis and mediation, Institute for Cultural Studies in the Arts.\u00a0The transfer of the picture database to the Schweizerische Institut f\u00fcr Kunstwissenschaft SIK-ISEA was supported by the Ernst G\u00f6hner-Stiftung and the SIK-ISEA.<\/p>\n<p><a href=\"https:\/\/blog.zhdk.ch\/bewahrenbesondererkulturgueter\/files\/2024\/01\/BewahrenbesKulturgueter_Veroeffentlichungen.pdf\">Publications related to the project<br \/>\n<\/a><\/p>\n","protected":false},"excerpt":{"rendered":"<p>Um 1900 wurden in den meisten der 25 kantonalen psychiatrischen Anstalten in der Schweiz ab und zu Bilder, Zeichnungen oder anderes k\u00fcnstlerisches Schaffen von Patientinnen und Patienten aufbewahrt. Die Werke sind dichte und sehr verschiedenartige Statements auf \u00e4sthetischer Ebene dazu,&hellip; <a href=\"https:\/\/blog.zhdk.ch\/bewahrenbesondererkulturgueter\/\" class=\"more-link\">Weiterlesen <span class=\"meta-nav\">&rarr;<\/span><\/a><\/p>\n","protected":false},"author":1571,"featured_media":2476,"parent":0,"menu_order":0,"comment_status":"closed","ping_status":"closed","template":"","meta":{"footnotes":""},"class_list":["post-33","page","type-page","status-publish","has-post-thumbnail","hentry"],"_links":{"self":[{"href":"https:\/\/blog.zhdk.ch\/bewahrenbesondererkulturgueter\/wp-json\/wp\/v2\/pages\/33","targetHints":{"allow":["GET"]}}],"collection":[{"href":"https:\/\/blog.zhdk.ch\/bewahrenbesondererkulturgueter\/wp-json\/wp\/v2\/pages"}],"about":[{"href":"https:\/\/blog.zhdk.ch\/bewahrenbesondererkulturgueter\/wp-json\/wp\/v2\/types\/page"}],"author":[{"embeddable":true,"href":"https:\/\/blog.zhdk.ch\/bewahrenbesondererkulturgueter\/wp-json\/wp\/v2\/users\/1571"}],"replies":[{"embeddable":true,"href":"https:\/\/blog.zhdk.ch\/bewahrenbesondererkulturgueter\/wp-json\/wp\/v2\/comments?post=33"}],"version-history":[{"count":64,"href":"https:\/\/blog.zhdk.ch\/bewahrenbesondererkulturgueter\/wp-json\/wp\/v2\/pages\/33\/revisions"}],"predecessor-version":[{"id":3481,"href":"https:\/\/blog.zhdk.ch\/bewahrenbesondererkulturgueter\/wp-json\/wp\/v2\/pages\/33\/revisions\/3481"}],"wp:featuredmedia":[{"embeddable":true,"href":"https:\/\/blog.zhdk.ch\/bewahrenbesondererkulturgueter\/wp-json\/wp\/v2\/media\/2476"}],"wp:attachment":[{"href":"https:\/\/blog.zhdk.ch\/bewahrenbesondererkulturgueter\/wp-json\/wp\/v2\/media?parent=33"}],"curies":[{"name":"wp","href":"https:\/\/api.w.org\/{rel}","templated":true}]}}