{"id":335,"date":"2017-07-13T08:57:33","date_gmt":"2017-07-13T08:57:33","guid":{"rendered":"https:\/\/blog.zhdk.ch\/kulturgueter\/?page_id=335"},"modified":"2024-01-07T19:55:38","modified_gmt":"2024-01-07T19:55:38","slug":"3-8-fribourg","status":"publish","type":"page","link":"https:\/\/blog.zhdk.ch\/bewahrenbesondererkulturgueter\/3-8-fribourg\/","title":{"rendered":"Fribourg"},"content":{"rendered":"<p><!--:de--><div id=\"attachment_65\" style=\"width: 1333px\" class=\"wp-caption alignnone\"><a href=\"https:\/\/blog.zhdk.ch\/bewahrenbesondererkulturgueter\/galerie-fribourg\/\"><img loading=\"lazy\" decoding=\"async\" aria-describedby=\"caption-attachment-65\" class=\"wp-image-65\" src=\"https:\/\/blog.zhdk.ch\/bewahrenbesondererkulturgueter\/files\/2018\/09\/Fribourg_Python.jpg_crop.jpg\" alt=\"\" width=\"1323\" height=\"420\" \/><\/a><p id=\"caption-attachment-65\" class=\"wp-caption-text\">Galerie<\/p><\/div><\/p>\n<p>Keine Inventarliste als pdf zum download<\/p>\n<p><strong> Centre de soins hospitaliers de Marsens, Fribourg Collection Marsens <\/strong><\/p>\n<p>Die Anstalt Marsens wurde 1875 auf dem Areal eines ehemaligen Jesuitenklosters in l\u00e4ndlicher Gegend erbaut. Nach l\u00e4ngeren Recherchen entschied sich der Grosse Rat des Kantons Fribourg f\u00fcr einen damals sehr modernen &#8222;Pavillonbau&#8220;, der f\u00fcr 60-80 Patienten konzipiert war. 1890 beherbergte die Anstalt bereits 160 und 1960, nach mehreren Neubauten, 500 Patienten und Patientinnen. Seither nimmt die Zahl der Hospitalisierten ab und liegt heute bei 170. Im &#8222;Asile des Ali\u00e9n\u00e9s de Marsens&#8220;, das sich heute &#8222;R\u00e9seau Fribourgeois de Sant\u00e9 Mentale&#8220; (RFSM) nennt, gab es nach heutigem Stand des Wissens keinen Psychiater oder Klinikdirektor, der explizit Werke seiner Patienten sammelte, wie dies in der Anstalt Cery in Lausanne mit Hans Steck, in Belair in Genf mit Charles Ladame oder mit Walter Morgenthaler in der &#8222;Waldau&#8220; in Bern der Fall gewesen war. Werke des Patienten Gaspar Corpataux (1838\u20131917, hospitalisiert 1880\u20131917) gelangten im Jahr 2000 in den Besitz der Collection de l\u2019Art Brut in Lausanne. Diese unternahm im Hinblick auf eine geplante Ausstellung 2008 eine Recherche im Archiv der Klinik (Lucienne Peiry, Jessica Schupbach). Es fanden sich Werke, Zeichnungen und vor allem Schriften von ca. vierzehn Patientinnen und Patienten von welchen 45 Werke 2009 in der Ausstellung &#8222;Art Brut fribourgeois&#8220; in der Collection de l\u2019Art Brut gezeigt wurden. Einige der Exponate gingen in den Besitz dieser Sammlung \u00fcber, andere befinden sich dort als Depotleihgabe. Unter den K\u00fcnstlern und K\u00fcnstlerinnen sind, ausser Gaspar Corpataux, zu nennen : Pierre-Maurice B. (1873-1967), Jos\u00e9phine-Antonie Gaillard Aebischer (1903-1984,), Meinrad L. (1859- ?), Marguerite P. (1905- ?), Justine Python (1879- ?), Louis R. (1894-1949) oder Fr\u00e9d\u00e9ric U. (1878-1929) zu nennen.<\/p>\n<p><strong>Ausstellung<\/strong><\/p>\n<p>2009 &#8222;L\u2019Art Brut fribourgeois&#8220;, Collection de l\u2019Art Brut, Lausanne, 6.2.-18.10.2009, Dir. Lucienne Peiry<\/p>\n<p><strong>Literatur<\/strong><\/p>\n<p>Art Brut fribourgeois, catalogue d\u2019exposition sous la dir. de Lucienne Peiry, Collection de l\u2019Art Brut\/La Sarine, Lausanne\/Fribourg, 2008<\/p>\n<p>Collection de l\u2019Art Brut, Peiry Lucienne (Hg.), Art brut fribourgeois, Beitr\u00e4ge von Isabelle Bezzi, Michel Veyre, Pascal Marini, Jessica Schupbach, Michel Th\u00e9voz [et al.], Fribourg, 2008 <\/p>\n<p>Fragni\u00e8re, Claude, La cr\u00e9ation de l\u2019asile d\u2019ali\u00e9n\u00e9s de Marsens: aspects techniques et administratifs, [Fribourg], [s.n.], 1992<\/p>\n<p>Fussinger, Catherine, Tevaearai, Deodaat, Lieux de folie. Monuments de raison, Architecture et psychiatrie en Suisse romande 1830\u20131930. Lausanne 1998<\/p>\n<p>La parole aux \u00e9crits bruts, CD produit \u00e0 l\u2019occasion de l\u2019exposition &#8222;Alo\u00efse. Le ricochet solaire&#8220;, Collection de l\u2019Art Brut\/Radio T\u00e9l\u00e9vision Suisse (RTS), Lausanne, 2012<\/p>\n<p>Marsens, 1875-2000, plaquette \u00e9tablie par l\u2019h\u00f4pital de Marsens pour ses 125 ans<\/p>\n<p>R\u00e9my, Maurice, Le centenaire de Marsens\u00a0: de l\u2019asile \u00e0 l\u2019h\u00f4pital\u00a0: 1875-1975, Fribourg, [s.n.], 1975<\/p>\n<p>Schupbach, Jessica, Le visage \u00e9pistolaire de Justine : \u00e9crire \u00e0 Marsens entre 1883 et 1885,<br \/>\nCahiers du Mus\u00e9e gru\u00e9rien. &#8211; 2019\/12\/107<\/p>\n<p><!--:--><br \/>\n<!--:en--><div id=\"attachment_65\" style=\"width: 1333px\" class=\"wp-caption alignnone\"><a href=\"https:\/\/blog.zhdk.ch\/bewahrenbesondererkulturgueter\/galerie-fribourg\/\"><img loading=\"lazy\" decoding=\"async\" aria-describedby=\"caption-attachment-65\" class=\"wp-image-65\" src=\"https:\/\/blog.zhdk.ch\/bewahrenbesondererkulturgueter\/files\/2018\/09\/Fribourg_Python.jpg_crop.jpg\" alt=\"\" width=\"1323\" height=\"420\" \/><\/a><p id=\"caption-attachment-65\" class=\"wp-caption-text\">Galerie<\/p><\/div><\/p>\n<p>No inventory list as pdf for download<\/p>\n<p><strong> Centre de soins hospitaliers de Marsens, Fribourg<br \/>\nThe Marsens Collection <\/strong><\/p>\n<p>Marsens Psychiatric Hospital was built in 1875 on the site of a former Jesuit monastery situated in rural surroundings. After lengthy deliberations, the Great Council of Canton Fribourg decided to erect a \u201cpavillon\u201d\u2014a very modern structure in those days\u2014for 60 to 80 patients. In 1890, the number of patients rose to 160, and in 1960, after several extensions, to 500. The number of patients admitted to Marsens has decreased since and the hospital now has around 170 patients. According to the current state of research, no psychiatrist or clinic director at the former \u201cAsile des Ali\u00e9n\u00e9s\u00a0de Marsens,\u201d now known as the \u201cR\u00e9seau Fribourgeois de Sant\u00e9 Mentale\u201d (RFSM), made a conscious effort to collect the works of patients, as Hans Steck had done at the Cery Psychiatric Clinic in Lausanne, or Charles Ladame at Belair Mental Hospital in Geneva, or Walter Morgenthalter at Waldau Psychiatric Clinic in Bern. In the year 2000, the works of Gaspar Corpataux (1838\u20131917), a patient at Marsens from 1880 to 1917 came into the possession of the Collection de l\u2019Art Brut in Lausanne. As part of its preparations for an exhibition hosted in 2008, the Collection commissioned a research project in the clinic\u2019s archives (Lucienne Peiry, Jessica Schupbach). Project work discovered the works, drawings, and above all the writings of around 14 patients, of which 45 works were shown at the Collection de l\u2019Art Brut in an exhibition dedicated to \u201cArt Brut Fribourgeios\u201d in 2009. Some of those exhibits are now part of the permanent collection, while others are on loan. Apart from Gaspar Corpataux, the artists include Pierre-Maurice B. (1873\u20131967), Jos\u00e9phine-Antonie Gaillard Aebischer (1903\u20131984), Meinrad L. (1859\u2013\u00a0?), Marguerite P. (1905\u2013\u00a0?), Justine Python (1879\u2013\u00a0?), Louis R. (1894\u20131949), and Fr\u00e9d\u00e9ric U. (1878\u20131929). <\/p>\n<p><strong>Exhibition<\/strong><\/p>\n<p>2009 &#8222;L\u2019Art Brut fribourgeois&#8220;, Collection de l\u2019Art Brut, Lausanne, 6.2.-18.10.2009, Dir. Lucienne Peiry<\/p>\n<p><strong>References<\/strong>\u00a0<\/p>\n<p>Art Brut fribourgeois, catalogue d\u2019exposition sous la dir. de Lucienne Peiry, Collection de l\u2019Art Brut\/La Sarine, Lausanne\/Fribourg, 2008<\/p>\n<p>Collection de l\u2019Art Brut, Peiry Lucienne (Hg.), Art brut fribourgeois, Beitr\u00e4ge von Isabelle Bezzi, Michel Veyre, Pascal Marini, Jessica Schupbach, Michel Th\u00e9voz [et al.], Fribourg, 2008 <\/p>\n<p>Fragni\u00e8re, Claude, La cr\u00e9ation de l\u2019asile d\u2019ali\u00e9n\u00e9s de Marsens\u00a0: aspects techniques et administratifs, [Fribourg], [s.n.], 1992<\/p>\n<p>Fussinger, Catherine, Tevaearai, Deodaat, Lieux de folie. Monuments de raison, Architecture et psychiatrie en Suisse romande 1830\u20131930. Lausanne 1998<\/p>\n<p>La parole aux \u00e9crits bruts, CD produit \u00e0 l\u2019occasion de l\u2019exposition &#8222;Alo\u00efse. Le ricochet solaire&#8220;, Collection de l\u2019Art Brut\/Radio T\u00e9l\u00e9vision Suisse (RTS), Lausanne, 2012<\/p>\n<p>Marsens, 1875-2000, plaquette \u00e9tablie par l\u2019h\u00f4pital de Marsens pour ses 125 ans<\/p>\n<p>R\u00e9my, Maurice, Le centenaire de Marsens, de l\u2019asile \u00e0 l\u2019h\u00f4pital\u00a01875-1975, Fribourg, [s.n.], 1975<\/p>\n<p>Schupbach, Jessica, Le visage \u00e9pistolaire de Justine : \u00e9crire \u00e0 Marsens entre 1883 et 1885,<br \/>\nCahiers du Mus\u00e9e gru\u00e9rien. &#8211; 2019\/12\/107<\/p>\n<p><!--:--><!--:fr--><div id=\"attachment_65\" style=\"width: 1333px\" class=\"wp-caption alignnone\"><a href=\"https:\/\/blog.zhdk.ch\/bewahrenbesondererkulturgueter\/galerie-fribourg\/\"><img loading=\"lazy\" decoding=\"async\" aria-describedby=\"caption-attachment-65\" class=\"wp-image-65\" src=\"https:\/\/blog.zhdk.ch\/bewahrenbesondererkulturgueter\/files\/2018\/09\/Fribourg_Python.jpg_crop.jpg\" alt=\"\" width=\"1323\" height=\"420\" \/><\/a><p id=\"caption-attachment-65\" class=\"wp-caption-text\">Galerie<\/p><\/div><\/p>\n<p><strong>Centre de soins hospitaliers de Marsens, Fribourg<\/strong><\/p>\n<p>En pr\u00e9ambule \u00e0 l\u2019ouverture de l\u2019\u00ab Asile d\u2019ali\u00e9n\u00e9s \u00bb de Marsens, inaugur\u00e9 en 1875, diff\u00e9rentes \u00e9tudes sont r\u00e9alis\u00e9es par une commission d\u2019experts sur une trentaine d\u2019ann\u00e9es. Apr\u00e8s plusieurs visites d\u2019asiles suisses et fran\u00e7ais, le projet s\u2019articule autour de constructions nouvelles. Les plans de construction propos\u00e9s en 1871 au Grand Conseil fribourgeois sont r\u00e9alis\u00e9s selon le mod\u00e8le architectural \u00ab pavillonnaire \u00bb, pr\u00e9curseur en Suisse, qui permet la r\u00e9partition des patients en plusieurs cat\u00e9gories et divisions : sexe, degr\u00e9 d\u2019agitation, classe financi\u00e8re. Le site choisi, localis\u00e9 \u00e0 Marsens, dans une zone rurale, r\u00e9pond \u00e0 l\u2019id\u00e9al m\u00e9dical et \u00e9conomique (autarcique) jadis r\u00e9pandu de la th\u00e9rapie par le travail, notamment agricole. Alors propri\u00e9t\u00e9 de l\u2019\u00c9tat, ce domaine \u00e9tait auparavant occup\u00e9 par le couvent et la Communaut\u00e9 d\u2019Humilimont, puis par des J\u00e9suites.<br \/>\nAu cours des travaux initi\u00e9s en 1872, deux nouveaux b\u00e2timents sont \u00e9rig\u00e9s, pr\u00e9vus pour accueillir 60 \u00e0 80 patients ; en 1880 l\u2019\u00e9tablissement compte 120 patients, 160 autour de 1890, et dans les ann\u00e9es 1960, environ 500 lits. Depuis des ann\u00e9es 80, une baisse progressive du nombre de lits est observ\u00e9e, due \u00e0 l\u2019apparition de nouvelles structures ambulatoires et techniques de prise en charge. De 1955 \u00e0 2008, l\u2019institution est d\u00e9nomm\u00e9e \u00ab H\u00f4pital psychiatrique cantonal \u00bb. Aujourd\u2019hui, elle se nomme \u00ab Centre de soins hospitaliers de Marsens \u2013 RFSM (R\u00e9seau Fribourgeois de Sant\u00e9 Mentale) \u00bb, compte 170 lits et abrite trois secteurs principaux : psychiatrie et psychoth\u00e9rapie pour enfants et adolescents, pour adultes et pour personnes \u00e2g\u00e9es. L\u2019\u00e9tablissement de Marsens n\u2019a pas accueilli de m\u00e9decin-collectionneur comme c\u2019est le cas par exemple de Cery (Lausanne) avec Hans Steck, de Charles Ladame \u00e0 Bel-Air (Gen\u00e8ve) ou de Walter Morgenthaler \u00e0 la Waldau (Berne). Les premi\u00e8res recherches effectu\u00e9es d\u2019un autre point de vue que l\u2019approche m\u00e9dicale dans le fonds d\u2019archives de l\u2019H\u00f4pital psychiatrique ont \u00e9t\u00e9 initi\u00e9es et men\u00e9es en 2008 par la Collection de l\u2019Art Brut de Lausanne en vue de l\u2019exposition Art Brut fribourgeois.<br \/>\nLa collection des productions issues de l\u2019H\u00f4pital psychiatrique de Marsens, constitu\u00e9e majoritairement d\u2019\u00e9crits, recense quatorze auteurs retenus pour l\u2019exposition Art Brut fribourgeois, dont plus de 45 pi\u00e8ces ont \u00e9t\u00e9 pr\u00e9sent\u00e9es \u00e0 la Collection de l\u2019Art Brut en 2009. L\u2019un des auteurs-patients, Gaspard Corpataux (1838-1917), avait \u00e9t\u00e9 d\u00e9couvert lors de pr\u00e9c\u00e9dentes recherches et int\u00e9gr\u00e9 au sein de la Collection de l\u2019Art Brut \u00e0 la fin des ann\u00e9es 2000. Pierre-Maurice B. (1873-1967), Jos\u00e9phine-Antonie Gaillard Aebischer (1903-1984), Meinrad L. (1859- ?), Marguerite P. (1905- ?), Justine Python (1879- ?), Louis R. (1894-1949), ou encore Fr\u00e9d\u00e9ric U. (1878-1928), comptent parmi les auteurs d\u00e9couverts en 2008. Un certain nombre de productions appartiennent actuellement \u00e0 la Collection de l\u2019Art Brut ; d\u2019autres y sont d\u00e9pos\u00e9es, leur propri\u00e9t\u00e9 demeurant celle du fonds d\u2019archives m\u00e9dicales du Centre de soins hospitaliers de Marsens.<\/p>\n<p><strong>Exposition<\/strong><br \/>\nArt Brut fribourgeois, 6 f\u00e9vrier au 18 octobre 2009, Collection de l\u2019Art Brut Lausanne, Direction Lucienne Peiry. <\/p>\n<p><strong>R\u00e9f\u00e9rences<\/strong><br \/>\nClaude Fragni\u00e8re, La cr\u00e9ation de l\u2019asile d\u2019ali\u00e9n\u00e9s de Marsens : aspects techniques et administratifs, [Fribourg], [s.n.], 1992.<br \/>\nCatherine Fussinger, Lieux de folie monuments de raison : architecture et psychiatrie en Suisse romande, 1830-1930, Lausanne, Presses polytechniques et universitaires romandes, 1998.<br \/>\nMaurice R\u00e9my, Le centenaire de Marsens : de l\u2019asile \u00e0 l\u2019h\u00f4pital : 1875-1975, Fribourg, [s.n.], 1975.<br \/>\nArt Brut fribourgeois, catalogue d\u2019exposition sous la dir. de Lucienne Peiry, Collection de l\u2019Art Brut\/La Sarine, Lausanne\/Fribourg, 2008<br \/>\nLa parole aux \u00e9crits bruts, CD produit \u00e0 l\u2019occasion de l\u2019exposition \u00ab Alo\u00efse. Le ricochet solaire \u00bb, Collection de l\u2019Art Brut\/Radio T\u00e9l\u00e9vision Suisse (RTS), Lausanne, 2012<br \/>\nMarsens, 1875-2000, plaquette \u00e9tablie par l\u2019h\u00f4pital de Marsens pour ses 125 ans.<!--:--><\/p>\n","protected":false},"excerpt":{"rendered":"<p>Keine Inventarliste als pdf zum download Centre de soins hospitaliers de Marsens, Fribourg Collection Marsens Die Anstalt Marsens wurde 1875 auf dem Areal eines ehemaligen Jesuitenklosters in l\u00e4ndlicher Gegend erbaut. Nach l\u00e4ngeren Recherchen entschied sich der Grosse Rat des Kantons&hellip; <a href=\"https:\/\/blog.zhdk.ch\/bewahrenbesondererkulturgueter\/3-8-fribourg\/\" class=\"more-link\">Weiterlesen <span class=\"meta-nav\">&rarr;<\/span><\/a><\/p>\n","protected":false},"author":1571,"featured_media":0,"parent":0,"menu_order":0,"comment_status":"closed","ping_status":"closed","template":"","meta":{"footnotes":""},"class_list":["post-335","page","type-page","status-publish","hentry"],"_links":{"self":[{"href":"https:\/\/blog.zhdk.ch\/bewahrenbesondererkulturgueter\/wp-json\/wp\/v2\/pages\/335","targetHints":{"allow":["GET"]}}],"collection":[{"href":"https:\/\/blog.zhdk.ch\/bewahrenbesondererkulturgueter\/wp-json\/wp\/v2\/pages"}],"about":[{"href":"https:\/\/blog.zhdk.ch\/bewahrenbesondererkulturgueter\/wp-json\/wp\/v2\/types\/page"}],"author":[{"embeddable":true,"href":"https:\/\/blog.zhdk.ch\/bewahrenbesondererkulturgueter\/wp-json\/wp\/v2\/users\/1571"}],"replies":[{"embeddable":true,"href":"https:\/\/blog.zhdk.ch\/bewahrenbesondererkulturgueter\/wp-json\/wp\/v2\/comments?post=335"}],"version-history":[{"count":28,"href":"https:\/\/blog.zhdk.ch\/bewahrenbesondererkulturgueter\/wp-json\/wp\/v2\/pages\/335\/revisions"}],"predecessor-version":[{"id":3431,"href":"https:\/\/blog.zhdk.ch\/bewahrenbesondererkulturgueter\/wp-json\/wp\/v2\/pages\/335\/revisions\/3431"}],"wp:attachment":[{"href":"https:\/\/blog.zhdk.ch\/bewahrenbesondererkulturgueter\/wp-json\/wp\/v2\/media?parent=335"}],"curies":[{"name":"wp","href":"https:\/\/api.w.org\/{rel}","templated":true}]}}