{"id":341,"date":"2017-07-13T09:02:02","date_gmt":"2017-07-13T09:02:02","guid":{"rendered":"https:\/\/blog.zhdk.ch\/kulturgueter\/?page_id=341"},"modified":"2024-12-07T19:51:16","modified_gmt":"2024-12-07T19:51:16","slug":"3-9-genf","status":"publish","type":"page","link":"https:\/\/blog.zhdk.ch\/bewahrenbesondererkulturgueter\/3-9-genf\/","title":{"rendered":"<!--:de-->Genf<!--:--><!--:en-->Geneva<!--:--><!--:fr-->Gen\u00e8ve<!--:-->"},"content":{"rendered":"<p><!--:de--><div id=\"attachment_65\" style=\"width: 1333px\" class=\"wp-caption alignnone\"><a href=\"https:\/\/blog.zhdk.ch\/bewahrenbesondererkulturgueter\/galerie-genf\/\"><img loading=\"lazy\" decoding=\"async\" aria-describedby=\"caption-attachment-65\" class=\"wp-image-65\" src=\"https:\/\/blog.zhdk.ch\/bewahrenbesondererkulturgueter\/files\/2018\/09\/Genf_O_Letre_vivant_crop.jpg\" alt=\"\" width=\"1323\" height=\"420\" \/><\/a><p id=\"caption-attachment-65\" class=\"wp-caption-text\">Galerie<\/p><\/div><\/p>\n<p><a href=\"https:\/\/blog.zhdk.ch\/bewahrenbesondererkulturgueter\/files\/2023\/12\/GE_Bel-Air_Kulturgu\u0308terinventar_Liste.pdf\">Liste Kulturg\u00fcterinventar Genf<\/a><\/p>\n<p><strong>H\u00f4pitaux Universitaires de Gen\u00e8ve Belle-Id\u00e9e,<br \/>\nDie Sammlung des &#8222;Asile de Bel-Air&#8220;<\/strong><\/p>\n<p>Im 19. Jahrhundert nahmen in Genf nacheinander drei Institutionen psychisch kranke Menschen auf : Die \u201eMaison de la Discipline\u201c (1800\u20131832), das \u201eAsile de Corsier\u201c (1832\u20131838) und schliesslich das \u201eAsile des Vernets\u201c (1838\u20131900), wo 90 Patienten Platz fanden. Im Jahr 1900 wurde das &#8222;Asile de Bel-Air&#8220; ausserhalb der Stadt f\u00fcr 350 Patienten er\u00f6ffnet. Geleitet wurde es bis 1924 von Rudolphe Weber, danach von Charles Ladame (1871\u20131949). Seit 1925 setzte sich Ladame f\u00fcr die Ausbildung des Pflegepersonals und die Arbeitstherapie ein. Da er \u00fcber eine Sammlung von Patienten- und Patient_innenwerken verf\u00fcgte, richtete er ein kleines Museum ein. Er lieh Werke an Waldemar Deonna aus, der sie im Rahmen einer Ausstellung der Sammlung Prinzhorn im Februar 1930 im Mus\u00e9e d\u2019Art et d\u2019Histoire in Genf ausstellte. 1945 machte ihn der Direktor des Ethnographischen Museums in Genf, Eug\u00e8ne Pittard, mit dem K\u00fcnstler Jean Dubuffet bekannt, der mehrere psychiatrische Anstalten in der Schweiz besuchte. Ladame schenkte Dubuffet Werke von f\u00fcnf Patienten und Patientinnen, die unter dem Titel &#8222;Le cabinet du Docteur Ladame&#8220; 1948 im &#8222;Foyer de l\u2019art brut&#8220; in Paris ausgestellt wurden. Dreissig Jahre sp\u00e4ter \u00fcbergab Professeur Julian de Aujuriaguerra (1911\u20131993) ungef\u00e4hr zwanzig weitere Zeichnungen und Objekte und das private Archiv Ladames der Collection de l\u2019Art Brut. Bekannte K\u00fcnstler aus der Sammlung in der Collection de l\u2019Art Brut sind : Julie Bar (1868\u20131930) ; Robert Gie (1869\u2013?), ein Zimmermann aus Solothurn, der 1908\u20131922 in der Klinik Rosegg interniert war; Joseph Heuer, (1827\u20131914), 1860 im Asile des Vernets und nach 1900 in Bel-Air ; Jean Mar (1831\u20131989), der zeichnete und kleine Objekte aus F\u00e4den, Bl\u00e4ttern und Blumen herstellte, die er mit weichem Brot zusammenklebte und Berthe Urasco (1898\u2013?). Florence Choquard inventarisierte 28 Zeichnungen von einer Zeichnerin und einem Zeichner, die sich in den bisher noch ungesichteten Schriften im Archiv von Bel-Air befinden. Hier werden aus den Jahren 1900\u20131930 ungef\u00e4hr dreissig Schriften von Patienten und Patientinnen aufbewahrt.<\/p>\n<p><strong>Literatur<\/strong><br \/>\nBovier, Philippe, De l\u2019Asile \u00e0 la Cit\u00e9, Histoire de la clinique psychiatrique de Bel-Air et transformation des domaines de la folie 1900\u20131975, Gen\u00e8ve, 1982<\/p>\n<p>Brulhart, Armand, Du mal de Saint-Antoine \u00e0 Belle-Id\u00e9e, 2 si\u00e8cles de psychiatrie \u00e0 Gen\u00e8ve 1800\u20132000, tome I: 1800\u20131950, Gen\u00e8ve, 2002<\/p>\n<p>Maurice R\u00e9my, Le centenaire de Marsens : de l\u2019asile \u00e0 l\u2019h\u00f4pital : 1875\u20131975, Fribourg, [s.n.], 1975<\/p>\n<p>Catalogue d\u2019exposition de la collection Prinzhorn, Mus\u00e9e d\u2019Art et d\u2019Histoire, Gen\u00e8ve, f\u00e9vrier 1930<\/p>\n<p>La parole aux \u00e9crits bruts, CD produit \u00e0 l\u2019occasion de l\u2019exposition &#8222;Alo\u00efse. Le ricochet solaire&#8220;, Collection de l\u2019Art Brut\/Radio T\u00e9l\u00e9vision Suisse (RTS), Lausanne, 2012<\/p>\n<p>Fussinger, Catherine, Tevaearai, Deodaat, Lieux de folie. Monuments de raison. Lausanne, 1998<\/p>\n<p>Ladame, Charles, A propos des manifestations artistiques chez les ali\u00e9n\u00e9s, Archives Suisses de Neurologie et Psychiatrie, Zurich, 1920<\/p>\n<p>Ladame, Charles, Asile psychiatrique de Bel-Air (Gen\u00e8ve), Zurich, Eckhardt &amp; Pesch, 1933<\/p>\n<p>Luchsinger, Katrin, \u201eRobert Gie\u201c, in: Airloom \u2013 Der Luftwebstuhl und andere gef\u00e4hrliche Beeinflussungsapparate. Katalog Sammlung Prinzhorn, Heidelberg 2006, S. 214-238<\/p>\n<p>Morel, Ferdinand, Cinquantenaire de la Clinique psychiatrique de Bel-Air, notice historique, Gen\u00e8ve, 1950<\/p>\n<p>Publications de la Compagnie de l\u2019Art Brut, no 3, Paris, 1965<\/p>\n<p>Tramer, Moritz, Technisches schaffen Geisteskranker, M\u00fcnchen 1926<!--:--><!--:en--><div id=\"attachment_65\" style=\"width: 1333px\" class=\"wp-caption alignnone\"><a href=\"https:\/\/blog.zhdk.ch\/bewahrenbesondererkulturgueter\/galerie-genf\/\"><img loading=\"lazy\" decoding=\"async\" aria-describedby=\"caption-attachment-65\" class=\"wp-image-65\" src=\"https:\/\/blog.zhdk.ch\/bewahrenbesondererkulturgueter\/files\/2018\/09\/Genf_O_Letre_vivant_crop.jpg\" alt=\"\" width=\"1323\" height=\"420\" \/><\/a><p id=\"caption-attachment-65\" class=\"wp-caption-text\">Galerie<\/p><\/div><\/p>\n<p><a href=\"https:\/\/blog.zhdk.ch\/bewahrenbesondererkulturgueter\/files\/2023\/12\/GE_Bel-Air_Kulturgu\u0308terinventar_Liste.pdf\">Inventory Geneva<\/a><\/p>\n<p><strong>H\u00f4pitaux Universitaires de Gen\u00e8ve Belle-Id\u00e9e,<br \/>\nDie Sammlung des &#8222;Asile de Bel-Air&#8220;<\/strong><\/p>\n<p>In nineteenth-century Geneva, the mentally ill were committed to three institutions in the following historical sequence: the \u201cMaison de la Discipline\u201d (1800\u20131832), the \u201cAsile de Corsier\u201d (1832\u20131838), and finally the \u201cAsile des Vernets\u201d (1838\u20131900), which housed 90 patients. In 1900, the \u201cAsile de Bel-Air\u201d was opened in Ch\u00eane-Bougeries, a rural village outside the city.<br \/>\nUntil 1924, Bel-Air, which was built for 350 patients, was directed by Rudolphe Weber, whose successor was Charles Ladame (1871\u20131949). From 1924, Ladame introduced proper training for nursing staff and work therapy for patients. Based on his collection of patients\u2019 works, he established a small museum. Ladame loaned works to Waldemar Deonna, who included them in an exhibition of the Prinzhorn Collection at the Mus\u00e9e d\u2019Art et d\u2019Histoire in Geneva in February 1930. In 1945, Eug\u00e8ne Pittard, director of Geneva\u2019s Museum of Ethnography, introduced Ladame to the artist Jean Dubuffet, who visited several psychiatric hospitals in Switzerland. Ladame gave Dubuffet the works of five patients, which were exhibited as the \u201cLe cabinet du Docteur Ladame\u201d at the Foyer de l\u2019art brut in Paris in 1948. Thirty years later, Professor Julian de Aujuriaguerra (1911\u20131993) gave approximately another twenty drawings and objects, as well as Ladame\u2019s private archive, to the Collection de l\u2019Art Brut. Well-known artistss from the holdings of the Collection de l\u2019Art Brut include: Julie Bar (1868\u20131930); Robert Gie (1869\u2013?), a carpenter from Solothurn, who was a patient at Rosegg clinic from 1908\u20131922: Joseph Heuer (1827\u20131914), a patient first at the Asile des Vernets and after 1900 at Bel-Air; Jean Mar (1831\u20131989), who made drawings and produced small objects using threads, leaves, and flowers that he glued together with bread; and Berthe Urasco (1898\u2013?). Florence Choquard has inventoried 28 drawings by two drawers, one male, the other female, which are kept in the Bel-Air archive among hitherto unexamined records and writings. The archive includes approximately 30 works written by patients during the period 1900\u20131930. <\/p>\n<p><strong>References<\/strong>\u00a0<br \/>\nBovier, Philippe, De l&#8217;Asile \u00e0 la Cit\u00e9, Histoire de la clinique psychiatrique de Bel-Air et transformation des domaines de la folie 1900\u20131975, Gen\u00e8ve, 1982<\/p>\n<p>Brulhart, Armand, Du mal de Saint-Antoine \u00e0 Belle-Id\u00e9e, 2 si\u00e8cles de psychiatrie \u00e0 Gen\u00e8ve 1800\u20132000, Vol. I: 1800\u20131950, Gen\u00e8ve, 2002<\/p>\n<p>Catalogue d\u2019exposition de la collection Prinzhorn, Mus\u00e9e d&#8217;Art et d&#8217;Histoire, Gen\u00e8ve, f\u00e9vrier 1930<\/p>\n<p>Fussinger, Catherine, Tevaearai, Deodaat, Lieux de folie. Monuments de raison, Architecture et psychiatrie en Suisse romande 1830\u20131930. Lausanne 1998<\/p>\n<p>Ladame, Charles, A propos des manifestations artistiques chez les ali\u00e9n\u00e9s, Archives Suisses de Neurologie et Psychiatrie, Zurich, 1920<\/p>\n<p>Ladame, Charles, Asile psychiatrique de Bel-Air (Gen\u00e8ve), Zurich, Eckhardt &amp; Pesch, 1933<\/p>\n<p>Luchsinger, Katrin, &#8222;Robert Gie&#8220;. in: R\u00f6ske Thomas (ed.), Airloom\u2014Der Luftwebstuhl und andere gef\u00e4hrliche Beeinflussungsapparate. Katalog Sammlung Prinzhorn, Heidelberg 2006, pp. 214-238<\/p>\n<p>Luchsinger, Katrin, Die Vergessenskurve. Werke aus psychiatrischen Kliniken in der Schweiz um 1900. Eine kulturanalytische Studie, Z\u00fcrich 2016, S. 215-224, 282-300<\/p>\n<p>Luchsinger, Katrin (ed.), Pl\u00e4ne. Werke aus psychiatrischen Kliniken in der Schweiz 1850-1920, Z\u00fcrich 2008<\/p>\n<p>Morel, Ferdinand, Cinquantenaire de la Clinique psychiatrique de Bel-Air, notice historique, Gen\u00e8ve, 1950<\/p>\n<p>Publications de la Compagnie de l\u2019Art Brut, no 3, Paris, 1965<\/p>\n<p>Tramer, Moritz, Technisches Schaffen Geisteskranker, M\u00fcnchen 1926<\/p>\n<p><!--:--><!--:fr--><div id=\"attachment_65\" style=\"width: 1333px\" class=\"wp-caption alignnone\"><a href=\"https:\/\/blog.zhdk.ch\/bewahrenbesondererkulturgueter\/galerie-genf\/\"><img loading=\"lazy\" decoding=\"async\" aria-describedby=\"caption-attachment-65\" class=\"wp-image-65\" src=\"https:\/\/blog.zhdk.ch\/bewahrenbesondererkulturgueter\/files\/2018\/09\/Genf_O_Letre_vivant_crop.jpg\" alt=\"\" width=\"1323\" height=\"420\" \/><\/a><p id=\"caption-attachment-65\" class=\"wp-caption-text\">Galerie<\/p><\/div><\/p>\n<p><a href=\"https:\/\/blog.zhdk.ch\/bewahrenbesondererkulturgueter\/files\/2018\/08\/Genf_Kulturgueterinventar.pdf\">Inventaire Gen\u00e8ve<\/a><\/p>\n<p><strong>H\u00f4pitaux Universitaires de Gen\u00e8ve &#8222;Belle-Id\u00e9e&#8220;<br \/>\nLa collection de l\u2019asile psychiatrique de Bel-Air <\/strong><\/p>\n<p>Au XIX\u00e8me si\u00e8cle, successivement trois institutions accueillent les &#8222;malades psychiques&#8220; : La &#8222;Maison de la Discipline&#8220; (1800-1832), &#8222;l&#8217;Asile de Corsier&#8220; (1832-1838), puis &#8222;l&#8217;Asile des Vernets&#8220; (1838-1900), o\u00f9 se trouvent 90 patients. En 1900 s&#8217;ouvre, pour 350 malades, &#8222;l&#8217;Asile de Bel-Air&#8220;, pr\u00e8s de Ch\u00eane-Bougeries, dans la campagne genevoise. Il est dirig\u00e9 par Rodolphe Weber jusqu&#8217;en 1924, puis par Charles Ladame (1871-1949) jusqu&#8217;en 1938. D\u00e8s 1925, Ladame instaure les r\u00e9formes du travail des employ\u00e9s et des activit\u00e9s des malades. Gr\u00e2ce au fait qu&#8217;il conservait d\u00e9j\u00e0 les productions des malades, Ladame constitue un petit mus\u00e9e. Il pr\u00eate des travaux \u00e0 Wald\u00e9mar D\u00e9onna pour l&#8217;Exposition consacr\u00e9e \u00e0 la Collection Prinzhorn au Mus\u00e9e d&#8217;Art et d&#8217;Histoire, en f\u00e9vrier 1930. En 1945, Eug\u00e8ne Pittard, conservateur du Mus\u00e9e d&#8217;Ethnographie, lui fait conna\u00eetre Jean Dubuffet, qui visite plusieurs institutions psychiatriques helv\u00e9tiques. Il lui remet les \u0153uvres de cinq patients qui seront expos\u00e9es au Foyer de l&#8217;art brut \u00e0 Paris en 1948, manifestation intitul\u00e9e &#8222;Le cabinet du Professeur Ladame&#8220;. Trente ans plus tard, le Professeur Julian de Aujuriaguerra (1911-1993) remet \u00e0 la Collection de l&#8217;art brut une vingtaine de dessins de patients, des objets et des archives personnelles du docteur Ladame. La collection se trouve dans la Collection de l&#8217;art brut \u00e0 Lausanne. L\u2019 H\u00f4pital Cantonal Universitaire de Gen\u00e8ve ne conserve que les \u00e9crits d&#8217;une trentaine de patients aux archives de Bel-Air, 1900-1930.<br \/>\nDes auteurs connus dans la Collection de l\u2019Art Brut sont : Julie Bar (1868-1930) ; Robert Gie (1869-?), n\u00e9 \u00e0 Soleure, charpentier, intern\u00e9 au Rosegg de 1908 \u00e0 1922 ; Joseph Heuer, (1827-1914), intern\u00e9 \u00e0 l&#8217;Asile cantonal des Vernets en 1860, puis transf\u00e9r\u00e9 \u00e0 Bel-Air en 1900 ; Jean Mar (1831-1989), qui dessine et r\u00e9alise \u00e9galement des petits objets avec des brins de fil, des feuilles, des fleurs qu&#8217;il assemble avec de la mie de pain mouill\u00e9e et Berthe Urasco (1898-?). Florence Choquard inventarisait 28 dessins de deux auteurs, qui se trouvaient dans les \u00e9crits des les archives de Bel-Air.<br \/>\n(Dr. Florence Choquard) <\/p>\n<p><strong>R\u00e9f\u00e9rences<\/strong><br \/>\nBovier, Philippe, De l&#8217;Asile \u00e0 la Cit\u00e9, Histoire de la clinique psychiatrique de Bel-Air et transformation des domaines de la folie 1900-1975, Gen\u00e8ve, 1982.<br \/>\nBrulhart, Armand, Du mal de Saint-Antoine \u00e0 Belle-Id\u00e9e, 2 si\u00e8cles de psychiatrie \u00e0 Gen\u00e8ve 1800-2000, tome I: 1800-1950, Gen\u00e8ve, 2002.<br \/>\nCatalogue d&#8217;exposition de la collection Prinzhorn, Mus\u00e9e d&#8217;Art et d&#8217;Histoire, Gen\u00e8ve, f\u00e9vrier 1930.<br \/>\nFussinger, Catherine, Tevaearai, Deodaat, Lieux de folie. Monuments de raison. Lausanne, 1998.<br \/>\nLadame, Charles, A propos des manifestations artistiques chez les ali\u00e9n\u00e9s, Archives Suisses de Neurologie et Psychiatrie, Zurich, 1920.<br \/>\nLadame, Charles, Asile psychiatrique de Bel-Air (Gen\u00e8ve), Zurich, Eckhardt &amp; Pesch, 1933.<br \/>\nKatrin Luchsinger, Robert Gie. in: Airloom-Der Luftwebstuhl und andere gef\u00e4hrliche Beeinflussungsapparate. Katalog Sammlung Prinzhorn, Heidelberg 2006, S. 214-238.<br \/>\nMorel, Ferdinand, Cinquantenaire de la Clinique psychiatrique de Bel-Air, notice historique, Gen\u00e8ve, 1950.<br \/>\nPublications de la Compagnie de l&#8217;Art Brut, no 3, Paris, 1965.<!--:--><\/p>\n","protected":false},"excerpt":{"rendered":"<p>Liste Kulturg\u00fcterinventar Genf H\u00f4pitaux Universitaires de Gen\u00e8ve Belle-Id\u00e9e, Die Sammlung des &#8222;Asile de Bel-Air&#8220; Im 19. Jahrhundert nahmen in Genf nacheinander drei Institutionen psychisch kranke Menschen auf : Die \u201eMaison de la Discipline\u201c (1800\u20131832), das \u201eAsile de Corsier\u201c (1832\u20131838) und&hellip; <a href=\"https:\/\/blog.zhdk.ch\/bewahrenbesondererkulturgueter\/3-9-genf\/\" class=\"more-link\">Weiterlesen <span class=\"meta-nav\">&rarr;<\/span><\/a><\/p>\n","protected":false},"author":1571,"featured_media":0,"parent":0,"menu_order":0,"comment_status":"closed","ping_status":"closed","template":"","meta":{"footnotes":""},"class_list":["post-341","page","type-page","status-publish","hentry"],"_links":{"self":[{"href":"https:\/\/blog.zhdk.ch\/bewahrenbesondererkulturgueter\/wp-json\/wp\/v2\/pages\/341","targetHints":{"allow":["GET"]}}],"collection":[{"href":"https:\/\/blog.zhdk.ch\/bewahrenbesondererkulturgueter\/wp-json\/wp\/v2\/pages"}],"about":[{"href":"https:\/\/blog.zhdk.ch\/bewahrenbesondererkulturgueter\/wp-json\/wp\/v2\/types\/page"}],"author":[{"embeddable":true,"href":"https:\/\/blog.zhdk.ch\/bewahrenbesondererkulturgueter\/wp-json\/wp\/v2\/users\/1571"}],"replies":[{"embeddable":true,"href":"https:\/\/blog.zhdk.ch\/bewahrenbesondererkulturgueter\/wp-json\/wp\/v2\/comments?post=341"}],"version-history":[{"count":26,"href":"https:\/\/blog.zhdk.ch\/bewahrenbesondererkulturgueter\/wp-json\/wp\/v2\/pages\/341\/revisions"}],"predecessor-version":[{"id":3535,"href":"https:\/\/blog.zhdk.ch\/bewahrenbesondererkulturgueter\/wp-json\/wp\/v2\/pages\/341\/revisions\/3535"}],"wp:attachment":[{"href":"https:\/\/blog.zhdk.ch\/bewahrenbesondererkulturgueter\/wp-json\/wp\/v2\/media?parent=341"}],"curies":[{"name":"wp","href":"https:\/\/api.w.org\/{rel}","templated":true}]}}