{"id":39,"date":"2017-06-29T08:45:25","date_gmt":"2017-06-29T08:45:25","guid":{"rendered":"https:\/\/blog.zhdk.ch\/kulturgueter\/?page_id=39"},"modified":"2024-07-29T18:25:43","modified_gmt":"2024-07-29T18:25:43","slug":"2-forschungsprojekt","status":"publish","type":"page","link":"https:\/\/blog.zhdk.ch\/bewahrenbesondererkulturgueter\/2-forschungsprojekt\/","title":{"rendered":"<!--:de-->Forschungsprojekt<!--:--><!--:en-->Research project<!--:--><!--:fr-->Projet de recherche<!--:-->"},"content":{"rendered":"<p><!--:de--><strong>Ziel des Forschungsvorhabens war es, einen \u00dcberblick \u00fcber das k\u00fcnstlerische Schaffen in psychiatrischen Anstalten in der Schweiz Zeitraum 1850\u20131930 zu gewinnen. In 18 der 25 kantonalen Anstalten wurden Werke in den Krankenakten gefunden, manche Anstalten hatten auch ein kleines Museum eingerichtet. Die im Projekt inventarisierten Werke wurden fotografiert und in die Akte zur\u00fcckgelegt. Die Bilddatenbank ist im Archiv der ZHdK hinterlegt. In kleiner Aufl\u00f6sung finden sich die Listen aller Sammlungen als PDF auf dieser Website. <\/strong><\/p>\n<p>Im Forschungsprojekt sahen wir 19\u2019270 (von 71\u2019410) Krankenakten, in der Regel jede f\u00fcnfte Akte, in 20 historischen Klinikarchiven durch und fanden in 18 der Archive Werke vor. Je nach Anstalt waren es ein Dutzend bis mehrere Hundert Werke. Eine neunzehnte Sammlung stellt der Nachlass des Psychiaters Hermann Rorschach (1884\u20131922) dar, welcher 121 Zeichnungen aus den Anstalten Mu\u0308nsterlingen und Herisau aufbewahrte (Archiv und Sammlung Hermann Rorschach, Medizinhistorisches Institut der Universit\u00e4t Bern). Seit dem Abschluss des Projektes im Jahr 2016 \u00fcbergaben viele Kliniken ihr historisches Archiv dem Staatsarchiv des Kantons (Breitenau\/SH, K\u00f6nigsfelden\/AG (geplant 2019), Pr\u00e9fargier, Perreux\/beide NE, Wil\/SG).<\/p>\n<p><strong>Museen<\/strong><br \/>\nDie Psychiater Hans Steck (1891\u20131980, Lausanne), Charles Ladame (1871\u20131949, Genf), Walter Morgenthaler (1882\u20131965, Bern) und Arthur Kielholz (1879\u20131962, Aargau) richteten eigens kleine Museen ein. Es finden sich aber auch hier in den Akten weitere Zeichnungen und Malereien. Zu diesen Sammlungen konsultierten wir einzelne Akten. <\/p>\n<p><strong>Aktenbest\u00e4nde<\/strong><br \/>\nIn den Kliniken Breitenau (Schaffhausen) und Liestal (Basel-Landschaft) sahen wir jede Akte durch. In der Klinik Wil (St. Gallen) wurde vor dem Transfer des Archivs ins Staatsarchiv 2018 jede Akte durchgesehen und es kamen nochmals ca. 100 Zeichnungen zum Vorschein. Der Aktenbestand der Klinik Mu\u0308nsterlingen wurde im Staatsarchiv ebenfalls vollst\u00e4ndig gesichtet. Das Gesamtwerk von Gertrud Schwyzer (inkl. Krankenakte) von ca. 4&#8217;100 Bl\u00e4ttern und Heften befindet sich seit 2017 in der Kantonsbibliothek Appenzell\/AR in Trogen und ist online einsehbar. In zwei Anstalten, Luzern\/St. Urban und Neuch\u00e2tel\/Perreux, waren die historischen Archive von allen pers\u00f6nlichen Dokumenten &#8222;bereinigt&#8220; worden, in Zug\/Oberwil gibt es angeblich kein historisches Archiv mehr, in Solothurn\/Rosegg scheinen die von uns gesuchten Akten nicht mehr vorhanden zu sein, ebenso wenig in Bern\/Bellelay. Zu den Archiven der UPK Basel\/Friedmatt und CPD Mendrisio erhielten wir keinen Zugang.<\/p>\n<p><strong>Bilddatenbank<\/strong><br \/>\nDie Bilddatenbank ist im <a href=\"https:\/\/www.zhdk.ch\/miz\/archive-1387\/miz-archiv\">Archiv der ZHdK<\/a> hinterlegt. Es ist eine besondere Benutzungsordnung zu unterzeichnen. Sie umfasst 5&#8217;277 Werke von Patientinnen und Patienten aus 18 psychiatrischen Kliniken der Schweiz aus den Jahren 1855 bis 1940.<\/p>\n<p>Alle Sammlungen als pdf sind auch im e-museum zu finden:<br \/>\n<a href=\"https:\/\/www.emuseum.ch\/sites\/1828\/bewahren-besonderer-kulturguter--kunst-in-der-psychiatrie?ctx=d0b443b31449238b1241da22a375edbf6565812b&amp;idx=0\">Link e-museum Forschungsprojekt<\/a><br \/>\n<a href=\"https:\/\/www.emuseum.ch\/search\/bewahren%20besonderer%20kulturg%C3%BCter\">Link e-museum \u00dcbersicht<\/a><\/p>\n<p><!--:--><!--:en--><\/p>\n<p><strong>The aim of the research project was to obtain an overview of the artworks created in psychiatric institutions in Switzerland during the period 1850 to 1930. In 18 of the 25 cantonal institutions, artworks were found in patients\u2019 files, while some institutions had also created a small museum in which to display patients\u2019 work. The works catalogued by the project were photographed and then returned to the files. The image database is held in the ZHdK archive. Lists of the holdings of all the collections, including thumbnail images, can be found in pdf format on this website.<\/strong> <\/p>\n<p>During the research project, we had access to the historic archives of 20 psychiatric hospitals and found artworks in 18 of them. Of a total of 71&#8217;410 patients\u2019 files, we examined 19&#8217;270: approximately one in five. The number of artworks found at individual institutions ranged from a dozen to over a hundred. The artworks in the estate of Hermann Rorschach (1884\u20131922) comprise a further, nineteenth, collection, with 121 drawings from the institutions at Mu\u0308nsterlingen and Herisau (Archiv und Sammlung Hermann Rorschach, Medizinhistorisches Institut der Universit\u00e4t Bern). Since the project ended in 2016, many clinics have handed over their historic archives to the state archives of their respective cantons (Breitenau\/Canton Schaffhausen; K\u00f6nigsfelden\/Canton Aargau (transfer planned for 2019); Pr\u00e9fargier, Perreux\/both Canton Neuch\u00e2tel; Wil\/Canton St. Gallen). <\/p>\n<p><strong>Museums<\/strong><br \/>\nActing on their own initiative, the psychiatrists Hans Steck (1891\u20131980, Lausanne), Charles Ladame (1871\u20131949, Geneva), Walter Morgenthaler (1882\u20131965, Bern) and Arthur Kielholz (1879\u20131962, Aargau) each set up small museums to show patients\u2019 art at their institutions. Even at these institutions, however, further drawings and paintings were found in patients\u2019 files. In these cases, we were able to consult such files. <\/p>\n<p><strong>Artworks in patient files<\/strong><br \/>\nAt the clinics of Breitenau (Schaffhausen) and Liestal (Basel-Landschaft) we examined every file.<br \/>\nAt the clinic in Wil (St. Gallen) every file was examined before the archive was transferred to the state archive in 2018. Approximately a further 100 drawings came to light in a follow-up search by the clinic.<br \/>\nThe files from the Mu\u0308nsterlingen clinic, held in the state archive, were also examined in full.<br \/>\nThe complete work of Gertrud Schwyzer (including those in her medical files), comprising some 4100 sheets and notebooks, has been kept at the cantonal library at Trogen, Canton Appenzell\/Ausserrhoden, since 2017 and can be accessed online.<br \/>\nAt two institutions, St. Urban in Canton Lucerne and Perreux in Canton Neuch\u00e2tel, the historical archives had been \u2018purged\u2019 of all personal documents; at Oberwil, Canton Zug, we were informed that there is no longer a historical archive; at Rosegg, Canton Solothurn, it appeared that the files we were looking for were no longer available; the same was true at Bellelay, Canton Bern. We were not granted access to the archives of the University Psychiatric Clinic at Friedmatt, Basel or the Clinica Psichiatrica Cantonale in Mendrisio.<\/p>\n<p><strong>Image database<\/strong><br \/>\nThe image database can be viewed in the <a href=\"https:\/\/www.zhdk.ch\/en\/miz\/1387\/zhdk-archive-1772\">ZHdK Archive<\/a>. This requires the signature of a special-use order. The database comprises 5277 works by patients from 18 Swiss psychiatric clinics from the years 1855 to 1940. <\/p>\n<p>All collections can also be found in pdf format in the e-museum:<br \/>\n<a href=\"https:\/\/www.emuseum.ch\/sites\/1828\/bewahren-besonderer-kulturguter--kunst-in-der-psychiatrie?ctx=d0b443b31449238b1241da22a375edbf6565812b&amp;idx=0\">Link e-museum research project<\/a><br \/>\n<a href=\"https:\/\/www.emuseum.ch\/search\/bewahren%20besonderer%20kulturg%C3%BCter\">Link e-museum overview<\/a><\/p>\n<p><!--:--><\/p>\n","protected":false},"excerpt":{"rendered":"<p>Ziel des Forschungsvorhabens war es, einen \u00dcberblick \u00fcber das k\u00fcnstlerische Schaffen in psychiatrischen Anstalten in der Schweiz Zeitraum 1850\u20131930 zu gewinnen. In 18 der 25 kantonalen Anstalten wurden Werke in den Krankenakten gefunden, manche Anstalten hatten auch ein kleines Museum&hellip; <a href=\"https:\/\/blog.zhdk.ch\/bewahrenbesondererkulturgueter\/2-forschungsprojekt\/\" class=\"more-link\">Weiterlesen <span class=\"meta-nav\">&rarr;<\/span><\/a><\/p>\n","protected":false},"author":1571,"featured_media":1666,"parent":0,"menu_order":0,"comment_status":"closed","ping_status":"closed","template":"","meta":{"footnotes":""},"class_list":["post-39","page","type-page","status-publish","has-post-thumbnail","hentry"],"_links":{"self":[{"href":"https:\/\/blog.zhdk.ch\/bewahrenbesondererkulturgueter\/wp-json\/wp\/v2\/pages\/39","targetHints":{"allow":["GET"]}}],"collection":[{"href":"https:\/\/blog.zhdk.ch\/bewahrenbesondererkulturgueter\/wp-json\/wp\/v2\/pages"}],"about":[{"href":"https:\/\/blog.zhdk.ch\/bewahrenbesondererkulturgueter\/wp-json\/wp\/v2\/types\/page"}],"author":[{"embeddable":true,"href":"https:\/\/blog.zhdk.ch\/bewahrenbesondererkulturgueter\/wp-json\/wp\/v2\/users\/1571"}],"replies":[{"embeddable":true,"href":"https:\/\/blog.zhdk.ch\/bewahrenbesondererkulturgueter\/wp-json\/wp\/v2\/comments?post=39"}],"version-history":[{"count":44,"href":"https:\/\/blog.zhdk.ch\/bewahrenbesondererkulturgueter\/wp-json\/wp\/v2\/pages\/39\/revisions"}],"predecessor-version":[{"id":3532,"href":"https:\/\/blog.zhdk.ch\/bewahrenbesondererkulturgueter\/wp-json\/wp\/v2\/pages\/39\/revisions\/3532"}],"wp:featuredmedia":[{"embeddable":true,"href":"https:\/\/blog.zhdk.ch\/bewahrenbesondererkulturgueter\/wp-json\/wp\/v2\/media\/1666"}],"wp:attachment":[{"href":"https:\/\/blog.zhdk.ch\/bewahrenbesondererkulturgueter\/wp-json\/wp\/v2\/media?parent=39"}],"curies":[{"name":"wp","href":"https:\/\/api.w.org\/{rel}","templated":true}]}}