{"id":399,"date":"2017-07-13T09:32:30","date_gmt":"2017-07-13T09:32:30","guid":{"rendered":"https:\/\/blog.zhdk.ch\/kulturgueter\/?page_id=399"},"modified":"2018-11-13T10:08:22","modified_gmt":"2018-11-13T10:08:22","slug":"6-sponsoring","status":"publish","type":"page","link":"https:\/\/blog.zhdk.ch\/bewahrenbesondererkulturgueter\/6-sponsoring\/","title":{"rendered":"<!--:de-->Sponsoring<!--:--><!--:en-->Sponsors<!--:--><!--:fr-->Sponsors<!--:-->"},"content":{"rendered":"<p><!--:de--><\/p>\n<p style=\"text-align: left\">Das Ausstellungsprojekt &#8222;Extraordinaire! Unbekannte Werke aus psychiatrischen Einrichtungen in der Schweiz um 1900&#8220; wird von SNF\/Agora und Pro Helvetia, der Sammlung Prinzhorn\/Heidelberg, dem Kunstmuseum Thun, dem LENTOS Kunstmuseum\/Linz und der ZHdK unterst\u00fctzt. Das Begleitprogramm zur Ausstellung f\u00f6rdert SNF\/Agora. Die beiden Forschungsprojekte &#8222;Bewahren besonderer Kulturg\u00fcter I und II&#8220; wurden von SNF\/Do Research gef\u00f6rdert. Sie unterstehen dem Patronat der Schweizerischen UNESCO-Kommission. Das Forschungsprojekt \u201eBewahren besonderer Kulturg\u00fcter I\u201c erhielt 2008 der F\u00f6rderpreis der Schweizerischen Gesellschaft f\u00fcr Kulturg\u00fcterschutz SGKGS. Leading House ist die ZHdK, Departement Kulturanalysen und Vermittlung, Institute for Cultural Studies in the Arts. Die \u00dcberf\u00fchrung der Bilddatenbank ans das Schweizerische Institut f\u00fcr Kunstwissenschaft SIK-ISEA wurde von der Ernst G\u00f6hner-Stiftung und von SIK-ISEA unterst\u00fctzt.<\/p>\n<p style=\"text-align: left\">Wir m\u00f6chten den Expert_innen, Praxispartner_innen und F\u00f6rderern unserer Forschungsvorhaben herzlich danken: Andreas Altorfer, Daniel Baumann, Vincent Barras, Bettina Brand-Claussen, Markus Br\u00fchlmeier, Flurin Condrau, Giovanni Carmine, Cornelius Claussen, Bice Curiger, Gerhard Dammann, Roger Fayet, Helen Hirsch, Paul Hoff, Urs Germann, Monika Jagfeld, Ruedi Kilchmann, Markus Landert, Samuel Marty, Matthias Oberli, J\u00f6rg P\u00fcschel, Christiane Roth, Brigitte Reutner, Iris Ritzmann, Thomas R\u00f6ske, Juerg Schaefer, Andr\u00e9 Salath\u00e9, Sigrid Schade, Mischa Senn, Hemma Schmutz, Jessica Schupbach, Rita Signer, Urban St\u00e4heli, Mirjam Steiner, Christoph Weckerle, HR Widmer.<\/p>\n<p style=\"text-align: left\"><strong>Kooperationspartner:<\/strong><\/p>\n<p style=\"text-align: left\"><img loading=\"lazy\" decoding=\"async\" class=\"alignnone wp-image-2589 size-large\" src=\"https:\/\/blog.zhdk.ch\/bewahrenbesondererkulturgueter\/files\/2018\/11\/Kooperationspartner-1024x164.jpg\" alt=\"\" width=\"640\" height=\"103\" srcset=\"https:\/\/blog.zhdk.ch\/bewahrenbesondererkulturgueter\/files\/2018\/11\/Kooperationspartner-1024x164.jpg 1024w, https:\/\/blog.zhdk.ch\/bewahrenbesondererkulturgueter\/files\/2018\/11\/Kooperationspartner-300x48.jpg 300w, https:\/\/blog.zhdk.ch\/bewahrenbesondererkulturgueter\/files\/2018\/11\/Kooperationspartner-768x123.jpg 768w, https:\/\/blog.zhdk.ch\/bewahrenbesondererkulturgueter\/files\/2018\/11\/Kooperationspartner.jpg 1632w\" sizes=\"auto, (max-width: 640px) 100vw, 640px\" \/><\/p>\n<p style=\"text-align: left\"><strong>gef\u00f6rdert von:<\/strong><\/p>\n<p style=\"text-align: left\"><strong><img loading=\"lazy\" decoding=\"async\" class=\"alignnone wp-image-2595 size-large\" src=\"https:\/\/blog.zhdk.ch\/bewahrenbesondererkulturgueter\/files\/2018\/11\/Gefoerdert_von-1024x324.jpg\" alt=\"\" width=\"640\" height=\"203\" srcset=\"https:\/\/blog.zhdk.ch\/bewahrenbesondererkulturgueter\/files\/2018\/11\/Gefoerdert_von-1024x324.jpg 1024w, https:\/\/blog.zhdk.ch\/bewahrenbesondererkulturgueter\/files\/2018\/11\/Gefoerdert_von-300x95.jpg 300w, https:\/\/blog.zhdk.ch\/bewahrenbesondererkulturgueter\/files\/2018\/11\/Gefoerdert_von-768x243.jpg 768w, https:\/\/blog.zhdk.ch\/bewahrenbesondererkulturgueter\/files\/2018\/11\/Gefoerdert_von.jpg 1632w\" sizes=\"auto, (max-width: 640px) 100vw, 640px\" \/><\/strong><\/p>\n<p style=\"text-align: left\"><strong>W<\/strong><strong>eitere Sponsoren:<\/strong><\/p>\n<p>Lotteriefonds des Kantons Thurgau<\/p>\n<p style=\"text-align: left\">Lotteriefonds des Kantons Aargau<\/p>\n<p style=\"text-align: left\">Spit\u00e4ler Thurgau AG<\/p>\n<p style=\"text-align: left\">Dr. Heinrich Metzger-Stiftung<\/p>\n<p style=\"text-align: left\">Jubil\u00e4umsstiftung der Thurgauer Kantonalbank<\/p>\n<p style=\"text-align: left\">Baudirektion des Kantons Z\u00fcrich, Immobilienamt<\/p>\n<p style=\"text-align: left\">Stiftung Georges und Jenny Bloch<\/p>\n<p style=\"text-align: left\">Karl und Sophie Binding-Stiftung<\/p>\n<p style=\"text-align: left\">Ulrico Hoepli-Stiftung, Z\u00fcrich<\/p>\n<p><!--:--><\/p>\n","protected":false},"excerpt":{"rendered":"<p>Das Ausstellungsprojekt &#8222;Extraordinaire! Unbekannte Werke aus psychiatrischen Einrichtungen in der Schweiz um 1900&#8220; wird von SNF\/Agora und Pro Helvetia, der Sammlung Prinzhorn\/Heidelberg, dem Kunstmuseum Thun, dem LENTOS Kunstmuseum\/Linz und der ZHdK unterst\u00fctzt. Das Begleitprogramm zur Ausstellung f\u00f6rdert SNF\/Agora. Die beiden&hellip; <a href=\"https:\/\/blog.zhdk.ch\/bewahrenbesondererkulturgueter\/6-sponsoring\/\" class=\"more-link\">Weiterlesen <span class=\"meta-nav\">&rarr;<\/span><\/a><\/p>\n","protected":false},"author":1571,"featured_media":0,"parent":0,"menu_order":0,"comment_status":"closed","ping_status":"closed","template":"","meta":{"footnotes":""},"class_list":["post-399","page","type-page","status-publish","hentry"],"_links":{"self":[{"href":"https:\/\/blog.zhdk.ch\/bewahrenbesondererkulturgueter\/wp-json\/wp\/v2\/pages\/399","targetHints":{"allow":["GET"]}}],"collection":[{"href":"https:\/\/blog.zhdk.ch\/bewahrenbesondererkulturgueter\/wp-json\/wp\/v2\/pages"}],"about":[{"href":"https:\/\/blog.zhdk.ch\/bewahrenbesondererkulturgueter\/wp-json\/wp\/v2\/types\/page"}],"author":[{"embeddable":true,"href":"https:\/\/blog.zhdk.ch\/bewahrenbesondererkulturgueter\/wp-json\/wp\/v2\/users\/1571"}],"replies":[{"embeddable":true,"href":"https:\/\/blog.zhdk.ch\/bewahrenbesondererkulturgueter\/wp-json\/wp\/v2\/comments?post=399"}],"version-history":[{"count":26,"href":"https:\/\/blog.zhdk.ch\/bewahrenbesondererkulturgueter\/wp-json\/wp\/v2\/pages\/399\/revisions"}],"predecessor-version":[{"id":2597,"href":"https:\/\/blog.zhdk.ch\/bewahrenbesondererkulturgueter\/wp-json\/wp\/v2\/pages\/399\/revisions\/2597"}],"wp:attachment":[{"href":"https:\/\/blog.zhdk.ch\/bewahrenbesondererkulturgueter\/wp-json\/wp\/v2\/media?parent=399"}],"curies":[{"name":"wp","href":"https:\/\/api.w.org\/{rel}","templated":true}]}}