{"id":655,"date":"2018-01-04T08:57:33","date_gmt":"2018-01-04T08:57:33","guid":{"rendered":"https:\/\/blog.zhdk.ch\/kulturgueter\/?page_id=655"},"modified":"2023-11-28T09:27:52","modified_gmt":"2023-11-28T09:27:52","slug":"5-bisher","status":"publish","type":"page","link":"https:\/\/blog.zhdk.ch\/bewahrenbesondererkulturgueter\/5-bisher\/","title":{"rendered":"<!--:de-->Publikationen<!--:--><!--:en-->Publications<!--:--><!--:fr-->Publications<!--:-->"},"content":{"rendered":"<p><!--:de--><\/p>\n<div id=\"attachment_65\" style=\"width: 1333px\" class=\"wp-caption alignnone\"><a href=\"https:\/\/blog.zhdk.ch\/bewahrenbesondererkulturgueter\/galerie-publikationen\/\"><img loading=\"lazy\" decoding=\"async\" aria-describedby=\"caption-attachment-65\" class=\"wp-image-65\" src=\"https:\/\/blog.zhdk.ch\/bewahrenbesondererkulturgueter\/files\/2018\/11\/Extraordinaire_1_crop.jpg\" alt=\"\" width=\"1323\" height=\"420\" \/><\/a><p id=\"caption-attachment-65\" class=\"wp-caption-text\">Publikation zur Wanderausstellung: Extraordinaire! Unbekannte Werke aus psychiatrischen Einrichtungen in der Schweiz um 1900, erschienen bei <a href=\"https:\/\/www.scheidegger-spiess.ch\/index.php?pd=ss&amp;lang=de&amp;page=books&amp;book=984\">Scheidegger &amp; Spiess<\/a><\/p><\/div>\n<p><strong>2019<\/strong><br \/>\nLuchsinger, Katrin, <em>Erscheinungen aus einem Grenzland. Das Wirkungsfeld der Zeichnerin Mathilde R., Patientin der Irrenanstalt Breitenau (1907\u20131908)<\/em>, in: Monika Ankele, C\u00e9line Kaiser, Sophie Ledebur (eds.), Auffu\u0308hren \u2013 Aufzeichnen \u2013 Anordnen. Wissenspraktiken in Psychiatrie und Psychotherapie, Heidelberg 2019. S. 175-206<\/p>\n<p><strong>2018<\/strong><br \/>\nKatrin Luchsinger, Helen Hirsch, Thomas R\u00f6ske (Hrsg.), <em>Extraordinaire! Unbekannte Werke aus psychiatrischen Einrichtungen in der Schweiz um 1900 \/ Extraordinairy! Unknown Works from Swiss Psychiatric Institutions around 1900<\/em>, Z\u00fcrich, Scheidegger &amp; Spiess 2018<\/p>\n<p><strong>2017<\/strong><br \/>\nJ\u00f6rg P\u00fcschel, Elke Jezler (Hg.), <em>125 Jahre Psychiatriezentrum Breitenau<\/em>. Sondernummer der Schaffhauser Beitr\u00e4ge zur Geschichte, Z\u00fcrich, Chronos Verlag 2017.<\/p>\n<p>Daraus: Luchsinger, Katrin, <em>Alles Ferne, Fremde, Ungew\u00f6hnliche. Kunst in der Irrenanstalt Breitenau<\/em>, Schaffhausen 1904-1935 (Publikation in Vorb.).<\/p>\n<p>Katrin Luchsinger, Jacqueline Fahrni, (Hg.), <em>Heinrich Bachofner, Erfinder. Werkkatalog<\/em>. Mit Beitr\u00e4gen von Hans-Peter B\u00e4rtschi, Eduard J. Belser, Marcel H\u00e4nggi, Henry Wydler et al., Z\u00fcrich, Scheidegger &amp; Spiess 2017.<br \/>\n<strong>2016<\/strong><br \/>\nLuchsinger, Katrin, <em>Die Vergessenskurve. Werke aus psychiatrischen Kliniken in der Schweiz um 1900. <\/em><em>Eine kulturanalytische Studie<\/em>, Z\u00fcrich, Chronos Verlag 2016.<br \/>\n<strong>2015<\/strong><br \/>\nKatrin Luchsinger, Andr\u00e9 Salath\u00e9, Gerhard Dammann, Monika Jagfeld (Hg.), <em>Auf der Seeseite der Kunst. <\/em><em>Werke aus der Psychiatrischen Klinik M\u00fcnsterlingen 1894-1960<\/em>, Z\u00fcrich, Chronos Verlag 2015.<br \/>\n<strong>2013<\/strong><br \/>\nKatrin Luchsinger (Hg.), <em>Anna Z. Schneiderin. \u201eLebensbeschreibung einer (Ungl\u00fccklichen!) sowie die <\/em><em>Schilderung der Erlebnisse w\u00e4hrend zehn Jahren im Irrenhaus<\/em>\u201c, Z\u00fcrich, Chronos Verlag 2013.<br \/>\n<strong>2012<\/strong><br \/>\nLuchsinger, Katrin, <em>Das Kippbild. Ambivalenz als Strategie im Werk des Patienten Hermann M. <\/em><em>(Pflegeanstalt Rheinau 1920-1943),<\/em> in: Martina Wernli (Hg.), <em>Wissen und Nichtwissen in der Klinik. <\/em><\/p>\n<p><em>Dynamiken der Psychiatrie um 1900<\/em>, Bielefeld, Transcript Verlag 2012, S. 117-141.<br \/>\n<strong>2010<\/strong><br \/>\nKatrin Luchsinger, Iris Blum, Jacqueline Fahrni, Monika Jagfeld (Hg.), <em>Rosenstrumpf und dornencknie. <\/em><em>Werke aus der Psychiatrischen Pflegeanstalt Rheinau 1867-1930<\/em>, Z\u00fcrich, Chronos Verlag 2010.<br \/>\n<strong>2008<\/strong><br \/>\nLuchsinger, Katrin (Hg.), <em>Pl\u00e4ne. Werke aus psychiatrischen Kliniken in der Schweiz 1850 \u2013 1930<\/em>, Z\u00fcrich, Chronos Verlag, 2008.<br \/>\n<strong>2006<\/strong><br \/>\nLuchsinger, Katrin, <em>Robert Gie<\/em>. in: Thomas R\u00f6ske et al. (Hg.), <em>Airloom Der Luftwebstuhl <\/em><em>und andere gef\u00e4hrliche Beeinflussungsapparate<\/em>. Ausstellungskatalog, Sammlung Prinzhorn, Heidelberg 2006, S. 214-238.<br \/>\n<strong>2004<\/strong><br \/>\nLuchsinger, Katrin, <em>267 bemalte Steine in 5 Kartonschachteln und einem Koffer in der Psychiatrischen <\/em><em>Klinik K\u00f6nigsfelden<\/em>, in: Katharina Corsepius, Daniela Mondini et al. (Hg.), <em>Opus Tesselatum. <\/em><em>Modi und Grenzg\u00e4nge der Kunstwissenschaft. Festschrift f\u00fcr Peter Cornelius Claussen<\/em>, Hildesheim, Z\u00fcrich, New York 2004 S. 105-114.<!--:--><\/p>\n<p><!--:en--><\/p>\n<div id=\"attachment_65\" style=\"width: 1333px\" class=\"wp-caption alignnone\"><a href=\"https:\/\/blog.zhdk.ch\/bewahrenbesondererkulturgueter\/galerie-publikationen\/\"><img loading=\"lazy\" decoding=\"async\" aria-describedby=\"caption-attachment-65\" class=\"wp-image-65\" src=\"https:\/\/blog.zhdk.ch\/bewahrenbesondererkulturgueter\/files\/2018\/11\/Extraordinaire_9_crop.jpg\" alt=\"\" width=\"1323\" height=\"420\" \/><\/a><p id=\"caption-attachment-65\" class=\"wp-caption-text\">Publication accompanying the exhibition: Extraordinaire! Unknown Works from Swiss Psychiatric Institutions around 1900, published by <a href=\"https:\/\/www.scheidegger-spiess.ch\/index.php?pd=ss&amp;lang=de&amp;page=books&amp;book=984\">Scheidegger &amp; Spiess<\/a><\/p><\/div>\n<p><strong>2019<\/strong><br \/>\nLuchsinger, Katrin, \u201c\u2018Erscheinungen aus einem Grenzland\u2019. Das Wirkungsfeld der Zeichnerin Mathilde R., Patientin der Irrenanstalt Breitenau (1907\u20131908)\u201d, in: Monika Ankele, C\u00e9line Kaiser, Sophie Ledebur (eds.), Auffu\u0308hren \u2013 Aufzeichnen \u2013 Anordnen. Wissenspraktiken in Psychiatrie und Psychotherapie, Heidelberg 2019, p. 175-206<\/p>\n<p><strong>2018<\/strong><br \/>\nKatrin Luchsinger, Helen Hirsch, Thomas R\u00f6ske (Hrsg.), Extraordinaire! Unbekannte Werke aus psychiatrischen Einrichtungen in der Schweiz um 1900 \/ Extraordinairy! Unknown Works from Swiss Psychiatric Institutions around 1900, Z\u00fcrich, Scheidegger &amp; Spiess 2018<\/p>\n<p>Luchsinger, Katrin, \u201c\u2018Alles Ferne, Fremde, Ungew\u00f6hnliche\u2019. Kunst in der Klinik Breitenau, 1904\u20131935\u201d in: Historischer Verein des Kantons Schaffhausen und Spit\u00e4ler Schaffhausen (ed.), 125 Jahre Psychiatrische Klinik Breitenau Schaffhausen 1891-2016, Schaffhauser Beitr\u00e4ge zur Geschichte vol. 89\/2016, Z\u00fcrich 2018, p. 119\u2013176<\/p>\n<p><strong>2017<\/strong><br \/>\nJ\u00f6rg P\u00fcschel, Elke Jezler (Hg.), 125 Jahre Psychiatriezentrum Breitenau. Sondernummer der Schaffhauser Beitr\u00e4ge zur Geschichte, Z\u00fcrich, Chronos Verlag 2017.<\/p>\n<p>Katrin Luchsinger, Jacqueline Fahrni (eds.), Heinrich Bachofner, Erfinder. Werkkatalog. Mit Beitr\u00e4gen von Hans-Peter B\u00e4rtschi, Eduard J. Belser, Marcel H\u00e4nggi, Henry Wydler et al., Z\u00fcrich 2017<br \/>\n<strong>2016<\/strong><br \/>\nLuchsinger, Katrin, Die Vergessenskurve. Werke aus psychiatrischen Kliniken in der Schweiz um 1900. Eine kulturanalytische Studie, Z\u00fcrich 2016<br \/>\n<strong>2015<\/strong><br \/>\nKatrin Luchsinger, Andr\u00e9 Salath\u00e9, Gerhard Dammann, Monika Jagfeld (eds.), Auf der Seeseite der Kunst. Werke aus der Psychiatrischen Klinik M\u00fcnsterlingen 1894\u20131960, Z\u00fcrich 2015<br \/>\n<strong>2013<\/strong><br \/>\nKatrin Luchsinger (ed.), Anna Z. Schneiderin. \u201cLebensbeschreibung einer (Ungl\u00fccklichen!) sowie die Schilderung der Erlebnisse w\u00e4hrend zehn Jahren im Irrenhaus\u201d, Z\u00fcrich 2013<br \/>\n<strong>2012<\/strong><br \/>\nLuchsinger, Katrin, \u201cDas Kippbild. Ambivalenz als Strategie im Werk des Patienten Hermann M. (Pflegeanstalt Rheinau 1920-1943)\u201d, in: Martina Wernli (ed.), Wissen und Nichtwissen in der Klinik. Dynamiken der Psychiatrie um 1900, Bielefeld 2012, pp. 117\u2013141<br \/>\n<strong>2010<\/strong><br \/>\nKatrin Luchsinger, Iris Blum, Jacqueline Fahrni, Monika Jagfeld (eds.), Rosenstrumpf und dornencknie. Werke aus der Psychiatrischen Pflegeanstalt Rheinau 1867-1930, Z\u00fcrich 2010<br \/>\n<strong>2008<\/strong><br \/>\nKatrin Luchsinger (ed.), Pl\u00e4ne. Werke aus psychiatrischen Kliniken in der Schweiz 1850 &#8211; 1930, Z\u00fcrich 2008<br \/>\n<strong>2006<\/strong><br \/>\nLuchsinger, Katrin, \u201cRobert Gie\u201d, in: Thomas R\u00f6ske et al. (eds.), Airloom. Der Luftwebstuhl und andere gef\u00e4hrliche Beeinflussungsapparate, exhibition catalogue, Sammlung Prinzhorn, Heidelberg 2006, pp. 214-238<br \/>\n<strong>2004<\/strong><br \/>\nLuchsinger, Katrin, \u201c267 bemalte Steine in 5 Kartonschachteln und einem Koffer in der Psychiatrischen Klinik K\u00f6nigsfelden\u201d, in: Katharina Corsepius, Daniela Mondini et al. (eds.), Opus Tesselatum. Modi und Grenzg\u00e4nge der Kunstwissenschaft. Festschrift f\u00fcr Peter Cornelius Claussen, Hildesheim, Z\u00fcrich, New York 2004, pp. 105\u2013114<!--:--><\/p>\n","protected":false},"excerpt":{"rendered":"<p>2019 Luchsinger, Katrin, Erscheinungen aus einem Grenzland. Das Wirkungsfeld der Zeichnerin Mathilde R., Patientin der Irrenanstalt Breitenau (1907\u20131908), in: Monika Ankele, C\u00e9line Kaiser, Sophie Ledebur (eds.), Auffu\u0308hren \u2013 Aufzeichnen \u2013 Anordnen. Wissenspraktiken in Psychiatrie und Psychotherapie, Heidelberg 2019. S. 175-206&hellip; <a href=\"https:\/\/blog.zhdk.ch\/bewahrenbesondererkulturgueter\/5-bisher\/\" class=\"more-link\">Weiterlesen <span class=\"meta-nav\">&rarr;<\/span><\/a><\/p>\n","protected":false},"author":1571,"featured_media":0,"parent":0,"menu_order":0,"comment_status":"closed","ping_status":"closed","template":"","meta":{"footnotes":""},"class_list":["post-655","page","type-page","status-publish","hentry"],"_links":{"self":[{"href":"https:\/\/blog.zhdk.ch\/bewahrenbesondererkulturgueter\/wp-json\/wp\/v2\/pages\/655","targetHints":{"allow":["GET"]}}],"collection":[{"href":"https:\/\/blog.zhdk.ch\/bewahrenbesondererkulturgueter\/wp-json\/wp\/v2\/pages"}],"about":[{"href":"https:\/\/blog.zhdk.ch\/bewahrenbesondererkulturgueter\/wp-json\/wp\/v2\/types\/page"}],"author":[{"embeddable":true,"href":"https:\/\/blog.zhdk.ch\/bewahrenbesondererkulturgueter\/wp-json\/wp\/v2\/users\/1571"}],"replies":[{"embeddable":true,"href":"https:\/\/blog.zhdk.ch\/bewahrenbesondererkulturgueter\/wp-json\/wp\/v2\/comments?post=655"}],"version-history":[{"count":35,"href":"https:\/\/blog.zhdk.ch\/bewahrenbesondererkulturgueter\/wp-json\/wp\/v2\/pages\/655\/revisions"}],"predecessor-version":[{"id":3043,"href":"https:\/\/blog.zhdk.ch\/bewahrenbesondererkulturgueter\/wp-json\/wp\/v2\/pages\/655\/revisions\/3043"}],"wp:attachment":[{"href":"https:\/\/blog.zhdk.ch\/bewahrenbesondererkulturgueter\/wp-json\/wp\/v2\/media?parent=655"}],"curies":[{"name":"wp","href":"https:\/\/api.w.org\/{rel}","templated":true}]}}