{"id":951,"date":"2017-02-28T00:37:51","date_gmt":"2017-02-27T23:37:51","guid":{"rendered":"https:\/\/blog.zhdk.ch\/bojanmilosevic\/?page_id=951"},"modified":"2021-12-02T16:39:59","modified_gmt":"2021-12-02T15:39:59","slug":"research","status":"publish","type":"page","link":"https:\/\/blog.zhdk.ch\/bojanmilosevic\/research\/","title":{"rendered":"Research"},"content":{"rendered":"<p align=\"justify\">__<\/p>\n<p align=\"justify\"><span style=\"color: #000000\"><span style=\"font-family: Liberation Serif,serif\"><span style=\"font-size: medium\"><strong>Immersive Lab<\/strong><\/span><\/span><\/span><\/p>\n<p align=\"justify\"><span style=\"color: #000000\"><span style=\"font-family: Liberation Serif,serif\"><span style=\"font-size: medium\">The Immersive Lab is an artistic and technological research project of the Institute of Computer Music and Sound Technology at the Zurich University of the Arts. Participating artists create works for a media space, integrating panoramic video and surround audio with full touch interaction. The main challenge for the artists is to find ways of translating touch into interaction models for their audiovisual ideas. At the end of the process, works are presented to the public in the form of interactive audiovisual compositions. <\/span><\/span><\/span><\/p>\n<p align=\"justify\"><span style=\"color: #000000\"><span style=\"font-family: Liberation Serif,serif\"><span style=\"font-size: medium\">More information is available at: http:\/\/immersivelab.zhdk.ch<br \/>\n<\/span><\/span><\/span><\/p>\n<div id=\"sdfootnote1\">\n<p><span style=\"font-family: Liberation Serif,serif\"><span style=\"font-size: medium\"><span style=\"color: #000000\"> __<br \/>\n<\/span><\/span><\/span><\/p>\n<\/div>\n<p align=\"justify\"><span style=\"color: #000000\"><span style=\"font-family: Liberation Serif,serif\"><span style=\"font-size: medium\"><strong><b>Telematic (2016-218)<\/b><\/strong><\/span><\/span><\/span><\/p>\n<p align=\"justify\"><span style=\"color: #000000\"><span style=\"font-family: Liberation Serif,serif\"><span style=\"font-size: medium\">Telematic Performance Format is an SNF research project at the Zurich University of the Arts. TPF investigates new possibilities for composed and improvised music, interconnecting performance spaces through the internet, thus generating a telematic performance space.\u00a0<\/span><\/span><\/span><\/p>\n<p align=\"justify\"><span style=\"color: #000000\"><span style=\"font-family: Liberation Serif,serif\"><span style=\"font-size: medium\">More information is available at: https:\/\/blog.zhdk.ch\/telematics\/sample-page\/<\/span><\/span><\/span><\/p>\n<p align=\"justify\">__<\/p>\n<p align=\"justify\"><span style=\"color: #000000\"><span style=\"font-family: Liberation Serif,serif\"><span style=\"font-size: medium\"><strong><b>Feedback Audio Networks<\/b><\/strong><\/span><\/span><\/span><\/p>\n<p><span style=\"font-family: Liberation Serif,serif\"><span style=\"font-size: medium\"><span style=\"color: #000000\">Das Projekt \u00abFeedback Audio Networks\u00bb (FAUN) erforscht wie signalverarbeitende Netzwerke mit Zeitverz\u00f6gerung und R\u00fcckkopplung genutzt werden k\u00f6nnen, um Audiosignale zu generieren. Aufgrund ihrer komplexen Dynamik sind solche Netzwerke in der Lage, einerseits eine Vielzahl von Klanglichkeiten zu erzeugen und andererseits spontan rhythmische Muster auszubilden. Es wird angenommen, dass die Netzwerke dank dieser Eigenschaften ein interessantes und attraktives Werkzeug f\u00fcr Komponisten und Klangk\u00fcnstler sind.<br \/>\n<\/span><\/span><\/span><\/p>\n<p><span style=\"font-family: Liberation Serif,serif\"><span style=\"font-size: medium\"><span style=\"color: #000000\">More information is available at: https:\/\/www.zhdk.ch\/forschungsprojekt\/426340<\/span><\/span><\/span><\/p>\n<div id=\"sdfootnote1\">\n<p class=\"sdfootnote\"><a class=\"sdfootnotesym\" href=\"#sdfootnote1anc\" name=\"sdfootnote1sym\"><\/a><\/p>\n<\/div>\n<p><span style=\"color: #000000\"><span style=\"font-family: Liberation Serif,serif\"><span style=\"font-size: medium\">\u00a0<\/span><\/span><\/span><\/p>\n","protected":false},"excerpt":{"rendered":"<p>__ Immersive Lab The Immersive Lab is an artistic and technological research project of the Institute of Computer Music and Sound Technology at the Zurich&#8230;<\/p>\n<div class=\"more-link-wrapper\"><a class=\"more-link\" href=\"https:\/\/blog.zhdk.ch\/bojanmilosevic\/research\/\">Weiterlesen<span class=\"screen-reader-text\">Research<\/span><\/a><\/div>\n","protected":false},"author":2641,"featured_media":0,"parent":0,"menu_order":5,"comment_status":"closed","ping_status":"closed","template":"","meta":{"footnotes":""},"class_list":["post-951","page","type-page","status-publish","hentry","entry"],"_links":{"self":[{"href":"https:\/\/blog.zhdk.ch\/bojanmilosevic\/wp-json\/wp\/v2\/pages\/951","targetHints":{"allow":["GET"]}}],"collection":[{"href":"https:\/\/blog.zhdk.ch\/bojanmilosevic\/wp-json\/wp\/v2\/pages"}],"about":[{"href":"https:\/\/blog.zhdk.ch\/bojanmilosevic\/wp-json\/wp\/v2\/types\/page"}],"author":[{"embeddable":true,"href":"https:\/\/blog.zhdk.ch\/bojanmilosevic\/wp-json\/wp\/v2\/users\/2641"}],"replies":[{"embeddable":true,"href":"https:\/\/blog.zhdk.ch\/bojanmilosevic\/wp-json\/wp\/v2\/comments?post=951"}],"version-history":[{"count":20,"href":"https:\/\/blog.zhdk.ch\/bojanmilosevic\/wp-json\/wp\/v2\/pages\/951\/revisions"}],"predecessor-version":[{"id":1087,"href":"https:\/\/blog.zhdk.ch\/bojanmilosevic\/wp-json\/wp\/v2\/pages\/951\/revisions\/1087"}],"wp:attachment":[{"href":"https:\/\/blog.zhdk.ch\/bojanmilosevic\/wp-json\/wp\/v2\/media?parent=951"}],"curies":[{"name":"wp","href":"https:\/\/api.w.org\/{rel}","templated":true}]}}