{"id":20,"date":"2019-05-12T16:29:45","date_gmt":"2019-05-12T16:29:45","guid":{"rendered":"https:\/\/blog.zhdk.ch\/chplus\/?page_id=20"},"modified":"2020-10-07T08:16:34","modified_gmt":"2020-10-07T08:16:34","slug":"pojekt-ch","status":"publish","type":"page","link":"https:\/\/blog.zhdk.ch\/chplus\/","title":{"rendered":"Projekt CH+"},"content":{"rendered":"<p><strong>Dies ist ein pers\u00f6nlicher Blog \u00fcber die Entstehung des Projekts. Er wird nicht mehr betrieben.<br><\/strong><\/p>\n<div class=\"wp-block-button aligncenter is-style-default\"><a class=\"wp-block-button__link has-white-color has-text-color has-background\" style=\"background-color: #8e0abd\" href=\"https:\/\/projektchplus.ch\/\" target=\"_blank\" rel=\"noreferrer noopener\">Auf zur Neuen Webseite!<\/a><\/div>\n<p>Projekt CH+ begann als Masterprojekt \u00fcber die Entwicklung einer gamifizierten App zur F\u00f6rderung der reflektierten Wahlbeteiligung von Schweizer W\u00e4hlerinnen und W\u00e4hlern. Ab Sommer 2020 ist CH+ ein Forschungs- und Businessprojekt des &#8222;First Ventures&#8220; Programms der Gebert R\u00fcf Stiftung. Ab Herbst wird das Projekt vom Prototype Fund unterst\u00fctzt.<\/p>\n\n\n<figure class=\"wp-block-image\"><img decoding=\"async\" src=\"https:\/\/blog.zhdk.ch\/chplus\/files\/2019\/05\/WalkerSophie_Powerdinner_Bildedited-1024x731.jpg\" alt=\"\" class=\"wp-image-86\" \/><\/figure>\n\n\n<h2>Vision<\/h2>\n<p>Im Projekt CH+ geht es darum, politische Beteiligung zu vereinfachen, zu motivieren und Politik in einem anderen Licht erscheinen zu lassen: Politik als Werkzeug <em>f\u00fcr <\/em>die Bev\u00f6lkerung \u2013 nicht andersherum.<\/p>\n<hr>\n<h6><strong>Designprozess: Neutralit\u00e4t und kulturelle Vielfalt<\/strong><\/h6>\n<p>Im Fokus des Entwicklungsprozesses steht der neutrale Einbezug von W\u00e4hlern, Experten und Institutionen. Es geht darum, gemeinsam etwas zu erschaffen. Die politische Einstellung spielt keine Rolle.<\/p>\n<p>Neben der direkten Demokratie ist unsere kulturelle Vielfalt einer unserer gr\u00f6ssten Sch\u00e4tze. So ist es zentral, dass m\u00f6glichst viele Perspektiven in den Entwicklungsprozess einfliessen.*<\/p>\n<h6><strong>Meilensteine<\/strong><\/h6>\n<ul>\n<li>Ein erster Prototyp wurde September\/Oktober 2019 w\u00e4hrend Eidgen\u00f6ssischen Parlamentswahlen getestet.<\/li>\n<li>W\u00e4hrend kantonalen Wahlen in Uri (M\u00e4rz 2020) war eine Beta-Version erstmals als Web-App zug\u00e4nglich. Neben \u00f6ffentlichen Umfragen wurde ebenfalls ein Vergleichstest mit dem Prototypen und einer alternativen Wahlhilfe durchgef\u00fchrt.<\/li>\n<\/ul>\n<p>&nbsp;<\/p>\n<p style=\"text-align: center\"><em>Wo stehen wir jetzt?<\/em><\/p>\n\n\n<div class=\"wp-block-button aligncenter is-style-default\"><a class=\"wp-block-button__link has-white-color has-text-color has-background\" href=\"https:\/\/blog.zhdk.ch\/chplus\/blog\/\" style=\"background-color:#8e0abd\" target=\"_blank\" rel=\"noreferrer noopener\">Auf zum Projektblog!<\/a><\/div>\n\n\n\n<div style=\"height:20px\" aria-hidden=\"true\" class=\"wp-block-spacer\"><\/div>\n\n\n\n<blockquote class=\"wp-block-quote is-layout-flow wp-block-quote-is-layout-flow\"><p> *Am liebsten w\u00fcrde ich diese Webseite auch auf Franz\u00f6sisch und Italienisch anbieten. Dazu reichen leider meine Sprachkenntnisse nicht aus. Was f\u00fcr mich machbar ist, ist eine <strong>Englische<\/strong> <strong>\u00dcbersetzung<\/strong>. Diese gibt es <a href=\"https:\/\/blog.zhdk.ch\/chplus1\/\"><strong>hier<\/strong><\/a>. <\/p><\/blockquote>\n\n\n\n<div style=\"height:20px\" aria-hidden=\"true\" class=\"wp-block-spacer\"><\/div>\n\n\n\n<hr class=\"wp-block-separator\" \/>\n","protected":false},"excerpt":{"rendered":"<p>Dies ist ein pers\u00f6nlicher Blog \u00fcber die Entstehung des Projekts. Er wird nicht mehr betrieben. Auf zur Neuen Webseite! Projekt CH+ begann als Masterprojekt \u00fcber die Entwicklung einer gamifizierten App zur F\u00f6rderung der reflektierten Wahlbeteiligung von Schweizer W\u00e4hlerinnen und W\u00e4hlern. Ab Sommer 2020 ist CH+ ein Forschungs- und Businessprojekt des &#8222;First Ventures&#8220; Programms der Gebert [&hellip;]<\/p>\n","protected":false},"author":4190,"featured_media":0,"parent":0,"menu_order":0,"comment_status":"closed","ping_status":"closed","template":"","meta":{"ngg_post_thumbnail":0,"footnotes":""},"class_list":["post-20","page","type-page","status-publish","hentry","post-preview"],"_links":{"self":[{"href":"https:\/\/blog.zhdk.ch\/chplus\/wp-json\/wp\/v2\/pages\/20","targetHints":{"allow":["GET"]}}],"collection":[{"href":"https:\/\/blog.zhdk.ch\/chplus\/wp-json\/wp\/v2\/pages"}],"about":[{"href":"https:\/\/blog.zhdk.ch\/chplus\/wp-json\/wp\/v2\/types\/page"}],"author":[{"embeddable":true,"href":"https:\/\/blog.zhdk.ch\/chplus\/wp-json\/wp\/v2\/users\/4190"}],"replies":[{"embeddable":true,"href":"https:\/\/blog.zhdk.ch\/chplus\/wp-json\/wp\/v2\/comments?post=20"}],"version-history":[{"count":37,"href":"https:\/\/blog.zhdk.ch\/chplus\/wp-json\/wp\/v2\/pages\/20\/revisions"}],"predecessor-version":[{"id":1886,"href":"https:\/\/blog.zhdk.ch\/chplus\/wp-json\/wp\/v2\/pages\/20\/revisions\/1886"}],"wp:attachment":[{"href":"https:\/\/blog.zhdk.ch\/chplus\/wp-json\/wp\/v2\/media?parent=20"}],"curies":[{"name":"wp","href":"https:\/\/api.w.org\/{rel}","templated":true}]}}