{"id":4,"date":"2019-05-12T16:18:52","date_gmt":"2019-05-12T16:18:52","guid":{"rendered":"https:\/\/blog.zhdk.ch\/chplus\/?page_id=2"},"modified":"2019-06-24T15:26:20","modified_gmt":"2019-06-24T15:26:20","slug":"about","status":"publish","type":"page","link":"https:\/\/blog.zhdk.ch\/chplus\/about\/","title":{"rendered":"\u00dcber Mich"},"content":{"rendered":"<h3>Frau Stirnima stellt sich vor<\/h3>\n\n\n<hr class=\"wp-block-separator is-style-wide\" \/>\n\n\n\n<div class=\"wp-block-media-text alignwide\" style=\"grid-template-columns:28% auto\"><figure class=\"wp-block-media-text__media\"><img loading=\"lazy\" decoding=\"async\" width=\"384\" height=\"384\" src=\"https:\/\/blog.zhdk.ch\/chplus\/files\/2019\/06\/AboutSophie00_CHplus.png\" alt=\"\" class=\"wp-image-821\" srcset=\"https:\/\/blog.zhdk.ch\/chplus\/files\/2019\/06\/AboutSophie00_CHplus.png 384w, https:\/\/blog.zhdk.ch\/chplus\/files\/2019\/06\/AboutSophie00_CHplus-150x150.png 150w, https:\/\/blog.zhdk.ch\/chplus\/files\/2019\/06\/AboutSophie00_CHplus-300x300.png 300w\" sizes=\"auto, (max-width: 384px) 100vw, 384px\" \/><\/figure><div class=\"wp-block-media-text__content\">\n<p><strong>JA GR\u00dcETZIWOHL- Nei isch guet, ich h\u00f6re ja scho uf.. <\/strong><\/p>\n\n\n\n<p>Mein Name ist Sophie Walker. Ich mache einen Design Master an der Z\u00fcrcher Hochschule der K\u00fcnste.<br><br>Ich mag gutherzige Menschen, ehrliche Arbeit und verr\u00fcckte Ideen.  <\/p>\n\n\n\n<p>Sch\u00f6n, dass du hier bist! <\/p>\n\n\n\n<p class=\"has-large-font-size\"><\/p>\n<\/div><\/div>\n\n\n\n<hr class=\"wp-block-separator is-style-wide\" \/>\n\n\n<h3>Serious Games<\/h3>\n<p>Spiele machen Spass. Logisch! Nach vier Jahren Bachelorstudium im Bereich Spieldesign und Entwicklung, d\u00fcrfte ich den Begriff \u00abSpass\u00bb eigentlich gar nicht mehr verwenden. Denn was genau ist Spass eigentlich?<\/p>\n<p>Nun, ich glaube es ist ein Schl\u00fcssel. Spass ist eine Chance.<\/p>\n<p>Wie w\u00e4re die Welt, wenn wir sowohl effizient als auch spielerisch, gar m\u00fchelos lernen k\u00f6nnten? Finden wir es heraus!<\/p>\n<p>Hier liegt das gewaltige Potential von Serious Games. Die perfekte Balance zwischen Vermittlung von F\u00e4higkeiten und unbeschwertem Vergn\u00fcgen ist der \u00abHeilige Gral\u00bb des Serious Game Designs. Die Kombination von Entertainment und K\u00f6pfchen, das ist mein Gebiet. Daf\u00fcr setze ich mich ein.<\/p>\n<p><em>Meine \u00dcberzeugung:<\/em><\/p>\n\n\n<figure class=\"wp-block-image\"><img loading=\"lazy\" decoding=\"async\" width=\"1024\" height=\"256\" src=\"https:\/\/blog.zhdk.ch\/chplus\/files\/2019\/05\/SophieWalker_Linkedin_CHplus-1024x256.jpg\" alt=\"\" class=\"wp-image-478\" srcset=\"https:\/\/blog.zhdk.ch\/chplus\/files\/2019\/05\/SophieWalker_Linkedin_CHplus-1024x256.jpg 1024w, https:\/\/blog.zhdk.ch\/chplus\/files\/2019\/05\/SophieWalker_Linkedin_CHplus-300x75.jpg 300w, https:\/\/blog.zhdk.ch\/chplus\/files\/2019\/05\/SophieWalker_Linkedin_CHplus-768x192.jpg 768w, https:\/\/blog.zhdk.ch\/chplus\/files\/2019\/05\/SophieWalker_Linkedin_CHplus-676x169.jpg 676w, https:\/\/blog.zhdk.ch\/chplus\/files\/2019\/05\/SophieWalker_Linkedin_CHplus.jpg 1400w\" sizes=\"auto, (max-width: 1024px) 100vw, 1024px\" \/><\/figure>\n\n\n<h3>Wissenschaftliche Arbeitshaltung<\/h3>\n<p>Dank der Bachelorausbildung habe ich ein breites Wissen, sowie diverse Erfahrungen im Bereich Serious Games. F\u00fcr mein Abschlussprojekt erhielt ich die Auszeichnung als beste Bachelor-Thesis des Departements &#8222;Kommunikation, Medien und IT&#8220; und den Preis f\u00fcr das beste Projekt in der Abschlussausstellung. Forschungsarbeit war neben der aktiven Spielentwicklung stets ein grosser Teil unserer Studienprojekte. Vor-, Zwischen- und Nachuntersuche geh\u00f6ren zum Entwicklungsprozess.<\/p>\n<p>In meiner Arbeit st\u00fctze ich mich sehr bewusst auf Fachliteratur und Forschung, da sie das Fundament bilden, um in Spielen mehr zu identifizieren als Unterhaltung. Nach dem Studium m\u00f6chte ich mich daf\u00fcr engagieren, dass das Potential von Serious Games erkannt und genutzt wird, um die Gesellschaft positiv zu unterst\u00fctzen.<\/p>\n<p>&nbsp;<\/p>\n\n\n<div class=\"wp-block-columns has-2-columns is-layout-flex wp-container-core-columns-is-layout-9d6595d7 wp-block-columns-is-layout-flex\">\n<div class=\"wp-block-column is-layout-flow wp-block-column-is-layout-flow\">\n<figure class=\"wp-block-image\"><img loading=\"lazy\" decoding=\"async\" width=\"576\" height=\"384\" src=\"https:\/\/blog.zhdk.ch\/chplus\/files\/2019\/06\/AboutSophie01_CHplus.png\" alt=\"\" class=\"wp-image-827\" srcset=\"https:\/\/blog.zhdk.ch\/chplus\/files\/2019\/06\/AboutSophie01_CHplus.png 576w, https:\/\/blog.zhdk.ch\/chplus\/files\/2019\/06\/AboutSophie01_CHplus-300x200.png 300w\" sizes=\"auto, (max-width: 576px) 100vw, 576px\" \/><figcaption>Vorausgehende Recherche<\/figcaption><\/figure>\n<\/div>\n\n\n\n<div class=\"wp-block-column is-layout-flow wp-block-column-is-layout-flow\">\n<figure class=\"wp-block-image\"><img loading=\"lazy\" decoding=\"async\" width=\"576\" height=\"384\" src=\"https:\/\/blog.zhdk.ch\/chplus\/files\/2019\/06\/AboutSophie02_CHplus.png\" alt=\"\" class=\"wp-image-829\" srcset=\"https:\/\/blog.zhdk.ch\/chplus\/files\/2019\/06\/AboutSophie02_CHplus.png 576w, https:\/\/blog.zhdk.ch\/chplus\/files\/2019\/06\/AboutSophie02_CHplus-300x200.png 300w\" sizes=\"auto, (max-width: 576px) 100vw, 576px\" \/><figcaption>Designvorgaben<\/figcaption><\/figure>\n<\/div>\n<\/div>\n\n\n\n<div class=\"wp-block-columns has-2-columns is-layout-flex wp-container-core-columns-is-layout-9d6595d7 wp-block-columns-is-layout-flex\">\n<div class=\"wp-block-column is-layout-flow wp-block-column-is-layout-flow\">\n<figure class=\"wp-block-image\"><img loading=\"lazy\" decoding=\"async\" width=\"576\" height=\"384\" src=\"https:\/\/blog.zhdk.ch\/chplus\/files\/2019\/06\/AboutSophie03_CHplus.png\" alt=\"\" class=\"wp-image-831\" srcset=\"https:\/\/blog.zhdk.ch\/chplus\/files\/2019\/06\/AboutSophie03_CHplus.png 576w, https:\/\/blog.zhdk.ch\/chplus\/files\/2019\/06\/AboutSophie03_CHplus-300x200.png 300w\" sizes=\"auto, (max-width: 576px) 100vw, 576px\" \/><figcaption>Prototypenentwicklung<\/figcaption><\/figure>\n<\/div>\n\n\n\n<div class=\"wp-block-column is-layout-flow wp-block-column-is-layout-flow\">\n<figure class=\"wp-block-image\"><img loading=\"lazy\" decoding=\"async\" width=\"576\" height=\"384\" src=\"https:\/\/blog.zhdk.ch\/chplus\/files\/2019\/06\/AboutSophie04_CHplus.png\" alt=\"\" class=\"wp-image-833\" srcset=\"https:\/\/blog.zhdk.ch\/chplus\/files\/2019\/06\/AboutSophie04_CHplus.png 576w, https:\/\/blog.zhdk.ch\/chplus\/files\/2019\/06\/AboutSophie04_CHplus-300x200.png 300w\" sizes=\"auto, (max-width: 576px) 100vw, 576px\" \/><figcaption>Bewertung<\/figcaption><\/figure>\n<\/div>\n<\/div>\n\n\n<h3>Holdrio! International us der Innerschwiiz<\/h3>\n<p>Digitale Spiele haben mich fr\u00fch fasziniert. Fabelhafte Welten waren kreative Freiheit und Zuflucht zugleich. Urspr\u00fcnglich aus dem Kanton Uri bin ich in der Schweiz, Deutschland, \u00c4gypten, Indonesien und in den Niederlanden aufgewachsen und auch in Island habe ich ein halbes Jahr studiert. Durch diese langj\u00e4hrigen Auslandserfahrungen lernte ich das Schweizer System zu sch\u00e4tzen, aber nat\u00fcrlich auch kritisch zu hinterfragen. Es liegt mir am Herzen, dass wir zu unserem System Sorge tragen. Dazu m\u00f6chte ich auch mit diesem Masterprojekt einen Beitrag leisten.<\/p>\n\n\n<div style=\"height:31px\" aria-hidden=\"true\" class=\"wp-block-spacer\"><\/div>\n","protected":false},"excerpt":{"rendered":"<p>Frau Stirnima stellt sich vor JA GR\u00dcETZIWOHL- Nei isch guet, ich h\u00f6re ja scho uf.. Mein Name ist Sophie Walker. Ich mache einen Design Master an der Z\u00fcrcher Hochschule der K\u00fcnste. Ich mag gutherzige Menschen, ehrliche Arbeit und verr\u00fcckte Ideen. Sch\u00f6n, dass du hier bist! Serious Games Spiele machen Spass. Logisch! Nach vier Jahren Bachelorstudium [&hellip;]<\/p>\n","protected":false},"author":4190,"featured_media":0,"parent":0,"menu_order":0,"comment_status":"closed","ping_status":"open","template":"","meta":{"ngg_post_thumbnail":0,"footnotes":""},"class_list":["post-4","page","type-page","status-publish","hentry","post-preview"],"_links":{"self":[{"href":"https:\/\/blog.zhdk.ch\/chplus\/wp-json\/wp\/v2\/pages\/4","targetHints":{"allow":["GET"]}}],"collection":[{"href":"https:\/\/blog.zhdk.ch\/chplus\/wp-json\/wp\/v2\/pages"}],"about":[{"href":"https:\/\/blog.zhdk.ch\/chplus\/wp-json\/wp\/v2\/types\/page"}],"author":[{"embeddable":true,"href":"https:\/\/blog.zhdk.ch\/chplus\/wp-json\/wp\/v2\/users\/4190"}],"replies":[{"embeddable":true,"href":"https:\/\/blog.zhdk.ch\/chplus\/wp-json\/wp\/v2\/comments?post=4"}],"version-history":[{"count":23,"href":"https:\/\/blog.zhdk.ch\/chplus\/wp-json\/wp\/v2\/pages\/4\/revisions"}],"predecessor-version":[{"id":841,"href":"https:\/\/blog.zhdk.ch\/chplus\/wp-json\/wp\/v2\/pages\/4\/revisions\/841"}],"wp:attachment":[{"href":"https:\/\/blog.zhdk.ch\/chplus\/wp-json\/wp\/v2\/media?parent=4"}],"curies":[{"name":"wp","href":"https:\/\/api.w.org\/{rel}","templated":true}]}}