{"id":11,"date":"2017-12-04T08:51:58","date_gmt":"2017-12-04T08:51:58","guid":{"rendered":"https:\/\/blog.zhdk.ch\/cinememoire\/?page_id=11"},"modified":"2025-02-17T17:02:56","modified_gmt":"2025-02-17T17:02:56","slug":"interviews","status":"publish","type":"page","link":"https:\/\/blog.zhdk.ch\/cinememoire\/interviews\/","title":{"rendered":"Interviews"},"content":{"rendered":"<h3>Eine Oral History des Schweizer Films: Online frei zug\u00e4nglich<\/h3>\n<p>Die eigenen Arbeitserfahrungen von in den Sechziger- und Siebzigerjahren aktiven Filmschaffenden standen im Zentrum der frei gef\u00fchrten Gespr\u00e4che. Wir wollten wissen, wie sie damals gearbeitet haben und was sich im Laufe der Zeit ge\u00e4ndert hat. Es ist heute nur schwer vorstellbar, was es bedeutete, ohne Direktton mit schweren 35mm-Kameras oder ohne Bundessubventionen zu arbeiten. Wichtig war in den lebensgeschichtlich ausgerichteten, frei gef\u00fchrten Gespr\u00e4chen das subjektive Erlebte und Erinnerte, in dem sich Privates und Berufliches vermischen. Gewisse Ereignisse und Begebenheiten (Berufseinstieg, Filmgesetz und dessen Revision, Expo 64, Solothurner Filmtage ab 1966, Treffpunkte, Zusammenarbeiten, \u00f6konomische Verh\u00e4ltnisse, Filmtechnik, Grenz\u00fcberschreitungen zwischen Filmgenres, Medien, Generationen, Landesgrenzen und Landesteilen, um nur die wichtigsten zu nennen) haben wir in allen Gespr\u00e4chen thematisiert.<\/p>\n<p>Folgende Interviews liegen vor und sind \u00fcber das Medienarchiv und der Plattform Modcast der ZHdK integral frei zug\u00e4nglich, inklusive interaktive Inhaltsverzeichnisse, Transkript und Kontextmaterialien (Namen in Klammern zu sp\u00e4terer Publikation vorgesehen):<\/p>\n<p>&nbsp;<\/p>\n<div>\n<p>Andr\u00e9 Amsler, Filmtechniker, Cutter, Laborleiter,\u00a0<a href=\"https:\/\/medienarchiv.zhdk.ch\/sets\/7d1348c0-d010-4446-bd62-ad44c53fd76f\" target=\"_self\">https:\/\/medienarchiv.zhdk.ch\/sets\/7d1348c0-d010-44\u2026<\/a><\/p>\n<p>Alex B\u00e4nninger, Publizist und Filmf\u00f6rderer, Leiter,\u00a0<a href=\"https:\/\/medienarchiv.zhdk.ch\/sets\/07def69d-7f8c-4f98-9e57-9e672ccd99bc\" target=\"_self\">https:\/\/medienarchiv.zhdk.ch\/sets\/07def69d-7f8c-4f\u2026<\/a><\/p>\n<p>Renato Berta, Kameramann (Gespr\u00e4ch auf Franz\u00f6sisch),\u00a0<a href=\"https:\/\/medienarchiv.zhdk.ch\/sets\/2153ff3a-4b0b-4948-ac95-e921d74d2f09\" target=\"_self\">https:\/\/medienarchiv.zhdk.ch\/sets\/2153ff3a-4b0b-49\u2026<\/a><\/p>\n<p>Anne-Marie Blanc, Schauspielerin,\u00a0<a href=\"https:\/\/medienarchiv.zhdk.ch\/sets\/d84c6f6f-fb7a-471a-944f-b30e9cf3c41c\" target=\"_self\">https:\/\/medienarchiv.zhdk.ch\/sets\/d84c6f6f-fb7a-47\u2026<\/a><\/p>\n<p>Ren\u00e9 Boeniger, Filmrealisator,\u00a0<a href=\"https:\/\/medienarchiv.zhdk.ch\/sets\/8e870d98-143b-48e6-9c40-5e4ea376a87b\" target=\"_self\">https:\/\/medienarchiv.zhdk.ch\/sets\/8e870d98-143b-48\u2026<\/a><\/p>\n<p>Robert Boner, Filmtechniker, Filmproduzent,\u00a0<a href=\"https:\/\/medienarchiv.zhdk.ch\/sets\/f84dacac-b597-4c61-9976-362e86b5b6a3\" target=\"_self\">https:\/\/medienarchiv.zhdk.ch\/sets\/f84dacac-b597-4c\u2026<\/a><\/p>\n<p><span lang=\"EN-US\">Pio Corradi, Kameramann,\u00a0<\/span><a href=\"https:\/\/medienarchiv.zhdk.ch\/sets\/3f790a77-a3e1-4026-9248-2e4520ad98c8\" target=\"_self\"><span lang=\"EN-US\">https:\/\/medienarchiv.zhdk.ch\/sets\/3f790a77-a3e1-40\u2026<\/span><\/a><\/p>\n<p>Philippe D\u00e9riaz, Produktionsleiter, Produktionsleiter, Filmjournalist,\u00a0<a href=\"https:\/\/medienarchiv.zhdk.ch\/sets\/c3ebb637-8b75-4204-b263-7eee5361a164\" target=\"_self\">https:\/\/medienarchiv.zhdk.ch\/sets\/c3ebb637-8b75-42\u2026<\/a><\/p>\n<p>Hans Heinrich Egger, Cutter,\u00a0<a href=\"https:\/\/medienarchiv.zhdk.ch\/sets\/ebf0adf2-e660-453a-8002-ce8db7cb2a4e\" target=\"_self\">https:\/\/medienarchiv.zhdk.ch\/sets\/ebf0adf2-e660-45\u2026<\/a><\/p>\n<p><span lang=\"EN-US\">Vital Epelbaum, Kinobetreiber,\u00a0<\/span><a href=\"https:\/\/medienarchiv.zhdk.ch\/sets\/abea47bd-7ef2-4eab-b3ee-c811a39b8ab8\" target=\"_self\"><span lang=\"EN-US\">https:\/\/medienarchiv.zhdk.ch\/sets\/abea47bd-7ef2-4e\u2026<\/span><\/a><\/p>\n<p>Madeleine Fonjallaz, Skript, Filmfunktion\u00e4rin,\u00a0<a href=\"https:\/\/medienarchiv.zhdk.ch\/sets\/c299e463-0b32-4a74-80a3-8a77b705747c\" target=\"_self\">https:\/\/medienarchiv.zhdk.ch\/sets\/c299e463-0b32-4a\u2026<\/a><\/p>\n<p>(Helmut F\u00f6rnbacher, Schauspieler, Regisseur)<\/p>\n<p>Martin und Peter Christian Fueter, Produzenten,\u00a0<a href=\"https:\/\/medienarchiv.zhdk.ch\/sets\/df29c5c4-42a2-46c6-b960-ccb610e31308\" target=\"_self\">https:\/\/medienarchiv.zhdk.ch\/sets\/df29c5c4-42a2-46\u2026<\/a><\/p>\n<p>(Mario Gerteis, Journalist)<\/p>\n<p>Nicolas Gessner, Regisseur,\u00a0<a href=\"https:\/\/medienarchiv.zhdk.ch\/sets\/db80e585-826a-4818-bd12-04cbdfb78c00\" target=\"_self\">https:\/\/medienarchiv.zhdk.ch\/sets\/db80e585-826a-48\u2026<\/a><\/p>\n<p>(Stefanie Glaser, Schauspielerin)<\/p>\n<p>Rob Gnant, Kameramann,\u00a0<a href=\"https:\/\/medienarchiv.zhdk.ch\/sets\/ea247384-7702-473a-8478-56e7d36da0fe\" target=\"_self\">https:\/\/medienarchiv.zhdk.ch\/sets\/ea247384-7702-47\u2026<\/a><\/p>\n<p>Urs Graf, Regisseur,\u00a0<a href=\"https:\/\/medienarchiv.zhdk.ch\/sets\/b66f4acb-28eb-4e06-99b1-dc4a3f787011\" target=\"_self\">https:\/\/medienarchiv.zhdk.ch\/sets\/b66f4acb-28eb-4e\u2026<\/a><\/p>\n<p>(Peter und Martin Hellstern, Filmproduzenten, Filmverleiher)<\/p>\n<p>Charly Huser, Lichtbestimmer,\u00a0<a href=\"https:\/\/medienarchiv.zhdk.ch\/sets\/3235ab85-4723-4bce-90ee-a0ffc22a03d8\" target=\"_self\">https:\/\/medienarchiv.zhdk.ch\/sets\/3235ab85-4723-4b\u2026<\/a><\/p>\n<p>Markus Imhoof, Regisseur,\u00a0<a href=\"https:\/\/medienarchiv.zhdk.ch\/sets\/c3af152d-5e5f-4df2-bda5-2077b0c219c9\" target=\"_self\">https:\/\/medienarchiv.zhdk.ch\/sets\/c3af152d-5e5f-4d\u2026<\/a><\/p>\n<p>Georg Janett, Cutter,\u00a0<a href=\"https:\/\/medienarchiv.zhdk.ch\/sets\/f9a967b5-3c3d-4e13-9c07-189cfd43af76\" target=\"_self\">https:\/\/medienarchiv.zhdk.ch\/sets\/f9a967b5-3c3d-4e\u2026<\/a><\/p>\n<p>Rolf Lyssy, Regisseur,\u00a0<a href=\"https:\/\/medienarchiv.zhdk.ch\/sets\/a5632ec8-83c8-4fdc-92e5-5c8ece30cf68\" target=\"_self\">https:\/\/medienarchiv.zhdk.ch\/sets\/a5632ec8-83c8-4f\u2026<\/a><\/p>\n<p>Fritz E. Maeder, Kameramann,\u00a0<a href=\"https:\/\/medienarchiv.zhdk.ch\/sets\/9255250a-9439-425a-82dd-54b39f713536?list%5Border%5D=title%20ASC\" target=\"_self\">https:\/\/medienarchiv.zhdk.ch\/sets\/9255250a-9439-42\u2026<\/a><\/p>\n<p>Hans Mehringer, Regieassistent, Fernsehrealisator,\u00a0<a href=\"https:\/\/medienarchiv.zhdk.ch\/sets\/8fa2343c-011d-49a2-ad30-a5758a095856?list%5Border%5D=title%20ASC\" target=\"_self\">https:\/\/medienarchiv.zhdk.ch\/sets\/8fa2343c-011d-49\u2026<\/a><\/p>\n<p><span lang=\"EN-US\">Fredi M. Murer, Regisseur,\u00a0<\/span><a href=\"https:\/\/medienarchiv.zhdk.ch\/sets\/ea461dcd-7dec-4c10-b8ea-666d0f332fcd?list%5Border%5D=title%20ASC\" target=\"_self\"><span lang=\"EN-US\">https:\/\/medienarchiv.zhdk.ch\/sets\/ea461dcd-7dec-4c\u2026<\/span><\/a><\/p>\n<p>Andr\u00e9 Pinkus, Beleuchter,\u00a0<a href=\"https:\/\/medienarchiv.zhdk.ch\/sets\/95f2ac68-dfe2-4538-b3e2-5937efc03333?list%5Border%5D=title%20ASC\" target=\"_self\">https:\/\/medienarchiv.zhdk.ch\/sets\/95f2ac68-dfe2-45\u2026<\/a><\/p>\n<p>(Georg Radanowicz, Regisseur)<\/p>\n<p>(Urs Reinhart, Mitbegr\u00fcnder der Solothurn Filmtage)<\/p>\n<p>Hans-Ulrich Schlumpf, Regisseur,\u00a0<a href=\"https:\/\/medienarchiv.zhdk.ch\/sets\/54beb379-e3fb-4c40-8cab-25a456cc25e4?list%5Border%5D=title%20ASC\" target=\"_self\">https:\/\/medienarchiv.zhdk.ch\/sets\/54beb379-e3fb-4c\u2026<\/a><\/p>\n<p>(Martin Schmassmann, Fernsehredakteur und Max Peter Ammann, Dramaturg beim Schweizer Fernsehen)<\/p>\n<p>Alexander J. Seiler, Regisseur, Publizist,\u00a0<a href=\"https:\/\/medienarchiv.zhdk.ch\/sets\/98dc597e-d330-4ea6-8111-c6530b193e89?list%5Border%5D=title%20ASC\" target=\"_self\">https:\/\/medienarchiv.zhdk.ch\/sets\/98dc597e-d330-4e\u2026<\/a><\/p>\n<p>Viktor Sidler, Filmvermittler,\u00a0<a href=\"https:\/\/medienarchiv.zhdk.ch\/sets\/9d5cc024-6a18-49f9-b062-6fa81c1a5d10?list%5Border%5D=title%20ASC\" target=\"_self\">https:\/\/medienarchiv.zhdk.ch\/sets\/9d5cc024-6a18-49\u2026<\/a><\/p>\n<p>Ilona Stamm, Filmverleiherin,\u00a0<a href=\"https:\/\/medienarchiv.zhdk.ch\/sets\/5686e127-deb3-4b2d-adcb-790563fa9886?list%5Border%5D=title%20ASC\" target=\"_self\">https:\/\/medienarchiv.zhdk.ch\/sets\/5686e127-deb3-4b\u2026<\/a><\/p>\n<p>Franz Ulrich, Filmjournalist,\u00a0<a href=\"https:\/\/medienarchiv.zhdk.ch\/sets\/a686747f-e76c-4eac-a869-901296e2a5af\" target=\"_self\">https:\/\/medienarchiv.zhdk.ch\/sets\/a686747f-e76c-4e\u2026<\/a><\/p>\n<p>Hermann Wetter, Filmtechniker, Chefredaktor der Schweizer Filmwochenschau,\u00a0<a href=\"https:\/\/medienarchiv.zhdk.ch\/sets\/5e5aa756-5cd4-4bad-8655-edb7e7383dcd?list%5Border%5D=title%20ASC\" target=\"_self\">https:\/\/medienarchiv.zhdk.ch\/sets\/5e5aa756-5cd4-4b\u2026<\/a><\/p>\n<p>Eduard Winiger, Kameramann und Regisseur,\u00a0<a href=\"https:\/\/medienarchiv.zhdk.ch\/sets\/2273cc6c-a765-40d7-8f2a-b71e22bf39c5?list%5Border%5D=title%20ASC\" target=\"_self\">https:\/\/medienarchiv.zhdk.ch\/sets\/2273cc6c-a765-40\u2026<\/a><\/p>\n<p>Yves Yersin, Regisseur (Gespr\u00e4ch auf Franz\u00f6sisch),\u00a0<a href=\"https:\/\/medienarchiv.zhdk.ch\/sets\/35aacad7-ed2f-4653-9456-e6251d304ae7?list%5Border%5D=title%20ASC\" target=\"_self\">https:\/\/medienarchiv.zhdk.ch\/sets\/35aacad7-ed2f-46\u2026<\/a><\/p>\n<\/div>\n<p>&nbsp;<\/p>\n<p>Die auf digitalem Videoformat HDV aufgezeichneten Gespr\u00e4che dauern zwischen einer und viereinhalb Stunden. In der Regel f\u00fchrten wir die Interviews bei den Gespr\u00e4chspartnern zu Hause, in Ausnahmef\u00e4llen an ihren aktuellen oder ehemaligen Wirkungsst\u00e4tten. Bei der Vorbereitung und Auswertung der Gespr\u00e4che standen folgende Fragen im Vordergrund:<\/p>\n<ul>\n<li><small>Welche Schritte der Erneuerung in der Produktion, Distribution und Rezeption sind beobachtbar?<\/small><\/li>\n<li><small>Welche Beweggr\u00fcnde stehen hinter Erneuerungen?<\/small><\/li>\n<li><small>Warum scheiterten diese Erneuerungsversuche fast ein Jahrzehnt lang und wieso gelangen sie in den Siebzigerjahren?<\/small><\/li>\n<li><small>Wie sahen die fr\u00fchen Gehversuche der jungen Generation des neuen Schweizer Films und die sp\u00e4ten Aktivit\u00e4ten der alten Genera tion aus?<\/small><\/li>\n<li><small>Wie gross ist der Einfluss herk\u00f6mmlicher Strukturen und Personen auf die Erneuerung?<\/small><\/li>\n<li><small>Wie, wo und warum bildeten sich neue Strukturen und wo l\u00f6sten sich alte auf?<\/small><\/li>\n<li><small>Wie, wo und warum fanden Gruppen, Initiativen, Kooperativen zusammen, was trennte sie allenfalls wieder?<\/small><\/li>\n<li><small>Inwiefern sind die Formen des alten und des neuen Schweizer Films durch Technik und Konventionen bedingt?<\/small><\/li>\n<\/ul>\n<p>&nbsp;<\/p>\n<p><strong style=\"font-size: 1.5rem\">Online-Ver\u00f6ffentlichung (Cin\u00e9m\u00e9moire.ch expandend): Credits<\/strong><\/p>\n<p>&nbsp;<\/p>\n<p>Thomas Sch\u00e4rer (Projektleitung), Christian Iseli (Gesuchssteller IPF, Institute for the Perfoming Arts and Film)<br \/>\nKristina Jungic (Mitarbeit Ver\u00f6ffentlungsvarianten)<br \/>\nDorentina Imeri (Mitarbeit Implementierung Medienarchiv der K\u00fcnste)<br \/>\nPhilipp Oettli (Mitarbeit Implementierung Medienarchiv der K\u00fcnste)<br \/>\nKim Gabbi (Mitarbeit Implementierung Modcast)<br \/>\nManuel Weibel (Mitarbeit Implementierung Modcast)<br \/>\nDaniel Hess (Mitarbeit Implementierung Memobase)<\/p>\n<p><strong style=\"font-size: 1.5rem\">Online-Ver\u00f6ffentlichung: Dank<\/strong><\/p>\n<p>Die Online-Ver\u00f6ffentlichung konnte dank der Unterst\u00fctzung durch die UBS Kulturstiftung, Swissperform (Kulturstiftung Audiovision), Memoriav (Verein zur Erhaltung des audiovisuellen Kulturgutes der Schweiz) , der Cassinelli-Vogel-Stiftung, der Z\u00fcrcher Digitialisierungsinitiative (DIZH), des Institute for the Performing Arts and Film und des Bereichs Learning and Teaching der Z\u00fcrcher Hochschule der K\u00fcnste und deren Programm &#8222;Innovatives digitales Publizieren&#8220; realisiert werden.<\/p>\n","protected":false},"excerpt":{"rendered":"<p>Eine Oral History des Schweizer Films: Online frei zug\u00e4nglich Die eigenen Arbeitserfahrungen von in den Sechziger- und Siebzigerjahren aktiven Filmschaffenden standen im Zentrum der frei gef\u00fchrten Gespr\u00e4che. Wir wollten wissen, wie sie damals gearbeitet haben und was sich im Laufe der Zeit ge\u00e4ndert hat. Es ist heute nur schwer vorstellbar, was es bedeutete, ohne Direktton &hellip;<\/p>\n","protected":false},"author":3675,"featured_media":0,"parent":0,"menu_order":0,"comment_status":"closed","ping_status":"closed","template":"","meta":{"footnotes":""},"class_list":["post-11","page","type-page","status-publish","hentry"],"_links":{"self":[{"href":"https:\/\/blog.zhdk.ch\/cinememoire\/wp-json\/wp\/v2\/pages\/11","targetHints":{"allow":["GET"]}}],"collection":[{"href":"https:\/\/blog.zhdk.ch\/cinememoire\/wp-json\/wp\/v2\/pages"}],"about":[{"href":"https:\/\/blog.zhdk.ch\/cinememoire\/wp-json\/wp\/v2\/types\/page"}],"author":[{"embeddable":true,"href":"https:\/\/blog.zhdk.ch\/cinememoire\/wp-json\/wp\/v2\/users\/3675"}],"replies":[{"embeddable":true,"href":"https:\/\/blog.zhdk.ch\/cinememoire\/wp-json\/wp\/v2\/comments?post=11"}],"version-history":[{"count":15,"href":"https:\/\/blog.zhdk.ch\/cinememoire\/wp-json\/wp\/v2\/pages\/11\/revisions"}],"predecessor-version":[{"id":537,"href":"https:\/\/blog.zhdk.ch\/cinememoire\/wp-json\/wp\/v2\/pages\/11\/revisions\/537"}],"wp:attachment":[{"href":"https:\/\/blog.zhdk.ch\/cinememoire\/wp-json\/wp\/v2\/media?parent=11"}],"curies":[{"name":"wp","href":"https:\/\/api.w.org\/{rel}","templated":true}]}}