{"id":15,"date":"2017-12-04T08:52:14","date_gmt":"2017-12-04T08:52:14","guid":{"rendered":"https:\/\/blog.zhdk.ch\/cinememoire\/?page_id=15"},"modified":"2025-02-13T14:34:15","modified_gmt":"2025-02-13T14:34:15","slug":"vorgeschichte","status":"publish","type":"page","link":"https:\/\/blog.zhdk.ch\/cinememoire\/vorgeschichte\/","title":{"rendered":"Vorgeschichte"},"content":{"rendered":"<h3>Vorgeschichte<\/h3>\n<p>Die Idee ein m\u00fcndliches Ged\u00e4chtnis zum Schweizer Film zu schaffen, geht zur\u00fcck auf ein Jubil\u00e4umsprojekt des Verbandes Filmregie und Drehbuch Schweiz aus dem Jahr 2002, das die Filmwissenschaftlerin Yvonne Zimmermann initiierte. In der Folge entwickelte es sich zum gesamtschweizerischen wissenschaftlichen Forschungsprojekt Cin\u00e9m\u00e9moire.ch, das dem Schweizerischen Nationalfonds unterbreitet wurde. An diesem Konzept waren Prof. Dr. Margrit Tr\u00f6hler vom Institut f\u00fcr Filmwissenschaft der Universit\u00e4t Z\u00fcrich, Prof. Dr. Maria Tortajada sowie Marthe Porret von der Section d\u2019histoire et esth\u00e9tique du cin\u00e9ma von der Universit\u00e4t Lausanne wesentlich beteiligt. Da ein gesamtschweizerisches Projekt zu Beginn nicht finanziert werden konnte, musste das Vorhaben in einen Deutschschweizer und einen Westschweizer Teil geteilt werden. Im Deutschschweizer Projekt schien es uns wichtig, Erinnerungen von Filmschaffenden, die in der ganzen Schweiz gearbeitet haben oder arbeiten einzubeziehen. So beinhaltet der Korpus Gespr\u00e4che mit Renato Berta (franz\u00f6sisch), Madeleine Fonjallaz (franz\u00f6sisch\/deutsch), Yves Yersin (franz\u00f6sisch), Hermann Wetter (deutsch), Robert Boner (deutsch) und Philippe D\u00e9riaz (deutsch).<\/p>\n<figure id=\"attachment_29\" aria-describedby=\"caption-attachment-29\" style=\"width: 150px\" class=\"wp-caption alignleft\"><img loading=\"lazy\" decoding=\"async\" class=\"wp-image-29 size-thumbnail\" src=\"https:\/\/blog.zhdk.ch\/cinememoire\/files\/2017\/12\/gerteis-150x131.jpg\" alt=\"\" width=\"150\" height=\"131\" \/><figcaption id=\"caption-attachment-29\" class=\"wp-caption-text\">Mario Gerteis<\/figcaption><\/figure>\n<figure id=\"attachment_27\" aria-describedby=\"caption-attachment-27\" style=\"width: 150px\" class=\"wp-caption alignleft\"><img loading=\"lazy\" decoding=\"async\" class=\"wp-image-27 size-thumbnail\" src=\"https:\/\/blog.zhdk.ch\/cinememoire\/files\/2017\/12\/fueters-150x131.jpg\" alt=\"\" width=\"150\" height=\"131\" \/><figcaption id=\"caption-attachment-27\" class=\"wp-caption-text\">Martin und Peter Christian Fueter<\/figcaption><\/figure>\n<figure id=\"attachment_25\" aria-describedby=\"caption-attachment-25\" style=\"width: 150px\" class=\"wp-caption alignleft\"><img loading=\"lazy\" decoding=\"async\" class=\"wp-image-25 size-thumbnail\" src=\"https:\/\/blog.zhdk.ch\/cinememoire\/files\/2017\/12\/fonjallaz_01-150x131.jpg\" alt=\"\" width=\"150\" height=\"131\" \/><figcaption id=\"caption-attachment-25\" class=\"wp-caption-text\">Madeleine Fonjallaz<\/figcaption><\/figure>\n<figure id=\"attachment_233\" aria-describedby=\"caption-attachment-233\" style=\"width: 150px\" class=\"wp-caption alignleft\"><img loading=\"lazy\" decoding=\"async\" class=\"wp-image-233 size-thumbnail\" src=\"https:\/\/blog.zhdk.ch\/cinememoire\/files\/2017\/12\/schmassmann_ammann-150x131.jpg\" alt=\"\" width=\"150\" height=\"131\" \/><figcaption id=\"caption-attachment-233\" class=\"wp-caption-text\">Schassmann, Ammann<\/figcaption><\/figure>\n<figure id=\"attachment_205\" aria-describedby=\"caption-attachment-205\" style=\"width: 150px\" class=\"wp-caption alignleft\"><img loading=\"lazy\" decoding=\"async\" class=\"wp-image-205 size-thumbnail\" src=\"https:\/\/blog.zhdk.ch\/cinememoire\/files\/2017\/12\/blanc-150x131.jpg\" alt=\"\" width=\"150\" height=\"131\" \/><figcaption id=\"caption-attachment-205\" class=\"wp-caption-text\">Anne-Marie Blanc<\/figcaption><\/figure>\n","protected":false},"excerpt":{"rendered":"<p>Vorgeschichte Die Idee ein m\u00fcndliches Ged\u00e4chtnis zum Schweizer Film zu schaffen, geht zur\u00fcck auf ein Jubil\u00e4umsprojekt des Verbandes Filmregie und Drehbuch Schweiz aus dem Jahr 2002, das die Filmwissenschaftlerin Yvonne Zimmermann initiierte. In der Folge entwickelte es sich zum gesamtschweizerischen wissenschaftlichen Forschungsprojekt Cin\u00e9m\u00e9moire.ch, das dem Schweizerischen Nationalfonds unterbreitet wurde. An diesem Konzept waren Prof. Dr. &hellip;<\/p>\n","protected":false},"author":3675,"featured_media":0,"parent":0,"menu_order":0,"comment_status":"closed","ping_status":"closed","template":"","meta":{"footnotes":""},"class_list":["post-15","page","type-page","status-publish","hentry"],"_links":{"self":[{"href":"https:\/\/blog.zhdk.ch\/cinememoire\/wp-json\/wp\/v2\/pages\/15","targetHints":{"allow":["GET"]}}],"collection":[{"href":"https:\/\/blog.zhdk.ch\/cinememoire\/wp-json\/wp\/v2\/pages"}],"about":[{"href":"https:\/\/blog.zhdk.ch\/cinememoire\/wp-json\/wp\/v2\/types\/page"}],"author":[{"embeddable":true,"href":"https:\/\/blog.zhdk.ch\/cinememoire\/wp-json\/wp\/v2\/users\/3675"}],"replies":[{"embeddable":true,"href":"https:\/\/blog.zhdk.ch\/cinememoire\/wp-json\/wp\/v2\/comments?post=15"}],"version-history":[{"count":7,"href":"https:\/\/blog.zhdk.ch\/cinememoire\/wp-json\/wp\/v2\/pages\/15\/revisions"}],"predecessor-version":[{"id":520,"href":"https:\/\/blog.zhdk.ch\/cinememoire\/wp-json\/wp\/v2\/pages\/15\/revisions\/520"}],"wp:attachment":[{"href":"https:\/\/blog.zhdk.ch\/cinememoire\/wp-json\/wp\/v2\/media?parent=15"}],"curies":[{"name":"wp","href":"https:\/\/api.w.org\/{rel}","templated":true}]}}