{"id":350,"date":"2024-08-08T09:40:33","date_gmt":"2024-08-08T09:40:33","guid":{"rendered":"https:\/\/blog.zhdk.ch\/cinememoire\/?page_id=350"},"modified":"2024-08-08T09:56:34","modified_gmt":"2024-08-08T09:56:34","slug":"impressum","status":"publish","type":"page","link":"https:\/\/blog.zhdk.ch\/cinememoire\/impressum\/","title":{"rendered":"Impressum und Datenschutzerkl\u00e4rung"},"content":{"rendered":"<h3><small><strong>Impressum und Datenschutzerkl\u00e4rung<\/strong><\/small><\/h3>\n<p><small>Z\u00fcrcher Hochschule der K\u00fcnste ZHdK<br \/>\nInstitute for the Performing Arts and Film<br \/>\nCin\u00e9m\u00e9moire.ch I Forschungsschwerpunkt Film<\/small><br \/>\n<small>Pfingstweidstrasse 96, Postfach,<\/small><br \/>\n<small>CH-8031 Z\u00fcrich<\/small><\/p>\n<p><small><strong>Datenschutzerkl\u00e4rung<\/strong><\/small><\/p>\n<p style=\"font-weight: 400\"><small>Die Blog-Website <a href=\"https:\/\/blog.zhdk.ch\/cinememoire\/\">https:\/\/blog.zhdk.ch\/cinememoire<\/a> ist eine unabh\u00e4ngige Unterseite der\u00a0<a href=\"https:\/\/zhdk.ch\/\"><strong>Z\u00fcrcher Hochschule der K\u00fcnste (ZHdK)<\/strong><\/a>\u00a0und wird vom Forschungsschwerpunkt Film im Institute for the Performing Arts and Film verantwortet. F\u00fcr Korrekturen, Fragen und Anregungen zu dieser Website senden Sie bitte eine E-Mail an: zdok.info@zhdk.ch<\/small><\/p>\n<p style=\"font-weight: 400\"><small>Z\u00fcrcher Hochschule der K\u00fcnste, Pfingstweidstrasse 96, Postfach, CH-8031 Z\u00fcrich<\/small><\/p>\n<p><small><strong>Geistiges Eigentum<\/strong><\/small><\/p>\n<p style=\"font-weight: 400\"><small>Die digitalen Inhalte der Blog-Website <a href=\"https:\/\/blog.zhdk.ch\/cinememoire\/\">https:\/\/blog.zhdk.ch\/cinememoire<\/a> unterliegen dem Urheberrecht. Alle Bilder und Videodarstellungen beziehen sich auf Programminhalte des Forschungsprojektes Cin\u00e9m\u00e9moire.ch oder wurden in diesem Zusammenhang erstellt. Die spezifischen Urheberrechte erschliessen sich aus den Bildunterschriften und Texten zu den Bildern oder Videos. Bei Bildern und Videos ist die ZHdK als Inhaberin des Copyrights zu identifizieren.<\/small><\/p>\n<p><small><strong>Datenschutzerkl\u00e4rung<\/strong><\/small><\/p>\n<p style=\"font-weight: 400\"><small><strong>1) Rechtliche Grundlagen<\/strong><\/small><br \/>\n<small>Die Z\u00fcrcher Hochschule der K\u00fcnste beruft sich als \u00f6ffentlich-rechtliche Anstalt auf das kantonale Gesetz \u00fcber den Informations- und Datenschutz (IDG).<\/small><\/p>\n<p style=\"font-weight: 400\"><small><strong>2) Einverst\u00e4ndniserkl\u00e4rung<\/strong><strong><br \/>\n<\/strong>Mit der Nutzung der ZHdK-Website erkl\u00e4ren Sie sich mit dieser Datenschutzerkl\u00e4rung einverstanden.<\/small><\/p>\n<p style=\"font-weight: 400\"><small><strong>3) Personenbezogene Daten<\/strong><strong><br \/>\n<\/strong>Wir speichern personenbezogene Daten so lange, wie sie:<\/small><br \/>\n<small>\u2013 f\u00fcr die Zwecke, f\u00fcr die sie erhoben werden, notwendig sind bzw. f\u00fcr unser berechtigtes Interesse bestehen,<\/small><br \/>\n<small>\u2013 f\u00fcr die Erf\u00fcllung unserer gesetzlichen oder vertraglichen Pflichten erforderlich sind<\/small><br \/>\n<small>\u2013 oder bis zu Ihrer Einwilligung widerrufen werden.<\/small><br \/>\n<small>Danach werden die Personendaten gel\u00f6scht.<\/small><br \/>\n<small>In Bezug auf die Blog-Website entstehen personenbezogene Daten dann, wenn Benutzerinnen und Benutzer eine Email auf\u00a0<a href=\"mailto:zdok.info@zhdk.ch\"><strong>zdok.info@zhdk.ch<\/strong><\/a>\u00a0schicken. Andere Methoden der Kontaktaufnahme wie Kommentare, Posts oder Uploads sind nicht implementiert.<\/small><\/p>\n<p style=\"font-weight: 400\"><small><strong>4) Cookies<\/strong><strong><br \/>\n<\/strong>Auf der Website werden Cookies verwendet, um bestimmte Einstellungen Ihres Browsers sowie Daten \u00fcber den Austausch zu speichern und die Benutzerfreundlichkeit und Sicherheit unserer Website zu verbessern. Nach dem Schlie\u00dfen des Internetbrowsers werden tempor\u00e4re Cookies automatisch gel\u00f6scht, permanente Cookies bleiben auf Ihrem Computer oder Mobilger\u00e4t gespeichert. Diese Cookies werden verwendet, um das Verhalten der Besucher auf der Website aufzuzeichnen und statistische Informationen \u00fcber die Nutzung der Website zu erstellen.<\/small><br \/>\n<small>Durch eine entsprechende Einstellung Ihres Internetbrowsers k\u00f6nnen Sie die Speicherung solcher Cookies jederzeit deaktivieren und so die dauerhafte Verwendung von Cookies verhindern. Bitte beachten Sie, dass dadurch unter Umst\u00e4nden einzelne Funktionen unserer Website nicht mehr richtig funktionieren k\u00f6nnen. Sie k\u00f6nnen auch bereits gespeicherte Cookies mit Hilfe Ihres Browsers oder anderer Softwareprogramme l\u00f6schen.<\/small><\/p>\n<p style=\"font-weight: 400\"><small><strong>5) Zugriffsdaten<\/strong><strong><br \/>\n<\/strong>Bei jedem Zugriff auf unsere Website werden automatisch folgende Informationen \u00fcber den Zugriff aufgezeichnet:<\/small><br \/>\n<small>\u2013 IP-Adresse des anfragenden Rechners oder mobilen Endger\u00e4tes<\/small><br \/>\n<small>\u2013 Webseite, von der aus auf unsere Webseite zugegriffen wurde (Referrer)<\/small><br \/>\n<small>\u2013 Datum und Uhrzeit des Website-Besuchs<\/small><br \/>\n<small>\u2013 die abgerufenen Inhalte<\/small><br \/>\n<small>\u2013 die \u00fcbertragene Datenmenge<\/small><br \/>\n<small>\u2013 den verwendeten Browser<\/small><br \/>\n<small>\u2013 das verwendete Betriebssystem<\/small><br \/>\n<small>Diese Informationen werden als Logfiles auf den Servern der ZHdK in der Schweiz (Z\u00fcrich und Winterthur) zu Zwecken der technischen Abwicklung und zur statistischen Auswertung der Zugriffe gespeichert. Diese Auswertung erfolgt ausschliesslich zum Zweck der Verbesserung des Online-Angebots der ZHdK und der dahinter stehenden Technik (siehe Ziffer 8). Um die Sicherheit Ihrer Daten bei der \u00dcbertragung zu sch\u00fctzen, verwenden wir das technisch aktuellste Verschl\u00fcsselungsverfahren (derzeit \u00fcber HTTPS mit Einbindung eines SSL-Zertifikats).<\/small><\/p>\n<p style=\"font-weight: 400\"><small><strong>6) Analyse-Software<\/strong><strong><br \/>\n<\/strong>Diese Blog-Website verwendet die Analysesoftware WP Statistics, die ein WordPress-Plugin ist, um die Nutzung der Website auszuwerten. Das IPF gibt diese Daten nicht an Dritte weiter.\u00a0 Weitere Informationen finden Sie hier: \u2192 <a href=\"https:\/\/wp-statistics.com\/privacy-and-policy\"><strong>Datenschutzerkl\u00e4rung \u00a0WP Statistics<\/strong><\/a><\/small><\/p>\n<p style=\"font-weight: 400\"><small><strong>7) Eingebettete Inhalte von Drittanbietern<\/strong><strong><br \/>\n<\/strong>Diese Website enth\u00e4lt eingebettete Videoinhalte des Drittanbieters Vimeo. Da f\u00fcr die \u00dcbertragung und Darstellung dieser Inhalte die IP-Adresse des Nutzers erforderlich ist, k\u00f6nnen diese Informationen in Cookies auf dem Ger\u00e4t des Nutzers gespeichert werden und k\u00f6nnen technische Informationen \u00fcber den Browser und das Betriebssystem, verweisende Webseiten, den Zeitpunkt des Besuchs sowie weitere Angaben \u00fcber die Nutzung unseres Online-Angebots enthalten. Dar\u00fcber hinaus k\u00f6nnen Drittanbieter solche Informationen weiterverarbeiten, insbesondere wenn der Webseitenbesucher gleichzeitig auf der Plattform des jeweiligen Drittanbieters registriert ist.<\/small><br \/>\n<small>Die ZHdK hat keinen Einfluss auf die Art der Daten\u00fcbermittlung und hat ein berechtigtes Interesse an der Einbindung dieser fremden Inhalte. Weitere Informationen finden Sie unter: Vimeo, Inc. 330 West 34th Street, New York, New York 10011, USA \u2192\u00a0<a href=\"https:\/\/vimeo.com\/privacy\"><strong>Datenschutzerkl\u00e4rung Vimeo<\/strong><\/a><\/small><br \/>\n<small>Bei der Beschreibung von Filmen k\u00f6nnen Trailer, Teaser oder Ausschnitte auch von der Plattform\u00abYouTube\u00bb des Drittanbieters Google Ireland Limited, Gordon House, Barrow Street, Dublin 4, Irland, eingebettet oder verlinkt sein. \u2192\u00a0<a href=\"https:\/\/www.google.com\/policies\/privacy\/\"><strong>Datenschutzerkl\u00e4rung YouTube<\/strong><\/a><\/small><\/p>\n<p style=\"font-weight: 400\"><small><strong>8) Verlinkte Webseiten<\/strong><\/small><br \/>\n<small>Manche Links auf dieser Webseite f\u00fchren zu Webseiten von Dritten. Die Nutzung dieser verlinkten Webseiten erfolgt in eigener Verantwortung und unter Beachtung deren Datenschutzerkl\u00e4rung. F\u00fcr die Richtigkeit, Vollst\u00e4ndigkeit und Rechtm\u00e4ssigkeit der dort enthaltenen Inhalte und Angebote \u00fcbernimmt der Forschungsschwerpunkt Film, die ZHdK, keinerlei Verantwortung.<\/small><\/p>\n<p style=\"font-weight: 400\"><small><strong>9) Rechte der Webseitebesucher:innen<\/strong><strong><br \/>\n<\/strong>Die Webseitebesucher:innen haben das Recht, jederzeit Auskunft \u00fcber die \u00fcber sie gespeicherten Personendaten und deren Verwendung zu verlangen sowie ein Recht auf Berichtigung, Daten\u00fcbertragbarkeit, Sperrung oder L\u00f6schung dieser Daten. Wenn eine Einwilligung zur Nutzung von Personendaten erteilt wurde, kann diese jederzeit widerrufen werden. Ein Widerruf wirkt sich auf die Wirksamkeit von in der Vergangenheit liegenden Datenbearbeitungsvorg\u00e4ngen nicht aus. Kontaktadresse f\u00fcr Ausk\u00fcnfte, Korrektur- oder L\u00f6schungsantr\u00e4ge: zdok.info@zhdk.ch<\/small><\/p>\n<p style=\"font-weight: 400\"><small><strong>10) Aufsichtsbeh\u00f6rde<\/strong><\/small><br \/>\n<small>F\u00fcr Auskunftsbegehren und Anregungen zu Sicherheit und Datenschutz k\u00f6nnen Sie sich auch schriftlich an den Datenschutzbeauftragten des Kantons Z\u00fcrich, Beckenhofstrasse 23, Postfach, 8090 Z\u00fcrich, Schweiz (www.datenschutz.ch) wenden.<\/small><\/p>\n<p style=\"font-weight: 400\"><small><strong>11) \u00c4nderungen dieser Datenschutzerkl\u00e4rung<\/strong><\/small><br \/>\n<small>Diese Datenschutzerkl\u00e4rung kann im Zuge der Weiterentwicklung der Webseite sowie der Implementierung neuer Technologien und Gesetzesanpassungen mit sofortiger Wirkung und ohne Ank\u00fcndigung ge\u00e4ndert werden.<\/small><\/p>\n<p style=\"font-weight: 400\"><small><strong>12) Kontaktinformationen<\/strong><\/small><br \/>\n<small>Z\u00fcrcher Hochschule der K\u00fcnste, Pfingstweidstrasse 96, Postfach, CH-8031 Z\u00fcrich<\/small><br \/>\n<small>Bei Fragen zu dieser Website senden Sie bitte eine E-Mail an: zdok.info@zhdk.ch<\/small><\/p>\n<p><small><span style=\"font-weight: 400\">Dieses Dokument wurde zuletzt aktualisiert am 8. August 2024.<\/span><\/small><\/p>\n","protected":false},"excerpt":{"rendered":"<p>Impressum und Datenschutzerkl\u00e4rung Z\u00fcrcher Hochschule der K\u00fcnste ZHdK Institute for the Performing Arts and Film Cin\u00e9m\u00e9moire.ch I Forschungsschwerpunkt Film Pfingstweidstrasse 96, Postfach, CH-8031 Z\u00fcrich Datenschutzerkl\u00e4rung Die Blog-Website https:\/\/blog.zhdk.ch\/cinememoire ist eine unabh\u00e4ngige Unterseite der\u00a0Z\u00fcrcher Hochschule der K\u00fcnste (ZHdK)\u00a0und wird vom Forschungsschwerpunkt Film im Institute for the Performing Arts and Film verantwortet. F\u00fcr Korrekturen, Fragen und Anregungen &hellip;<\/p>\n","protected":false},"author":6330,"featured_media":0,"parent":0,"menu_order":0,"comment_status":"closed","ping_status":"closed","template":"","meta":{"footnotes":""},"class_list":["post-350","page","type-page","status-publish","hentry"],"_links":{"self":[{"href":"https:\/\/blog.zhdk.ch\/cinememoire\/wp-json\/wp\/v2\/pages\/350","targetHints":{"allow":["GET"]}}],"collection":[{"href":"https:\/\/blog.zhdk.ch\/cinememoire\/wp-json\/wp\/v2\/pages"}],"about":[{"href":"https:\/\/blog.zhdk.ch\/cinememoire\/wp-json\/wp\/v2\/types\/page"}],"author":[{"embeddable":true,"href":"https:\/\/blog.zhdk.ch\/cinememoire\/wp-json\/wp\/v2\/users\/6330"}],"replies":[{"embeddable":true,"href":"https:\/\/blog.zhdk.ch\/cinememoire\/wp-json\/wp\/v2\/comments?post=350"}],"version-history":[{"count":1,"href":"https:\/\/blog.zhdk.ch\/cinememoire\/wp-json\/wp\/v2\/pages\/350\/revisions"}],"predecessor-version":[{"id":352,"href":"https:\/\/blog.zhdk.ch\/cinememoire\/wp-json\/wp\/v2\/pages\/350\/revisions\/352"}],"wp:attachment":[{"href":"https:\/\/blog.zhdk.ch\/cinememoire\/wp-json\/wp\/v2\/media?parent=350"}],"curies":[{"name":"wp","href":"https:\/\/api.w.org\/{rel}","templated":true}]}}