{"id":7,"date":"2017-12-04T08:51:40","date_gmt":"2017-12-04T08:51:40","guid":{"rendered":"https:\/\/blog.zhdk.ch\/cinememoire\/?page_id=7"},"modified":"2025-02-17T17:13:45","modified_gmt":"2025-02-17T17:13:45","slug":"erleben-erinnern","status":"publish","type":"page","link":"https:\/\/blog.zhdk.ch\/cinememoire\/erleben-erinnern\/","title":{"rendered":"Buchpublikation"},"content":{"rendered":"<p><img loading=\"lazy\" decoding=\"async\" class=\"aligncenter wp-image-23\" src=\"https:\/\/blog.zhdk.ch\/cinememoire\/files\/2017\/12\/cinememoire.jpg\" alt=\"\" width=\"910\" height=\"319\" srcset=\"https:\/\/blog.zhdk.ch\/cinememoire\/files\/2017\/12\/cinememoire.jpg 728w, https:\/\/blog.zhdk.ch\/cinememoire\/files\/2017\/12\/cinememoire-300x105.jpg 300w\" sizes=\"auto, (max-width: 910px) 100vw, 910px\" \/><\/p>\n<p><span style=\"font-size: 1.5rem\">Ein Angestellter in einem Filmlabor wie Charly Huser oder ein Auftragsfilmer wie Ren\u00e9 Boeniger erlebte die sp\u00e4ten Sechzigerjahre v\u00f6llig anders als die vielen \u00abJungfilmer\u00bb, die autodidaktisch ihre ersten Filme realisierten.<\/span><span style=\"font-size: 1.5rem\">Kontinuierlich sich entwickelnde Arbeitspraxen stehen in dieser Zeit einem Aufbruchswillen und der Lust zum Experiment und zur Provokation gegen\u00fcber.<\/span><\/p>\n<p>Basierend auf vierzig individuellen Erinnerungen und Erfahrungen von Kinobetreibern, Beleuchtern, Kameram\u00e4nnern, einer Verleiherin, einem Verleiher, Cuttern, einem Drehbuchautoren, Regieassistenten, Regisseuren, Produzenten, einem Schauspieler, zwei Schauspielerinnen, einer Scriptfrau, Filmtechnikern, Auftragsfilmern, Amateurfilmern, Fernsehredakteuren, Filmjournalisten, einem Filmfunktion\u00e4r (die Funktionen \u00fcberschneiden sich mitunter) beleuchtet Cin\u00e9m\u00e9moire.ch die allt\u00e4gliche Berufspraxis in den Sechziger- und Siebzigerjahren.<\/p>\n<h2><small>Publikation<\/small><\/h2>\n<p><a href=\"https:\/\/blog.zhdk.ch\/cinememoire\/image-2\/\"><img loading=\"lazy\" decoding=\"async\" class=\"alignnone size-full wp-image-545\" src=\"https:\/\/blog.zhdk.ch\/cinememoire\/files\/2025\/02\/image-1.jpeg\" alt=\"\" width=\"280\" height=\"421\" srcset=\"https:\/\/blog.zhdk.ch\/cinememoire\/files\/2025\/02\/image-1.jpeg 280w, https:\/\/blog.zhdk.ch\/cinememoire\/files\/2025\/02\/image-1-200x300.jpeg 200w\" sizes=\"auto, (max-width: 280px) 100vw, 280px\" \/><\/a><\/p>\n<p><small>Thomas Sch\u00e4rer<\/small><br \/>\n<small><strong><big>Zwischen Gotthelf und Godard. Erinnerte Schweizer Filmgeschichte 1958-1979.<\/big><\/strong><\/small><br \/>\n<small><a href=\"https:\/\/www.limmatverlag.ch\/programm\/sachbuch\/geschichte\/titel\/113-zwischen-gotthelf-und-godard.html?tmpl=component&amp;layout=print\">Limmat Verlag, 2014. 978-3-85791-653-3<\/a><\/small><\/p>\n<p>Dieses Buch verleiht \u00fcber vierzig Schweizer Filmschaffenden eine Stimme. Ihre Erfahrungen im \u00dcbergang vom &#8218;Schweizer&#8216; zum &#8217;neuen&#8216; Film in der Schweiz verdichten sich zu einer facettenreichen Gesamtschau der Kinolandschaft in der sich rasch wandelnden Gesellschaft der 60er- und 70er-Jahre. Zu Wort kommen nicht nur Regisseure, sondern auch Cutter, Beleuchter, Skript, Labormitarbeiter, Schauspielerinnen, Schauspieler und Produzenten. Und auch Verleiher, Filmkritiker und Kinobesitzer schildern ihren damaligen Alltag, ihre Sorgen, Hoffnungen und Ziele. Das Buch zeichnet \u00fcber die Filmlandschaft hinaus die politisch-kulturelle Atmosph\u00e4re der 60er- und 70er-Jahre nach und bietet auch Eingeweihten viele neue Informationen. Unz\u00e4hlige unedierte Quellen und Fotos bereichern und kontrastieren die individuellen Erinnerungen. Die beiliegende dvd mit vier thematischen Filmen macht diese m\u00fcndliche Geschichte h\u00f6r- und sehbar.<\/p>\n<p><small><strong>Pressestimmen:<\/strong><br \/>\n<\/small>Tages Anzeiger \/ 1.4. 2014<br \/>\n<a href=\"https:\/\/www.tagesanzeiger.ch\/kultur\/kino\/Der-maeandernde-Fluss-des-Uebergangs\/story\/11767961\">Der m\u00e4andernde Fluss des \u00dcbergangs<\/a><br \/>\nNeue Z\u00fcrcher Zeitung \/ 23.2. 2014<br \/>\n<a href=\"https:\/\/blog.zhdk.ch\/cinememoire\/files\/2017\/12\/NZZ_140223.pdf\">Abschied von Papas Kino [PDF]<\/a><br \/>\nJournal 21<br \/>\n<a href=\"https:\/\/www.journal21.ch\/die-unendliche-stunde-null\">Die unendliche Stunde Null<\/a><br \/>\nCine\u0301bulletin N\u00b0 460 \/ Februar 2014 Cine\u0301me\u0301moire.ch I \u00a0Als die Jungen vom Gotthelfkino genug hatten. Buchkritik \/ S.10 Cine\u0301me\u0301moire.ch II Interview mit Thomas Scha\u0308rer \/ S. 13 Fragen an Maria Tortajada \/ S. 15<br \/>\n<a href=\"https:\/\/s3-eu-central-1.amazonaws.com\/static.cinebulletin.ch\/new\/cb461de_196cb0cfc8.pdf\">https:\/\/s3-eu-central-1.amazonaws.com\/static.cinebulletin.ch\/new\/cb461de_196cb0cfc8.pdf<\/a><br \/>\nrezenst.fm<br \/>\n<a href=\"https:\/\/rezenstfm.univie.ac.at\/index.php\/tfm\/article\/view\/r298\">https:\/\/rezenstfm.univie.ac.at\/index.php\/tfm\/article\/view\/r298<\/a><\/p>\n","protected":false},"excerpt":{"rendered":"<p>Ein Angestellter in einem Filmlabor wie Charly Huser oder ein Auftragsfilmer wie Ren\u00e9 Boeniger erlebte die sp\u00e4ten Sechzigerjahre v\u00f6llig anders als die vielen \u00abJungfilmer\u00bb, die autodidaktisch ihre ersten Filme realisierten.Kontinuierlich sich entwickelnde Arbeitspraxen stehen in dieser Zeit einem Aufbruchswillen und der Lust zum Experiment und zur Provokation gegen\u00fcber. Basierend auf vierzig individuellen Erinnerungen und Erfahrungen &hellip;<\/p>\n","protected":false},"author":3675,"featured_media":0,"parent":0,"menu_order":0,"comment_status":"closed","ping_status":"closed","template":"","meta":{"footnotes":""},"class_list":["post-7","page","type-page","status-publish","hentry"],"_links":{"self":[{"href":"https:\/\/blog.zhdk.ch\/cinememoire\/wp-json\/wp\/v2\/pages\/7","targetHints":{"allow":["GET"]}}],"collection":[{"href":"https:\/\/blog.zhdk.ch\/cinememoire\/wp-json\/wp\/v2\/pages"}],"about":[{"href":"https:\/\/blog.zhdk.ch\/cinememoire\/wp-json\/wp\/v2\/types\/page"}],"author":[{"embeddable":true,"href":"https:\/\/blog.zhdk.ch\/cinememoire\/wp-json\/wp\/v2\/users\/3675"}],"replies":[{"embeddable":true,"href":"https:\/\/blog.zhdk.ch\/cinememoire\/wp-json\/wp\/v2\/comments?post=7"}],"version-history":[{"count":48,"href":"https:\/\/blog.zhdk.ch\/cinememoire\/wp-json\/wp\/v2\/pages\/7\/revisions"}],"predecessor-version":[{"id":551,"href":"https:\/\/blog.zhdk.ch\/cinememoire\/wp-json\/wp\/v2\/pages\/7\/revisions\/551"}],"wp:attachment":[{"href":"https:\/\/blog.zhdk.ch\/cinememoire\/wp-json\/wp\/v2\/media?parent=7"}],"curies":[{"name":"wp","href":"https:\/\/api.w.org\/{rel}","templated":true}]}}