{"id":168,"date":"2015-08-28T15:23:54","date_gmt":"2015-08-28T13:23:54","guid":{"rendered":"https:\/\/blog.zhdk.ch\/closingthecleft\/?page_id=168"},"modified":"2015-09-01T14:20:39","modified_gmt":"2015-09-01T12:20:39","slug":"abstract","status":"publish","type":"page","link":"https:\/\/blog.zhdk.ch\/closingthecleft\/abstract\/","title":{"rendered":"Abstract"},"content":{"rendered":"<p style=\"text-align: justify\">Die Nutzung von 3D-Visualisierungen ist im chirurgischen Alltag allgegenw\u00e4rtig. Auch interaktive und mobile Medien bestimmen in diesem Bereich die Informationsbeschaffung. Bisher gibt es kaum ad\u00e4quate Lernmedien auf dem aktuellen Niveau der digitalen Technik.<br \/>\n\u201eClosing the Cleft\u201c ist ein interaktives 3D-Modell f\u00fcr angehende Chirurgen der Mund-Kiefer-Gesichtschirurgie. Mit diesem Lern- und Planungsmodell \u00fcben sie, die Operation eines Lippen-Kiefer-Gaumen-Spaltverschlusses zu planen. Sie spielen praktische \u00dcberlegungen anhand aktueller Patientenbeispiele durch und vergleichen diese auf einer Webplattform. Chirurgen werden mit einem solchen Lernwerkzeug optimal auf diese h\u00f6chst seltenen Operationen vorbereitet.<br \/>\nDas Design \u00fcbertr\u00e4gt Inhalte der chirurgischen Lehre in mobile, digitale und interaktive Medien, und schliesst damit die L\u00fccke im modernen und wissenschaftlichen Informationsfluss.<\/p>\n<p>&nbsp;<\/p>\n<p>Ausschnitte aus der App Closing the Cleft.<\/p>\n<div id=\"metaslider-id-392\" style=\"max-width: 600px; margin: 0 auto;\" class=\"ml-slider-3-107-0 metaslider metaslider-nivo metaslider-392 ml-slider has-dots-nav ms-theme-nivo-light\" role=\"region\" aria-label=\"App - Auschnitte\" data-height=\"400\" data-width=\"600\">\n    <div id=\"metaslider_container_392\">\n        <div class='slider-wrapper theme-default'><div class='ribbon'><\/div><div id='metaslider_392' class='nivoSlider'><img loading=\"lazy\" decoding=\"async\" src=\"https:\/\/blog.zhdk.ch\/closingthecleft\/files\/2015\/08\/Screenshot_Modell_01-600x400.jpg\" height=\"400\" width=\"600\" data-caption=\"Das 3D-Gesichtsmodell wird zu Beginn von Vorne gezeigt.\" alt=\"\" class=\"slider-392 slide-98 msDefaultImage\" \/><img loading=\"lazy\" decoding=\"async\" src=\"https:\/\/blog.zhdk.ch\/closingthecleft\/files\/2015\/08\/Screenshot_Profilansicht-600x400.jpg\" height=\"400\" width=\"600\" data-caption=\"Mit einfachen Gesten kann man das virtuelle Modell drehen...\" alt=\"\" class=\"slider-392 slide-104 msDefaultImage\" \/><img loading=\"lazy\" decoding=\"async\" src=\"https:\/\/blog.zhdk.ch\/closingthecleft\/files\/2015\/08\/Screenshot_Modell-600x400.jpg\" height=\"400\" width=\"600\" data-caption=\"... oder heranzoomen und sich im Detailanschauen.\" alt=\"\" class=\"slider-392 slide-100 msDefaultImage\" \/><img loading=\"lazy\" decoding=\"async\" src=\"https:\/\/blog.zhdk.ch\/closingthecleft\/files\/2015\/08\/Screenshot_Muskeln-600x400.jpg\" height=\"400\" width=\"600\" data-caption=\"Auch die unter der Haut liegenden Schichten k&ouml;nnen in die &Uuml;berlegungen mit einbezogen werden.\" alt=\"\" class=\"slider-392 slide-102 msDefaultImage\" \/><img loading=\"lazy\" decoding=\"async\" src=\"https:\/\/blog.zhdk.ch\/closingthecleft\/files\/2015\/08\/Screenshot_Kinn_ausblenden-600x400.jpg\" height=\"400\" width=\"600\" data-caption=\"Um optimal die gesamte Spaltauspr&auml;gung zu betrachten kann man das Kinn ausblenden.\" alt=\"\" class=\"slider-392 slide-94 msDefaultImage\" \/><img loading=\"lazy\" decoding=\"async\" src=\"https:\/\/blog.zhdk.ch\/closingthecleft\/files\/2015\/08\/Screenshot_Landmarks-600x400.jpg\" height=\"400\" width=\"600\" data-caption=\"Im &quot;Landmark-Modus&quot; werden die Referenzpunkte am Spalt abgefragt.\" alt=\"\" class=\"slider-392 slide-96 msDefaultImage\" \/><img loading=\"lazy\" decoding=\"async\" src=\"https:\/\/blog.zhdk.ch\/closingthecleft\/files\/2015\/08\/Screenshot_Schnittmuster_01-600x400.jpg\" height=\"400\" width=\"600\" data-caption=\"Durch Anklicken kann man verschiedene Schnittmuster vergleichen.\" alt=\"\" class=\"slider-392 slide-106 msDefaultImage\" \/><img loading=\"lazy\" decoding=\"async\" src=\"https:\/\/blog.zhdk.ch\/closingthecleft\/files\/2015\/08\/Screenshot_Schnittmuster_02-600x400.jpg\" height=\"400\" width=\"600\" data-caption=\"Daraus kann man die geeignete Operationsstrategie erschliessen.\" alt=\"\" class=\"slider-392 slide-108 msDefaultImage\" \/><\/div><\/div>\n        \n    <\/div>\n<\/div>\n","protected":false},"excerpt":{"rendered":"<p>Die Nutzung von 3D-Visualisierungen ist im chirurgischen Alltag allgegenw\u00e4rtig. Auch interaktive und mobile Medien bestimmen in diesem Bereich die Informationsbeschaffung. Bisher gibt es kaum ad\u00e4quate Lernmedien auf dem aktuellen Niveau der digitalen Technik. \u201eClosing the Cleft\u201c ist ein interaktives 3D-Modell f\u00fcr angehende Chirurgen der Mund-Kiefer-Gesichtschirurgie. Mit diesem Lern- und Planungsmodell \u00fcben sie, die Operation eines [&hellip;]<\/p>\n","protected":false},"author":1249,"featured_media":76,"parent":0,"menu_order":0,"comment_status":"closed","ping_status":"closed","template":"","meta":{"ngg_post_thumbnail":0,"footnotes":""},"class_list":["post-168","page","type-page","status-publish","has-post-thumbnail","hentry"],"_links":{"self":[{"href":"https:\/\/blog.zhdk.ch\/closingthecleft\/wp-json\/wp\/v2\/pages\/168","targetHints":{"allow":["GET"]}}],"collection":[{"href":"https:\/\/blog.zhdk.ch\/closingthecleft\/wp-json\/wp\/v2\/pages"}],"about":[{"href":"https:\/\/blog.zhdk.ch\/closingthecleft\/wp-json\/wp\/v2\/types\/page"}],"author":[{"embeddable":true,"href":"https:\/\/blog.zhdk.ch\/closingthecleft\/wp-json\/wp\/v2\/users\/1249"}],"replies":[{"embeddable":true,"href":"https:\/\/blog.zhdk.ch\/closingthecleft\/wp-json\/wp\/v2\/comments?post=168"}],"version-history":[{"count":10,"href":"https:\/\/blog.zhdk.ch\/closingthecleft\/wp-json\/wp\/v2\/pages\/168\/revisions"}],"predecessor-version":[{"id":396,"href":"https:\/\/blog.zhdk.ch\/closingthecleft\/wp-json\/wp\/v2\/pages\/168\/revisions\/396"}],"wp:featuredmedia":[{"embeddable":true,"href":"https:\/\/blog.zhdk.ch\/closingthecleft\/wp-json\/wp\/v2\/media\/76"}],"wp:attachment":[{"href":"https:\/\/blog.zhdk.ch\/closingthecleft\/wp-json\/wp\/v2\/media?parent=168"}],"curies":[{"name":"wp","href":"https:\/\/api.w.org\/{rel}","templated":true}]}}