{"id":174,"date":"2015-08-28T15:24:04","date_gmt":"2015-08-28T13:24:04","guid":{"rendered":"https:\/\/blog.zhdk.ch\/closingthecleft\/?page_id=174"},"modified":"2015-09-01T19:46:22","modified_gmt":"2015-09-01T17:46:22","slug":"funktionen","status":"publish","type":"page","link":"https:\/\/blog.zhdk.ch\/closingthecleft\/funktionen\/","title":{"rendered":"Funktionen"},"content":{"rendered":"<p style=\"text-align: justify\">Das interaktive Modell \u201eClosing The Cleft\u201c erhebt den Anspruch, den angehenden Chirurgen durch zwei Funktionsmuster besser auf die Lernsituation in der bevorstehenden Operation vorzubereiten. Das Bestimmen der Landmarks und das Anpassen und Ausprobieren von Schnittmustern\u00a0 tragen zum besseren Verst\u00e4ndnis der Operation bei und bilden das experimentelle Lernen am interaktiven Modell.<\/p>\n<h4 style=\"text-align: justify\">Landmark &#8211; Modus<\/h4>\n<p style=\"text-align: justify\">Landmarks sind ein Messsystem, um die verschiedenen Auspr\u00e4gungen der LKG-Spalten zu vergleichen. Sie finden in der gesamten Theorie vom Gesicht im Bereich der Chirurgie, Gesichtsrekonstruktionen und Informatik Anwendung. Die hier aufgef\u00fchrte Methode hat Dr. Leslie G. Farkas 1981 als erstes verst\u00e4ndliches System entwickelt. Dieses l\u00e4sst einen quantitativen Vergleich der verschiedenen Spaltauspr\u00e4gungen zu und objektiviert den betreffenden Fall. Die chirurgische Planung profitiert von dieser Anordnung der Landkarten-Punkte, insbesondere bei den Ergebnissen der operativen Eingriffe.<\/p>\n<p style=\"text-align: justify\"><a href=\"https:\/\/blog.zhdk.ch\/closingthecleft\/files\/2015\/08\/Landmarks_Render.jpg\" rel=\"lightbox[174]\"><img loading=\"lazy\" decoding=\"async\" class=\"aligncenter wp-image-80 size-medium\" src=\"https:\/\/blog.zhdk.ch\/closingthecleft\/files\/2015\/08\/Landmarks_Render-300x169.jpg\" alt=\"Landmarks_Render\" width=\"300\" height=\"169\" srcset=\"https:\/\/blog.zhdk.ch\/closingthecleft\/files\/2015\/08\/Landmarks_Render-300x169.jpg 300w, https:\/\/blog.zhdk.ch\/closingthecleft\/files\/2015\/08\/Landmarks_Render-1024x576.jpg 1024w\" sizes=\"auto, (max-width: 300px) 100vw, 300px\" \/><\/a><\/p>\n<p style=\"text-align: justify\">Anhand von Fotos und Gipsmodellen, die von den betroffenen kleinen Patienten angefertigt werden, kann nur schwer das Ausma\u00df und die genaue Analyse der Weichteile vollzogen werden. 3D-bildgebende Verfahren weisen sogenannte Artefakte auf, die es dem chirurgischen Fachpersonal erschweren sich anhand der erlernten, standardisierten Landmarks zu orientieren.<\/p>\n<h4 style=\"text-align: justify\">Schnittmuster &#8211; Modus<\/h4>\n<p style=\"text-align: justify\">Die Schnittmustervorschl\u00e4ge, orientiert an den Landmarks, geben dem Lernenden einen \u00dcberblick \u00fcber m\u00f6gliche Handlungsmuster. Indem verschiedene Schnittmuster direkt auf dem 3D-Modell verglichen werden, k\u00f6nnen auch Lernende beurteilen, welches dieser Schnittmuster ein positives Ergebnis in der Operation herbeifu\u0308hren k\u00f6nnte. Durch die dreidimensionale Darstellung des individuellen Patientenfalls kann eine Absch\u00e4tzung des Materials am Spalt gemacht werden. Wenn man einen Stoff mit gewissen Massen hat, legt man in der Praxis des N\u00e4hens auch das Schnittmuster zuerst an, um zu u\u0308berpru\u0308fen, ob genu\u0308gend Gewebe vorhanden ist, um das angedachte Kleid zu n\u00e4hen. Genau diesen Lerneffekt soll das \u201eMappen\u201c der Schnittmuster erfu\u0308llen. Eine erfahrene chirurgische Fachkraft kann begutachten, ob die Methode das gewu\u0308nschte Ergebnis erzielen kann oder nicht. Dies ist zum Beispiel am reellen Patienten oder anhand eines Fotos nur eingeschr\u00e4nkt m\u00f6glich.<br \/>\nDie Schnittmuster sollen im Modell angepasst werden k\u00f6nnen. Indem man die pr\u00e4gnanten Punkte verschieben kann, wird noch besser ersichtlich, welche Methode am geeignetsten ist.<\/p>\n<p style=\"text-align: justify\">\u00a0<div id=\"metaslider-id-506\" style=\"max-width: 600px; margin: 0 auto;\" class=\"ml-slider-3-107-0 metaslider metaslider-nivo metaslider-506 ml-slider has-dots-nav ms-theme-nivo-light\" role=\"region\" aria-label=\"Schnittmuster\" data-height=\"400\" data-width=\"600\">\n    <div id=\"metaslider_container_506\">\n        <div class='slider-wrapper theme-default'><div class='ribbon'><\/div><div id='metaslider_506' class='nivoSlider'><img loading=\"lazy\" decoding=\"async\" src=\"https:\/\/blog.zhdk.ch\/closingthecleft\/files\/2015\/09\/01-Schnitt_Wellenschnitt-z-01-600x400.jpg\" height=\"400\" width=\"600\" alt=\"\" class=\"slider-506 slide-510 msDefaultImage\" \/><img loading=\"lazy\" decoding=\"async\" src=\"https:\/\/blog.zhdk.ch\/closingthecleft\/files\/2015\/09\/01-Schnitt_Tennisson-Randall-01-600x400.jpg\" height=\"400\" width=\"600\" alt=\"\" class=\"slider-506 slide-512 msDefaultImage\" \/><img loading=\"lazy\" decoding=\"async\" src=\"https:\/\/blog.zhdk.ch\/closingthecleft\/files\/2015\/09\/01-Schnitt_Millard-01-600x400.jpg\" height=\"400\" width=\"600\" alt=\"\" class=\"slider-506 slide-514 msDefaultImage\" \/><img loading=\"lazy\" decoding=\"async\" src=\"https:\/\/blog.zhdk.ch\/closingthecleft\/files\/2015\/09\/01-Schnitt_Millard-modifiziert-01-600x400.jpg\" height=\"400\" width=\"600\" alt=\"\" class=\"slider-506 slide-516 msDefaultImage\" \/><img loading=\"lazy\" decoding=\"async\" src=\"https:\/\/blog.zhdk.ch\/closingthecleft\/files\/2015\/09\/01-Schnitt_Afroze_01-600x400.jpg\" height=\"400\" width=\"600\" alt=\"\" class=\"slider-506 slide-518 msDefaultImage\" \/><img loading=\"lazy\" decoding=\"async\" src=\"https:\/\/blog.zhdk.ch\/closingthecleft\/files\/2015\/09\/01-Landmarks_02-600x400.jpg\" height=\"400\" width=\"600\" alt=\"\" class=\"slider-506 slide-520 msDefaultImage\" \/><img loading=\"lazy\" decoding=\"async\" src=\"https:\/\/blog.zhdk.ch\/closingthecleft\/files\/2015\/09\/01-Schnitt_Wellenschnitt-01-600x400.jpg\" height=\"400\" width=\"600\" alt=\"\" class=\"slider-506 slide-508 msDefaultImage\" \/><\/div><\/div>\n        \n    <\/div>\n<\/div><\/p>\n","protected":false},"excerpt":{"rendered":"<p>Das interaktive Modell \u201eClosing The Cleft\u201c erhebt den Anspruch, den angehenden Chirurgen durch zwei Funktionsmuster besser auf die Lernsituation in der bevorstehenden Operation vorzubereiten. Das Bestimmen der Landmarks und das Anpassen und Ausprobieren von Schnittmustern\u00a0 tragen zum besseren Verst\u00e4ndnis der Operation bei und bilden das experimentelle Lernen am interaktiven Modell. Landmark &#8211; Modus Landmarks sind [&hellip;]<\/p>\n","protected":false},"author":1249,"featured_media":0,"parent":0,"menu_order":0,"comment_status":"closed","ping_status":"closed","template":"","meta":{"ngg_post_thumbnail":0,"footnotes":""},"class_list":["post-174","page","type-page","status-publish","hentry"],"_links":{"self":[{"href":"https:\/\/blog.zhdk.ch\/closingthecleft\/wp-json\/wp\/v2\/pages\/174","targetHints":{"allow":["GET"]}}],"collection":[{"href":"https:\/\/blog.zhdk.ch\/closingthecleft\/wp-json\/wp\/v2\/pages"}],"about":[{"href":"https:\/\/blog.zhdk.ch\/closingthecleft\/wp-json\/wp\/v2\/types\/page"}],"author":[{"embeddable":true,"href":"https:\/\/blog.zhdk.ch\/closingthecleft\/wp-json\/wp\/v2\/users\/1249"}],"replies":[{"embeddable":true,"href":"https:\/\/blog.zhdk.ch\/closingthecleft\/wp-json\/wp\/v2\/comments?post=174"}],"version-history":[{"count":7,"href":"https:\/\/blog.zhdk.ch\/closingthecleft\/wp-json\/wp\/v2\/pages\/174\/revisions"}],"predecessor-version":[{"id":524,"href":"https:\/\/blog.zhdk.ch\/closingthecleft\/wp-json\/wp\/v2\/pages\/174\/revisions\/524"}],"wp:attachment":[{"href":"https:\/\/blog.zhdk.ch\/closingthecleft\/wp-json\/wp\/v2\/media?parent=174"}],"curies":[{"name":"wp","href":"https:\/\/api.w.org\/{rel}","templated":true}]}}