{"id":352,"date":"2015-08-30T15:44:32","date_gmt":"2015-08-30T13:44:32","guid":{"rendered":"https:\/\/blog.zhdk.ch\/closingthecleft\/?page_id=352"},"modified":"2015-09-01T19:14:09","modified_gmt":"2015-09-01T17:14:09","slug":"forschungsprojekt","status":"publish","type":"page","link":"https:\/\/blog.zhdk.ch\/closingthecleft\/forschungsprojekt\/","title":{"rendered":"Forschungsprojekt"},"content":{"rendered":"<p style=\"text-align: justify\">Chirurginnen und Chirurgen m\u00fcssen in der Praxis m\u00f6glichst viel Erfahrung sammeln um erfolgreich zu operieren. Insbesondere in der Spaltchirurgie, einer Fachdisziplin der Mund-, Kiefer-, Gesichtschirurgie, besteht diesbez\u00fcglich ein Handlungsbedarf. Aufgrund des seltenen Vorkommens der angeborenen Lippen-Kiefer-Gaumenspalte k\u00f6nnen die angehenden Fach\u00e4rztinnen und \u00c4rzte nicht ausreichend an derartig spezifischen Operationen teilnehmen.<br \/>\nMit der Applikation Closing the Cleft soll der Kompetenzaufbau angehender Chirurginnen und Chirurgen unterst\u00fctzt werden. Obwohl die Nutzung von 3D-Visualisierungen in der chirurgischen Praxis bereits allgegenw\u00e4rtig ist, existieren bisher kaum anwendungsorientierte Lehrmittel, die das aktuelle Niveau der digitalen Technologien nutzen und auch bez\u00fcglich Design und Didaktik zu \u00fcberzeugen verm\u00f6gen.<\/p>\n<p style=\"text-align: justify\">Closing the Cleft soll diese L\u00fccke in der gesichtschirurgischen Lehre schliessen. Es handelt sich dabei um ein interaktives 3D-Modell, welches die verschiedenen Auspr\u00e4gungen der Lippen-Kiefer-Gaumenspalte anatomisch korrekt, realit\u00e4tsnah und didaktisch \u00fcberzeugend darstellt. Mit der Einbindung der Modelle in ein interaktives didaktisches System entsteht erstmalig ein Lern- und Planungswerkzeug, welches der Zielgruppe der angehende Chirurginnen und Chirurgen erm\u00f6glicht, die Operationsabl\u00e4ufe eines Lippen-Kiefer-Gaumen-Spaltverschlusses einzu\u00fcben und zu vertiefen.<\/p>\n<p style=\"text-align: justify\">Neben der generellen Neuartigkeit des geplanten Lehrmittels liegt der innovative Charakter in der Individualisierung der Patientenbeispiele. Durch neueste Entwicklungen im Bereich der Tablet-Computer stehen in naher Zukunft integrierte 3D Scanning-Kamera kosteng\u00fcnstig und dadurch sehr breit einsetzbar zur Verf\u00fcgung. \u00dcber die im Tablet integrierte 3D Scanning-Kamera oder die Integration von vorhandenen Scan-Daten, k\u00f6nnen die individuellen Merkmale eines betroffenen Kindes auf das Modell \u00fcbertragen werden. Die Lernenden spielen damit praktische \u00dcberlegungen anhand realit\u00e4tsnaher Patientenbeispiele durch. Durch die \u00dcbertragung der personenbezogenen Daten in ein abstrahiertes Modell verbleiben die Patientendaten durchgehend gesch\u00fctzt. So ist beispielsweise ist die didaktische Verwertung und direkte Einbeziehung von personenspezifischen Daten in bildgebende Verfahren weder im Design noch in der chirurgischen Lehre vertieft untersucht und genutzt worden<\/p>\n<p style=\"text-align: justify\">Weiterf\u00fchrend erm\u00f6glicht das Visualisierungstool den wissenschaftlichen Austausch und Fachdiskurs innerhalb der internationalen gesichtschirurgischen Community und unterst\u00fctzt einerseits das fallbezogene Lernen und\u00a0 andererseits Vergleiche verschiedener chirurgischer Herangehensweisen. Auf einer Webplattform k\u00f6nnen die Ergebnisse der personalisierten \u00dcbungen validiert und ausgetauscht werden. Mittelfristig k\u00f6nnen nicht nur Lernende sondern auch in der in der Praxis erfahrene Chirurginnen und Chirurgen \u00fcber Closing the Cleft als Visualisierungs- und Vermittlungs-Plattform von einem anwendungsnahen intradisziplin\u00e4ren Wissensaustausch profitieren.<\/p>\n<p style=\"text-align: justify\">\n<div class=\"ngg-galleryoverview ngg-slideshow\"\n\tid=\"ngg-slideshow-320e2f196d4e24f41b485ea38a2a4340-8175864120\"\n\tdata-gallery-id=\"320e2f196d4e24f41b485ea38a2a4340\"\n\tstyle=\"max-width: 600px;\n\t\t\tmax-height: 400px;\n\t\t\tdisplay: none;\">\n\n\t\n\t\t<a href=\"https:\/\/blog.zhdk.ch\/closingthecleft\/wp-content\/blogs.dir\/1552\/files\/closing-the-cleft\/Explosionsmodell.jpg\"\n\t\t\ttitle=\"\"\n\t\t\tdata-src=\"https:\/\/blog.zhdk.ch\/closingthecleft\/wp-content\/blogs.dir\/1552\/files\/closing-the-cleft\/Explosionsmodell.jpg\"\n\t\t\tdata-thumbnail=\"https:\/\/blog.zhdk.ch\/closingthecleft\/wp-content\/blogs.dir\/1552\/files\/closing-the-cleft\/thumbs\/thumbs_Explosionsmodell.jpg\"\n\t\t\tdata-image-id=\"2\"\n\t\t\tdata-title=\"Explosionsmodell\"\n\t\t\tdata-description=\"\"\n\t\t\t\t\t\t\t\t\t\t\t\t\t\t\tclass=\"ngg-fancybox\" rel=\"320e2f196d4e24f41b485ea38a2a4340\">\n\t\t\t\n\t\t\t<img data-image-id='2'\n\t\t\t\ttitle=\"\"\n\t\t\t\talt=\"Explosionsmodell\"\n\t\t\t\tsrc=\"https:\/\/blog.zhdk.ch\/closingthecleft\/wp-content\/blogs.dir\/1552\/files\/closing-the-cleft\/Explosionsmodell.jpg\"\n\t\t\t\tstyle=\"max-height: 380px;\"\/>\n\t\t<\/a>\n\n\t\t\n\t\t<a href=\"https:\/\/blog.zhdk.ch\/closingthecleft\/wp-content\/blogs.dir\/1552\/files\/closing-the-cleft\/2_modelle_3_Varianten.jpg\"\n\t\t\ttitle=\"\"\n\t\t\tdata-src=\"https:\/\/blog.zhdk.ch\/closingthecleft\/wp-content\/blogs.dir\/1552\/files\/closing-the-cleft\/2_modelle_3_Varianten.jpg\"\n\t\t\tdata-thumbnail=\"https:\/\/blog.zhdk.ch\/closingthecleft\/wp-content\/blogs.dir\/1552\/files\/closing-the-cleft\/thumbs\/thumbs_2_modelle_3_Varianten.jpg\"\n\t\t\tdata-image-id=\"4\"\n\t\t\tdata-title=\"Varianten\"\n\t\t\tdata-description=\"\"\n\t\t\t\t\t\t\t\t\t\t\t\t\t\t\tclass=\"ngg-fancybox\" rel=\"320e2f196d4e24f41b485ea38a2a4340\">\n\t\t\t\n\t\t\t<img data-image-id='4'\n\t\t\t\ttitle=\"\"\n\t\t\t\talt=\"Varianten\"\n\t\t\t\tsrc=\"https:\/\/blog.zhdk.ch\/closingthecleft\/wp-content\/blogs.dir\/1552\/files\/closing-the-cleft\/2_modelle_3_Varianten.jpg\"\n\t\t\t\tstyle=\"max-height: 380px;\"\/>\n\t\t<\/a>\n\n\t\t\n\t\t<a href=\"https:\/\/blog.zhdk.ch\/closingthecleft\/wp-content\/blogs.dir\/1552\/files\/closing-the-cleft\/U%CC%88berblick_alle_Modelle_Render.jpg\"\n\t\t\ttitle=\"\"\n\t\t\tdata-src=\"https:\/\/blog.zhdk.ch\/closingthecleft\/wp-content\/blogs.dir\/1552\/files\/closing-the-cleft\/U%CC%88berblick_alle_Modelle_Render.jpg\"\n\t\t\tdata-thumbnail=\"https:\/\/blog.zhdk.ch\/closingthecleft\/wp-content\/blogs.dir\/1552\/files\/closing-the-cleft\/thumbs\/thumbs_U%CC%88berblick_alle_Modelle_Render.jpg\"\n\t\t\tdata-image-id=\"6\"\n\t\t\tdata-title=\"Varianten des Spaltes\"\n\t\t\tdata-description=\"\"\n\t\t\t\t\t\t\t\t\t\t\t\t\t\t\tclass=\"ngg-fancybox\" rel=\"320e2f196d4e24f41b485ea38a2a4340\">\n\t\t\t\n\t\t\t<img data-image-id='6'\n\t\t\t\ttitle=\"\"\n\t\t\t\talt=\"Varianten des Spaltes\"\n\t\t\t\tsrc=\"https:\/\/blog.zhdk.ch\/closingthecleft\/wp-content\/blogs.dir\/1552\/files\/closing-the-cleft\/U%CC%88berblick_alle_Modelle_Render.jpg\"\n\t\t\t\tstyle=\"max-height: 380px;\"\/>\n\t\t<\/a>\n\n\t\t\n\t\t<a href=\"https:\/\/blog.zhdk.ch\/closingthecleft\/wp-content\/blogs.dir\/1552\/files\/closing-the-cleft\/Transparenz_-Schichten_Render.jpg\"\n\t\t\ttitle=\"\"\n\t\t\tdata-src=\"https:\/\/blog.zhdk.ch\/closingthecleft\/wp-content\/blogs.dir\/1552\/files\/closing-the-cleft\/Transparenz_-Schichten_Render.jpg\"\n\t\t\tdata-thumbnail=\"https:\/\/blog.zhdk.ch\/closingthecleft\/wp-content\/blogs.dir\/1552\/files\/closing-the-cleft\/thumbs\/thumbs_Transparenz_-Schichten_Render.jpg\"\n\t\t\tdata-image-id=\"8\"\n\t\t\tdata-title=\"Transparentes Modell\"\n\t\t\tdata-description=\"\"\n\t\t\t\t\t\t\t\t\t\t\t\t\t\t\tclass=\"ngg-fancybox\" rel=\"320e2f196d4e24f41b485ea38a2a4340\">\n\t\t\t\n\t\t\t<img data-image-id='8'\n\t\t\t\ttitle=\"\"\n\t\t\t\talt=\"Transparentes Modell\"\n\t\t\t\tsrc=\"https:\/\/blog.zhdk.ch\/closingthecleft\/wp-content\/blogs.dir\/1552\/files\/closing-the-cleft\/Transparenz_-Schichten_Render.jpg\"\n\t\t\t\tstyle=\"max-height: 380px;\"\/>\n\t\t<\/a>\n\n\t\t\n\t\t<a href=\"https:\/\/blog.zhdk.ch\/closingthecleft\/wp-content\/blogs.dir\/1552\/files\/closing-the-cleft\/Modell_Semitransparent-04.jpg\"\n\t\t\ttitle=\"\"\n\t\t\tdata-src=\"https:\/\/blog.zhdk.ch\/closingthecleft\/wp-content\/blogs.dir\/1552\/files\/closing-the-cleft\/Modell_Semitransparent-04.jpg\"\n\t\t\tdata-thumbnail=\"https:\/\/blog.zhdk.ch\/closingthecleft\/wp-content\/blogs.dir\/1552\/files\/closing-the-cleft\/thumbs\/thumbs_Modell_Semitransparent-04.jpg\"\n\t\t\tdata-image-id=\"10\"\n\t\t\tdata-title=\"Transparenter Verlauf\"\n\t\t\tdata-description=\"\"\n\t\t\t\t\t\t\t\t\t\t\t\t\t\t\tclass=\"ngg-fancybox\" rel=\"320e2f196d4e24f41b485ea38a2a4340\">\n\t\t\t\n\t\t\t<img data-image-id='10'\n\t\t\t\ttitle=\"\"\n\t\t\t\talt=\"Transparenter Verlauf\"\n\t\t\t\tsrc=\"https:\/\/blog.zhdk.ch\/closingthecleft\/wp-content\/blogs.dir\/1552\/files\/closing-the-cleft\/Modell_Semitransparent-04.jpg\"\n\t\t\t\tstyle=\"max-height: 380px;\"\/>\n\t\t<\/a>\n\n\t\t\n\t\t<a href=\"https:\/\/blog.zhdk.ch\/closingthecleft\/wp-content\/blogs.dir\/1552\/files\/closing-the-cleft\/Landmarks_Render.jpg\"\n\t\t\ttitle=\"\"\n\t\t\tdata-src=\"https:\/\/blog.zhdk.ch\/closingthecleft\/wp-content\/blogs.dir\/1552\/files\/closing-the-cleft\/Landmarks_Render.jpg\"\n\t\t\tdata-thumbnail=\"https:\/\/blog.zhdk.ch\/closingthecleft\/wp-content\/blogs.dir\/1552\/files\/closing-the-cleft\/thumbs\/thumbs_Landmarks_Render.jpg\"\n\t\t\tdata-image-id=\"12\"\n\t\t\tdata-title=\"Landmarks\"\n\t\t\tdata-description=\"\"\n\t\t\t\t\t\t\t\t\t\t\t\t\t\t\tclass=\"ngg-fancybox\" rel=\"320e2f196d4e24f41b485ea38a2a4340\">\n\t\t\t\n\t\t\t<img data-image-id='12'\n\t\t\t\ttitle=\"\"\n\t\t\t\talt=\"Landmarks\"\n\t\t\t\tsrc=\"https:\/\/blog.zhdk.ch\/closingthecleft\/wp-content\/blogs.dir\/1552\/files\/closing-the-cleft\/Landmarks_Render.jpg\"\n\t\t\t\tstyle=\"max-height: 380px;\"\/>\n\t\t<\/a>\n\n\t\t<\/div>\n\n\t\t<!-- Thumbnails Link -->\n\t<div class=\"slideshowlink\" style=\"max-width: 600px;\">\n\t\t<a href='https:\/\/blog.zhdk.ch\/closingthecleft\/forschungsprojekt\/nggallery\/thumbnails'>[Show thumbnails]<\/a>\n\t<\/div>\n\n<\/p>\n","protected":false},"excerpt":{"rendered":"<p>Chirurginnen und Chirurgen m\u00fcssen in der Praxis m\u00f6glichst viel Erfahrung sammeln um erfolgreich zu operieren. Insbesondere in der Spaltchirurgie, einer Fachdisziplin der Mund-, Kiefer-, Gesichtschirurgie, besteht diesbez\u00fcglich ein Handlungsbedarf. Aufgrund des seltenen Vorkommens der angeborenen Lippen-Kiefer-Gaumenspalte k\u00f6nnen die angehenden Fach\u00e4rztinnen und \u00c4rzte nicht ausreichend an derartig spezifischen Operationen teilnehmen. Mit der Applikation Closing the Cleft [&hellip;]<\/p>\n","protected":false},"author":1249,"featured_media":0,"parent":0,"menu_order":0,"comment_status":"closed","ping_status":"closed","template":"","meta":{"ngg_post_thumbnail":0,"footnotes":""},"class_list":["post-352","page","type-page","status-publish","hentry"],"_links":{"self":[{"href":"https:\/\/blog.zhdk.ch\/closingthecleft\/wp-json\/wp\/v2\/pages\/352","targetHints":{"allow":["GET"]}}],"collection":[{"href":"https:\/\/blog.zhdk.ch\/closingthecleft\/wp-json\/wp\/v2\/pages"}],"about":[{"href":"https:\/\/blog.zhdk.ch\/closingthecleft\/wp-json\/wp\/v2\/types\/page"}],"author":[{"embeddable":true,"href":"https:\/\/blog.zhdk.ch\/closingthecleft\/wp-json\/wp\/v2\/users\/1249"}],"replies":[{"embeddable":true,"href":"https:\/\/blog.zhdk.ch\/closingthecleft\/wp-json\/wp\/v2\/comments?post=352"}],"version-history":[{"count":5,"href":"https:\/\/blog.zhdk.ch\/closingthecleft\/wp-json\/wp\/v2\/pages\/352\/revisions"}],"predecessor-version":[{"id":502,"href":"https:\/\/blog.zhdk.ch\/closingthecleft\/wp-json\/wp\/v2\/pages\/352\/revisions\/502"}],"wp:attachment":[{"href":"https:\/\/blog.zhdk.ch\/closingthecleft\/wp-json\/wp\/v2\/media?parent=352"}],"curies":[{"name":"wp","href":"https:\/\/api.w.org\/{rel}","templated":true}]}}