{"id":4,"date":"2015-08-25T13:17:28","date_gmt":"2015-08-25T11:17:28","guid":{"rendered":"https:\/\/blog.zhdk.ch\/closingthecleft\/?page_id=2"},"modified":"2015-08-30T18:26:29","modified_gmt":"2015-08-30T16:26:29","slug":"masterprojekt","status":"publish","type":"page","link":"https:\/\/blog.zhdk.ch\/closingthecleft\/masterprojekt\/","title":{"rendered":"Masterprojekt"},"content":{"rendered":"<p style=\"text-align: justify\">Das Projekt Closing the Cleft ist anl\u00e4sslich eines Masterstudienganges an der ZHdK (Z\u00fcrcher Hochschule der K\u00fcnste) im Bereich Kommunikation mit der Spezialiserung Erkenntnisvisualisierung enstanden.<\/p>\n<p style=\"text-align: justify\">Das Master-Diplomprojekt Closing the Cleft, das bereits in Kooperation mit Frau Prof. Katja Schwenzer-Zimmerer von der Universit\u00e4t im Bereich des Master of Arts in Design \u201eErkenntnis-Visualisierung\u201c entstanden ist, leistet f\u00fcr Studenten einen ersten Einblick in die Herangehensweisen von Lippen-Kiefer-Gaumenspalt-Operationen und f\u00fchrt in die Operationsplanung dieser Eingriffe ein. Durch erste interaktive Funktionen werden die Grundlagen der operativen Herangehensweise aufgef\u00fchrt. Im Herbst 2015 sollen die Ergebnisse des Master-Projektes in Form einer ersten Applikation ver\u00f6ffentlicht werden. Das Resultat positioniert sich in einer L\u00fccke zwischen der chirurgischen Ausbildung und der Anwendung moderner, mobiler Technik in der Medizin. Das Projekt wurde seitens des Departements Design und externer Experten der Diplomjury als qualitativ hervorragend und mit grossem Entwicklungspotential anerkannt und wurde mit dem <a href=\"http:\/\/master.design.zhdk.ch\/news\/master-design-forderpreis-2015-kati-kant\">F\u00f6rderpreis<\/a> des Master of Arts in Design f\u00fcr das Jahr 2015 ausgezeichnet.<\/p>\n<p style=\"text-align: justify\"><a href=\"http:\/\/master.design.diplome.zhdk.ch\/2015\/kant-kathi\" target=\"_blank\">Vostellung des Projektes<\/a> auf der Website des ZHdK Master of Arts in Design.<\/p>\n<p style=\"text-align: justify\">Gerne lesen Sie weiter im Bereich <a href=\"https:\/\/blog.zhdk.ch\/closingthecleft\/abstract\/\">Abstract<\/a>,<a href=\"https:\/\/blog.zhdk.ch\/closingthecleft\/funktionen\/\"> Funktionen<\/a> und \u00fcber <a href=\"https:\/\/blog.zhdk.ch\/closingthecleft\/ueber-ctc\/\">CTC.<\/a><\/p>\n<p style=\"text-align: justify\">Die Punkte <a href=\"https:\/\/blog.zhdk.ch\/closingthecleft\/closing-the-gap\/\">Closing the Gap<\/a> und <a href=\"https:\/\/blog.zhdk.ch\/closingthecleft\/designforschung\/\">Designforschung <\/a> verorten das Masterprojekt in der intradisziplin\u00e4ren Forschung und zeigen dessen Relevanz im Design.<\/p>\n<p style=\"text-align: justify\">\n","protected":false},"excerpt":{"rendered":"<p>Das Projekt Closing the Cleft ist anl\u00e4sslich eines Masterstudienganges an der ZHdK (Z\u00fcrcher Hochschule der K\u00fcnste) im Bereich Kommunikation mit der Spezialiserung Erkenntnisvisualisierung enstanden. Das Master-Diplomprojekt Closing the Cleft, das bereits in Kooperation mit Frau Prof. Katja Schwenzer-Zimmerer von der Universit\u00e4t im Bereich des Master of Arts in Design \u201eErkenntnis-Visualisierung\u201c entstanden ist, leistet f\u00fcr Studenten [&hellip;]<\/p>\n","protected":false},"author":943,"featured_media":294,"parent":0,"menu_order":0,"comment_status":"open","ping_status":"open","template":"","meta":{"ngg_post_thumbnail":0,"footnotes":""},"class_list":["post-4","page","type-page","status-publish","has-post-thumbnail","hentry"],"_links":{"self":[{"href":"https:\/\/blog.zhdk.ch\/closingthecleft\/wp-json\/wp\/v2\/pages\/4","targetHints":{"allow":["GET"]}}],"collection":[{"href":"https:\/\/blog.zhdk.ch\/closingthecleft\/wp-json\/wp\/v2\/pages"}],"about":[{"href":"https:\/\/blog.zhdk.ch\/closingthecleft\/wp-json\/wp\/v2\/types\/page"}],"author":[{"embeddable":true,"href":"https:\/\/blog.zhdk.ch\/closingthecleft\/wp-json\/wp\/v2\/users\/943"}],"replies":[{"embeddable":true,"href":"https:\/\/blog.zhdk.ch\/closingthecleft\/wp-json\/wp\/v2\/comments?post=4"}],"version-history":[{"count":21,"href":"https:\/\/blog.zhdk.ch\/closingthecleft\/wp-json\/wp\/v2\/pages\/4\/revisions"}],"predecessor-version":[{"id":368,"href":"https:\/\/blog.zhdk.ch\/closingthecleft\/wp-json\/wp\/v2\/pages\/4\/revisions\/368"}],"wp:featuredmedia":[{"embeddable":true,"href":"https:\/\/blog.zhdk.ch\/closingthecleft\/wp-json\/wp\/v2\/media\/294"}],"wp:attachment":[{"href":"https:\/\/blog.zhdk.ch\/closingthecleft\/wp-json\/wp\/v2\/media?parent=4"}],"curies":[{"name":"wp","href":"https:\/\/api.w.org\/{rel}","templated":true}]}}