{"id":93,"date":"2014-09-07T21:52:29","date_gmt":"2014-09-07T19:52:29","guid":{"rendered":"https:\/\/blog.zhdk.ch\/dada\/?page_id=93"},"modified":"2014-09-17T09:12:14","modified_gmt":"2014-09-17T07:12:14","slug":"ueber-mich-und-meine-mentoratsarbeit","status":"publish","type":"page","link":"https:\/\/blog.zhdk.ch\/dada\/ueber-mich-und-meine-mentoratsarbeit\/","title":{"rendered":"\u00dcber mich und meine  Mentoratsarbeit"},"content":{"rendered":"<p><a href=\"https:\/\/blog.zhdk.ch\/dada\/files\/2014\/07\/DSCN8458-e1406044494806.jpg\"><img loading=\"lazy\" decoding=\"async\" class=\"aligncenter size-full wp-image-95\" src=\"https:\/\/blog.zhdk.ch\/dada\/files\/2014\/07\/DSCN8458-e1406044494806.jpg\" alt=\"DSCN8458\" width=\"3168\" height=\"4224\" srcset=\"https:\/\/blog.zhdk.ch\/dada\/files\/2014\/07\/DSCN8458-e1406044494806.jpg 3168w, https:\/\/blog.zhdk.ch\/dada\/files\/2014\/07\/DSCN8458-e1406044494806-225x300.jpg 225w, https:\/\/blog.zhdk.ch\/dada\/files\/2014\/07\/DSCN8458-e1406044494806-768x1024.jpg 768w\" sizes=\"auto, (max-width: 3168px) 100vw, 3168px\" \/><\/a><\/p>\n<p>In zwei Jahren ist es genau 100 Jahre her, dass das Cabaret Voltaire an der Spiegelgasse 1 in der Altstadt Z\u00fcrichs gegr\u00fcndet wurde. Diese Er\u00f6ffnung des Kabaretts legte den Grundstein f\u00fcr die Kunstbewegung Dada, welche sich nach seinem Wirken in Z\u00fcrich \u00fcberall auf der Welt verstreute und weltber\u00fchmt wurde.<\/p>\n<p>Ich komme selbst aus Z\u00fcrich und kenne das legend\u00e4re Lokal Cabaret Voltaire an der Spiegelgasse 1, welches 2004 \u00a0wiederer\u00f6ffnet wurde. Es ist heute nicht nur ein Caf\u00e9, sondern auch Kunstb\u00fchne, Shop und Ausstellungsraum.<\/p>\n<p>Da \u00a0ich mich f\u00fcr Kunst und Geschichte interessiere, wollte ich seinem geschichtlichen Werdegang ein wenig\u00a0nachgehen, neben der Entstehung der Kunstbewegung Dada und seinen involvierten Personen.<\/p>\n<p>Ich bin dann nat\u00fcrlich sehr gerne im Auftrag des Studiums beim Cabaret Voltaire vorbeigegangen\u00a0und habe mir dort ein wenig Literatur \u00fcber Dada gekauft.<\/p>\n<p>Was mich zu diesem Blog bewegte, war die k\u00fcnstlerische Praxis\u00a0zu jener Zeit. 1916 herrschte damals Krieg in Europa und vielen anderen Teilen der Welt. Wie reagierten die K\u00fcnstler auf den Krieg? Wie war ihre politische Einstellung? Waren sie im Denken auch von Chauvinismus\u00a0und Wirtschaftsfatalismus\u00a0gepr\u00e4gt? Wie war ihr k\u00fcnstlerisches Schaffen\u00a0unter den wirtschaftlichen Bedingungen der Jahrhundertwende?<\/p>\n<p>Ich war auch interessiert\u00a0die K\u00fcnstlergruppe, die den Dadaismus gr\u00fcndeten, ein paar wenige Teilnehmer zumindest, in den Fokus zu stellen. Also besuchte ich das Archiv des Kunsthauses Z\u00fcrich, wo ich eine \u00a0gute Menge Material \u00fcber die DadaistInnen fand. Sch\u00f6n sauber, nummeriert, in grauen Beh\u00e4ltern aus Karton waren\u00a0alle Archivalien, welche ich einen Abend vorher zuhause im Netz recherchierte und angab\u00a0zu besichtigen, auf einem Tisch f\u00fcr mich schon bereit gelegt. Ich konnte also gleich mit meiner Arbeit beginnen. Das direkte Ber\u00fchren der Papier oder Buchseiten mit den H\u00e4nden war teilweise verboten. Das Personal, welche sich um mich k\u00fcmmerte, zeigte mir, wie ich mit einem kleinem St\u00fcck Karton von Seite zur Seite umbl\u00e4ttern\u00a0konnte. Ich machte diverse Fotos der Dokumente mit meiner digitalen Nikon Kamera. So verliess ich\u00a0nach sorgf\u00e4ltiger Auslese der Gegenst\u00e4nde wie Hefte, Notizzettel, Gem\u00e4lde und B\u00fccher, die staatliche Institution wieder.<\/p>\n<p>In den Semesterferien habe ich im Mai\u00a0begonnen mich in die Literatur zu vertiefen und darauf dann die Beitr\u00e4ge f\u00fcr den Blog anzufertigen.<\/p>\n<p>Im September nahm ich Kontakt auf mit meinem Mentor f\u00fcr die \u00dcberarbeitung.<\/p>\n<p>&nbsp;<\/p>\n","protected":false},"excerpt":{"rendered":"<p>In zwei Jahren ist es genau 100 Jahre her, dass das Cabaret Voltaire an der Spiegelgasse 1 in der Altstadt Z\u00fcrichs gegr\u00fcndet wurde. Diese Er\u00f6ffnung des Kabaretts legte den Grundstein f\u00fcr die Kunstbewegung Dada, welche sich nach seinem Wirken in &hellip; <a href=\"https:\/\/blog.zhdk.ch\/dada\/ueber-mich-und-meine-mentoratsarbeit\/\">Weiterlesen <span class=\"meta-nav\">&rarr;<\/span><\/a><\/p>\n","protected":false},"author":2575,"featured_media":0,"parent":0,"menu_order":0,"comment_status":"open","ping_status":"closed","template":"","meta":{"footnotes":""},"class_list":["post-93","page","type-page","status-publish","hentry"],"_links":{"self":[{"href":"https:\/\/blog.zhdk.ch\/dada\/wp-json\/wp\/v2\/pages\/93","targetHints":{"allow":["GET"]}}],"collection":[{"href":"https:\/\/blog.zhdk.ch\/dada\/wp-json\/wp\/v2\/pages"}],"about":[{"href":"https:\/\/blog.zhdk.ch\/dada\/wp-json\/wp\/v2\/types\/page"}],"author":[{"embeddable":true,"href":"https:\/\/blog.zhdk.ch\/dada\/wp-json\/wp\/v2\/users\/2575"}],"replies":[{"embeddable":true,"href":"https:\/\/blog.zhdk.ch\/dada\/wp-json\/wp\/v2\/comments?post=93"}],"version-history":[{"count":11,"href":"https:\/\/blog.zhdk.ch\/dada\/wp-json\/wp\/v2\/pages\/93\/revisions"}],"predecessor-version":[{"id":221,"href":"https:\/\/blog.zhdk.ch\/dada\/wp-json\/wp\/v2\/pages\/93\/revisions\/221"}],"wp:attachment":[{"href":"https:\/\/blog.zhdk.ch\/dada\/wp-json\/wp\/v2\/media?parent=93"}],"curies":[{"name":"wp","href":"https:\/\/api.w.org\/{rel}","templated":true}]}}