
{"id":173,"date":"2016-05-24T13:32:05","date_gmt":"2016-05-24T13:32:05","guid":{"rendered":"https:\/\/blog.zhdk.ch\/dadaspektakulationen\/?page_id=173"},"modified":"2016-06-07T12:09:51","modified_gmt":"2016-06-07T12:09:51","slug":"spiegelinstallation","status":"publish","type":"page","link":"https:\/\/blog.zhdk.ch\/dadaspektakulationen\/material\/spiegelinstallation\/","title":{"rendered":"Spiegelinstallation"},"content":{"rendered":"<p>In ausgew\u00e4hlten WCs der Stadt Z\u00fcrich wird die Spiegelmetaphorik visuell reflektiert, und zwar im wahrsten Sinne des Dada-Wortes! Durch den Blick in den Toilettenspiegel begegnet man einem verschwommenen Selbst \u2013 der Spiegel scheint zerbrochen. Die Installation zeigt die Scherben und Bruchst\u00fccke, welche Dada zur\u00fcckl\u00e4sst und in Form eines Kaleidoskops neu auff\u00e4chert.<\/p>\n","protected":false},"excerpt":{"rendered":"<p>In ausgew\u00e4hlten WCs der Stadt Z\u00fcrich wird die Spiegelmetaphorik visuell reflektiert, und zwar im wahrsten Sinne des Dada-Wortes! Durch den Blick in den Toilettenspiegel begegnet man einem verschwommenen Selbst \u2013 der Spiegel scheint zerbrochen. Die Installation zeigt die Scherben und Bruchst\u00fccke, welche Dada zur\u00fcckl\u00e4sst und in Form eines Kaleidoskops neu auff\u00e4chert.<\/p>\n","protected":false},"author":1071,"featured_media":0,"parent":133,"menu_order":4,"comment_status":"closed","ping_status":"closed","template":"","meta":{"footnotes":""},"class_list":["post-173","page","type-page","status-publish","hentry","post-preview"],"_links":{"self":[{"href":"https:\/\/blog.zhdk.ch\/dadaspektakulationen\/wp-json\/wp\/v2\/pages\/173","targetHints":{"allow":["GET"]}}],"collection":[{"href":"https:\/\/blog.zhdk.ch\/dadaspektakulationen\/wp-json\/wp\/v2\/pages"}],"about":[{"href":"https:\/\/blog.zhdk.ch\/dadaspektakulationen\/wp-json\/wp\/v2\/types\/page"}],"author":[{"embeddable":true,"href":"https:\/\/blog.zhdk.ch\/dadaspektakulationen\/wp-json\/wp\/v2\/users\/1071"}],"replies":[{"embeddable":true,"href":"https:\/\/blog.zhdk.ch\/dadaspektakulationen\/wp-json\/wp\/v2\/comments?post=173"}],"version-history":[{"count":2,"href":"https:\/\/blog.zhdk.ch\/dadaspektakulationen\/wp-json\/wp\/v2\/pages\/173\/revisions"}],"predecessor-version":[{"id":495,"href":"https:\/\/blog.zhdk.ch\/dadaspektakulationen\/wp-json\/wp\/v2\/pages\/173\/revisions\/495"}],"up":[{"embeddable":true,"href":"https:\/\/blog.zhdk.ch\/dadaspektakulationen\/wp-json\/wp\/v2\/pages\/133"}],"wp:attachment":[{"href":"https:\/\/blog.zhdk.ch\/dadaspektakulationen\/wp-json\/wp\/v2\/media?parent=173"}],"curies":[{"name":"wp","href":"https:\/\/api.w.org\/{rel}","templated":true}]}}