
{"id":19,"date":"2016-05-16T12:17:42","date_gmt":"2016-05-16T12:17:42","guid":{"rendered":"https:\/\/blog.zhdk.ch\/dadaspektakulationen\/?page_id=19"},"modified":"2016-06-29T12:43:49","modified_gmt":"2016-06-29T12:43:49","slug":"personen","status":"publish","type":"page","link":"https:\/\/blog.zhdk.ch\/dadaspektakulationen\/personen\/","title":{"rendered":"Personen"},"content":{"rendered":"<p><em><strong>Autor_innen:<\/strong><\/em><\/p>\n<p><strong>SELINE F\u00dcLSCHER<\/strong> (*1986) absolvierte eine Berufslehre als Grafikerin. Nach einem Bachelorstudium in Vermittlung von Kunst und Design (Vertiefung Soziokultur) an der Z\u00fcrcher Hochschule der K\u00fcnste, studiert sie seit Herbst 2015 im Master Art Education ausstellen &amp; vermitteln. Nebenbei arbeitet sie als Kunstvermittlerin f\u00fcr Kinder und Jugendliche in der Kunsthalle Z\u00fcrich.<\/p>\n<p><img loading=\"lazy\" decoding=\"async\" class=\"size-medium wp-image-316 alignnone\" src=\"https:\/\/blog.zhdk.ch\/dadaspektakulationen\/files\/2016\/05\/IMG_5543-300x300.jpg\" alt=\"IMG_5543\" width=\"300\" height=\"300\" srcset=\"https:\/\/blog.zhdk.ch\/dadaspektakulationen\/files\/2016\/05\/IMG_5543-300x300.jpg 300w, https:\/\/blog.zhdk.ch\/dadaspektakulationen\/files\/2016\/05\/IMG_5543-150x150.jpg 150w, https:\/\/blog.zhdk.ch\/dadaspektakulationen\/files\/2016\/05\/IMG_5543.jpg 640w\" sizes=\"auto, (max-width: 300px) 100vw, 300px\" \/><\/p>\n<p class=\"Normal\"><span class=\"Normal__Char\"><strong>KATHARINA BAUMECKER<\/strong> (*1989) hat nach ihrem Bachelor of Arts Abschluss 2013 in Buchwissenschaft und Linguistik in Mainz neben mehreren Mitwirkungen (u.a. Klingspor Museum Offenbach, Offspace \u00abStation\u00bb in Offenbach am Main und Studio Tobias Rehberger) eine einj\u00e4hrige wissenschaftliche und kuratorische Assistenz im Museum Angewandte Kunst in Frankfurt am Main absolviert. Im Oktober 2014 begann sie das Master of Arts Studium Kunstgeschichte, welches sie um ein Gastsemester an der Z\u00fcrcher Hochschule der K\u00fcnste erg\u00e4nzt.<\/span><\/p>\n<p class=\"Normal\"><img loading=\"lazy\" decoding=\"async\" class=\"alignnone size-medium wp-image-318\" src=\"https:\/\/blog.zhdk.ch\/dadaspektakulationen\/files\/2016\/05\/KatharinaBaumecker-240x300.jpg\" alt=\"KatharinaBaumecker\" width=\"240\" height=\"300\" srcset=\"https:\/\/blog.zhdk.ch\/dadaspektakulationen\/files\/2016\/05\/KatharinaBaumecker-240x300.jpg 240w, https:\/\/blog.zhdk.ch\/dadaspektakulationen\/files\/2016\/05\/KatharinaBaumecker-768x962.jpg 768w, https:\/\/blog.zhdk.ch\/dadaspektakulationen\/files\/2016\/05\/KatharinaBaumecker-818x1024.jpg 818w, https:\/\/blog.zhdk.ch\/dadaspektakulationen\/files\/2016\/05\/KatharinaBaumecker-676x846.jpg 676w\" sizes=\"auto, (max-width: 240px) 100vw, 240px\" \/><\/p>\n<p class=\"Normal\"><span class=\"Normal__Char\"><strong>SELMA OLGA PINA WICK<\/strong> (*1991) hat 2015 den Bachelor of Arts in Popul\u00e4re Kulturen, Geschichte der Neuzeit und Philosophie an der Universit\u00e4t Z\u00fcrich abgeschlossen und anschliessend das Masterstudium in Art Education mit Vertiefung ausstellen &amp; vermitteln an der Z\u00fcrcher Hochschule der K\u00fcnste aufgenommen. Seit 2012 arbeitet sie studiumsbegleitend in einer Agentur f\u00fcr Kommunikation im Raum als Assistentin in der Konzeption von Ausstellungen, Brandlands und touristischen Attraktionen.<\/span><\/p>\n<p class=\"Normal\"><img loading=\"lazy\" decoding=\"async\" class=\"alignnone size-medium wp-image-320\" src=\"https:\/\/blog.zhdk.ch\/dadaspektakulationen\/files\/2016\/05\/SelmaWick-200x300.jpg\" alt=\"SelmaWick\" width=\"200\" height=\"300\" srcset=\"https:\/\/blog.zhdk.ch\/dadaspektakulationen\/files\/2016\/05\/SelmaWick-200x300.jpg 200w, https:\/\/blog.zhdk.ch\/dadaspektakulationen\/files\/2016\/05\/SelmaWick-768x1152.jpg 768w, https:\/\/blog.zhdk.ch\/dadaspektakulationen\/files\/2016\/05\/SelmaWick-683x1024.jpg 683w, https:\/\/blog.zhdk.ch\/dadaspektakulationen\/files\/2016\/05\/SelmaWick-676x1014.jpg 676w, https:\/\/blog.zhdk.ch\/dadaspektakulationen\/files\/2016\/05\/SelmaWick.jpg 1200w\" sizes=\"auto, (max-width: 200px) 100vw, 200px\" \/><\/p>\n<p class=\"Normal\"><strong>MARA LOUISE VON ZITZEWITZ <\/strong>studiert seit September letzten Jahres den Master Art Education in der Vertiefung \u2039ausstellen und vermitteln\u203a an der Z\u00fcrcher Hochschule der K\u00fcnste. Ihren Bachelor machte sie im Studiengang \u2039Kultur der Metropole\u203a \u00a0an der HafenCity Universit\u00e4t in Hamburg. In\u00a0dieser Zeit arbeitete sie durchg\u00e4ngig im InfoCenter der HafenCity f\u00fcr die HafenCity GmBH. Neben\u00a0Informationsveranstaltungen\u00a0hat Mara auch F\u00fchrungen im \u2039InfoCenter\u203a begleitet und durchgef\u00fchrt.<strong><br \/>\n<\/strong><\/p>\n<p><img loading=\"lazy\" decoding=\"async\" class=\"alignnone size-medium wp-image-390\" src=\"https:\/\/blog.zhdk.ch\/dadaspektakulationen\/files\/2016\/05\/Profilbild-233x300.jpg\" alt=\"Profilbild\" width=\"233\" height=\"300\" srcset=\"https:\/\/blog.zhdk.ch\/dadaspektakulationen\/files\/2016\/05\/Profilbild-233x300.jpg 233w, https:\/\/blog.zhdk.ch\/dadaspektakulationen\/files\/2016\/05\/Profilbild-768x987.jpg 768w, https:\/\/blog.zhdk.ch\/dadaspektakulationen\/files\/2016\/05\/Profilbild-797x1024.jpg 797w, https:\/\/blog.zhdk.ch\/dadaspektakulationen\/files\/2016\/05\/Profilbild-676x869.jpg 676w, https:\/\/blog.zhdk.ch\/dadaspektakulationen\/files\/2016\/05\/Profilbild.jpg 1827w\" sizes=\"auto, (max-width: 233px) 100vw, 233px\" \/><\/p>\n<p class=\"Normal\"><strong>DOMINIK WOLFINGER<\/strong> (*1988)\u00a0sammelte, nach seinem Abschluss als Chemielaborant, erste Erfahrungen im Theater und studierte dann Dramaturgie an der Z\u00fcrcher Hochschule der K\u00fcnste, welches er 2012 abschloss. Nebenbei machte er eine Ausbildung als Drehbuch-Lektor \/ Script Consultant ebenfalls an der ZHdK. 2014 schloss er den Master in Drehbuch ab. Seit 2015 studiert er im Master Art Education Kulturpublizistik.<\/p>\n<p class=\"Normal\"><img loading=\"lazy\" decoding=\"async\" class=\"alignnone size-medium wp-image-384\" src=\"https:\/\/blog.zhdk.ch\/dadaspektakulationen\/files\/2016\/05\/ich_dunkel-222x300.jpeg\" alt=\"ich_dunkel\" width=\"222\" height=\"300\" srcset=\"https:\/\/blog.zhdk.ch\/dadaspektakulationen\/files\/2016\/05\/ich_dunkel-222x300.jpeg 222w, https:\/\/blog.zhdk.ch\/dadaspektakulationen\/files\/2016\/05\/ich_dunkel.jpeg 472w\" sizes=\"auto, (max-width: 222px) 100vw, 222px\" \/><\/p>\n<p><b>JULIETTE UZOR<\/b> ist in St.Gallen aufgewachsen. Sie studierte Kunst und Vermittlung an der Hochschule der K\u00fcnste Bern und Kunstgeschichte an der Uni Bern.\u00a0Ihren Master in Art Education macht sie nun an der ZHdK. Ab Herbst 2016 wird sie ein Tanzstudium an der Manufacture in Lausanne beginnen.<\/p>\n<p><img loading=\"lazy\" decoding=\"async\" class=\"alignnone size-medium wp-image-499\" src=\"https:\/\/blog.zhdk.ch\/dadaspektakulationen\/files\/2016\/05\/IMG_1433-235x300.jpeg\" alt=\"IMG_1433\" width=\"235\" height=\"300\" srcset=\"https:\/\/blog.zhdk.ch\/dadaspektakulationen\/files\/2016\/05\/IMG_1433-235x300.jpeg 235w, https:\/\/blog.zhdk.ch\/dadaspektakulationen\/files\/2016\/05\/IMG_1433.jpeg 240w\" sizes=\"auto, (max-width: 235px) 100vw, 235px\" \/><\/p>\n<p>&nbsp;<\/p>\n<p><strong>FABIAN GUTSCHER<\/strong>, geboren 1983 in Z\u00fcrich, arbeitet als Komponist und ist in den Bereichen Sound Art &amp; Interactive Art t\u00e4tig. Er hat Musik und Medienkunst mit Diplom abgeschlossen (Komposition bei Michael Harenberg und Daniel Weissberg). Zur Zeit belegt er Masterkurse in Transdisziplinarit\u00e4t an der Z\u00fcrcher Hochschule der K\u00fcnste, wo er ins Transkulturelle Programm von \u201cConnecting Spaces Hongkong &#8211; Z\u00fcrich\u201d aufgenommen wurde und seit 2016 das \u201eLong Distance Lab\u201c mit organisiert. Er erarbeitete Klangwelten f\u00fcr verschiedene Theater und Tanzproduktionen in der ganzen Schweiz, Deutschland und Hong Kong, zuletzt: Odds-Couplings, Choreographie: Ivanhoe Lam (Hong Kong), Face Me, Regie: Caitlin van der Maas (M\u00fcnchen) und Departure::Basel SBB, Regie: Bernhard Mikeska. Als Musiker spielt er in diversen elektronischen Formationen (u.a.: Inside the Baxter Building).<\/p>\n<p><a href=\"https:\/\/blog.zhdk.ch\/dadaspektakulationen\/files\/2016\/05\/Portrait_FabianGutscher.jpeg\"><img loading=\"lazy\" decoding=\"async\" class=\"alignnone wp-image-665 size-medium\" src=\"https:\/\/blog.zhdk.ch\/dadaspektakulationen\/files\/2016\/05\/Portrait_FabianGutscher-286x300.jpeg\" alt=\"Portrait_FabianGutscher\" width=\"286\" height=\"300\" srcset=\"https:\/\/blog.zhdk.ch\/dadaspektakulationen\/files\/2016\/05\/Portrait_FabianGutscher-286x300.jpeg 286w, https:\/\/blog.zhdk.ch\/dadaspektakulationen\/files\/2016\/05\/Portrait_FabianGutscher.jpeg 480w\" sizes=\"auto, (max-width: 286px) 100vw, 286px\" \/><\/a><\/p>\n<p class=\"Normal\"><strong>JANE HEISS <\/strong>studierte Bildende Kunst, Philosophie und Kunstp\u00e4dagogik in Wien. Von Februar bis Juni 2016 studiert sie im Rahmen des Erweiterungsstudiums \u00abTextiles Gestalten\u00bb an der Universit\u00e4t f\u00fcr angewandte Kunst in Wien ein Semester an der Z\u00fcrcher Hochschule der K\u00fcnste.<\/p>\n<hr \/>\n<p class=\"Normal\"><em><strong>\u00a0Mentorinnen:<\/strong><\/em><\/p>\n<p><strong>ANGELI SACHS <\/strong>Kunsthistorikerin, Professorin, Studiengangleiterin des Master of Arts in Art Education und Leiterin der Vertiefung ausstellen &amp; vermitteln an der Z\u00fcrcher Hochschule der K\u00fcnste sowie Kuratorin am Museum f\u00fcr Gestaltung Z\u00fcrich. Zahlreiche Ausstellungen und Publikationen zu Architektur, Design, Kunst und Kultur des 20. Jahrhunderts und der Gegenwart.<\/p>\n<p class=\"Normal\"><img loading=\"lazy\" decoding=\"async\" class=\"alignnone size-medium wp-image-392\" src=\"https:\/\/blog.zhdk.ch\/dadaspektakulationen\/files\/2016\/05\/Sachs-Angeli_133x200-300x199.jpg\" alt=\"Sachs-Angeli_133x200\" width=\"300\" height=\"199\" srcset=\"https:\/\/blog.zhdk.ch\/dadaspektakulationen\/files\/2016\/05\/Sachs-Angeli_133x200-300x199.jpg 300w, https:\/\/blog.zhdk.ch\/dadaspektakulationen\/files\/2016\/05\/Sachs-Angeli_133x200-768x511.jpg 768w, https:\/\/blog.zhdk.ch\/dadaspektakulationen\/files\/2016\/05\/Sachs-Angeli_133x200-1024x681.jpg 1024w, https:\/\/blog.zhdk.ch\/dadaspektakulationen\/files\/2016\/05\/Sachs-Angeli_133x200-676x449.jpg 676w\" sizes=\"auto, (max-width: 300px) 100vw, 300px\" \/><\/p>\n<p><strong>MIRJAM STEINER <\/strong>Literatur- und\u00a0Kunstwissenschaftlerin,\u00a0wissenschaftliche Mitarbeiterin Z+ und Produktionsleiterin mehrerer Showrooms an der Z\u00fcrcher Hochschule der K\u00fcnste.<\/p>\n<p class=\"Normal\"><img loading=\"lazy\" decoding=\"async\" class=\"alignnone size-medium wp-image-428\" src=\"https:\/\/blog.zhdk.ch\/dadaspektakulationen\/files\/2016\/05\/www.zhdk_.ch_-200x300.jpg\" alt=\"www.zhdk.ch\" width=\"200\" height=\"300\" srcset=\"https:\/\/blog.zhdk.ch\/dadaspektakulationen\/files\/2016\/05\/www.zhdk_.ch_-200x300.jpg 200w, https:\/\/blog.zhdk.ch\/dadaspektakulationen\/files\/2016\/05\/www.zhdk_.ch_.jpg 340w\" sizes=\"auto, (max-width: 200px) 100vw, 200px\" \/><\/p>\n","protected":false},"excerpt":{"rendered":"<p>Autor_innen: SELINE F\u00dcLSCHER (*1986) absolvierte eine Berufslehre als Grafikerin. Nach einem Bachelorstudium in Vermittlung von Kunst und Design (Vertiefung Soziokultur) an der Z\u00fcrcher Hochschule der K\u00fcnste, studiert sie seit Herbst 2015 im Master Art Education ausstellen &amp; vermitteln. Nebenbei arbeitet sie als Kunstvermittlerin f\u00fcr Kinder und Jugendliche in der Kunsthalle Z\u00fcrich. KATHARINA BAUMECKER (*1989) hat [&hellip;]<\/p>\n","protected":false},"author":1071,"featured_media":0,"parent":0,"menu_order":6,"comment_status":"closed","ping_status":"closed","template":"","meta":{"footnotes":""},"class_list":["post-19","page","type-page","status-publish","hentry","post-preview"],"_links":{"self":[{"href":"https:\/\/blog.zhdk.ch\/dadaspektakulationen\/wp-json\/wp\/v2\/pages\/19","targetHints":{"allow":["GET"]}}],"collection":[{"href":"https:\/\/blog.zhdk.ch\/dadaspektakulationen\/wp-json\/wp\/v2\/pages"}],"about":[{"href":"https:\/\/blog.zhdk.ch\/dadaspektakulationen\/wp-json\/wp\/v2\/types\/page"}],"author":[{"embeddable":true,"href":"https:\/\/blog.zhdk.ch\/dadaspektakulationen\/wp-json\/wp\/v2\/users\/1071"}],"replies":[{"embeddable":true,"href":"https:\/\/blog.zhdk.ch\/dadaspektakulationen\/wp-json\/wp\/v2\/comments?post=19"}],"version-history":[{"count":20,"href":"https:\/\/blog.zhdk.ch\/dadaspektakulationen\/wp-json\/wp\/v2\/pages\/19\/revisions"}],"predecessor-version":[{"id":667,"href":"https:\/\/blog.zhdk.ch\/dadaspektakulationen\/wp-json\/wp\/v2\/pages\/19\/revisions\/667"}],"wp:attachment":[{"href":"https:\/\/blog.zhdk.ch\/dadaspektakulationen\/wp-json\/wp\/v2\/media?parent=19"}],"curies":[{"name":"wp","href":"https:\/\/api.w.org\/{rel}","templated":true}]}}